{"id":10015,"date":"2021-10-23T17:16:01","date_gmt":"2021-10-23T17:16:01","guid":{"rendered":"https:\/\/www.bestcryptoexchanges.com\/?page_id=10015"},"modified":"2021-10-23T17:18:45","modified_gmt":"2021-10-23T17:18:45","slug":"how-we-rate-crypto-brands","status":"publish","type":"page","link":"https:\/\/www.bestcryptoexchanges.com\/cs\/how-we-rate-crypto-brands\/","title":{"rendered":"Jak hodnot\u00edme kryptozna\u010dky"},"content":{"rendered":"<p>Na\u0161e webov\u00e9 str\u00e1nky se zam\u011b\u0159uj\u00ed na p\u0159ehled nejlep\u0161\u00edch kryptopen\u011b\u017eenek, nejspolehliv\u011bj\u0161\u00edch kryptom\u011bnov\u00fdch burz a souvisej\u00edc\u00edch slu\u017eeb, jako\u017e i nejv\u00fdnosn\u011bj\u0161\u00edch m\u011bn na sou\u010dasn\u00e9m digit\u00e1ln\u00edm trhu. Pou\u017e\u00edv\u00e1me n\u011bkolik faktor\u016f, kter\u00e9 mohou rozhodnout o tom, zda bude konkr\u00e9tn\u00ed kryptopen\u011b\u017eenka nebo burza za\u0159azena do na\u0161ich \u010dl\u00e1nk\u016f. Krom\u011b toho mohou u\u017eivatel\u00e9 na na\u0161ich str\u00e1nk\u00e1ch naj\u00edt u\u017eite\u010dn\u00e9 tipy o kryptom\u011bn\u00e1ch a ziskovosti nejhodnotn\u011bj\u0161\u00edch kryptom\u011bn. Sestavujeme seznam nejd\u016fv\u011bryhodn\u011bj\u0161\u00edch a nejv\u00fdhodn\u011bj\u0161\u00edch burz a hodnot\u00edme je s vyu\u017eit\u00edm speci\u00e1ln\u00edch krit\u00e9ri\u00ed.&nbsp;<\/p>\n\n\n\n<p><strong>M\u016f\u017eete se sezn\u00e1mit s faktory, kter\u00e9 pova\u017eujeme za d\u016fle\u017eit\u00e9 p\u0159i poskytov\u00e1n\u00ed doporu\u010den\u00ed. Zde je to, na co se zam\u011b\u0159ujeme:<\/strong><\/p>\n\n\n\n<ul class=\"wp-block-list\"><li>Syst\u00e9m hodnocen\u00ed kryptopen\u011b\u017eenek<\/li><li>Syst\u00e9m hodnocen\u00ed kryptografick\u00fdch burz<\/li><li>Syst\u00e9m hodnocen\u00ed kryptom\u011bn<\/li><li>Syst\u00e9m hodnocen\u00ed t\u011b\u017eebn\u00edch n\u00e1stroj\u016f<\/li><\/ul>\n\n\n\n<h2 class=\"wp-block-heading\"><strong>Syst\u00e9m hodnocen\u00ed kryptopen\u011b\u017eenek<\/strong><\/h2>\n\n\n\n<ul class=\"wp-block-list\"><li><strong>Rozmanitost dostupn\u00fdch kryptom\u011bn<\/strong><\/li><\/ul>\n\n\n\n<p>P\u0159i pr\u00e1ci s kryptom\u011bnami mus\u00edte zn\u00e1t v\u0161echny procesy, kter\u00e9 se na trhu odehr\u00e1vaj\u00ed, a sna\u017eit se nau\u010dit prov\u00e1d\u011bt ziskov\u00e9 operace s r\u016fzn\u00fdmi kryptom\u011bnami. N\u011bkdy v\u00e1m n\u00e1kup n\u011bkter\u00fdch kryptom\u011bn m\u016f\u017ee p\u0159in\u00e9st v\u011bt\u0161\u00ed zisk ne\u017e jin\u00e1 operace, a proto by v\u00e1m pen\u011b\u017eenka m\u011bla umo\u017enit pracovat s n\u011bkolika kryptom\u011bnami najednou. Pro kryptom\u011bnov\u00e9 pen\u011b\u017eenky je rozhoduj\u00edc\u00ed, aby poskytovaly mo\u017enost obchodovat s co nejv\u011bt\u0161\u00edm po\u010dtem kryptom\u011bn v r\u00e1mci jedn\u00e9 platformy. Pokud tedy pen\u011b\u017eenka nab\u00edz\u00ed klient\u016fm jako m\u011bnu pro obchodov\u00e1n\u00ed pouze bitcoin, nebudeme ji hodnotit tak vysoko jako pen\u011b\u017eenku s des\u00edtkami dostupn\u00fdch kryptom\u011bn.<\/p>\n\n\n\n<ul class=\"wp-block-list\"><li><strong>Zabezpe\u010den\u00ed adresy a p\u0159ihla\u0161ovac\u00edho procesu<\/strong><\/li><\/ul>\n\n\n\n<p>Proto\u017ee u\u017eivatel\u00e9 kryptopen\u011b\u017eenek v nich uchov\u00e1vaj\u00ed obrovsk\u00e9 finan\u010dn\u00ed prost\u0159edky, je d\u016fle\u017eit\u00e9 m\u00edt jistotu, \u017ee budou v bezpe\u010d\u00ed a chr\u00e1n\u011bn\u00e9. Nejprve zkontrolujeme webovou adresu pen\u011b\u017eenky. Pokud za\u010d\u00edn\u00e1 HTTPS, budeme ji pova\u017eovat za dostate\u010dn\u011b bezpe\u010dnou a v hodnocen\u00ed se bude nach\u00e1zet v\u00fd\u0161e ne\u017e pen\u011b\u017eenka s adresou HTTP.&nbsp;<\/p>\n\n\n\n<p>Na\u0161i odborn\u00edci se tak\u00e9 sna\u017e\u00ed uchr\u00e1nit v\u00e1s p\u0159ed v\u0161emi mo\u017en\u00fdmi podvody p\u0159i pr\u00e1ci s kryptopen\u011b\u017eenkami. Proto v\u00e1m rad\u011bji doporu\u010dujeme pen\u011b\u017eenky s dvoufaktorov\u00fdm ov\u011b\u0159ov\u00e1n\u00edm, proto\u017ee poskytuj\u00ed vy\u0161\u0161\u00ed bezpe\u010dnost va\u0161eho \u00fa\u010dtu v pen\u011b\u017eence a n\u00e1sledn\u011b i majetku.&nbsp;<\/p>\n\n\n\n<p>Pen\u011b\u017eenka m\u016f\u017ee v na\u0161em hodnocen\u00ed z\u00edskat v\u00edce bod\u016f, pokud je \u201chierarchicky deterministick\u00e1\u201d. Tento koncept souvis\u00ed s adresami kryptopen\u011b\u017eenek. Konkr\u00e9tn\u011b je pen\u011b\u017eenka bezpe\u010dn\u011bj\u0161\u00ed, pokud pro ka\u017edou operaci s va\u0161imi aktivy vytv\u00e1\u0159\u00ed nov\u00e9 kryptoadresy, ne\u017e kdy\u017e poka\u017ed\u00e9 pou\u017e\u00edv\u00e1 stejnou adresu pen\u011b\u017eenky.<\/p>\n\n\n\n<ul class=\"wp-block-list\"><li><strong>Spolehlivost poskytovatele<\/strong><\/li><\/ul>\n\n\n\n<p>Znalost spole\u010dnosti, kter\u00e1 za pen\u011b\u017eenkou stoj\u00ed, v\u00e1m m\u016f\u017ee poskytnout v\u011bt\u0161\u00ed d\u016fv\u011bru v jej\u00ed d\u016fv\u011bryhodnost. Z tohoto d\u016fvodu si p\u0159ed za\u0159azen\u00edm pen\u011b\u017eenek do na\u0161eho hodnocen\u00ed prov\u011b\u0159ujeme jejich vlastn\u00edky a v\u00fdvoj\u00e1\u0159e. Pokud pen\u011b\u017eenka prokazuje v\u0161echny licence a dokumenty o sv\u00fdch tv\u016frc\u00edch ve\u0159ejn\u011b a tyto spole\u010dnosti a lid\u00e9 nebyli na internetu zaznamen\u00e1ni jako podvodn\u00edci, budeme pen\u011b\u017eenku hodnotit jako nepodez\u0159elou.&nbsp;<\/p>\n\n\n\n<p>Krom\u011b toho pot\u0159ebujeme zn\u00e1t k\u00f3d pen\u011b\u017eenky, proto\u017ee d\u00edky n\u011bmu je proces obchodov\u00e1n\u00ed transparentn\u011bj\u0161\u00ed. Vy\u0161\u0161\u00ed transparentnost v\u0161ech operac\u00ed prob\u00edhaj\u00edc\u00edch v pen\u011b\u017eence tak pro n\u00e1s zvy\u0161uje jej\u00ed spolehlivost.<\/p>\n\n\n\n<ul class=\"wp-block-list\"><li><strong>Hodnocen\u00ed pen\u011b\u017eenek u\u017eivateli<\/strong><\/li><\/ul>\n\n\n\n<p>Existuje spousta webov\u00fdch str\u00e1nek, nap\u0159\u00edklad Reddit, kde jsou otev\u0159en\u00e1 f\u00f3ra pro u\u017eivatele kryptopen\u011b\u017eenek. Tyto slu\u017eby umo\u017e\u0148uj\u00ed lidem sd\u00edlet sv\u00e9 zku\u0161enosti s prac\u00ed s platformami a vyjad\u0159ovat sv\u00e9 n\u00e1zory. Hodnocen\u00ed pen\u011b\u017eenky komunitou m\u016f\u017ee b\u00fdt kl\u00ed\u010dov\u00fdm faktorem pro doporu\u010den\u00ed jak\u00e9koli platformy, proto\u017ee m\u016f\u017ee uk\u00e1zat i ty str\u00e1nky slu\u017eeb, kter\u00e9 v\u00fdvoj\u00e1\u0159i taj\u00ed. Sna\u017e\u00edme se nap\u0159\u00edklad zjistit pr\u016fm\u011brn\u00fd n\u00e1zor na kryptopen\u011b\u017eenku, ale v\u011bnujeme pozornost i negativn\u00edm recenz\u00edm a jejich pravdivosti.<\/p>\n\n\n\n<p>Mimochodem, recenze zku\u0161en\u00fdch u\u017eivatel\u016f mohou b\u00fdt ukazatelem pohodl\u00ed platforem pro klienty. Design rozhran\u00ed m\u016f\u017ee ovlivnit pozici hodnocen\u00ed pen\u011b\u017eenky tak, \u017ee intuitivn\u011bj\u0161\u00ed struktura slu\u017eby bude na\u0161imi odborn\u00edky hodnocena v\u00fd\u0161e. Pokud zku\u0161en\u00ed u\u017eivatel\u00e9 tvrd\u00ed, \u017ee v procesu pr\u00e1ce s pen\u011b\u017eenkou existuj\u00ed ur\u010dit\u00e9 slo\u017eitosti, prov\u011b\u0159\u00edme to a zohledn\u00edme p\u0159i tvorb\u011b hodnocen\u00ed.<\/p>\n\n\n\n<ul class=\"wp-block-list\"><li><strong>P\u0159im\u011b\u0159enost poplatk\u016f a proviz\u00ed<\/strong><\/li><\/ul>\n\n\n\n<p>Kdy\u017e chce \u010dlov\u011bk za\u010d\u00edt obchodovat s pen\u011b\u017eenkou, v\u017edy ho zaj\u00edm\u00e1 cena za jej\u00ed pou\u017e\u00edv\u00e1n\u00ed. N\u00e1\u0161 t\u00fdm proto odhaduje pr\u016fm\u011brnou cenu na trhu za v\u0161echny poskytovan\u00e9 slu\u017eby a hodnot\u00ed pen\u011b\u017eenku jako levnou na pou\u017e\u00edv\u00e1n\u00ed nebo drahou. Cena samoz\u0159ejm\u011b z\u00e1vis\u00ed na v\u00fdkonu pen\u011b\u017eenky a tento faktor zahrnujeme do na\u0161eho syst\u00e9mu odhadu.<\/p>\n\n\n\n<h2 class=\"wp-block-heading\"><strong>Syst\u00e9m hodnocen\u00ed kryptografick\u00fdch burz<\/strong><\/h2>\n\n\n\n<p><strong>Pro kryptom\u011bnov\u00e9 burzy pou\u017e\u00edv\u00e1me trochu jin\u00fd syst\u00e9m hodnocen\u00ed, kter\u00fd je zalo\u017een na n\u00e1sleduj\u00edc\u00edch aspektech:<\/strong><\/p>\n\n\n\n<ul class=\"wp-block-list\"><li>Po\u010det dostupn\u00fdch minc\u00ed;<\/li><li>V\u00fdkon slu\u017eby z\u00e1kaznick\u00e9 podpory;<\/li><li>Ochrana transakc\u00ed a majetku;<\/li><li>Ceny;<\/li><li>Pohodl\u00ed rozhran\u00ed;<\/li><li>P\u0159ijateln\u00e9 zp\u016fsoby platby.<\/li><\/ul>\n\n\n\n<p>Na z\u00e1klad\u011b hodnocen\u00ed jednotliv\u00fdch faktor\u016f sestav\u00edme syst\u00e9m hodnocen\u00ed a zd\u016frazn\u00edme hlavn\u00ed v\u00fdhody a nev\u00fdhody konkr\u00e9tn\u00ed kryptografick\u00e9 burzy. To znamen\u00e1, \u017ee na\u0161im \u010dten\u00e1\u0159\u016fm nab\u00edz\u00edme, aby si sami vybrali burzu podle d\u016fle\u017eitosti jednotliv\u00fdch prvk\u016f pro n\u011b. N\u011bkter\u00e9 platformy tak budou prakti\u010dt\u011bj\u0161\u00ed pro za\u010d\u00e1te\u010dn\u00edky, zat\u00edmco jin\u00e9 pro zku\u0161en\u00e9 u\u017eivatele.<\/p>\n\n\n\n<h2 class=\"wp-block-heading\"><strong>Syst\u00e9m hodnocen\u00ed kryptom\u011bn<\/strong><\/h2>\n\n\n\n<p><strong>P\u0159i vyhodnocov\u00e1n\u00ed v\u00fdhodnosti obchodov\u00e1n\u00ed s kryptom\u011bnami pro na\u0161e recenze v\u011bnujeme pozornost aktu\u00e1ln\u011b prob\u00edhaj\u00edc\u00edm zm\u011bn\u00e1m na trhu a z\u00e1kladn\u00edm odhad\u016fm b\u011b\u017en\u00fdm pro kryptom\u011bny:<\/strong><\/p>\n\n\n\n<ul class=\"wp-block-list\"><li>Nab\u00eddka a popt\u00e1vka po minci;<\/li><li>P\u0159ijet\u00ed m\u011bny pro b\u011b\u017en\u00e9 pou\u017eit\u00ed;<\/li><li>V\u00fdrobn\u00ed n\u00e1klady;<\/li><li>Po\u010det pen\u011b\u017eenek pro kryptom\u011bny na trhu;<\/li><li>Interakce kryptom\u011bn s fiat m\u011bnami;<\/li><li>Kontrola m\u011bnov\u00e9 z\u00e1soby ze strany vl\u00e1dy.<\/li><\/ul>\n\n\n\n<p>Po shrom\u00e1\u017ed\u011bn\u00ed \u00fadaj\u016f o v\u0161ech v\u00fd\u0161e uveden\u00fdch faktorech pro kryptom\u011bny vytvo\u0159\u00edme jejich srovn\u00e1vac\u00ed p\u0159ehledy. Jako potenci\u00e1ln\u00edho kupce minc\u00ed v\u00e1s mohou n\u011bkter\u00e9 podstatn\u00e9 body zaj\u00edmat v\u00edce ne\u017e jin\u00e9, a proto v\u00e1m poskytujeme mo\u017enost vybrat si kryptom\u011bnu sami na z\u00e1klad\u011b na\u0161eho v\u00fdzkumu a recenz\u00ed.<\/p>\n\n\n\n<h2 class=\"wp-block-heading\"><strong>Syst\u00e9m hodnocen\u00ed t\u011b\u017eebn\u00edch n\u00e1stroj\u016f<\/strong><\/h2>\n\n\n\n<p>Krom\u011b kryptopen\u011b\u017eenek, burz a samotn\u00fdch kryptom\u011bn v\u011bnujeme \u010d\u00e1st na\u0161ich webov\u00fdch str\u00e1nek t\u011b\u017eebn\u00edm n\u00e1stroj\u016fm. Toto t\u00e9ma vy\u017eaduje jin\u00fd syst\u00e9m hodnocen\u00ed, proto\u017ee je slo\u017eit\u011bj\u0161\u00ed. Nicm\u00e9n\u011b bezpe\u010dnost pool\u016f a softwaru pro t\u011b\u017ebu je pro n\u00e1s z\u00e1sadn\u00ed v\u011bc\u00ed, kterou mus\u00edme br\u00e1t v \u00favahu pro p\u0159esn\u00e1 doporu\u010den\u00ed. N\u00e1\u0161 t\u00fdm d\u011bl\u00e1 v\u0161e pro to, abychom byli v obraze s nejnov\u011bj\u0161\u00edm v\u00fdvojem v t\u00e9to oblasti.&nbsp;<\/p>\n\n\n\n<p><strong>Do syst\u00e9mu hodnocen\u00ed t\u011b\u017eebn\u00edch n\u00e1stroj\u016f zahrnujeme n\u00e1sleduj\u00edc\u00ed faktory:<\/strong><\/p>\n\n\n\n<ul class=\"wp-block-list\"><li>Poplatky a provize;<\/li><li>Ergonomie;<\/li><li>Dostupn\u00e9 vlastnosti nastaven\u00ed;<\/li><li>Pov\u011bst baz\u00e9n\u016f.<\/li><\/ul>\n\n\n\n<p>Obsah na\u0161ich webov\u00fdch str\u00e1nek je rozmanit\u00fd a praktick\u00fd d\u00edky profesion\u00e1ln\u00ed pr\u00e1ci na\u0161ich analytik\u016f, odborn\u00edk\u016f a autor\u016f. Krom\u011b recenz\u00ed kryptom\u011bn a n\u00e1stroj\u016f pro obchodov\u00e1n\u00ed a t\u011b\u017ebu se v \u010dl\u00e1nc\u00edch v\u011bnujeme d\u016fle\u017eit\u00fdm aktu\u00e1ln\u00edm p\u0159\u00edle\u017eitostem na trhu. Z\u016fstat v kontaktu s nejnov\u011bj\u0161\u00edmi zpr\u00e1vami o sv\u011bt\u011b kryptom\u011bn umo\u017e\u0148uje na\u0161im klient\u016fm vyd\u011blat v\u00edce pen\u011bz, a proto ka\u017ed\u00fd den kontrolujeme analytick\u00e9 zpr\u00e1vy. Pokud jde o spolehlivost t\u011bchto zpr\u00e1v, na\u0161i specialist\u00e9 p\u0159ed pou\u017eit\u00edm \u00fadaj\u016f z extern\u00edch webov\u00fdch str\u00e1nek prov\u00e1d\u011bj\u00ed ov\u011b\u0159ovac\u00ed operace. Proto mohou v\u0161ichni na\u0161i u\u017eivatel\u00e9 pln\u011b d\u016fv\u011b\u0159ovat n\u00e1mi poskytovan\u00fdm informac\u00edm a vyu\u017e\u00edvat je ke zvy\u0161ov\u00e1n\u00ed sv\u00fdch zisk\u016f v kryptom\u011bn\u00e1ch.&nbsp;<\/p>","protected":false},"excerpt":{"rendered":"<p>Na\u0161e webov\u00e9 str\u00e1nky se zam\u011b\u0159uj\u00ed na p\u0159ehled nejlep\u0161\u00edch kryptopen\u011b\u017eenek, nejspolehliv\u011bj\u0161\u00edch kryptom\u011bnov\u00fdch burz a souvisej\u00edc\u00edch slu\u017eeb, jako\u017e i nejv\u00fdnosn\u011bj\u0161\u00edch m\u011bn na sou\u010dasn\u00e9m digit\u00e1ln\u00edm trhu. Pou\u017e\u00edv\u00e1me n\u011bkolik faktor\u016f, kter\u00e9 mohou rozhodnout o tom, zda bude konkr\u00e9tn\u00ed kryptopen\u011b\u017eenka nebo burza za\u0159azena do na\u0161ich \u010dl\u00e1nk\u016f. Krom\u011b toho zde u\u017eivatel\u00e9 najdou u\u017eite\u010dn\u00e9 informace o tom, jak [...]<\/p>","protected":false},"author":1,"featured_media":0,"parent":0,"menu_order":0,"comment_status":"closed","ping_status":"closed","template":"","meta":{"footnotes":""},"class_list":["post-10015","page","type-page","status-publish","hentry","post-wrapper","thrv_wrapper"],"_links":{"self":[{"href":"https:\/\/www.bestcryptoexchanges.com\/cs\/wp-json\/wp\/v2\/pages\/10015","targetHints":{"allow":["GET"]}}],"collection":[{"href":"https:\/\/www.bestcryptoexchanges.com\/cs\/wp-json\/wp\/v2\/pages"}],"about":[{"href":"https:\/\/www.bestcryptoexchanges.com\/cs\/wp-json\/wp\/v2\/types\/page"}],"author":[{"embeddable":true,"href":"https:\/\/www.bestcryptoexchanges.com\/cs\/wp-json\/wp\/v2\/users\/1"}],"replies":[{"embeddable":true,"href":"https:\/\/www.bestcryptoexchanges.com\/cs\/wp-json\/wp\/v2\/comments?post=10015"}],"version-history":[{"count":2,"href":"https:\/\/www.bestcryptoexchanges.com\/cs\/wp-json\/wp\/v2\/pages\/10015\/revisions"}],"predecessor-version":[{"id":10019,"href":"https:\/\/www.bestcryptoexchanges.com\/cs\/wp-json\/wp\/v2\/pages\/10015\/revisions\/10019"}],"wp:attachment":[{"href":"https:\/\/www.bestcryptoexchanges.com\/cs\/wp-json\/wp\/v2\/media?parent=10015"}],"curies":[{"name":"wp","href":"https:\/\/api.w.org\/{rel}","templated":true}]}}