{"id":10602,"date":"2025-07-20T15:43:56","date_gmt":"2025-07-20T15:43:56","guid":{"rendered":"https:\/\/www.bestcryptoexchanges.com\/?page_id=10602"},"modified":"2025-07-20T15:43:56","modified_gmt":"2025-07-20T15:43:56","slug":"about","status":"publish","type":"page","link":"https:\/\/www.bestcryptoexchanges.com\/cs\/about\/","title":{"rendered":"O BestCryptoExchanges"},"content":{"rendered":"<h1 class=\"wp-block-heading\">Ne\u017e za\u010dnete investovat do kryptom\u011bn, pou\u010dte se!<\/h1>\r\n\r\n\r\n\r\n<p>Chcete se pustit do Bitcoinu a nev\u00edte, kde za\u010d\u00edt? Jste na spr\u00e1vn\u00e9m m\u00edst\u011b. Na\u0161e zdroje o blockchainu a digit\u00e1ln\u00edch m\u011bn\u00e1ch jsou nejobs\u00e1hlej\u0161\u00edmi p\u0159\u00edmo\u010dar\u00fdmi a snadno pochopiteln\u00fdmi pr\u016fvodci, kter\u00e9 najdete kdekoli na webu. Pod\u00edvejte se na n\u011b sami.<\/p>\r\n\r\n\r\n\r\n<figure class=\"wp-block-image size-full is-resized\"><img decoding=\"async\" width=\"640\" height=\"640\" class=\"wp-image-10603\" style=\"width: 341px; height: auto;\" src=\"https:\/\/www.bestcryptoexchanges.com\/wp-content\/uploads\/2025\/06\/image.png\" alt=\"\" title=\"\" srcset=\"https:\/\/www.bestcryptoexchanges.com\/wp-content\/uploads\/2025\/06\/image.png 640w, https:\/\/www.bestcryptoexchanges.com\/wp-content\/uploads\/2025\/06\/image-300x300.png 300w, https:\/\/www.bestcryptoexchanges.com\/wp-content\/uploads\/2025\/06\/image-150x150.png 150w\" sizes=\"(max-width: 640px) 100vw, 640px\" \/><\/figure>\r\n\r\n\r\n\r\n<p><strong>Brian Forester, \u0161\u00e9fredaktor, BestCryptoExchanges.Com<\/strong><\/p>","protected":false},"excerpt":{"rendered":"<p>Ne\u017e za\u010dnete investovat do kryptom\u011bn, pou\u010dte se! Chcete se pustit do Bitcoinu a nev\u00edte, kde za\u010d\u00edt? Jste na spr\u00e1vn\u00e9m m\u00edst\u011b. Na\u0161e zdroje o blockchainu a digit\u00e1ln\u00edch m\u011bn\u00e1ch jsou nejobs\u00e1hlej\u0161\u00edmi p\u0159\u00edmo\u010dar\u00fdmi a snadno pochopiteln\u00fdmi pr\u016fvodci, jak\u00e9 kde na webu najdete. Pod\u00edvejte se na n\u011b sami. Brian Forester, \u0161\u00e9fredaktor, BestCryptoExchanges.Com<\/p>","protected":false},"author":1,"featured_media":0,"parent":0,"menu_order":0,"comment_status":"closed","ping_status":"closed","template":"","meta":{"footnotes":""},"class_list":["post-10602","page","type-page","status-publish","hentry","post-wrapper","thrv_wrapper"],"_links":{"self":[{"href":"https:\/\/www.bestcryptoexchanges.com\/cs\/wp-json\/wp\/v2\/pages\/10602","targetHints":{"allow":["GET"]}}],"collection":[{"href":"https:\/\/www.bestcryptoexchanges.com\/cs\/wp-json\/wp\/v2\/pages"}],"about":[{"href":"https:\/\/www.bestcryptoexchanges.com\/cs\/wp-json\/wp\/v2\/types\/page"}],"author":[{"embeddable":true,"href":"https:\/\/www.bestcryptoexchanges.com\/cs\/wp-json\/wp\/v2\/users\/1"}],"replies":[{"embeddable":true,"href":"https:\/\/www.bestcryptoexchanges.com\/cs\/wp-json\/wp\/v2\/comments?post=10602"}],"version-history":[{"count":2,"href":"https:\/\/www.bestcryptoexchanges.com\/cs\/wp-json\/wp\/v2\/pages\/10602\/revisions"}],"predecessor-version":[{"id":10872,"href":"https:\/\/www.bestcryptoexchanges.com\/cs\/wp-json\/wp\/v2\/pages\/10602\/revisions\/10872"}],"wp:attachment":[{"href":"https:\/\/www.bestcryptoexchanges.com\/cs\/wp-json\/wp\/v2\/media?parent=10602"}],"curies":[{"name":"wp","href":"https:\/\/api.w.org\/{rel}","templated":true}]}}