{"id":9997,"date":"2021-10-05T10:39:50","date_gmt":"2021-10-05T10:39:50","guid":{"rendered":"https:\/\/www.bestcryptoexchanges.com\/?page_id=9997"},"modified":"2021-10-05T10:47:12","modified_gmt":"2021-10-05T10:47:12","slug":"privacy-policy","status":"publish","type":"page","link":"https:\/\/www.bestcryptoexchanges.com\/cs\/privacy-policy\/","title":{"rendered":"Z\u00e1sady ochrany osobn\u00edch \u00fadaj\u016f"},"content":{"rendered":"<p>Posledn\u00ed aktualizace: \u010dervence 2020<\/p>\n\n\n\n<p>CryptoCurry (\u201cmy\u201d, \u201cn\u00e1s\u201d nebo \u201cna\u0161e\u201d) provozuje webov\u00e9 str\u00e1nky CryptoCurry (\u201cslu\u017eba\u201d).<\/p>\n\n\n\n<p>Tato str\u00e1nka v\u00e1s informuje o na\u0161ich z\u00e1sad\u00e1ch t\u00fdkaj\u00edc\u00edch se shroma\u017e\u010fov\u00e1n\u00ed, pou\u017e\u00edv\u00e1n\u00ed a zve\u0159ej\u0148ov\u00e1n\u00ed osobn\u00edch \u00fadaj\u016f p\u0159i pou\u017e\u00edv\u00e1n\u00ed na\u0161\u00ed slu\u017eby.<\/p>\n\n\n\n<p>Va\u0161e \u00fadaje nebudeme pou\u017e\u00edvat ani sd\u00edlet s nik\u00fdm jin\u00fdm, ne\u017e jak je pops\u00e1no v t\u011bchto Z\u00e1sad\u00e1ch ochrany osobn\u00edch \u00fadaj\u016f.<\/p>\n\n\n\n<p>Va\u0161e osobn\u00ed \u00fadaje pou\u017e\u00edv\u00e1me k poskytov\u00e1n\u00ed a zlep\u0161ov\u00e1n\u00ed slu\u017eby. Pou\u017e\u00edv\u00e1n\u00edm slu\u017eby souhlas\u00edte se shroma\u017e\u010fov\u00e1n\u00edm a pou\u017e\u00edv\u00e1n\u00edm informac\u00ed v souladu s t\u011bmito z\u00e1sadami. Pokud nejsou v t\u011bchto z\u00e1sad\u00e1ch ochrany osobn\u00edch \u00fadaj\u016f definov\u00e1ny jinak, maj\u00ed pojmy pou\u017eit\u00e9 v t\u011bchto z\u00e1sad\u00e1ch ochrany osobn\u00edch \u00fadaj\u016f stejn\u00fd v\u00fdznam jako v na\u0161ich smluvn\u00edch podm\u00ednk\u00e1ch, kter\u00e9 jsou dostupn\u00e9 na adrese https:\/\/cryptocurry.com.<\/p>\n\n\n\n<h2 class=\"wp-block-heading\">Shroma\u017e\u010fov\u00e1n\u00ed a pou\u017e\u00edv\u00e1n\u00ed informac\u00ed<\/h2>\n\n\n\n<p>P\u0159i pou\u017e\u00edv\u00e1n\u00ed na\u0161\u00ed slu\u017eby v\u00e1s m\u016f\u017eeme po\u017e\u00e1dat, abyste n\u00e1m poskytli ur\u010dit\u00e9 osobn\u00ed \u00fadaje, kter\u00e9 lze pou\u017e\u00edt ke kontaktov\u00e1n\u00ed nebo identifikaci va\u0161\u00ed osoby. Osobn\u011b identifikovateln\u00e9 \u00fadaje (\u201cosobn\u00ed \u00fadaje\u201d) mohou mimo jin\u00e9 zahrnovat:<\/p>\n\n\n\n<ul class=\"wp-block-list\"><li>E-mailov\u00e1 adresa<\/li><\/ul>\n\n\n\n<h2 class=\"wp-block-heading\">Data protokolu<\/h2>\n\n\n\n<p>Shroma\u017e\u010fujeme informace, kter\u00e9 v\u00e1\u0161 prohl\u00ed\u017ee\u010d ode\u0161le, kdykoli nav\u0161t\u00edv\u00edte na\u0161i slu\u017ebu (\u201cprotokolov\u00e1 data\u201d). Tyto protokolov\u00e9 \u00fadaje mohou zahrnovat informace, jako je adresa internetov\u00e9ho protokolu (\u201cIP\u201d) va\u0161eho po\u010d\u00edta\u010de, typ prohl\u00ed\u017ee\u010de, verze prohl\u00ed\u017ee\u010de, nav\u0161t\u00edven\u00e9 str\u00e1nky na\u0161\u00ed slu\u017eby, \u010das a datum va\u0161\u00ed n\u00e1v\u0161t\u011bvy, \u010das str\u00e1ven\u00fd na t\u011bchto str\u00e1nk\u00e1ch a dal\u0161\u00ed statistiky.<\/p>\n\n\n\n<h2 class=\"wp-block-heading\">Soubory cookie<\/h2>\n\n\n\n<p>Soubory cookie jsou soubory s mal\u00fdm mno\u017estv\u00edm dat, kter\u00e9 mohou obsahovat anonymn\u00ed jedine\u010dn\u00fd identifik\u00e1tor. Soubory cookie jsou odes\u00edl\u00e1ny do va\u0161eho prohl\u00ed\u017ee\u010de z webov\u00e9 str\u00e1nky a ukl\u00e1daj\u00ed se na pevn\u00fd disk va\u0161eho po\u010d\u00edta\u010de.<\/p>\n\n\n\n<p>Ke shroma\u017e\u010fov\u00e1n\u00ed informac\u00ed pou\u017e\u00edv\u00e1me soubory cookie. Sv\u00e9mu prohl\u00ed\u017ee\u010di m\u016f\u017eete na\u0159\u00eddit, aby odm\u00edtal v\u0161echny soubory cookie nebo aby upozor\u0148oval na odes\u00edl\u00e1n\u00ed soubor\u016f cookie. Pokud v\u0161ak soubory cookie nep\u0159ijmete, je mo\u017en\u00e9, \u017ee nebudete moci pou\u017e\u00edvat n\u011bkter\u00e9 \u010d\u00e1sti na\u0161\u00ed slu\u017eby.<\/p>\n\n\n\n<h2 class=\"wp-block-heading\">Poskytovatel\u00e9 slu\u017eeb<\/h2>\n\n\n\n<p>M\u016f\u017eeme zam\u011bstn\u00e1vat spole\u010dnosti a jednotlivce t\u0159et\u00edch stran, aby usnadnili poskytov\u00e1n\u00ed na\u0161\u00ed Slu\u017eby, poskytovali Slu\u017ebu na\u0161\u00edm jm\u00e9nem, prov\u00e1d\u011bli slu\u017eby souvisej\u00edc\u00ed se Slu\u017ebou nebo n\u00e1m pom\u00e1hali p\u0159i anal\u00fdze zp\u016fsobu vyu\u017e\u00edv\u00e1n\u00ed na\u0161\u00ed Slu\u017eby.<\/p>\n\n\n\n<p>Tyto t\u0159et\u00ed strany maj\u00ed p\u0159\u00edstup k va\u0161im osobn\u00edm \u00fadaj\u016fm pouze za \u00fa\u010delem pln\u011bn\u00ed t\u011bchto \u00fakol\u016f na\u0161\u00edm jm\u00e9nem a jsou povinny je nezve\u0159ej\u0148ovat ani nepou\u017e\u00edvat k jin\u00fdm \u00fa\u010del\u016fm.<\/p>\n\n\n\n<h2 class=\"wp-block-heading\">Zabezpe\u010den\u00ed<\/h2>\n\n\n\n<p>Bezpe\u010dnost va\u0161ich osobn\u00edch \u00fadaj\u016f je pro n\u00e1s d\u016fle\u017eit\u00e1, ale pamatujte, \u017ee \u017e\u00e1dn\u00fd zp\u016fsob p\u0159enosu p\u0159es internet ani zp\u016fsob elektronick\u00e9ho ukl\u00e1d\u00e1n\u00ed nen\u00ed bezpe\u010dn\u00fd. I kdy\u017e se sna\u017e\u00edme pou\u017e\u00edvat komer\u010dn\u011b p\u0159ijateln\u00e9 prost\u0159edky k ochran\u011b va\u0161ich Osobn\u00edch \u00fadaj\u016f, nem\u016f\u017eeme zaru\u010dit jejich absolutn\u00ed bezpe\u010dnost.<\/p>\n\n\n\n<h2 class=\"wp-block-heading\">Odkazy na jin\u00e9 str\u00e1nky<\/h2>\n\n\n\n<p>Na\u0161e slu\u017eba m\u016f\u017ee obsahovat odkazy na jin\u00e9 str\u00e1nky, kter\u00e9 neprovozujeme. Pokud kliknete na odkaz t\u0159et\u00ed strany, budete p\u0159esm\u011brov\u00e1ni na str\u00e1nky t\u00e9to t\u0159et\u00ed strany. D\u016frazn\u011b doporu\u010dujeme, abyste si prostudovali z\u00e1sady ochrany osobn\u00edch \u00fadaj\u016f ka\u017ed\u00e9 str\u00e1nky, kterou nav\u0161t\u00edv\u00edte.<\/p>\n\n\n\n<p>Nem\u00e1me \u017e\u00e1dnou kontrolu nad obsahem, z\u00e1sadami ochrany osobn\u00edch \u00fadaj\u016f nebo postupy jak\u00fdchkoli str\u00e1nek nebo slu\u017eeb t\u0159et\u00edch stran a neneseme za n\u011b \u017e\u00e1dnou odpov\u011bdnost.<\/p>\n\n\n\n<h2 class=\"wp-block-heading\">Soukrom\u00ed d\u011bt\u00ed<\/h2>\n\n\n\n<p>Na\u0161e slu\u017eba nen\u00ed ur\u010dena osob\u00e1m mlad\u0161\u00edm 18 let (\u201cd\u011bti\u201d).<\/p>\n\n\n\n<p>V\u011bdom\u011b neshroma\u017e\u010fujeme osobn\u00ed \u00fadaje od d\u011bt\u00ed mlad\u0161\u00edch 18 let. Pokud jste rodi\u010d nebo opatrovn\u00edk a v\u00edte, \u017ee n\u00e1m va\u0161e d\u00edt\u011b poskytlo osobn\u00ed \u00fadaje, kontaktujte n\u00e1s. Pokud zjist\u00edme, \u017ee n\u00e1m d\u00edt\u011b mlad\u0161\u00ed 18 let poskytlo Osobn\u00ed \u00fadaje, okam\u017eit\u011b je z na\u0161ich server\u016f odstran\u00edme.<\/p>\n\n\n\n<h2 class=\"wp-block-heading\">Dodr\u017eov\u00e1n\u00ed z\u00e1kon\u016f<\/h2>\n\n\n\n<p>Va\u0161e osobn\u00ed \u00fadaje zve\u0159ejn\u00edme, pokud to vy\u017eaduje z\u00e1kon nebo soudn\u00ed obs\u00edlka.<\/p>\n\n\n\n<h2 class=\"wp-block-heading\">Zm\u011bny t\u011bchto z\u00e1sad ochrany osobn\u00edch \u00fadaj\u016f<\/h2>\n\n\n\n<p>Na\u0161e z\u00e1sady ochrany osobn\u00edch \u00fadaj\u016f m\u016f\u017eeme \u010das od \u010dasu aktualizovat. O v\u0161ech zm\u011bn\u00e1ch v\u00e1s budeme informovat zve\u0159ejn\u011bn\u00edm nov\u00fdch Z\u00e1sad ochrany osobn\u00edch \u00fadaj\u016f na t\u00e9to str\u00e1nce.<\/p>\n\n\n\n<p>Doporu\u010dujeme v\u00e1m pravideln\u011b kontrolovat tyto z\u00e1sady ochrany osobn\u00edch \u00fadaj\u016f a zji\u0161\u0165ovat p\u0159\u00edpadn\u00e9 zm\u011bny. Zm\u011bny t\u011bchto Z\u00e1sad ochrany osobn\u00edch \u00fadaj\u016f jsou \u00fa\u010dinn\u00e9 od okam\u017eiku jejich zve\u0159ejn\u011bn\u00ed na t\u00e9to str\u00e1nce.<\/p>\n\n\n\n<h2 class=\"wp-block-heading\">Kontaktujte n\u00e1s<\/h2>\n\n\n\n<p>M\u00e1te-li jak\u00e9koli dotazy t\u00fdkaj\u00edc\u00ed se t\u011bchto z\u00e1sad ochrany osobn\u00edch \u00fadaj\u016f, kontaktujte n\u00e1s.<\/p>","protected":false},"excerpt":{"rendered":"<p>Posledn\u00ed aktualizace: \u010dervence 2020 CryptoCurry (\u201cmy\u201d, \u201cn\u00e1s\u201d nebo \u201cna\u0161e\u201d) provozuje webov\u00e9 str\u00e1nky CryptoCurry (\u201cslu\u017eba\u201d). Tato str\u00e1nka v\u00e1s informuje o na\u0161ich z\u00e1sad\u00e1ch t\u00fdkaj\u00edc\u00edch se shroma\u017e\u010fov\u00e1n\u00ed, pou\u017e\u00edv\u00e1n\u00ed a zve\u0159ej\u0148ov\u00e1n\u00ed osobn\u00edch \u00fadaj\u016f p\u0159i pou\u017e\u00edv\u00e1n\u00ed na\u0161\u00ed slu\u017eby. Va\u0161e \u00fadaje nebudeme pou\u017e\u00edvat ani s nik\u00fdm sd\u00edlet jinak, ne\u017e jak je pops\u00e1no v t\u011bchto Z\u00e1sad\u00e1ch ochrany osobn\u00edch \u00fadaj\u016f. Na z\u00e1klad\u011b t\u011bchto informac\u00ed se sna\u017e\u00edme [...]<\/p>","protected":false},"author":1,"featured_media":0,"parent":0,"menu_order":0,"comment_status":"closed","ping_status":"closed","template":"","meta":{"footnotes":""},"class_list":["post-9997","page","type-page","status-publish","hentry","post-wrapper","thrv_wrapper"],"_links":{"self":[{"href":"https:\/\/www.bestcryptoexchanges.com\/cs\/wp-json\/wp\/v2\/pages\/9997","targetHints":{"allow":["GET"]}}],"collection":[{"href":"https:\/\/www.bestcryptoexchanges.com\/cs\/wp-json\/wp\/v2\/pages"}],"about":[{"href":"https:\/\/www.bestcryptoexchanges.com\/cs\/wp-json\/wp\/v2\/types\/page"}],"author":[{"embeddable":true,"href":"https:\/\/www.bestcryptoexchanges.com\/cs\/wp-json\/wp\/v2\/users\/1"}],"replies":[{"embeddable":true,"href":"https:\/\/www.bestcryptoexchanges.com\/cs\/wp-json\/wp\/v2\/comments?post=9997"}],"version-history":[{"count":2,"href":"https:\/\/www.bestcryptoexchanges.com\/cs\/wp-json\/wp\/v2\/pages\/9997\/revisions"}],"predecessor-version":[{"id":10002,"href":"https:\/\/www.bestcryptoexchanges.com\/cs\/wp-json\/wp\/v2\/pages\/9997\/revisions\/10002"}],"wp:attachment":[{"href":"https:\/\/www.bestcryptoexchanges.com\/cs\/wp-json\/wp\/v2\/media?parent=9997"}],"curies":[{"name":"wp","href":"https:\/\/api.w.org\/{rel}","templated":true}]}}