{"id":9999,"date":"2021-10-05T10:41:03","date_gmt":"2021-10-05T10:41:03","guid":{"rendered":"https:\/\/www.bestcryptoexchanges.com\/?page_id=9999"},"modified":"2021-10-05T10:49:17","modified_gmt":"2021-10-05T10:49:17","slug":"terms-and-conditions","status":"publish","type":"page","link":"https:\/\/www.bestcryptoexchanges.com\/cs\/terms-and-conditions\/","title":{"rendered":"Podm\u00ednky a pravidla"},"content":{"rendered":"<p>Posledn\u00ed aktualizace: \u010dervence 2020<\/p>\n\n\n\n<p>P\u0159ed pou\u017eit\u00edm webov\u00fdch str\u00e1nek https:\/\/cryptocurry.com (d\u00e1le jen \u201cslu\u017eba\u201d) provozovan\u00fdch spole\u010dnost\u00ed CryptoCurry (d\u00e1le jen \u201cmy\u201d, \u201cn\u00e1s\u201d nebo \u201cna\u0161e\u201d) si pros\u00edm pe\u010dliv\u011b p\u0159e\u010dt\u011bte tyto podm\u00ednky pou\u017e\u00edv\u00e1n\u00ed (d\u00e1le jen \u201cpodm\u00ednky\u201d, \u201cna\u0161e\u201d).<\/p>\n\n\n\n<p>V\u00e1\u0161 p\u0159\u00edstup ke slu\u017eb\u011b a jej\u00ed pou\u017e\u00edv\u00e1n\u00ed je podm\u00edn\u011bno p\u0159ijet\u00edm a dodr\u017eov\u00e1n\u00edm t\u011bchto podm\u00ednek. Tyto podm\u00ednky se vztahuj\u00ed na v\u0161echny n\u00e1v\u0161t\u011bvn\u00edky, u\u017eivatele a dal\u0161\u00ed osoby, kter\u00e9 p\u0159istupuj\u00ed ke slu\u017eb\u011b nebo ji pou\u017e\u00edvaj\u00ed.<\/p>\n\n\n\n<p>P\u0159\u00edstupem ke slu\u017eb\u011b nebo jej\u00edm pou\u017e\u00edv\u00e1n\u00edm souhlas\u00edte s t\u011bmito podm\u00ednkami. Pokud s jakoukoli \u010d\u00e1st\u00ed podm\u00ednek nesouhlas\u00edte, nesm\u00edte ke slu\u017eb\u011b p\u0159istupovat.<\/p>\n\n\n\n<h2 class=\"wp-block-heading\">Du\u0161evn\u00ed vlastnictv\u00ed<\/h2>\n\n\n\n<p>Slu\u017eba a jej\u00ed p\u016fvodn\u00ed obsah, funkce a vlastnosti jsou a z\u016fstanou v\u00fdhradn\u00edm vlastnictv\u00edm spole\u010dnosti CryptoCurry a jej\u00edch poskytovatel\u016f licence.<\/p>\n\n\n\n<h2 class=\"wp-block-heading\">Odkazy na jin\u00e9 webov\u00e9 str\u00e1nky<\/h2>\n\n\n\n<p>Na\u0161e slu\u017eba m\u016f\u017ee obsahovat odkazy na webov\u00e9 str\u00e1nky nebo slu\u017eby t\u0159et\u00edch stran, kter\u00e9 nejsou vlastn\u011bny ani kontrolov\u00e1ny spole\u010dnost\u00ed CryptoCurry.<\/p>\n\n\n\n<p>CryptoCurry nem\u00e1 \u017e\u00e1dnou kontrolu nad obsahem, z\u00e1sadami ochrany osobn\u00edch \u00fadaj\u016f nebo postupy jak\u00fdchkoli webov\u00fdch str\u00e1nek nebo slu\u017eeb t\u0159et\u00edch stran a nenese za n\u011b \u017e\u00e1dnou odpov\u011bdnost. D\u00e1le berete na v\u011bdom\u00ed a souhlas\u00edte s t\u00edm, \u017ee CryptoCurry nenese p\u0159\u00edmou ani nep\u0159\u00edmou odpov\u011bdnost za jak\u00e9koli \u0161kody nebo ztr\u00e1ty zp\u016fsoben\u00e9 nebo \u00fadajn\u011b zp\u016fsoben\u00e9 pou\u017e\u00edv\u00e1n\u00edm nebo v souvislosti s pou\u017e\u00edv\u00e1n\u00edm nebo spol\u00e9h\u00e1n\u00edm se na jak\u00fdkoli takov\u00fd obsah, zbo\u017e\u00ed nebo slu\u017eby dostupn\u00e9 na takov\u00fdch webov\u00fdch str\u00e1nk\u00e1ch nebo slu\u017eb\u00e1ch nebo jejich prost\u0159ednictv\u00edm.<\/p>\n\n\n\n<p>D\u016frazn\u011b doporu\u010dujeme, abyste si p\u0159e\u010detli podm\u00ednky a z\u00e1sady ochrany osobn\u00edch \u00fadaj\u016f v\u0161ech webov\u00fdch str\u00e1nek nebo slu\u017eeb t\u0159et\u00edch stran, kter\u00e9 nav\u0161t\u00edv\u00edte.<\/p>\n\n\n\n<h2 class=\"wp-block-heading\">Ukon\u010den\u00ed<\/h2>\n\n\n\n<p>M\u016f\u017eeme okam\u017eit\u011b ukon\u010dit nebo pozastavit p\u0159\u00edstup k na\u0161\u00ed slu\u017eb\u011b, a to bez p\u0159edchoz\u00edho upozorn\u011bn\u00ed nebo odpov\u011bdnosti, z jak\u00e9hokoli d\u016fvodu, mimo jin\u00e9 i v p\u0159\u00edpad\u011b, \u017ee poru\u0161\u00edte podm\u00ednky.<\/p>\n\n\n\n<p>V\u0161echna ustanoven\u00ed Podm\u00ednek, kter\u00e1 by m\u011bla ze sv\u00e9 podstaty z\u016fstat v platnosti i po ukon\u010den\u00ed, z\u016fst\u00e1vaj\u00ed v platnosti i po ukon\u010den\u00ed, mimo jin\u00e9 v\u010detn\u011b ustanoven\u00ed o vlastnictv\u00ed, vylou\u010den\u00ed z\u00e1ruky, od\u0161kodn\u011bn\u00ed a omezen\u00ed odpov\u011bdnosti.<\/p>\n\n\n\n<h2 class=\"wp-block-heading\">Odm\u00edtnut\u00ed odpov\u011bdnosti<\/h2>\n\n\n\n<p>Slu\u017ebu pou\u017e\u00edv\u00e1te na vlastn\u00ed nebezpe\u010d\u00ed. Slu\u017eba je poskytov\u00e1na tak, jak je a jak je k dispozici. Slu\u017eba je poskytov\u00e1na bez jak\u00fdchkoli z\u00e1ruk, a\u0165 u\u017e v\u00fdslovn\u00fdch nebo p\u0159edpokl\u00e1dan\u00fdch, mimo jin\u00e9 v\u010detn\u011b p\u0159edpokl\u00e1dan\u00fdch z\u00e1ruk prodejnosti, vhodnosti pro ur\u010dit\u00fd \u00fa\u010del, neporu\u0161ov\u00e1n\u00ed pr\u00e1v nebo pr\u016fb\u011bhu pln\u011bn\u00ed.<\/p>\n\n\n\n<h2 class=\"wp-block-heading\">Rozhodn\u00e9 pr\u00e1vo<\/h2>\n\n\n\n<p>Tyto podm\u00ednky se \u0159\u00edd\u00ed a vykl\u00e1daj\u00ed v souladu se z\u00e1kony Spojen\u00fdch st\u00e1t\u016f americk\u00fdch bez ohledu na jejich kolizn\u00ed ustanoven\u00ed.<\/p>\n\n\n\n<p>Pokud neuplatn\u00edme \u017e\u00e1dn\u00e9 pr\u00e1vo nebo ustanoven\u00ed t\u011bchto Podm\u00ednek, nebude to pova\u017eov\u00e1no za vzd\u00e1n\u00ed se t\u011bchto pr\u00e1v. Pokud soud shled\u00e1 n\u011bkter\u00e9 ustanoven\u00ed t\u011bchto Podm\u00ednek neplatn\u00fdm nebo nevymahateln\u00fdm, ostatn\u00ed ustanoven\u00ed t\u011bchto Podm\u00ednek z\u016fst\u00e1vaj\u00ed v platnosti. Tyto Podm\u00ednky p\u0159edstavuj\u00ed \u00faplnou dohodu mezi n\u00e1mi ohledn\u011b na\u0161\u00ed Slu\u017eby a nahrazuj\u00ed a nahrazuj\u00ed ve\u0161ker\u00e9 p\u0159edchoz\u00ed dohody, kter\u00e9 jsme mezi sebou mohli ohledn\u011b Slu\u017eby uzav\u0159\u00edt.<\/p>\n\n\n\n<h2 class=\"wp-block-heading\">Zm\u011bny<\/h2>\n\n\n\n<p>Vyhrazujeme si pr\u00e1vo tyto podm\u00ednky kdykoli upravit nebo nahradit podle vlastn\u00edho uv\u00e1\u017een\u00ed. Pokud se bude jednat o podstatnou zm\u011bnu, pokus\u00edme se o tom informovat alespo\u0148 30 dn\u00ed p\u0159edt\u00edm, ne\u017e nov\u00e9 podm\u00ednky vstoup\u00ed v platnost. Co se pova\u017euje za podstatnou zm\u011bnu, bude ur\u010deno na z\u00e1klad\u011b na\u0161eho v\u00fdhradn\u00edho uv\u00e1\u017een\u00ed.<\/p>\n\n\n\n<p>Pokra\u010dov\u00e1n\u00edm v p\u0159\u00edstupu k na\u0161\u00ed slu\u017eb\u011b nebo jej\u00edm pou\u017e\u00edv\u00e1n\u00edm po nabyt\u00ed \u00fa\u010dinnosti t\u011bchto zm\u011bn souhlas\u00edte s t\u00edm, \u017ee se budete \u0159\u00eddit upraven\u00fdmi podm\u00ednkami. Pokud s nov\u00fdmi podm\u00ednkami nesouhlas\u00edte, p\u0159esta\u0148te Slu\u017ebu pou\u017e\u00edvat.<\/p>\n\n\n\n<h2 class=\"wp-block-heading\">Kontaktujte n\u00e1s<\/h2>\n\n\n\n<p>M\u00e1te-li jak\u00e9koli dotazy t\u00fdkaj\u00edc\u00ed se t\u011bchto podm\u00ednek, kontaktujte n\u00e1s.<\/p>","protected":false},"excerpt":{"rendered":"<p>Posledn\u00ed aktualizace: P\u0159ed pou\u017eit\u00edm webov\u00fdch str\u00e1nek https:\/\/cryptocurry.com (d\u00e1le jen \u201cslu\u017eba\u201d), kter\u00e9 provozuje spole\u010dnost CryptoCurry (d\u00e1le jen \u201cmy\u201d, \u201cn\u00e1s\u201d nebo \u201cna\u0161e\u201d), si pros\u00edm pe\u010dliv\u011b p\u0159e\u010dt\u011bte tyto podm\u00ednky pou\u017e\u00edv\u00e1n\u00ed (d\u00e1le jen \u201cpodm\u00ednky\u201d, \u201cna\u0161e\u201d). V\u00e1\u0161 p\u0159\u00edstup ke slu\u017eb\u011b a jej\u00ed pou\u017e\u00edv\u00e1n\u00ed je podm\u00edn\u011bno p\u0159ijet\u00edm a dodr\u017eov\u00e1n\u00edm t\u011bchto Podm\u00ednek. Tyto podm\u00ednky se vztahuj\u00ed na v\u0161echny n\u00e1v\u0161t\u011bvn\u00edky, [...]<\/p>","protected":false},"author":1,"featured_media":0,"parent":0,"menu_order":0,"comment_status":"closed","ping_status":"closed","template":"","meta":{"footnotes":""},"class_list":["post-9999","page","type-page","status-publish","hentry","post-wrapper","thrv_wrapper"],"_links":{"self":[{"href":"https:\/\/www.bestcryptoexchanges.com\/cs\/wp-json\/wp\/v2\/pages\/9999","targetHints":{"allow":["GET"]}}],"collection":[{"href":"https:\/\/www.bestcryptoexchanges.com\/cs\/wp-json\/wp\/v2\/pages"}],"about":[{"href":"https:\/\/www.bestcryptoexchanges.com\/cs\/wp-json\/wp\/v2\/types\/page"}],"author":[{"embeddable":true,"href":"https:\/\/www.bestcryptoexchanges.com\/cs\/wp-json\/wp\/v2\/users\/1"}],"replies":[{"embeddable":true,"href":"https:\/\/www.bestcryptoexchanges.com\/cs\/wp-json\/wp\/v2\/comments?post=9999"}],"version-history":[{"count":2,"href":"https:\/\/www.bestcryptoexchanges.com\/cs\/wp-json\/wp\/v2\/pages\/9999\/revisions"}],"predecessor-version":[{"id":10001,"href":"https:\/\/www.bestcryptoexchanges.com\/cs\/wp-json\/wp\/v2\/pages\/9999\/revisions\/10001"}],"wp:attachment":[{"href":"https:\/\/www.bestcryptoexchanges.com\/cs\/wp-json\/wp\/v2\/media?parent=9999"}],"curies":[{"name":"wp","href":"https:\/\/api.w.org\/{rel}","templated":true}]}}