{"id":10013,"date":"2021-10-23T17:13:36","date_gmt":"2021-10-23T17:13:36","guid":{"rendered":"https:\/\/www.bestcryptoexchanges.com\/?page_id=10013"},"modified":"2025-11-17T11:14:22","modified_gmt":"2025-11-17T11:14:22","slug":"how-we-choose-crypto-brands","status":"publish","type":"page","link":"https:\/\/www.bestcryptoexchanges.com\/de\/how-we-choose-crypto-brands\/","title":{"rendered":"Wie wir Krypto-Marken ausw\u00e4hlen"},"content":{"rendered":"<p>In Wirklichkeit ist der Kryptomarkt eine der gr\u00f6\u00dften Branchen, die in den letzten Jahrzehnten entstanden sind. Heutzutage gibt es mehrere Marktf\u00fchrer unter den Krypto-B\u00f6rsen und W\u00e4hrungen selbst, aber die rasante technologische Entwicklung erm\u00f6glicht es ihnen, fast jeden Monat \u00c4nderungen auf dem Markt einzuf\u00fchren. Das Wissen ist von unsch\u00e4tzbarem Wert, um in der Lage zu sein, schnelle und vorteilhafte Entscheidungen zu treffen, die in dieser Nische erforderlich sind. Deshalb ist es wichtig, \u00fcber alle neuen \u00c4nderungen in der Kryptoindustrie Bescheid zu wissen, um den gr\u00f6\u00dftm\u00f6glichen Gewinn zu erzielen.<\/p>\n\n\n\n<p>Unsere Website bietet kurze, aber umfassende Leitf\u00e4den zu Themen wie Kryptow\u00e4hrungen und ihren Unterschieden, Krypto-B\u00f6rsen, den profitabelsten Wallets und dem Prozess des Krypto-Minings. Unser Team untersucht jeden Tag Tausende von Referenzen, um die vertrauensw\u00fcrdigsten Artikel f\u00fcr Sie zu erstellen. Die Benutzer unserer Website haben keine Zweifel an der Zuverl\u00e4ssigkeit unserer Leitf\u00e4den, und wir werden die Gr\u00fcnde daf\u00fcr in diesem Bericht erkl\u00e4ren.<\/p>\n\n\n\n<h2 class=\"wp-block-heading\"><strong>Aspekte, denen wir Aufmerksamkeit schenken<\/strong><\/h2>\n\n\n\n<p>Da unser Unternehmen Sie nicht entt\u00e4uschen und Ihre Geldverluste w\u00e4hrend der Investition in Kryptos f\u00f6rdern m\u00f6chte, verbringen wir viel Zeit mit der Auswahl der besten Dienstleistungen, die wir unseren Lesern empfehlen. Aufgrund unserer gro\u00dfen Erfahrung im Handel und der Recherche von Informationen zu diesem Thema haben wir herausgefunden, dass es mehrere Faktoren gibt, die wir bei der Erstellung der besten aufschlussreichen Bewertungen ber\u00fccksichtigen sollten.&nbsp;<\/p>\n\n\n\n<p><strong>Nat\u00fcrlich h\u00e4ngen die Aspekte, die wir genau betrachten, von den tats\u00e4chlichen Themen der Bewertungen ab, da sie sich in ihrer Funktionalit\u00e4t unterscheiden. Insgesamt konzentriert sich unsere Website auf vier Hauptthemen in der Branche der Kryptow\u00e4hrungen wie folgt:<\/strong><\/p>\n\n\n\n<ul class=\"wp-block-list\"><li>Krypto-Geldb\u00f6rsen<\/li><li>Umtausch von Kryptow\u00e4hrungen<\/li><li>Alles rund um den Bergbau<\/li><li>Vielfalt der Kryptow\u00e4hrungen.<\/li><\/ul>\n\n\n\n<p><strong>Einige der Themen in der obigen Liste haben spezifische Faktoren zu ber\u00fccksichtigen, aber die meisten von ihnen teilen die Idee, Optionen f\u00fcr einen sicheren und effizienten Kryptohandel zu bieten:<\/strong><\/p>\n\n\n\n<ol class=\"wp-block-list\"><li>Sicherheit<\/li><li>Geb\u00fchren<\/li><li>Reputation<\/li><li>Schnittstelle<\/li><li>Zukunftsperspektiven<\/li><\/ol>\n\n\n\n<h3 class=\"wp-block-heading\"><strong>Sicherheit<\/strong><\/h3>\n\n\n\n<p>Die Wahrheit ist, dass das Internet nicht nur gew\u00f6hnlichen Nutzern, sondern auch Hackern die M\u00f6glichkeit bietet, Geld zu verdienen. Das bedeutet, dass Sie jedes Mal, wenn Sie Geld \u00fcber das Internet investieren, sicher sein sollten, dass die Plattform oder die Kryptow\u00e4hrung sicher ist. Um Sie vor Betrug zu sch\u00fctzen, sammeln wir sorgf\u00e4ltig Daten \u00fcber alle Dienste und pr\u00fcfen die Erfahrungen fr\u00fcherer Nutzer.<\/p>\n\n\n\n<p>Wenn Sie den von unseren Spezialisten empfohlenen Dienst oder die empfohlene W\u00e4hrung nutzen, k\u00f6nnen Sie sicher sein, dass Ihr Geld nicht gestohlen wird oder in der Noosph\u00e4re verloren geht. Au\u00dferdem aktualisieren wir unsere Bewertungen regelm\u00e4\u00dfig und warnen Sie \u00fcber die letzten Prognosen und Schwankungen auf dem Markt. Deshalb k\u00f6nnen Sie Ihre Aktivit\u00e4ten auf der Plattform immer \u00fcberpr\u00fcfen, wenn sie verd\u00e4chtig sind.&nbsp;<\/p>\n\n\n\n<h3 class=\"wp-block-heading\"><strong>Geb\u00fchren<\/strong><\/h3>\n\n\n\n<p>Wenn Sie ein Anf\u00e4nger im Kryptohandel sind, ist es wichtig, dass Sie den Einstieg in den Markt so kosteng\u00fcnstig wie m\u00f6glich gestalten. Verschiedene B\u00f6rsen und Mining-Teams bieten unterschiedliche Preise f\u00fcr den Zugang zu ihren Plattformen und die Nutzung ihrer Dienste an. Manchmal sind die Kosten f\u00fcr Anf\u00e4nger nicht erschwinglich, auch wenn ein Unternehmen eine enorme Anzahl von Optionen und kostenpflichtigen Funktionen anbietet.&nbsp;<\/p>\n\n\n\n<p>Es liegt also in unserer Verantwortung, die g\u00fcnstigste Option f\u00fcr Ihren sicheren Krypto-Handel auszuw\u00e4hlen. Zu diesem Zweck erstellen wir Vergleichstabellen mit allen Geb\u00fchren f\u00fcr die Dienstleistungen, damit Sie die am besten geeignete Alternative w\u00e4hlen k\u00f6nnen. Dar\u00fcber hinaus sch\u00e4tzen wir den ungef\u00e4hren Geldbetrag, den Sie bei der Nutzung eines bestimmten Austauschdienstes ausgeben werden, und Ihren Gewinn nach der Manipulation mit einer bestimmten Kryptow\u00e4hrung.<\/p>\n\n\n\n<h3 class=\"wp-block-heading\"><strong>Reputation<\/strong><\/h3>\n\n\n\n<p>Der beste Weg, die Qualit\u00e4t der Plattform oder des Dienstes zu kl\u00e4ren, ist, die Nutzer nach ihren Erfahrungen zu fragen. Es gibt zahlreiche Blogs und Websites mit Tausenden von Bewertungen \u00fcber die Nutzung verschiedener Krypto-B\u00f6rsen und den Handel mit Kryptow\u00e4hrungen. Wir haben den Prozess der Erkundung erleichtert und die durchschnittliche Meinung \u00fcber die Plattformen zusammengefasst.<\/p>\n\n\n\n<p>Sobald es eine Menge negativer Bewertungen von Menschen gibt, die ihr Geld verloren haben oder deren Konten f\u00fcr immer eingefroren wurden, werden wir den Dienst nicht mehr als empfehlenswert einstufen. Es ist wichtig, \u00fcber die schlechten Erfahrungen bei der Arbeit mit Kryptow\u00e4hrungen zu wissen, um zu vermeiden, Geld und Zeit zu verschwenden. Deshalb basiert unsere Website auf der sorgf\u00e4ltigen Erforschung der technologischen Nuancen der Krypto-B\u00f6rsen, die wir \u00fcberpr\u00fcfen, sowie auf den Erfahrungsberichten ihrer Nutzer.<\/p>\n\n\n\n<h3 class=\"wp-block-heading\"><strong>Schnittstelle<\/strong><\/h3>\n\n\n\n<p>Sie sollten immer die internen Abl\u00e4ufe des Handels verstehen, wenn Sie Ihr Geld kontrollieren wollen. Vor allem, wenn Sie kein professioneller H\u00e4ndler sind, sollte die Plattform es Ihnen erm\u00f6glichen, alle Transaktionen, die mit Ihrem Geld get\u00e4tigt werden, auf klare und unkomplizierte Weise zu verfolgen.&nbsp;<\/p>\n\n\n\n<p>Als Spezialisten f\u00fcr den Handel mit Bitcoin und Kryptow\u00e4hrungen teilen wir unsere Gedanken und Meinungen \u00fcber B\u00f6rsen in unseren Berichten. Wir versuchen, funktionierende Plattformen mit den besten benutzerfreundlichen Schnittstellen zu sammeln, damit Sie sich schneller und mit weniger Aufwand auf dem Kryptomarkt engagieren k\u00f6nnen.<\/p>\n\n\n\n<p>\u00dcbrigens ist die Verf\u00fcgbarkeit verschiedener Funktionen auf den Plattformen auch einer der entscheidenden Aspekte f\u00fcr uns, Ihnen die Dienste zu empfehlen. Je mehr Operationen Sie im Rahmen einer Website durchf\u00fchren k\u00f6nnen, desto einfacher und billiger wird der Geldtransfer sein.<\/p>\n\n\n\n<h3 class=\"wp-block-heading\"><strong>Zukunftsperspektiven<\/strong><\/h3>\n\n\n\n<p>Die Welt der Kryptow\u00e4hrungen ist eine instabile und sich entwickelnde Branche, aber alle Menschen, die an ihr beteiligt sind, wollen so lange wie m\u00f6glich Geld mit dieser Quelle verdienen. Heutzutage ist es fast unm\u00f6glich, die Zukunft der Kryptow\u00e4hrungen auch nur zehn Jahre im Voraus zu prognostizieren, aber wir haben unser Bestes getan, um diese Informationen f\u00fcr Sie zu sammeln, wobei eine gr\u00fcndliche Analyse im Mittelpunkt steht.<\/p>\n\n\n\n<p>Zuweilen geben professionelle H\u00e4ndler Einsch\u00e4tzungen zur Zukunft aller <a href=\"https:\/\/www.bestcryptoexchanges.com\/de\/us\/\" title=\"Beste Krypto-B\u00f6rsen USA 2025\"  data-wpil-monitor-id=\"2480\">Kryptow\u00e4hrungen und -b\u00f6rsen<\/a> mit kontroversen Prognosen. Unser Team hat sie alle untersucht, um eine subjektive, aber m\u00f6glichst realistische Prognose zu erstellen. Wir haben fast alle Optionen von Plattformen ausgeschlossen, die ihre T\u00e4tigkeit bald einstellen werden. Der Krypto-Handel ist immer mit einem hohen Risiko verbunden, und unsere Fachleute versuchen, es f\u00fcr Sie zu reduzieren, w\u00e4hrend sie ihre Beratung anbieten.&nbsp;<\/p>\n\n\n\n<h2 class=\"wp-block-heading\"><strong>Haftungsausschluss<\/strong><\/h2>\n\n\n\n<p>Die von unserem Team gesammelten Informationen sind unvoreingenommen und zuverl\u00e4ssig, da wir wahllos alle m\u00f6glichen Kryptow\u00e4hrungsplattformen und deren Bewertungen untersucht haben. Unsere Erfahrung erm\u00f6glicht es uns, relevante Bewertungen zu erstellen und vorteilhafte Empfehlungen f\u00fcr Benutzer zu geben.<\/p>\n\n\n\n<p>Im Bereich des Kryptohandels gibt es jedoch jeden Tag neue Entwicklungen, weshalb unsere Informationen manchmal nicht auf dem neuesten Stand sein k\u00f6nnen. Dennoch versuchen wir, alle Neuigkeiten in dieser Branche zu erfassen und sie unseren Nutzern sofort zu zeigen.<\/p>\n\n\n\n<p>Auch wenn wir einige Kryptow\u00e4hrungen und B\u00f6rsen nicht in unsere Leitf\u00e4den aufnehmen, bedeutet das nicht, dass Sie sie nicht selbst ausprobieren k\u00f6nnen. Die gesamte Verantwortung f\u00fcr Risiken und Gewinne liegt bei Ihnen, und deshalb sollten Sie so viele Informationen wie m\u00f6glich sammeln und auf der Grundlage der von Ihnen gesammelten und verarbeiteten Daten \u00fcber bestimmte Transaktionen entscheiden.&nbsp;<\/p>","protected":false},"excerpt":{"rendered":"<p>In Wirklichkeit ist der Kryptomarkt eine der gr\u00f6\u00dften Branchen, die in den letzten Jahrzehnten entstanden sind. Heutzutage gibt es mehrere Marktf\u00fchrer unter den Krypto-B\u00f6rsen und W\u00e4hrungen selbst, aber die schnelle technologische Entwicklung erm\u00f6glicht es ihnen, fast jeden Monat \u00c4nderungen auf dem Markt einzuf\u00fchren. Das Wissen ist von unsch\u00e4tzbarem Wert, um schnelle und vorteilhafte Entscheidungen treffen zu k\u00f6nnen, die [...]<\/p>","protected":false},"author":1,"featured_media":0,"parent":0,"menu_order":0,"comment_status":"closed","ping_status":"closed","template":"","meta":{"footnotes":""},"class_list":["post-10013","page","type-page","status-publish","hentry","post-wrapper","thrv_wrapper"],"_links":{"self":[{"href":"https:\/\/www.bestcryptoexchanges.com\/de\/wp-json\/wp\/v2\/pages\/10013","targetHints":{"allow":["GET"]}}],"collection":[{"href":"https:\/\/www.bestcryptoexchanges.com\/de\/wp-json\/wp\/v2\/pages"}],"about":[{"href":"https:\/\/www.bestcryptoexchanges.com\/de\/wp-json\/wp\/v2\/types\/page"}],"author":[{"embeddable":true,"href":"https:\/\/www.bestcryptoexchanges.com\/de\/wp-json\/wp\/v2\/users\/1"}],"replies":[{"embeddable":true,"href":"https:\/\/www.bestcryptoexchanges.com\/de\/wp-json\/wp\/v2\/comments?post=10013"}],"version-history":[{"count":4,"href":"https:\/\/www.bestcryptoexchanges.com\/de\/wp-json\/wp\/v2\/pages\/10013\/revisions"}],"predecessor-version":[{"id":13660,"href":"https:\/\/www.bestcryptoexchanges.com\/de\/wp-json\/wp\/v2\/pages\/10013\/revisions\/13660"}],"wp:attachment":[{"href":"https:\/\/www.bestcryptoexchanges.com\/de\/wp-json\/wp\/v2\/media?parent=10013"}],"curies":[{"name":"wp","href":"https:\/\/api.w.org\/{rel}","templated":true}]}}