{"id":10015,"date":"2021-10-23T17:16:01","date_gmt":"2021-10-23T17:16:01","guid":{"rendered":"https:\/\/www.bestcryptoexchanges.com\/?page_id=10015"},"modified":"2021-10-23T17:18:45","modified_gmt":"2021-10-23T17:18:45","slug":"how-we-rate-crypto-brands","status":"publish","type":"page","link":"https:\/\/www.bestcryptoexchanges.com\/de\/how-we-rate-crypto-brands\/","title":{"rendered":"Wie wir Krypto-Marken bewerten"},"content":{"rendered":"<p>Unsere Website zielt darauf ab, die besten Krypto-Wallets, die zuverl\u00e4ssigsten Krypto-B\u00f6rsen und damit verbundene Dienstleistungen sowie die profitabelsten W\u00e4hrungen auf dem heutigen digitalen Markt zu bewerten. Wir verwenden mehrere Faktoren, die bestimmen k\u00f6nnen, ob eine bestimmte Krypto-Wallet oder B\u00f6rse in unsere Artikel aufgenommen wird. Dar\u00fcber hinaus k\u00f6nnen Nutzer auf unserer Website n\u00fctzliche Tipps zu Krypto-B\u00f6rsen und der Rentabilit\u00e4t der wertvollsten Kryptow\u00e4hrungen finden. Wir erstellen die Liste der vertrauensw\u00fcrdigsten und vorteilhaftesten B\u00f6rsen, indem wir sie nach speziellen Kriterien bewerten.&nbsp;<\/p>\n\n\n\n<p><strong>Sie k\u00f6nnen sich mit den Faktoren vertraut machen, die wir bei unseren Empfehlungen f\u00fcr Sie beachten. Hier ist, worauf wir uns konzentrieren:<\/strong><\/p>\n\n\n\n<ul class=\"wp-block-list\"><li>Bewertungssystem f\u00fcr Krypto-Geldb\u00f6rsen<\/li><li>Bewertungssystem f\u00fcr Krypto-B\u00f6rsen<\/li><li>Bewertungssystem f\u00fcr Kryptow\u00e4hrungen<\/li><li>Bewertungssystem f\u00fcr Bergbauwerkzeuge<\/li><\/ul>\n\n\n\n<h2 class=\"wp-block-heading\"><strong>Krypto Wallets Bewertungssystem<\/strong><\/h2>\n\n\n\n<ul class=\"wp-block-list\"><li><strong>Vielfalt der verf\u00fcgbaren Kryptow\u00e4hrungen<\/strong><\/li><\/ul>\n\n\n\n<p>Wenn Sie mit Kryptow\u00e4hrungen arbeiten, m\u00fcssen Sie sich \u00fcber alle Vorg\u00e4nge auf dem Markt im Klaren sein und lernen, mit verschiedenen Kryptow\u00e4hrungen gewinnbringende Operationen durchzuf\u00fchren. Manchmal kann der Kauf einiger Kryptow\u00e4hrungen mehr Gewinn bringen als eine andere Operation, und deshalb sollte eine Wallet Ihnen erlauben, mit mehreren Kryptow\u00e4hrungen gleichzeitig zu arbeiten. Der entscheidende Punkt f\u00fcr Kryptow\u00e4hrungs-Wallets ist, dass sie die M\u00f6glichkeit bieten, mit so vielen Kryptos wie m\u00f6glich im Rahmen einer Plattform zu handeln. Wenn die Wallet also nur Bitcoin als Handelsw\u00e4hrung anbietet, bewerten wir sie nicht so hoch wie eine Wallet, die Dutzende von Kryptow\u00e4hrungen anbietet.<\/p>\n\n\n\n<ul class=\"wp-block-list\"><li><strong>Sicherheit der Adresse und des Anmeldeverfahrens<\/strong><\/li><\/ul>\n\n\n\n<p>Da die Nutzer von Krypto-Wallets dort gro\u00dfe Summen aufbewahren, ist es wichtig, dass sie sicher und gesch\u00fctzt sind. Zuallererst \u00fcberpr\u00fcfen wir die Webadresse der Wallet. Wenn sie mit HTTPS beginnt, halten wir sie f\u00fcr sicher genug und sie wird in der Bewertung h\u00f6her eingestuft als eine Wallet mit einer HTTP-Adresse.&nbsp;<\/p>\n\n\n\n<p>Au\u00dferdem versuchen unsere Fachleute, Sie vor allen Arten von Betrug zu sch\u00fctzen, die bei der Arbeit mit Krypto-Wallets m\u00f6glich sind. Daher empfehlen wir Ihnen bevorzugt Wallets mit Zwei-Faktor-Authentifizierung, da diese eine h\u00f6here Sicherheit f\u00fcr Ihr Wallet-Konto und Ihr Verm\u00f6gen bieten.&nbsp;<\/p>\n\n\n\n<p>Eine Wallet kann mehr Punkte in unserer Bewertung erhalten, wenn sie \u201chierarchisch deterministisch\u201d ist. Dieses Konzept h\u00e4ngt mit den Adressen f\u00fcr Krypto-Wallets zusammen. Insbesondere ist die Wallet sicherer, wenn sie f\u00fcr jede Operation mit Ihrem Verm\u00f6gen neue Kryptoadressen erstellt, als wenn sie jedes Mal die gleiche Wallet-Adresse verwendet.<\/p>\n\n\n\n<ul class=\"wp-block-list\"><li><strong>Verl\u00e4sslichkeit des Anbieters<\/strong><\/li><\/ul>\n\n\n\n<p>Wenn Sie das Unternehmen kennen, das hinter der Wallet steht, k\u00f6nnen Sie mehr Vertrauen in ihre Vertrauensw\u00fcrdigkeit haben. Aus diesem Grund \u00fcberpr\u00fcfen wir die Eigent\u00fcmer und Entwickler der Wallets, bevor wir sie in unsere Bewertungen aufnehmen. Wenn die Wallet alle Lizenzen und Dokumente \u00fcber ihre Sch\u00f6pfer \u00f6ffentlich demonstriert und diese Unternehmen und Personen nicht als Betr\u00fcger im Internet aufgefallen sind, werden wir die Wallet als unverd\u00e4chtig einstufen.&nbsp;<\/p>\n\n\n\n<p>Dar\u00fcber hinaus m\u00fcssen wir den Code der Wallet kennen, da er den Prozess des Handels transparenter macht. Eine h\u00f6here Transparenz aller Vorg\u00e4nge, die in der Wallet ablaufen, macht sie f\u00fcr uns also zuverl\u00e4ssiger.<\/p>\n\n\n\n<ul class=\"wp-block-list\"><li><strong>Bewertung der Geldb\u00f6rsen durch die Nutzer<\/strong><\/li><\/ul>\n\n\n\n<p>Es gibt zahlreiche Websites wie Reddit mit offenen Foren f\u00fcr Nutzer von Krypto-Brieftaschen. Diese Dienste erm\u00f6glichen es Menschen, ihre Erfahrungen mit Plattformen zu teilen und ihre Meinung zu \u00e4u\u00dfern. Eine Einsch\u00e4tzung der Wallet durch die Community kann ein Schl\u00fcsselfaktor f\u00fcr die Empfehlung einer Plattform sein, da sie die Seiten der Dienste zeigen kann, die von den Entwicklern verborgen werden. Zum Beispiel versuchen wir, eine durchschnittliche Meinung \u00fcber die Krypto-Wallet zu finden, aber wir achten auch auf negative Bewertungen und deren Wahrheitsgehalt.<\/p>\n\n\n\n<p>\u00dcbrigens k\u00f6nnen die Bewertungen erfahrener Nutzer ein Indikator f\u00fcr die Bequemlichkeit der Plattformen f\u00fcr die Kunden sein. Das Design der Schnittstelle kann die Bewertungsposition der Wallet so beeinflussen, dass eine intuitivere Struktur der Dienstleistung von unseren Spezialisten h\u00f6her bewertet wird. Wenn erfahrene Nutzer argumentieren, dass der Arbeitsprozess mit der Wallet kompliziert ist, werden wir dies pr\u00fcfen und bei der Erstellung der Bewertung ber\u00fccksichtigen.<\/p>\n\n\n\n<ul class=\"wp-block-list\"><li><strong>Angemessenheit von Geb\u00fchren und Provisionen<\/strong><\/li><\/ul>\n\n\n\n<p>Wenn jemand mit dem Handel mit einer Wallet beginnen m\u00f6chte, ist er oder sie immer am Preis f\u00fcr die Nutzung interessiert. Daher sch\u00e4tzt unser Team den durchschnittlichen Preis auf dem Markt f\u00fcr alle angebotenen Dienste und stuft die Wallet als g\u00fcnstig oder teuer in der Nutzung ein. Nat\u00fcrlich h\u00e4ngt der Preis auch von der Leistung der Wallet ab, und wir beziehen diesen Faktor in unser Bewertungssystem mit ein.<\/p>\n\n\n\n<h2 class=\"wp-block-heading\"><strong>Krypto-B\u00f6rsen-Rating-System<\/strong><\/h2>\n\n\n\n<p><strong>Wir wenden ein etwas anderes Bewertungssystem f\u00fcr Kryptow\u00e4hrungsb\u00f6rsen an, das auf den folgenden Aspekten basiert:<\/strong><\/p>\n\n\n\n<ul class=\"wp-block-list\"><li>Anzahl der verf\u00fcgbaren M\u00fcnzen;<\/li><li>Leistung des Kundendienstes;<\/li><li>Schutz von Transaktionen und Verm\u00f6genswerten;<\/li><li>Preisgestaltung;<\/li><li>Die Bequemlichkeit der Schnittstelle;<\/li><li>Akzeptierte Zahlungsarten.<\/li><\/ul>\n\n\n\n<p>Basierend auf der Bewertung der einzelnen Faktoren erstellen wir ein Bewertungssystem und heben die wichtigsten Vor- und Nachteile der jeweiligen Krypto-B\u00f6rse hervor. Das bedeutet, dass wir unseren Lesern die M\u00f6glichkeit geben, selbst eine B\u00f6rse zu w\u00e4hlen, je nachdem, wie wichtig die einzelnen Elemente f\u00fcr sie sind. So werden einige Plattformen f\u00fcr Anf\u00e4nger praktischer sein, w\u00e4hrend andere f\u00fcr erfahrene Nutzer geeignet sind.<\/p>\n\n\n\n<h2 class=\"wp-block-heading\"><strong>Bewertungssystem f\u00fcr Kryptow\u00e4hrungen<\/strong><\/h2>\n\n\n\n<p><strong>Bei der Bewertung des Nutzens des Handels mit Kryptow\u00e4hrungen f\u00fcr unsere Rezensionen achten wir auf die derzeit laufenden Ver\u00e4nderungen am Markt und die f\u00fcr Krypto-Coins \u00fcblichen Grundeinsch\u00e4tzungen:<\/strong><\/p>\n\n\n\n<ul class=\"wp-block-list\"><li>Angebot und Nachfrage nach der M\u00fcnze;<\/li><li>\u00dcbernahme der W\u00e4hrung in den allgemeinen Sprachgebrauch;<\/li><li>Produktionskosten;<\/li><li>Anzahl der Geldb\u00f6rsen f\u00fcr Kryptow\u00e4hrungen auf dem Markt;<\/li><li>Interaktion von Kryptow\u00e4hrungen mit Fiat-W\u00e4hrungen;<\/li><li>Kontrolle \u00fcber den W\u00e4hrungsbestand durch die Regierung.<\/li><\/ul>\n\n\n\n<p>Nach der Sammlung von Daten \u00fcber alle oben aufgef\u00fchrten Faktoren f\u00fcr Kryptow\u00e4hrungen, erstellen wir Vergleichsbewertungen f\u00fcr sie. Als potenzieller K\u00e4ufer der M\u00fcnzen k\u00f6nnen Sie an einigen wesentlichen Punkten mehr interessiert sein als an anderen, und deshalb geben wir Ihnen die M\u00f6glichkeit, eine Kryptow\u00e4hrung auf der Grundlage unserer Forschung und Bewertungen selbst auszuw\u00e4hlen.<\/p>\n\n\n\n<h2 class=\"wp-block-heading\"><strong>Bewertungssystem f\u00fcr Bergbauwerkzeuge<\/strong><\/h2>\n\n\n\n<p>Neben den Krypto-Wallets, B\u00f6rsen und Kryptow\u00e4hrungen selbst widmen wir einen Teil unserer Website den Mining-Tools. Dieses Thema erfordert ein anderes Bewertungssystem, da es komplexer ist. Nichtsdestotrotz ist die Sicherheit der Pools und der Software f\u00fcr das Mining der entscheidende Punkt, den wir f\u00fcr pr\u00e4zise Empfehlungen ber\u00fccksichtigen m\u00fcssen. Unser Team tut sein Bestes, um \u00fcber die neuesten Entwicklungen auf diesem Gebiet auf dem Laufenden zu sein.&nbsp;<\/p>\n\n\n\n<p><strong>Wir beziehen die folgenden Faktoren in das Bewertungssystem f\u00fcr Bergbauwerkzeuge ein:<\/strong><\/p>\n\n\n\n<ul class=\"wp-block-list\"><li>Geb\u00fchren und Provisionen;<\/li><li>Ergonomie;<\/li><li>Verf\u00fcgbare Einrichtungsmerkmale;<\/li><li>Der Ruf der Pools.<\/li><\/ul>\n\n\n\n<p>Der Inhalt unserer Website ist dank der professionellen Arbeit unserer Analysten, Experten und Autoren vielf\u00e4ltig und praxisnah. Zus\u00e4tzlich zu den Berichten \u00fcber Kryptow\u00e4hrungen und Tools f\u00fcr den Handel und das Mining widmen wir Artikel zu den wichtigen aktuellen Ereignissen auf dem Markt. Mit den neuesten Nachrichten aus der Kryptowelt in Kontakt zu bleiben, erm\u00f6glicht es unseren Kunden, mehr Geld zu verdienen, und deshalb \u00fcberpr\u00fcfen wir t\u00e4glich analytische Berichte. Was die Zuverl\u00e4ssigkeit dieser Berichte betrifft, so f\u00fchren unsere Spezialisten Verifizierungen durch, bevor sie Daten von externen Websites verwenden. Deshalb k\u00f6nnen alle unsere Nutzer den von uns bereitgestellten Informationen voll und ganz vertrauen und sie nutzen, um ihre Gewinne im Kryptogesch\u00e4ft zu steigern.&nbsp;<\/p>","protected":false},"excerpt":{"rendered":"<p>Unsere Website zielt darauf ab, die besten Krypto-Wallets, die zuverl\u00e4ssigsten Krypto-B\u00f6rsen und damit verbundene Dienstleistungen sowie die profitabelsten W\u00e4hrungen auf dem heutigen digitalen Markt zu bewerten. Wir verwenden mehrere Faktoren, die bestimmen k\u00f6nnen, ob eine bestimmte Krypto-Wallet oder B\u00f6rse in unsere Artikel aufgenommen wird. Dar\u00fcber hinaus k\u00f6nnen die Nutzer n\u00fctzliche [...]<\/p>","protected":false},"author":1,"featured_media":0,"parent":0,"menu_order":0,"comment_status":"closed","ping_status":"closed","template":"","meta":{"footnotes":""},"class_list":["post-10015","page","type-page","status-publish","hentry","post-wrapper","thrv_wrapper"],"_links":{"self":[{"href":"https:\/\/www.bestcryptoexchanges.com\/de\/wp-json\/wp\/v2\/pages\/10015","targetHints":{"allow":["GET"]}}],"collection":[{"href":"https:\/\/www.bestcryptoexchanges.com\/de\/wp-json\/wp\/v2\/pages"}],"about":[{"href":"https:\/\/www.bestcryptoexchanges.com\/de\/wp-json\/wp\/v2\/types\/page"}],"author":[{"embeddable":true,"href":"https:\/\/www.bestcryptoexchanges.com\/de\/wp-json\/wp\/v2\/users\/1"}],"replies":[{"embeddable":true,"href":"https:\/\/www.bestcryptoexchanges.com\/de\/wp-json\/wp\/v2\/comments?post=10015"}],"version-history":[{"count":2,"href":"https:\/\/www.bestcryptoexchanges.com\/de\/wp-json\/wp\/v2\/pages\/10015\/revisions"}],"predecessor-version":[{"id":10019,"href":"https:\/\/www.bestcryptoexchanges.com\/de\/wp-json\/wp\/v2\/pages\/10015\/revisions\/10019"}],"wp:attachment":[{"href":"https:\/\/www.bestcryptoexchanges.com\/de\/wp-json\/wp\/v2\/media?parent=10015"}],"curies":[{"name":"wp","href":"https:\/\/api.w.org\/{rel}","templated":true}]}}