{"id":9999,"date":"2021-10-05T10:41:03","date_gmt":"2021-10-05T10:41:03","guid":{"rendered":"https:\/\/www.bestcryptoexchanges.com\/?page_id=9999"},"modified":"2021-10-05T10:49:17","modified_gmt":"2021-10-05T10:49:17","slug":"terms-and-conditions","status":"publish","type":"page","link":"https:\/\/www.bestcryptoexchanges.com\/de\/terms-and-conditions\/","title":{"rendered":"Bedingungen und Konditionen"},"content":{"rendered":"<p>Zuletzt aktualisiert: Juli 15, 2020<\/p>\n\n\n\n<p>Bitte lesen Sie diese Nutzungsbedingungen (\u201cBedingungen\u201d, \u201cNutzungsbedingungen\u201d) sorgf\u00e4ltig durch, bevor Sie die von CryptoCurry (\u201cuns\u201d, \u201cwir\u201d oder \u201cunser\u201d) betriebene Website https:\/\/cryptocurry.com (der \u201cDienst\u201d) nutzen.<\/p>\n\n\n\n<p>Ihr Zugang zu und Ihre Nutzung des Dienstes setzt voraus, dass Sie die vorliegenden Bedingungen akzeptieren und einhalten. Diese Bedingungen gelten f\u00fcr alle Besucher, Nutzer und andere, die auf den Dienst zugreifen oder ihn nutzen.<\/p>\n\n\n\n<p>Durch den Zugriff auf den Dienst oder dessen Nutzung erkl\u00e4ren Sie sich mit diesen Bedingungen einverstanden. Wenn Sie mit irgendeinem Teil der Bedingungen nicht einverstanden sind, d\u00fcrfen Sie nicht auf den Dienst zugreifen.<\/p>\n\n\n\n<h2 class=\"wp-block-heading\">Geistiges Eigentum<\/h2>\n\n\n\n<p>Der Dienst und seine urspr\u00fcnglichen Inhalte, Eigenschaften und Funktionen sind und bleiben das exklusive Eigentum von CryptoCurry und seinen Lizenzgebern.<\/p>\n\n\n\n<h2 class=\"wp-block-heading\">Links zu anderen Websites<\/h2>\n\n\n\n<p>Unser Service kann Links zu Webseiten oder Diensten Dritter enthalten, die nicht im Besitz oder unter der Kontrolle von CryptoCurry sind.<\/p>\n\n\n\n<p>CryptoCurry hat keine Kontrolle \u00fcber und \u00fcbernimmt keine Verantwortung f\u00fcr den Inhalt, die Datenschutzrichtlinien oder die Praktiken von Webseiten oder Diensten Dritter. Sie erkennen weiterhin an und stimmen zu, dass CryptoCurry weder direkt noch indirekt f\u00fcr Sch\u00e4den oder Verluste verantwortlich oder haftbar ist, die durch oder in Verbindung mit der Nutzung von oder dem Vertrauen auf solche Inhalte, Waren oder Dienstleistungen, die auf oder \u00fcber solche Webseiten oder Dienste verf\u00fcgbar sind, verursacht wurden oder angeblich verursacht wurden.<\/p>\n\n\n\n<p>Wir raten Ihnen dringend, die Gesch\u00e4ftsbedingungen und Datenschutzrichtlinien aller Websites oder Dienste Dritter, die Sie besuchen, zu lesen.<\/p>\n\n\n\n<h2 class=\"wp-block-heading\">Terminierung<\/h2>\n\n\n\n<p>Wir k\u00f6nnen den Zugang zu unserem Service sofort und ohne Vorank\u00fcndigung oder Haftung beenden oder aussetzen, aus welchem Grund auch immer, einschlie\u00dflich und ohne Einschr\u00e4nkung, wenn Sie gegen die Bedingungen versto\u00dfen.<\/p>\n\n\n\n<p>Alle Bestimmungen der Bedingungen, die ihrer Natur nach die Beendigung \u00fcberdauern sollten, \u00fcberdauern die Beendigung, einschlie\u00dflich, aber nicht beschr\u00e4nkt auf Eigentumsbestimmungen, Gew\u00e4hrleistungsausschl\u00fcsse, Entsch\u00e4digungen und Haftungsbeschr\u00e4nkungen.<\/p>\n\n\n\n<h2 class=\"wp-block-heading\">Haftungsausschluss<\/h2>\n\n\n\n<p>Die Nutzung des Dienstes erfolgt auf Ihr eigenes Risiko. Der Dienst wird auf einer \u201cAS IS\u201d- und \u201cAS AVAILABLE\u201d-Basis bereitgestellt. Der Dienst wird ohne jegliche ausdr\u00fcckliche oder stillschweigende Gew\u00e4hrleistung zur Verf\u00fcgung gestellt, einschlie\u00dflich, aber nicht beschr\u00e4nkt auf stillschweigende Gew\u00e4hrleistungen der Marktg\u00e4ngigkeit, der Eignung f\u00fcr einen bestimmten Zweck, der Nichtverletzung von Rechten Dritter oder des Verlaufs der Leistung.<\/p>\n\n\n\n<h2 class=\"wp-block-heading\">Geltendes Recht<\/h2>\n\n\n\n<p>Diese Bedingungen unterliegen den Gesetzen der Vereinigten Staaten von Amerika, ohne R\u00fccksicht auf die Bestimmungen des Kollisionsrechts.<\/p>\n\n\n\n<p>Unser Vers\u00e4umnis, ein Recht oder eine Bestimmung dieser Bedingungen durchzusetzen, gilt nicht als Verzicht auf diese Rechte. Sollte eine Bestimmung dieser Bedingungen von einem Gericht f\u00fcr ung\u00fcltig oder nicht durchsetzbar erkl\u00e4rt werden, bleiben die \u00fcbrigen Bestimmungen dieser Bedingungen in Kraft. Diese Bedingungen stellen die gesamte Vereinbarung zwischen uns in Bezug auf unseren Dienst dar und ersetzen alle fr\u00fcheren Vereinbarungen zwischen uns in Bezug auf den Dienst.<\/p>\n\n\n\n<h2 class=\"wp-block-heading\">\u00c4nderungen<\/h2>\n\n\n\n<p>Wir behalten uns das Recht vor, diese Bedingungen jederzeit nach eigenem Ermessen zu \u00e4ndern oder zu ersetzen. Wenn eine \u00c4nderung wesentlich ist, werden wir versuchen, sie mindestens 30 Tage vor dem Inkrafttreten der neuen Bedingungen anzuk\u00fcndigen. Was eine wesentliche \u00c4nderung darstellt, wird nach unserem alleinigen Ermessen festgelegt.<\/p>\n\n\n\n<p>Indem Sie nach Inkrafttreten dieser \u00c4nderungen weiterhin auf unseren Dienst zugreifen oder ihn nutzen, erkl\u00e4ren Sie sich mit den \u00fcberarbeiteten Bedingungen einverstanden. Wenn Sie mit den neuen Bedingungen nicht einverstanden sind, beenden Sie bitte die Nutzung des Dienstes.<\/p>\n\n\n\n<h2 class=\"wp-block-heading\">Kontakt<\/h2>\n\n\n\n<p>Wenn Sie Fragen zu diesen Bedingungen haben, wenden Sie sich bitte an uns.<\/p>","protected":false},"excerpt":{"rendered":"<p>Zuletzt aktualisiert: 15. Juli 2020 Bitte lesen Sie diese Nutzungsbedingungen (\u201cBedingungen\u201d, \u201cNutzungsbedingungen\u201d) sorgf\u00e4ltig durch, bevor Sie die von CryptoCurry (\u201cuns\u201d, \u201cwir\u201d oder \u201cunser\u201d) betriebene Website https:\/\/cryptocurry.com (der \u201cDienst\u201d) nutzen. Ihr Zugang zu und Ihre Nutzung des Dienstes setzt voraus, dass Sie die vorliegenden Bedingungen akzeptieren und einhalten. Diese Bedingungen gelten f\u00fcr alle Besucher, [...]<\/p>","protected":false},"author":1,"featured_media":0,"parent":0,"menu_order":0,"comment_status":"closed","ping_status":"closed","template":"","meta":{"footnotes":""},"class_list":["post-9999","page","type-page","status-publish","hentry","post-wrapper","thrv_wrapper"],"_links":{"self":[{"href":"https:\/\/www.bestcryptoexchanges.com\/de\/wp-json\/wp\/v2\/pages\/9999","targetHints":{"allow":["GET"]}}],"collection":[{"href":"https:\/\/www.bestcryptoexchanges.com\/de\/wp-json\/wp\/v2\/pages"}],"about":[{"href":"https:\/\/www.bestcryptoexchanges.com\/de\/wp-json\/wp\/v2\/types\/page"}],"author":[{"embeddable":true,"href":"https:\/\/www.bestcryptoexchanges.com\/de\/wp-json\/wp\/v2\/users\/1"}],"replies":[{"embeddable":true,"href":"https:\/\/www.bestcryptoexchanges.com\/de\/wp-json\/wp\/v2\/comments?post=9999"}],"version-history":[{"count":2,"href":"https:\/\/www.bestcryptoexchanges.com\/de\/wp-json\/wp\/v2\/pages\/9999\/revisions"}],"predecessor-version":[{"id":10001,"href":"https:\/\/www.bestcryptoexchanges.com\/de\/wp-json\/wp\/v2\/pages\/9999\/revisions\/10001"}],"wp:attachment":[{"href":"https:\/\/www.bestcryptoexchanges.com\/de\/wp-json\/wp\/v2\/media?parent=9999"}],"curies":[{"name":"wp","href":"https:\/\/api.w.org\/{rel}","templated":true}]}}