{"id":10013,"date":"2021-10-23T17:13:36","date_gmt":"2021-10-23T17:13:36","guid":{"rendered":"https:\/\/www.bestcryptoexchanges.com\/?page_id=10013"},"modified":"2025-11-17T11:14:22","modified_gmt":"2025-11-17T11:14:22","slug":"how-we-choose-crypto-brands","status":"publish","type":"page","link":"https:\/\/www.bestcryptoexchanges.com\/es\/how-we-choose-crypto-brands\/","title":{"rendered":"C\u00f3mo elegimos las criptomonedas"},"content":{"rendered":"<p>En realidad, el mercado de las criptomonedas es una de las mayores industrias establecidas en las \u00faltimas d\u00e9cadas. En la actualidad, existen varios l\u00edderes entre los criptointercambios y las propias divisas, pero el r\u00e1pido desarrollo tecnol\u00f3gico les permite introducir cambios en el mercado casi todos los meses. El conocimiento no tiene precio para poder tomar las decisiones r\u00e1pidas y beneficiosas que requiere el nicho. Por eso es importante estar al tanto de todos los nuevos cambios en la industria de las criptomonedas para obtener el m\u00e1ximo beneficio posible.<\/p>\n\n\n\n<p>Nuestro sitio web proporciona gu\u00edas breves pero completas sobre temas como las criptodivisas y sus diferencias, los criptointercambios, los monederos m\u00e1s rentables y el proceso de miner\u00eda de criptomonedas. Nuestro equipo explora miles de referencias cada d\u00eda para crear los art\u00edculos m\u00e1s fiables para usted. Los usuarios de nuestro sitio web no tienen ninguna duda sobre la fiabilidad de nuestras gu\u00edas, y explicaremos las razones de ello en este informe.<\/p>\n\n\n\n<h2 class=\"wp-block-heading\"><strong>Aspectos a los que prestamos atenci\u00f3n<\/strong><\/h2>\n\n\n\n<p>Como nuestra empresa no quiere decepcionarle y promover sus p\u00e9rdidas de dinero durante la inversi\u00f3n en criptomonedas, pasamos mucho tiempo en la selecci\u00f3n de los mejores servicios para recomendar a nuestros lectores. Tener una gran experiencia en el comercio y la investigaci\u00f3n de informaci\u00f3n sobre este tema, nos dimos cuenta de que hay varios factores que debemos considerar para la creaci\u00f3n de los mejores comentarios perspicaces.&nbsp;<\/p>\n\n\n\n<p><strong>Por supuesto, los aspectos que consideramos de cerca dependen de los temas reales de las revisiones, ya que difieren en su funcionalidad. En general, nuestro sitio web se centra en cuatro temas principales en la industria de cryptocurrencies como sigue:<\/strong><\/p>\n\n\n\n<ul class=\"wp-block-list\"><li>Monederos de criptomonedas<\/li><li>Intercambio de criptomonedas<\/li><li>Todo sobre la miner\u00eda<\/li><li>Variedad de criptomonedas.<\/li><\/ul>\n\n\n\n<p><strong>Algunos de los temas de la lista anterior tienen factores espec\u00edficos a tener en cuenta, pero la mayor\u00eda de ellos comparten la idea de proporcionar opciones para operar con criptomonedas de forma segura y eficiente:<\/strong><\/p>\n\n\n\n<ol class=\"wp-block-list\"><li>Seguridad<\/li><li>Tarifas<\/li><li>Reputaci\u00f3n<\/li><li>Interfaz<\/li><li>Perspectivas de futuro<\/li><\/ol>\n\n\n\n<h3 class=\"wp-block-heading\"><strong>Seguridad<\/strong><\/h3>\n\n\n\n<p>La verdad es que Internet ofrece oportunidades de ganar dinero no s\u00f3lo a los usuarios comunes, sino tambi\u00e9n a los piratas inform\u00e1ticos. Esto significa que cada vez que invierta dinero a trav\u00e9s de Internet, debe estar seguro de que la plataforma o criptomoneda es segura. Para protegerte del fraude, recopilamos datos sobre todos los servicios cuidadosamente y comprobamos la experiencia de usuarios anteriores.<\/p>\n\n\n\n<p>Utilizando el servicio o la divisa recomendada por nuestros especialistas, puede estar seguro de que su dinero no ser\u00e1 robado ni se perder\u00e1 en la noosfera. Adem\u00e1s, actualizamos nuestras rese\u00f1as con regularidad y le advertimos de las \u00faltimas previsiones y fluctuaciones del mercado. Por ello, siempre podr\u00e1 comprobar su actividad en la plataforma en caso de sospecha.&nbsp;<\/p>\n\n\n\n<h3 class=\"wp-block-heading\"><strong>Tarifas<\/strong><\/h3>\n\n\n\n<p>Si usted es un principiante en el comercio de criptomonedas, ser\u00e1 importante para usted que la entrada al mercado sea lo menos costosa posible. Varias bolsas y equipos de miner\u00eda ofrecen diferentes precios por la entrada a sus plataformas y el uso de sus servicios. A veces los costes no son asequibles para los principiantes aunque una empresa ofrezca un enorme n\u00famero de opciones y funciones de pago.&nbsp;<\/p>\n\n\n\n<p>Por lo tanto, es nuestra responsabilidad elegir la opci\u00f3n m\u00e1s beneficiosa para sus operaciones seguras con criptomonedas. Para ello, elaboramos tablas comparativas con todas las tarifas de los servicios incluidas para que usted elija la alternativa m\u00e1s adecuada. Adem\u00e1s, estimamos la cantidad aproximada de dinero que gastar\u00e1 utilizando un servicio de intercambio concreto y su beneficio tras la manipulaci\u00f3n con una criptodivisa determinada.<\/p>\n\n\n\n<h3 class=\"wp-block-heading\"><strong>Reputaci\u00f3n<\/strong><\/h3>\n\n\n\n<p>La mejor manera de aclarar la calidad de la plataforma o servicio es preguntar a sus usuarios sobre su experiencia de uso. Existen multitud de blogs y sitios web con miles de opiniones sobre el uso de diferentes criptobolsas y el comercio de criptodivisas. Hemos facilitado el proceso de exploraci\u00f3n y resumido la opini\u00f3n media sobre las plataformas.<\/p>\n\n\n\n<p>Una vez que hay un mont\u00f3n de cr\u00edticas negativas de personas que perdieron su dinero o sus cuentas fueron congeladas para siempre, no vamos a recomendar el servicio como preferible. Es importante saber acerca de la mala experiencia de trabajar con cryptocurrencies para evitar perder dinero y tiempo. Es por eso que nuestro sitio web se basa en la investigaci\u00f3n cuidadosa de los matices tecnol\u00f3gicos de cripto intercambios que revisamos, as\u00ed como testimonios de sus usuarios.<\/p>\n\n\n\n<h3 class=\"wp-block-heading\"><strong>Interfaz<\/strong><\/h3>\n\n\n\n<p>Siempre debe comprender los procesos internos de la negociaci\u00f3n si desea controlar sus fondos. Especialmente si no eres un operador profesional, la plataforma debe permitirte estar al tanto de todas las transacciones realizadas con tu dinero de forma clara y sencilla.&nbsp;<\/p>\n\n\n\n<p>Como especialistas en el comercio de bitcoins y criptomonedas, compartimos nuestros pensamientos y opiniones sobre los intercambios en nuestros informes. Estamos tratando de recopilar plataformas de trabajo con las mejores interfaces f\u00e1ciles de usar para que usted pueda participar en el mercado de criptomonedas m\u00e1s r\u00e1pido y con menos esfuerzo.<\/p>\n\n\n\n<p>Por cierto, la disponibilidad de diversas funciones en las plataformas tambi\u00e9n es uno de los aspectos cruciales para que le recomendemos los servicios. Cuantas m\u00e1s operaciones pueda realizar en el marco de un mismo sitio web, m\u00e1s f\u00e1cil y barato le resultar\u00e1 el proceso de transferencia de dinero.<\/p>\n\n\n\n<h3 class=\"wp-block-heading\"><strong>Perspectivas de futuro<\/strong><\/h3>\n\n\n\n<p>El mundo de las criptomonedas es una industria inestable y en desarrollo, pero todas las personas incluidas en \u00e9l quieren ganar dinero de esta fuente durante el mayor tiempo posible. Hoy en d\u00eda, es casi imposible predecir el futuro de las criptomonedas incluso a diez a\u00f1os vista, pero hemos hecho todo lo posible para recopilar esta informaci\u00f3n para usted, con un an\u00e1lisis exhaustivo en el n\u00facleo.<\/p>\n\n\n\n<p>A veces, los operadores profesionales hacen revisiones sobre el futuro de todos los <a href=\"https:\/\/www.bestcryptoexchanges.com\/es\/us\/\" title=\"Mejor Crypto Exchanges EE.UU. 2025\"  data-wpil-monitor-id=\"2480\">criptomonedas y bolsas<\/a> con pron\u00f3sticos controvertidos. Nuestro equipo las investig\u00f3 todas para crear un pron\u00f3stico subjetivo pero lo m\u00e1s realista posible. Excluimos casi todas las opciones de plataformas que cesar\u00e1n su actividad en breve. El comercio de criptomonedas siempre conlleva un alto riesgo, y nuestros profesionales intentan reducirlo para usted mientras le proporcionan sus consejos.&nbsp;<\/p>\n\n\n\n<h2 class=\"wp-block-heading\"><strong>Descargo de responsabilidad<\/strong><\/h2>\n\n\n\n<p>La informaci\u00f3n recopilada por nuestro equipo es imparcial y fiable porque hemos examinado indiscriminadamente todas las plataformas de criptomonedas posibles y las rese\u00f1as sobre ellas. Nuestra experiencia nos permite crear rese\u00f1as relevantes y hacer recomendaciones beneficiosas para los usuarios.<\/p>\n\n\n\n<p>Sin embargo, las actualizaciones aparecen todos los d\u00edas en la esfera del comercio de criptomonedas, y es por eso que a veces nuestra informaci\u00f3n puede no ser de la \u00faltima clase. A\u00fan as\u00ed, estamos tratando de captar todas las noticias en esta industria y mostrarlas a nuestros usuarios inmediatamente.<\/p>\n\n\n\n<p>Adem\u00e1s, aunque no incluyamos algunas criptomonedas e intercambios para ellas en nuestras gu\u00edas, no significa que no pueda probarlas usted mismo. Toda la responsabilidad de los riesgos y los beneficios recae sobre ti, y por eso debes explorar toda la informaci\u00f3n posible y decidir sobre operaciones concretas bas\u00e1ndote en los datos que hayas recopilado y procesado.&nbsp;<\/p>","protected":false},"excerpt":{"rendered":"<p>En realidad, el mercado de las criptomonedas es una de las mayores industrias establecidas en las \u00faltimas d\u00e9cadas. Hoy en d\u00eda, hay varios l\u00edderes entre los criptointercambios y las propias divisas, pero el r\u00e1pido desarrollo tecnol\u00f3gico les permite introducir cambios en el mercado casi todos los meses. El conocimiento no tiene precio para poder tomar las decisiones r\u00e1pidas y beneficiosas que se requieren [...]<\/p>","protected":false},"author":1,"featured_media":0,"parent":0,"menu_order":0,"comment_status":"closed","ping_status":"closed","template":"","meta":{"footnotes":""},"class_list":["post-10013","page","type-page","status-publish","hentry","post-wrapper","thrv_wrapper"],"_links":{"self":[{"href":"https:\/\/www.bestcryptoexchanges.com\/es\/wp-json\/wp\/v2\/pages\/10013","targetHints":{"allow":["GET"]}}],"collection":[{"href":"https:\/\/www.bestcryptoexchanges.com\/es\/wp-json\/wp\/v2\/pages"}],"about":[{"href":"https:\/\/www.bestcryptoexchanges.com\/es\/wp-json\/wp\/v2\/types\/page"}],"author":[{"embeddable":true,"href":"https:\/\/www.bestcryptoexchanges.com\/es\/wp-json\/wp\/v2\/users\/1"}],"replies":[{"embeddable":true,"href":"https:\/\/www.bestcryptoexchanges.com\/es\/wp-json\/wp\/v2\/comments?post=10013"}],"version-history":[{"count":4,"href":"https:\/\/www.bestcryptoexchanges.com\/es\/wp-json\/wp\/v2\/pages\/10013\/revisions"}],"predecessor-version":[{"id":13660,"href":"https:\/\/www.bestcryptoexchanges.com\/es\/wp-json\/wp\/v2\/pages\/10013\/revisions\/13660"}],"wp:attachment":[{"href":"https:\/\/www.bestcryptoexchanges.com\/es\/wp-json\/wp\/v2\/media?parent=10013"}],"curies":[{"name":"wp","href":"https:\/\/api.w.org\/{rel}","templated":true}]}}