{"id":10015,"date":"2021-10-23T17:16:01","date_gmt":"2021-10-23T17:16:01","guid":{"rendered":"https:\/\/www.bestcryptoexchanges.com\/?page_id=10015"},"modified":"2021-10-23T17:18:45","modified_gmt":"2021-10-23T17:18:45","slug":"how-we-rate-crypto-brands","status":"publish","type":"page","link":"https:\/\/www.bestcryptoexchanges.com\/es\/how-we-rate-crypto-brands\/","title":{"rendered":"C\u00f3mo valoramos las criptomarcas"},"content":{"rendered":"<p>Nuestro sitio web tiene como objetivo revisar las mejores cripto carteras, los cripto intercambios m\u00e1s fiables, y servicios relacionados, as\u00ed como las monedas m\u00e1s rentables en el mercado digital de hoy. Utilizamos varios factores que pueden determinar si una cripto billetera o exchange en particular ser\u00e1 incluida en nuestros art\u00edculos. Adem\u00e1s, los usuarios pueden encontrar consejos \u00fatiles sobre los criptointercambios y la rentabilidad de las criptodivisas m\u00e1s valiosas en nuestro sitio web. Construimos la lista de los intercambios m\u00e1s confiables y beneficiosos, calific\u00e1ndolos utilizando criterios especiales.&nbsp;<\/p>\n\n\n\n<p><strong>Puede familiarizarse con los factores que consideramos importantes tener en cuenta a la hora de ofrecerle recomendaciones. A continuaci\u00f3n le indicamos en qu\u00e9 nos centramos:<\/strong><\/p>\n\n\n\n<ul class=\"wp-block-list\"><li>Sistema de clasificaci\u00f3n de criptocarteras<\/li><li>Sistema de clasificaci\u00f3n de criptointercambios<\/li><li>Sistema de clasificaci\u00f3n de criptomonedas<\/li><li>Sistema de clasificaci\u00f3n de herramientas mineras<\/li><\/ul>\n\n\n\n<h2 class=\"wp-block-heading\"><strong>Sistema de clasificaci\u00f3n de criptocarteras<\/strong><\/h2>\n\n\n\n<ul class=\"wp-block-list\"><li><strong>Variedad de criptomonedas disponibles<\/strong><\/li><\/ul>\n\n\n\n<p>Trabajando con criptodivisas, tienes que estar al tanto de todos los procesos que ocurren en el mercado e intentar aprender a realizar operaciones rentables con varias criptodivisas. A veces la compra de algunas criptomonedas puede traerle m\u00e1s beneficios que otra operaci\u00f3n, y es por eso que una cartera debe permitirle trabajar con varias criptomonedas al mismo tiempo. El punto crucial para las carteras de criptomonedas es ofrecer la oportunidad de operar con tantas criptomonedas como sea posible dentro del marco de una plataforma. Por lo tanto, si la cartera ofrece a los clientes s\u00f3lo bitcoin como moneda para el comercio, vamos a calificar no tan alto como una cartera con docenas de cryptocurrencies disponibles.<\/p>\n\n\n\n<ul class=\"wp-block-list\"><li><strong>Seguridad de la direcci\u00f3n y del proceso de inicio de sesi\u00f3n<\/strong><\/li><\/ul>\n\n\n\n<p>Dado que los usuarios de monederos criptogr\u00e1ficos guardan grandes fondos en ellos, es importante estar seguros de que estar\u00e1n seguros y protegidos. En primer lugar, comprobamos la direcci\u00f3n web del monedero. Si comienza con HTTPS la consideraremos lo suficientemente segura y se ubicar\u00e1 m\u00e1s arriba en la calificaci\u00f3n que una billetera con una direcci\u00f3n HTTP.&nbsp;<\/p>\n\n\n\n<p>Adem\u00e1s, nuestros profesionales est\u00e1n tratando de salvarte de cualquier tipo de fraude posible durante el trabajo con billeteras criptogr\u00e1ficas. Por lo tanto, preferimos recomendar carteras con autenticaci\u00f3n de dos factores, ya que proporcionan una mayor seguridad de su cuenta de cartera y activos en consecuencia.&nbsp;<\/p>\n\n\n\n<p>Un monedero puede recibir m\u00e1s puntos en nuestra clasificaci\u00f3n si es \u201cjer\u00e1rquicamente determinista\u201d. Este concepto est\u00e1 relacionado con las direcciones de las criptocarteras. En concreto, el monedero es m\u00e1s seguro si crea nuevas direcciones criptogr\u00e1ficas para cada operaci\u00f3n con tus activos que si utiliza siempre la misma direcci\u00f3n de monedero.<\/p>\n\n\n\n<ul class=\"wp-block-list\"><li><strong>Fiabilidad del proveedor<\/strong><\/li><\/ul>\n\n\n\n<p>Conocer la empresa que est\u00e1 detr\u00e1s del monedero puede darte m\u00e1s confianza en su fiabilidad. Por esta raz\u00f3n, comprobamos los propietarios y desarrolladores de los monederos antes de incluirlos en nuestras calificaciones. Si el monedero demuestra todas las licencias y documentos sobre sus creadores p\u00fablicamente y estas empresas y personas no se notaron como los estafadores en Internet, vamos a calificar el monedero como uno insospechable.&nbsp;<\/p>\n\n\n\n<p>Adem\u00e1s, necesitamos conocer el c\u00f3digo de la cartera, ya que hace que el proceso de negociaci\u00f3n sea m\u00e1s transparente. Por lo tanto, una mayor transparencia de todas las operaciones que ocurren en la cartera hace que su fiabilidad sea mayor para nosotros.<\/p>\n\n\n\n<ul class=\"wp-block-list\"><li><strong>Evaluaci\u00f3n de los monederos por los usuarios<\/strong><\/li><\/ul>\n\n\n\n<p>Hay muchos sitios web, como Reddit, con foros abiertos para usuarios de criptocarteras. Estos servicios permiten a la gente compartir su experiencia de trabajo con las plataformas y expresar sus opiniones. Una estimaci\u00f3n de la cartera por parte de la comunidad puede ser un factor clave para la recomendaci\u00f3n de cualquier plataforma, ya que pueden mostrar los lados de los servicios que est\u00e1n ocultos por los desarrolladores. Por ejemplo, intentamos encontrar una opini\u00f3n media sobre el monedero criptogr\u00e1fico, pero tambi\u00e9n prestamos atenci\u00f3n a las rese\u00f1as negativas y a su veracidad.<\/p>\n\n\n\n<p>Por cierto, las opiniones de usuarios experimentados pueden ser indicadores de la comodidad de las plataformas para los clientes. El dise\u00f1o de la interfaz puede influir en la posici\u00f3n de calificaci\u00f3n del monedero de tal manera que una estructura m\u00e1s intuitiva del servicio ser\u00e1 evaluada m\u00e1s alto por nuestros especialistas. Si los usuarios experimentados argumentan que hay algunas complejidades en el proceso de trabajo con el monedero, lo comprobaremos y lo tendremos en cuenta durante la creaci\u00f3n de la calificaci\u00f3n.<\/p>\n\n\n\n<ul class=\"wp-block-list\"><li><strong>Razonabilidad de las tasas y comisiones<\/strong><\/li><\/ul>\n\n\n\n<p>Cuando una persona quiere empezar a operar con un monedero, siempre se interesa por el precio de su uso. Por lo tanto, nuestro equipo estima el precio medio en el mercado para todos los servicios prestados y califica el monedero como barato de usar o caro. Por supuesto, el precio depende del rendimiento del monedero, e incluimos este factor en nuestro sistema de estimaci\u00f3n.<\/p>\n\n\n\n<h2 class=\"wp-block-heading\"><strong>Sistema de clasificaci\u00f3n de criptointercambios<\/strong><\/h2>\n\n\n\n<p><strong>Aplicamos un sistema de clasificaci\u00f3n un poco diferente para las bolsas de criptomonedas, y se basa en los siguientes aspectos:<\/strong><\/p>\n\n\n\n<ul class=\"wp-block-list\"><li>N\u00famero de monedas disponibles;<\/li><li>Prestaci\u00f3n del servicio de atenci\u00f3n al cliente;<\/li><li>Protecci\u00f3n de transacciones y activos;<\/li><li>Precios;<\/li><li>La comodidad de la interfaz;<\/li><li>Formas de pago aceptadas.<\/li><\/ul>\n\n\n\n<p>Bas\u00e1ndonos en la calificaci\u00f3n de cada uno de los factores, construimos un sistema de calificaci\u00f3n y destacamos las principales ventajas y desventajas del criptointercambio en particular. Esto significa que ofrecemos a nuestros lectores la posibilidad de elegir una bolsa por s\u00ed mismos, seg\u00fan la importancia de cada elemento para ellos. As\u00ed, algunas plataformas ser\u00e1n m\u00e1s pr\u00e1cticas para principiantes, mientras que otras lo ser\u00e1n para usuarios experimentados.<\/p>\n\n\n\n<h2 class=\"wp-block-heading\"><strong>Sistema de clasificaci\u00f3n de criptomonedas<\/strong><\/h2>\n\n\n\n<p><strong>Mientras evaluamos el beneficio de operar con criptodivisas para nuestras rese\u00f1as, prestamos atenci\u00f3n a los cambios que se est\u00e1n produciendo actualmente en el mercado y a las estimaciones b\u00e1sicas comunes para las criptodivisas:<\/strong><\/p>\n\n\n\n<ul class=\"wp-block-list\"><li>Oferta y demanda de la moneda;<\/li><li>Adopci\u00f3n de moneda de uso com\u00fan;<\/li><li>Costes de producci\u00f3n;<\/li><li>N\u00famero de monederos para criptomonedas en el mercado;<\/li><li>Interacci\u00f3n de las criptomonedas con las monedas fiduciarias;<\/li><li>Control del stock de divisas por parte del gobierno.<\/li><\/ul>\n\n\n\n<p>Despu\u00e9s de la recopilaci\u00f3n de datos sobre todos los factores mencionados anteriormente para cryptocurrencies, creamos comentarios de comparaci\u00f3n para ellos. Como comprador potencial de las monedas que usted puede estar interesado en algunos puntos esenciales m\u00e1s que en otros, y es por eso que le concedemos la oportunidad de seleccionar cryptocurrency por s\u00ed mismo sobre la base de nuestra investigaci\u00f3n y opiniones.<\/p>\n\n\n\n<h2 class=\"wp-block-heading\"><strong>Sistema de clasificaci\u00f3n de herramientas mineras<\/strong><\/h2>\n\n\n\n<p>Adem\u00e1s de las criptocarteras, los exchanges y las propias criptodivisas, dedicamos una parte de nuestra web a las herramientas de miner\u00eda. Este tema requiere otro sistema de clasificaci\u00f3n, ya que es m\u00e1s complejo. Sin embargo, la seguridad de los pools y del software para el minado es lo crucial para que podamos tener en cuenta recomendaciones precisas. Nuestro equipo hace todo lo posible para estar al d\u00eda de los \u00faltimos avances en este campo.&nbsp;<\/p>\n\n\n\n<p><strong>Incluimos los siguientes factores en el sistema de clasificaci\u00f3n de las herramientas de miner\u00eda:<\/strong><\/p>\n\n\n\n<ul class=\"wp-block-list\"><li>Honorarios y comisiones;<\/li><li>Ergonom\u00eda;<\/li><li>Caracter\u00edsticas de configuraci\u00f3n disponibles;<\/li><li>La reputaci\u00f3n de las piscinas.<\/li><\/ul>\n\n\n\n<p>El contenido de nuestro sitio web es diverso y pr\u00e1ctico gracias al trabajo profesional de nuestros analistas, expertos y autores. Adem\u00e1s de rese\u00f1as sobre criptodivisas y herramientas para el trading y la miner\u00eda, dedicamos art\u00edculos a la importante actualidad del mercado. Estar al tanto de las \u00faltimas noticias sobre el mundo de las criptomonedas permite a nuestros clientes ganar m\u00e1s dinero y por eso revisamos los informes anal\u00edticos todos los d\u00edas. En cuanto a la fiabilidad de dichos informes, nuestros especialistas realizan operaciones de verificaci\u00f3n antes de utilizar datos de sitios web externos. Por ello, todos nuestros usuarios pueden confiar plenamente en la informaci\u00f3n que proporcionamos y utilizarla para aumentar sus beneficios en cripto.&nbsp;<\/p>","protected":false},"excerpt":{"rendered":"<p>Nuestro sitio web tiene como objetivo revisar las mejores cripto carteras, los cripto intercambios m\u00e1s fiables, y servicios relacionados, as\u00ed como las monedas m\u00e1s rentables en el mercado digital de hoy. Utilizamos varios factores que pueden determinar si un cripto monedero o exchange en particular ser\u00e1 incluido en nuestros art\u00edculos. Adem\u00e1s, los usuarios pueden encontrar [...]<\/p>","protected":false},"author":1,"featured_media":0,"parent":0,"menu_order":0,"comment_status":"closed","ping_status":"closed","template":"","meta":{"footnotes":""},"class_list":["post-10015","page","type-page","status-publish","hentry","post-wrapper","thrv_wrapper"],"_links":{"self":[{"href":"https:\/\/www.bestcryptoexchanges.com\/es\/wp-json\/wp\/v2\/pages\/10015","targetHints":{"allow":["GET"]}}],"collection":[{"href":"https:\/\/www.bestcryptoexchanges.com\/es\/wp-json\/wp\/v2\/pages"}],"about":[{"href":"https:\/\/www.bestcryptoexchanges.com\/es\/wp-json\/wp\/v2\/types\/page"}],"author":[{"embeddable":true,"href":"https:\/\/www.bestcryptoexchanges.com\/es\/wp-json\/wp\/v2\/users\/1"}],"replies":[{"embeddable":true,"href":"https:\/\/www.bestcryptoexchanges.com\/es\/wp-json\/wp\/v2\/comments?post=10015"}],"version-history":[{"count":2,"href":"https:\/\/www.bestcryptoexchanges.com\/es\/wp-json\/wp\/v2\/pages\/10015\/revisions"}],"predecessor-version":[{"id":10019,"href":"https:\/\/www.bestcryptoexchanges.com\/es\/wp-json\/wp\/v2\/pages\/10015\/revisions\/10019"}],"wp:attachment":[{"href":"https:\/\/www.bestcryptoexchanges.com\/es\/wp-json\/wp\/v2\/media?parent=10015"}],"curies":[{"name":"wp","href":"https:\/\/api.w.org\/{rel}","templated":true}]}}