{"id":9997,"date":"2021-10-05T10:39:50","date_gmt":"2021-10-05T10:39:50","guid":{"rendered":"https:\/\/www.bestcryptoexchanges.com\/?page_id=9997"},"modified":"2021-10-05T10:47:12","modified_gmt":"2021-10-05T10:47:12","slug":"privacy-policy","status":"publish","type":"page","link":"https:\/\/www.bestcryptoexchanges.com\/es\/privacy-policy\/","title":{"rendered":"Pol\u00edtica de privacidad"},"content":{"rendered":"<p>\u00daltima actualizaci\u00f3n: 15 de julio de 2020<\/p>\n\n\n\n<p>CryptoCurry (\u201cnosotros\u201d o \u201cnuestro\u201d) gestiona el sitio web CryptoCurry (el \u201cServicio\u201d).<\/p>\n\n\n\n<p>Esta p\u00e1gina le informa de nuestras pol\u00edticas relativas a la recogida, uso y divulgaci\u00f3n de Datos Personales cuando utiliza nuestro Servicio.<\/p>\n\n\n\n<p>No utilizaremos ni compartiremos su informaci\u00f3n con nadie excepto en los casos descritos en esta Pol\u00edtica de privacidad.<\/p>\n\n\n\n<p>Utilizamos su Informaci\u00f3n Personal para proporcionar y mejorar el Servicio. Al utilizar el Servicio, usted acepta la recopilaci\u00f3n y el uso de la informaci\u00f3n de acuerdo con esta pol\u00edtica. Salvo que se definan de otro modo en la presente Pol\u00edtica de Privacidad, los t\u00e9rminos utilizados en ella tienen el mismo significado que en nuestras Condiciones Generales, accesibles en https:\/\/cryptocurry.com.<\/p>\n\n\n\n<h2 class=\"wp-block-heading\">Recogida y uso de la informaci\u00f3n<\/h2>\n\n\n\n<p>Al utilizar nuestro Servicio, es posible que le pidamos que nos proporcione cierta informaci\u00f3n de identificaci\u00f3n personal que pueda utilizarse para ponernos en contacto con usted o identificarle. La informaci\u00f3n de identificaci\u00f3n personal (\u201cInformaci\u00f3n Personal\u201d) puede incluir, pero no est\u00e1 limitada a:<\/p>\n\n\n\n<ul class=\"wp-block-list\"><li>Direcci\u00f3n de correo electr\u00f3nico<\/li><\/ul>\n\n\n\n<h2 class=\"wp-block-heading\">Datos de registro<\/h2>\n\n\n\n<p>Recopilamos la informaci\u00f3n que su navegador env\u00eda cada vez que visita nuestro Servicio (\u201cDatos de registro\u201d). Estos Datos de Registro pueden incluir informaci\u00f3n como la direcci\u00f3n de Protocolo de Internet (\u201cIP\u201d) de su ordenador, el tipo de navegador, la versi\u00f3n del navegador, las p\u00e1ginas de nuestro Servicio que visita, la hora y la fecha de su visita, el tiempo empleado en esas p\u00e1ginas y otras estad\u00edsticas.<\/p>\n\n\n\n<h2 class=\"wp-block-heading\">Cookies<\/h2>\n\n\n\n<p>Las cookies son archivos con peque\u00f1as cantidades de datos, que pueden incluir un identificador \u00fanico an\u00f3nimo. Las cookies se env\u00edan a su navegador desde un sitio web y se almacenan en el disco duro de su ordenador.<\/p>\n\n\n\n<p>Utilizamos \u201ccookies\u201d para recoger informaci\u00f3n. Puede configurar su navegador para que rechace todas las cookies o para que le indique cu\u00e1ndo se env\u00eda una cookie. Sin embargo, si no acepta las cookies, es posible que no pueda utilizar algunas partes de nuestro Servicio.<\/p>\n\n\n\n<h2 class=\"wp-block-heading\">Proveedores de servicios<\/h2>\n\n\n\n<p>Podemos emplear a terceras empresas y particulares para facilitar nuestro Servicio, prestar el Servicio en nuestro nombre, realizar servicios relacionados con el Servicio o ayudarnos a analizar c\u00f3mo se utiliza nuestro Servicio.<\/p>\n\n\n\n<p>Estos terceros s\u00f3lo tienen acceso a sus Datos Personales para realizar estas tareas en nuestro nombre y est\u00e1n obligados a no divulgarlos ni utilizarlos para ning\u00fan otro fin.<\/p>\n\n\n\n<h2 class=\"wp-block-heading\">Seguridad<\/h2>\n\n\n\n<p>La seguridad de su Informaci\u00f3n Personal es importante para nosotros, pero recuerde que ning\u00fan m\u00e9todo de transmisi\u00f3n a trav\u00e9s de Internet, o m\u00e9todo de almacenamiento electr\u00f3nico es 100% seguro. Aunque nos esforzamos por utilizar medios comercialmente aceptables para proteger su Informaci\u00f3n Personal, no podemos garantizar su seguridad absoluta.<\/p>\n\n\n\n<h2 class=\"wp-block-heading\">Enlaces a otros sitios<\/h2>\n\n\n\n<p>Nuestro Servicio puede contener enlaces a otros sitios que no son operados por nosotros. Si hace clic en un enlace de terceros, ser\u00e1 dirigido al sitio de ese tercero. Le recomendamos encarecidamente que revise la Pol\u00edtica de Privacidad de cada sitio que visite.<\/p>\n\n\n\n<p>No tenemos ning\u00fan control ni asumimos ninguna responsabilidad por el contenido, las pol\u00edticas de privacidad o las pr\u00e1cticas de los sitios o servicios de terceros.<\/p>\n\n\n\n<h2 class=\"wp-block-heading\">Privacidad infantil<\/h2>\n\n\n\n<p>Nuestro Servicio no se dirige a menores de 18 a\u00f1os (\u201cNi\u00f1os\u201d).<\/p>\n\n\n\n<p>No recopilamos conscientemente informaci\u00f3n personal identificable de menores de 18 a\u00f1os. Si usted es padre o tutor y tiene conocimiento de que su hijo nos ha proporcionado Datos Personales, p\u00f3ngase en contacto con nosotros. Si descubrimos que un menor de 18 a\u00f1os nos ha proporcionado Informaci\u00f3n Personal, borraremos dicha informaci\u00f3n de nuestros servidores inmediatamente.<\/p>\n\n\n\n<h2 class=\"wp-block-heading\">Cumplimiento de la legislaci\u00f3n<\/h2>\n\n\n\n<p>Divulgaremos sus Datos Personales cuando as\u00ed lo exija la ley o una citaci\u00f3n judicial.<\/p>\n\n\n\n<h2 class=\"wp-block-heading\">Cambios en esta pol\u00edtica de privacidad<\/h2>\n\n\n\n<p>Es posible que actualicemos nuestra Pol\u00edtica de Privacidad de vez en cuando. Le notificaremos cualquier cambio publicando la nueva Pol\u00edtica de Privacidad en esta p\u00e1gina.<\/p>\n\n\n\n<p>Le aconsejamos que revise peri\u00f3dicamente esta Pol\u00edtica de Privacidad para comprobar si se han producido cambios. Las modificaciones de esta Pol\u00edtica de Privacidad entrar\u00e1n en vigor cuando se publiquen en esta p\u00e1gina.<\/p>\n\n\n\n<h2 class=\"wp-block-heading\">Contacte con nosotros<\/h2>\n\n\n\n<p>Si tiene alguna pregunta sobre esta Pol\u00edtica de privacidad, p\u00f3ngase en contacto con nosotros.<\/p>","protected":false},"excerpt":{"rendered":"<p>\u00daltima actualizaci\u00f3n: 15 de julio de 2020 CryptoCurry (\u201cnosotros\u201d o \u201cnuestro\u201d) opera el sitio web CryptoCurry (el \u201cServicio\u201d). Esta p\u00e1gina le informa de nuestras pol\u00edticas relativas a la recogida, uso y divulgaci\u00f3n de Datos Personales cuando usted utiliza nuestro Servicio. No utilizaremos ni compartiremos su informaci\u00f3n con nadie excepto en los casos descritos en esta Pol\u00edtica de Privacidad. Nosotros [...]<\/p>","protected":false},"author":1,"featured_media":0,"parent":0,"menu_order":0,"comment_status":"closed","ping_status":"closed","template":"","meta":{"footnotes":""},"class_list":["post-9997","page","type-page","status-publish","hentry","post-wrapper","thrv_wrapper"],"_links":{"self":[{"href":"https:\/\/www.bestcryptoexchanges.com\/es\/wp-json\/wp\/v2\/pages\/9997","targetHints":{"allow":["GET"]}}],"collection":[{"href":"https:\/\/www.bestcryptoexchanges.com\/es\/wp-json\/wp\/v2\/pages"}],"about":[{"href":"https:\/\/www.bestcryptoexchanges.com\/es\/wp-json\/wp\/v2\/types\/page"}],"author":[{"embeddable":true,"href":"https:\/\/www.bestcryptoexchanges.com\/es\/wp-json\/wp\/v2\/users\/1"}],"replies":[{"embeddable":true,"href":"https:\/\/www.bestcryptoexchanges.com\/es\/wp-json\/wp\/v2\/comments?post=9997"}],"version-history":[{"count":2,"href":"https:\/\/www.bestcryptoexchanges.com\/es\/wp-json\/wp\/v2\/pages\/9997\/revisions"}],"predecessor-version":[{"id":10002,"href":"https:\/\/www.bestcryptoexchanges.com\/es\/wp-json\/wp\/v2\/pages\/9997\/revisions\/10002"}],"wp:attachment":[{"href":"https:\/\/www.bestcryptoexchanges.com\/es\/wp-json\/wp\/v2\/media?parent=9997"}],"curies":[{"name":"wp","href":"https:\/\/api.w.org\/{rel}","templated":true}]}}