{"id":9999,"date":"2021-10-05T10:41:03","date_gmt":"2021-10-05T10:41:03","guid":{"rendered":"https:\/\/www.bestcryptoexchanges.com\/?page_id=9999"},"modified":"2021-10-05T10:49:17","modified_gmt":"2021-10-05T10:49:17","slug":"terms-and-conditions","status":"publish","type":"page","link":"https:\/\/www.bestcryptoexchanges.com\/es\/terms-and-conditions\/","title":{"rendered":"Condiciones generales"},"content":{"rendered":"<p>\u00daltima actualizaci\u00f3n: 15 de julio de 2020<\/p>\n\n\n\n<p>Lea atentamente las presentes Condiciones de uso (\u201cCondiciones\u201d, \u201cCondiciones de uso\u201d) antes de utilizar el sitio web https:\/\/cryptocurry.com (el \u201cServicio\u201d) operado por CryptoCurry (\u201cnosotros\u201d, \u201cnos\u201d o \u201cnuestro\u201d).<\/p>\n\n\n\n<p>Su acceso y uso del Servicio est\u00e1n condicionados a la aceptaci\u00f3n y cumplimiento de estas Condiciones. Estas Condiciones se aplican a todos los visitantes, usuarios y dem\u00e1s personas que accedan o utilicen el Servicio.<\/p>\n\n\n\n<p>Al acceder o utilizar el Servicio, usted acepta quedar vinculado por estas Condiciones. Si no est\u00e1 de acuerdo con alguna parte de las mismas, no podr\u00e1 acceder al Servicio.<\/p>\n\n\n\n<h2 class=\"wp-block-heading\">Propiedad intelectual<\/h2>\n\n\n\n<p>El Servicio y su contenido original, caracter\u00edsticas y funcionalidad son y seguir\u00e1n siendo propiedad exclusiva de CryptoCurry y sus licenciantes.<\/p>\n\n\n\n<h2 class=\"wp-block-heading\">Enlaces a otros sitios web<\/h2>\n\n\n\n<p>Nuestro Servicio puede contener enlaces a sitios web o servicios de terceros que no son propiedad ni est\u00e1n bajo el control de CryptoCurry.<\/p>\n\n\n\n<p>CryptoCurry no controla ni asume responsabilidad alguna por el contenido, las pol\u00edticas de privacidad o las pr\u00e1cticas de sitios web o servicios de terceros. Asimismo, el usuario reconoce y acepta que CryptoCurry no ser\u00e1 responsable, directa o indirectamente, de ning\u00fan da\u00f1o o p\u00e9rdida causados o supuestamente causados por o en conexi\u00f3n con el uso o la confianza depositada en dichos contenidos, bienes o servicios disponibles en o a trav\u00e9s de dichos sitios web o servicios.<\/p>\n\n\n\n<p>Le recomendamos encarecidamente que lea las condiciones y pol\u00edticas de privacidad de los sitios web o servicios de terceros que visite.<\/p>\n\n\n\n<h2 class=\"wp-block-heading\">Terminaci\u00f3n<\/h2>\n\n\n\n<p>Podemos terminar o suspender el acceso a nuestro Servicio inmediatamente, sin previo aviso ni responsabilidad, por cualquier motivo, incluyendo, sin limitaci\u00f3n, si usted incumple las Condiciones.<\/p>\n\n\n\n<p>Todas las disposiciones de las Condiciones que, por su naturaleza, deban subsistir tras la rescisi\u00f3n, subsistir\u00e1n tras la rescisi\u00f3n, incluidas, entre otras, las disposiciones sobre propiedad, exclusi\u00f3n de garant\u00edas, indemnizaciones y limitaciones de responsabilidad.<\/p>\n\n\n\n<h2 class=\"wp-block-heading\">Descargo de responsabilidad<\/h2>\n\n\n\n<p>El uso que usted haga del Servicio es por su cuenta y riesgo. El Servicio se proporciona \u201cTAL CUAL\u201d y \u201cSEG\u00daN DISPONIBILIDAD\u201d. El Servicio se proporciona sin garant\u00edas de ning\u00fan tipo, ya sean expresas o impl\u00edcitas, incluidas, entre otras, las garant\u00edas impl\u00edcitas de comerciabilidad, idoneidad para un fin determinado, no infracci\u00f3n o curso de ejecuci\u00f3n.<\/p>\n\n\n\n<h2 class=\"wp-block-heading\">Derecho aplicable<\/h2>\n\n\n\n<p>Las presentes Condiciones se regir\u00e1n e interpretar\u00e1n de conformidad con la legislaci\u00f3n de Estados Unidos, sin tener en cuenta las disposiciones sobre conflicto de leyes.<\/p>\n\n\n\n<p>El hecho de que no hagamos valer cualquier derecho o disposici\u00f3n de estas Condiciones no se considerar\u00e1 una renuncia a dichos derechos. Si alguna disposici\u00f3n de estas Condiciones fuera declarada inv\u00e1lida o inaplicable por un tribunal, las restantes disposiciones de estas Condiciones seguir\u00e1n en vigor. Estas Condiciones constituyen el acuerdo completo entre nosotros en relaci\u00f3n con nuestro Servicio, y sustituyen y reemplazan cualquier acuerdo anterior que pudi\u00e9ramos tener entre nosotros en relaci\u00f3n con el Servicio.<\/p>\n\n\n\n<h2 class=\"wp-block-heading\">Cambios<\/h2>\n\n\n\n<p>Nos reservamos el derecho, a nuestra entera discreci\u00f3n, de modificar o sustituir estas Condiciones en cualquier momento. Si una revisi\u00f3n es sustancial, intentaremos avisar con al menos 30 d\u00edas de antelaci\u00f3n antes de que los nuevos t\u00e9rminos entren en vigor. Lo que constituya un cambio sustancial se determinar\u00e1 a nuestra entera discreci\u00f3n.<\/p>\n\n\n\n<p>Al continuar accediendo o utilizando nuestro Servicio despu\u00e9s de que dichas revisiones entren en vigor, usted acepta quedar vinculado por los t\u00e9rminos revisados. Si no acepta las nuevas condiciones, deje de utilizar el Servicio.<\/p>\n\n\n\n<h2 class=\"wp-block-heading\">Contacte con nosotros<\/h2>\n\n\n\n<p>Si tiene alguna pregunta sobre estas Condiciones, p\u00f3ngase en contacto con nosotros.<\/p>","protected":false},"excerpt":{"rendered":"<p>\u00daltima actualizaci\u00f3n: 15 de julio de 2020 Lea atentamente las presentes Condiciones de uso (\u201cCondiciones\u201d, \u201cCondiciones de uso\u201d) antes de utilizar el sitio web https:\/\/cryptocurry.com (el \u201cServicio\u201d) operado por CryptoCurry (\u201cnosotros\u201d, \u201cnos\u201d o \u201cnuestro\u201d). Su acceso y uso del Servicio est\u00e1n condicionados a la aceptaci\u00f3n y cumplimiento de las presentes Condiciones. Estas Condiciones se aplican a todos los visitantes, [...]<\/p>","protected":false},"author":1,"featured_media":0,"parent":0,"menu_order":0,"comment_status":"closed","ping_status":"closed","template":"","meta":{"footnotes":""},"class_list":["post-9999","page","type-page","status-publish","hentry","post-wrapper","thrv_wrapper"],"_links":{"self":[{"href":"https:\/\/www.bestcryptoexchanges.com\/es\/wp-json\/wp\/v2\/pages\/9999","targetHints":{"allow":["GET"]}}],"collection":[{"href":"https:\/\/www.bestcryptoexchanges.com\/es\/wp-json\/wp\/v2\/pages"}],"about":[{"href":"https:\/\/www.bestcryptoexchanges.com\/es\/wp-json\/wp\/v2\/types\/page"}],"author":[{"embeddable":true,"href":"https:\/\/www.bestcryptoexchanges.com\/es\/wp-json\/wp\/v2\/users\/1"}],"replies":[{"embeddable":true,"href":"https:\/\/www.bestcryptoexchanges.com\/es\/wp-json\/wp\/v2\/comments?post=9999"}],"version-history":[{"count":2,"href":"https:\/\/www.bestcryptoexchanges.com\/es\/wp-json\/wp\/v2\/pages\/9999\/revisions"}],"predecessor-version":[{"id":10001,"href":"https:\/\/www.bestcryptoexchanges.com\/es\/wp-json\/wp\/v2\/pages\/9999\/revisions\/10001"}],"wp:attachment":[{"href":"https:\/\/www.bestcryptoexchanges.com\/es\/wp-json\/wp\/v2\/media?parent=9999"}],"curies":[{"name":"wp","href":"https:\/\/api.w.org\/{rel}","templated":true}]}}