{"id":10013,"date":"2021-10-23T17:13:36","date_gmt":"2021-10-23T17:13:36","guid":{"rendered":"https:\/\/www.bestcryptoexchanges.com\/?page_id=10013"},"modified":"2025-11-17T11:14:22","modified_gmt":"2025-11-17T11:14:22","slug":"how-we-choose-crypto-brands","status":"publish","type":"page","link":"https:\/\/www.bestcryptoexchanges.com\/hr\/how-we-choose-crypto-brands\/","title":{"rendered":"Kako biramo kripto brendove"},"content":{"rendered":"<p>U stvarnosti, kripto tr\u017ei\u0161te jedna je od najve\u0107ih industrija nastalih u posljednjih nekoliko desetlje\u0107a. Danas postoji nekoliko lidera me\u0111u kripto mjenja\u010dnicama i samim valutama, ali brzi tehnolo\u0161ki razvoj omogu\u0107uje im da uvode promjene na tr\u017ei\u0161te gotovo svaki mjesec. Znanje je neprocjenjivo kako bi se mogle donositi brze i korisne odluke potrebne u ni\u0161i. Zato je va\u017eno biti svjestan svih novih promjena u kripto industriji kako bi se ostvario maksimalni mogu\u0107i profit.<\/p>\n\n\n\n<p>Na\u0161a web stranica nudi kratke, ali sveobuhvatne vodi\u010de o temama kao \u0161to su kriptovalute i njihove razlike, kripto mjenja\u010dnice, najprofitabilniji nov\u010danici i proces rudarenja kriptovaluta. Na\u0161 tim svakodnevno istra\u017euje tisu\u0107e referenci kako bi za vas stvorio najpouzdanije \u010dlanke. Korisnici na\u0161e web stranice nemaju nikakvih sumnji u pouzdanost na\u0161ih vodi\u010da, a razloge za to objasnit \u0107emo u ovom izvje\u0161\u0107u.<\/p>\n\n\n\n<h2 class=\"wp-block-heading\"><strong>Aspekti na koje obra\u0107amo pa\u017enju<\/strong><\/h2>\n\n\n\n<p>Budu\u0107i da vas na\u0161a tvrtka ne \u017eeli razo\u010darati i promovirati va\u0161e nov\u010dane gubitke tijekom ulaganja u kriptovalute, posve\u0107ujemo puno vremena odabiru najboljih usluga koje mo\u017eemo preporu\u010diti na\u0161im \u010ditateljima. S obzirom na veliko iskustvo u trgovanju i istra\u017eivanju informacija o ovoj temi, shvatili smo da postoji nekoliko \u010dimbenika koje bismo trebali uzeti u obzir kako bismo stvorili najbolje uvidljive recenzije.&nbsp;<\/p>\n\n\n\n<p><strong>Naravno, aspekti koje pomno razmatramo ovise o stvarnim temama recenzija jer se razlikuju po svojoj funkcionalnosti. Sveukupno, na\u0161a web stranica usmjerena je na \u010detiri glavne teme u industriji kriptovaluta kako slijedi:<\/strong><\/p>\n\n\n\n<ul class=\"wp-block-list\"><li>Kripto nov\u010danici<\/li><li>Mjenja\u010dnice kriptovaluta<\/li><li>Sve \u0161to se ti\u010de rudarstva<\/li><li>Raznolikost kriptovaluta.<\/li><\/ul>\n\n\n\n<p><strong>Neke od tema na gornjem popisu imaju specifi\u010dne \u010dimbenike koje treba uzeti u obzir, ali ve\u0107ina ih dijeli ideju pru\u017eanja opcija za sigurno i u\u010dinkovito trgovanje kriptovalutama:<\/strong><\/p>\n\n\n\n<ol class=\"wp-block-list\"><li>Sigurnost<\/li><li>Naknade<\/li><li>Ugled<\/li><li>Su\u010delje<\/li><li>Budu\u0107e perspektive<\/li><\/ol>\n\n\n\n<h3 class=\"wp-block-heading\"><strong>Sigurnost<\/strong><\/h3>\n\n\n\n<p>Istina je da internet pru\u017ea mogu\u0107nosti zarade ne samo obi\u010dnim korisnicima ve\u0107 i hakerima. To zna\u010di da svaki put kada ula\u017eete novac putem interneta, trebali biste biti sigurni da je platforma ili kriptovaluta sigurna. Kako bismo vas za\u0161titili od prijevare, pa\u017eljivo prikupljamo podatke o svim uslugama i provjeravamo iskustva prethodnih korisnika.<\/p>\n\n\n\n<p>Kori\u0161tenjem usluge ili valute koju preporu\u010duju na\u0161i stru\u010dnjaci, mo\u017eete biti sigurni da va\u0161 novac ne\u0107e biti ukraden ili izgubljen u noosferi. \u0160tovi\u0161e, redovito a\u017euriramo na\u0161e recenzije i upozoravamo vas na najnovije prognoze i fluktuacije na tr\u017ei\u0161tu. Zato uvijek mo\u017eete provjeriti svoju aktivnost na platformi u slu\u010daju sumnjivih doga\u0111aja.&nbsp;<\/p>\n\n\n\n<h3 class=\"wp-block-heading\"><strong>Naknade<\/strong><\/h3>\n\n\n\n<p>Ako ste po\u010detnik u trgovanju kriptovalutama, va\u017eno je da ulazak na tr\u017ei\u0161te u\u010dinite \u0161to jeftinijim. Razli\u010dite mjenja\u010dnice i timovi za rudarenje nude razli\u010dite cijene za ulazak na svoje platforme i kori\u0161tenje njihovih usluga. Ponekad tro\u0161kovi nisu pristupa\u010dni po\u010detnicima \u010dak i ako tvrtka nudi ogroman broj opcija i pla\u0107enih funkcija.&nbsp;<\/p>\n\n\n\n<p>Dakle, na\u0161a je odgovornost odabrati najpovoljniju opciju za va\u0161e sigurno trgovanje kriptovalutama. U tu svrhu izra\u0111ujemo usporedne tablice sa svim uklju\u010denim naknadama za usluge kako biste mogli odabrati najprikladniju alternativu. Nadalje, procjenjujemo pribli\u017ean iznos novca koji \u0107ete potro\u0161iti koriste\u0107i odre\u0111enu uslugu mjenja\u010dnice i va\u0161u dobit nakon manipulacije odre\u0111enom kriptovalutom.<\/p>\n\n\n\n<h3 class=\"wp-block-heading\"><strong>Ugled<\/strong><\/h3>\n\n\n\n<p>Najbolji na\u010din za utvr\u0111ivanje kvalitete platforme ili usluge jest pitati korisnike o njihovom korisni\u010dkom iskustvu. Postoji mno\u0161tvo blogova i web stranica s tisu\u0107ama recenzija o kori\u0161tenju razli\u010ditih kripto mjenja\u010dnica i trgovanju kriptovalutama. Olak\u0161ali smo proces istra\u017eivanja i sa\u017eeli prosje\u010dno mi\u0161ljenje o platformama.<\/p>\n\n\n\n<p>Nakon \u0161to se pojavi mnogo negativnih recenzija od ljudi koji su izgubili novac ili su im ra\u010duni zauvijek zamrznuti, ne\u0107emo preporu\u010diti uslugu kao bolju. Va\u017eno je znati o lo\u0161im iskustvima rada s kriptovalutama kako biste izbjegli gubljenje novca i vremena. Zato je na\u0161a web stranica izgra\u0111ena na pa\u017eljivom istra\u017eivanju tehnolo\u0161kih nijansi kripto mjenja\u010dnica koje pregledavamo, kao i na svjedo\u010danstvima njihovih korisnika.<\/p>\n\n\n\n<h3 class=\"wp-block-heading\"><strong>Su\u010delje<\/strong><\/h3>\n\n\n\n<p>Uvijek biste trebali razumjeti unutarnje procese trgovanja ako \u017eelite kontrolirati svoja sredstva. Pogotovo ako niste profesionalni trgovac, platforma bi vam trebala omogu\u0107iti da budete svjesni svih transakcija izvr\u0161enih va\u0161im novcem na jasan i jednostavan na\u010din.&nbsp;<\/p>\n\n\n\n<p>Kao stru\u010dnjaci za trgovanje bitcoinom i kriptovalutama, u na\u0161im izvje\u0161\u0107ima dijelimo svoja razmi\u0161ljanja i mi\u0161ljenja o burzama. Trudimo se prikupiti radne platforme s najboljim korisni\u010dkim su\u010deljima kako biste se br\u017ee i uz manje napora uklju\u010dili u kripto tr\u017ei\u0161te.<\/p>\n\n\n\n<p>Usput, dostupnost razli\u010ditih funkcija na platformama tako\u0111er je jedan od klju\u010dnih aspekata da vam preporu\u010dimo usluge. \u0160to vi\u0161e operacija mo\u017eete obaviti u okviru jedne web stranice, to \u0107e proces prijenosa novca biti lak\u0161i i jeftiniji.<\/p>\n\n\n\n<h3 class=\"wp-block-heading\"><strong>Budu\u0107e perspektive<\/strong><\/h3>\n\n\n\n<p>Kripto svijet je nestabilna i industrija u razvoju, ali svi ljudi uklju\u010deni u njega \u017eele zara\u0111ivati novac iz ovog izvora \u0161to je dulje mogu\u0107e. Danas je gotovo nemogu\u0107e predvidjeti budu\u0107nost kriptovaluta \u010dak ni deset godina unaprijed, ali potrudili smo se prikupiti ove informacije za vas, s temeljitom analizom u sredi\u0161tu.<\/p>\n\n\n\n<p>Ponekad profesionalni trgovci daju preglede budu\u0107nosti svih <a href=\"https:\/\/www.bestcryptoexchanges.com\/hr\/us\/\" title=\"Najbolje kripto mjenja\u010dnice u SAD-u 2025.\"  data-wpil-monitor-id=\"2480\">kriptovalute i mjenja\u010dnice<\/a> s kontroverznim prognozama. Na\u0161 tim ih je istra\u017eio sve kako bi stvorio subjektivnu, ali najrealniju prognozu. Isklju\u010dili smo gotovo sve opcije platformi koje \u0107e uskoro prestati s aktivnostima. Trgovanje kriptovalutama uvijek je visokorizi\u010dno, a na\u0161i stru\u010dnjaci poku\u0161avaju ga smanjiti za vas pru\u017eaju\u0107i svoje savjete.&nbsp;<\/p>\n\n\n\n<h2 class=\"wp-block-heading\"><strong>Odricanje<\/strong><\/h2>\n\n\n\n<p>Informacije koje je prikupio na\u0161 tim su nepristrane i pouzdane jer smo neselektivno ispitali sve mogu\u0107e platforme za kriptovalute i recenzije o njima. Na\u0161e iskustvo nam omogu\u0107uje stvaranje relevantnih recenzija i davanje korisnih preporuka korisnicima.<\/p>\n\n\n\n<p>Me\u0111utim, a\u017euriranja se pojavljuju svaki dan u sferi trgovanja kriptovalutama i zato ponekad na\u0161e informacije mogu biti nea\u017eurne. Ipak, poku\u0161avamo pratiti sve novosti u ovoj industriji i odmah ih prikazati na\u0161im korisnicima.<\/p>\n\n\n\n<p>Osim toga, \u010dak i ako neke kriptovalute i mjenja\u010dnice za njih ne uklju\u010dujemo u na\u0161e vodi\u010de, to ne zna\u010di da ih ne mo\u017eete sami isprobati. Sva odgovornost za rizike i profit je na vama i zato biste trebali istra\u017eiti \u0161to vi\u0161e informacija i odlu\u010diti o odre\u0111enim operacijama na temelju podataka koje ste prikupili i obradili.&nbsp;<\/p>","protected":false},"excerpt":{"rendered":"<p>U stvarnosti, kripto tr\u017ei\u0161te jedna je od najve\u0107ih industrija uspostavljenih u posljednjih nekoliko desetlje\u0107a. Danas postoji nekoliko lidera me\u0111u kripto mjenja\u010dnicama i samim valutama, ali brzi tehnolo\u0161ki razvoj omogu\u0107uje im da uvode promjene na tr\u017ei\u0161te gotovo svaki mjesec. Znanje je neprocjenjivo kako bi se mogle donositi brze i korisne odluke potrebne [\u2026]<\/p>","protected":false},"author":1,"featured_media":0,"parent":0,"menu_order":0,"comment_status":"closed","ping_status":"closed","template":"","meta":{"footnotes":""},"class_list":["post-10013","page","type-page","status-publish","hentry","post-wrapper","thrv_wrapper"],"_links":{"self":[{"href":"https:\/\/www.bestcryptoexchanges.com\/hr\/wp-json\/wp\/v2\/pages\/10013","targetHints":{"allow":["GET"]}}],"collection":[{"href":"https:\/\/www.bestcryptoexchanges.com\/hr\/wp-json\/wp\/v2\/pages"}],"about":[{"href":"https:\/\/www.bestcryptoexchanges.com\/hr\/wp-json\/wp\/v2\/types\/page"}],"author":[{"embeddable":true,"href":"https:\/\/www.bestcryptoexchanges.com\/hr\/wp-json\/wp\/v2\/users\/1"}],"replies":[{"embeddable":true,"href":"https:\/\/www.bestcryptoexchanges.com\/hr\/wp-json\/wp\/v2\/comments?post=10013"}],"version-history":[{"count":4,"href":"https:\/\/www.bestcryptoexchanges.com\/hr\/wp-json\/wp\/v2\/pages\/10013\/revisions"}],"predecessor-version":[{"id":13660,"href":"https:\/\/www.bestcryptoexchanges.com\/hr\/wp-json\/wp\/v2\/pages\/10013\/revisions\/13660"}],"wp:attachment":[{"href":"https:\/\/www.bestcryptoexchanges.com\/hr\/wp-json\/wp\/v2\/media?parent=10013"}],"curies":[{"name":"radni list","href":"https:\/\/api.w.org\/{rel}","templated":true}]}}