{"id":10015,"date":"2021-10-23T17:16:01","date_gmt":"2021-10-23T17:16:01","guid":{"rendered":"https:\/\/www.bestcryptoexchanges.com\/?page_id=10015"},"modified":"2021-10-23T17:18:45","modified_gmt":"2021-10-23T17:18:45","slug":"how-we-rate-crypto-brands","status":"publish","type":"page","link":"https:\/\/www.bestcryptoexchanges.com\/hr\/how-we-rate-crypto-brands\/","title":{"rendered":"Kako ocjenjujemo kripto brendove"},"content":{"rendered":"<p>Na\u0161a web stranica usmjerena je na pregled najboljih kripto nov\u010danika, najpouzdanijih kripto mjenja\u010dnica i srodnih usluga, kao i najprofitabilnijih valuta na digitalnom tr\u017ei\u0161tu danas. Koristimo nekoliko \u010dimbenika koji mogu odrediti ho\u0107e li odre\u0111eni kripto nov\u010danik ili mjenja\u010dnica biti uklju\u010deni u na\u0161e \u010dlanke. Osim toga, korisnici na na\u0161oj web stranici mogu prona\u0107i korisne savjete o kripto mjenja\u010dnicama i profitabilnosti najvrijednijih kriptovaluta. Izra\u0111ujemo popis najpouzdanijih i najkorisnijih mjenja\u010dnica, ocjenjuju\u0107i ih koriste\u0107i posebne kriterije.&nbsp;<\/p>\n\n\n\n<p><strong>Mo\u017eete se upoznati s \u010dimbenicima koje smatramo va\u017enima uzeti u obzir prilikom davanja preporuka. Evo na \u0161to se usredoto\u010dujemo:<\/strong><\/p>\n\n\n\n<ul class=\"wp-block-list\"><li>Sustav ocjenjivanja kripto nov\u010danika<\/li><li>Sustav ocjenjivanja kripto burzi<\/li><li>Sustav ocjenjivanja kriptovaluta<\/li><li>Sustav ocjenjivanja rudarskih alata<\/li><\/ul>\n\n\n\n<h2 class=\"wp-block-heading\"><strong>Sustav ocjenjivanja kripto nov\u010danika<\/strong><\/h2>\n\n\n\n<ul class=\"wp-block-list\"><li><strong>Raznolikost dostupnih kriptovaluta<\/strong><\/li><\/ul>\n\n\n\n<p>Rade\u0107i s kriptovalutama, morate biti svjesni svih procesa koji se odvijaju na tr\u017ei\u0161tu i poku\u0161ati nau\u010diti kako ostvariti profitabilne operacije s raznim kriptovalutama. Ponekad vam kupnja nekih kriptovaluta mo\u017ee donijeti ve\u0107i profit od neke druge operacije, i zato bi vam nov\u010danik trebao omogu\u0107iti rad s nekoliko kriptovaluta istovremeno. Klju\u010dno je da kriptovalutni nov\u010danici pru\u017ee mogu\u0107nost trgovanja s \u0161to vi\u0161e kriptovaluta unutar okvira jedne platforme. Dakle, ako nov\u010danik nudi klijentima samo bitcoin kao valutu za trgovanje, ocijenit \u0107emo ga ne tako visoko kao nov\u010danik s desecima dostupnih kriptovaluta.<\/p>\n\n\n\n<ul class=\"wp-block-list\"><li><strong>Sigurnost adrese i postupak prijave<\/strong><\/li><\/ul>\n\n\n\n<p>Budu\u0107i da korisnici kripto nov\u010danika tamo dr\u017ee ogromna sredstva, va\u017eno je biti siguran da \u0107e biti sigurna i za\u0161ti\u0107ena. Prije svega, provjeravamo web adresu nov\u010danika. Ako po\u010dinje s HTTPS, smatrat \u0107emo je dovoljno sigurnom i bit \u0107e vi\u0161e rangirana od nov\u010danika s HTTP adresom.&nbsp;<\/p>\n\n\n\n<p>Tako\u0111er, na\u0161i stru\u010dnjaci poku\u0161avaju vas za\u0161tititi od bilo kakvih prijevara koje su mogu\u0107e tijekom rada s kripto nov\u010danicima. Stoga vam radije preporu\u010dujemo nov\u010danike s dvofaktorskom autentifikacijom jer oni pru\u017eaju ve\u0107u sigurnost va\u0161eg ra\u010duna nov\u010danika i posljedi\u010dno imovine.&nbsp;<\/p>\n\n\n\n<p>Nov\u010danik mo\u017ee dobiti vi\u0161e bodova u na\u0161oj ocjeni ako je \u201chijerarhijski deterministi\u010dki\u201d. Ovaj koncept povezan je s adresama za kripto-nov\u010danike. To\u010dnije, nov\u010danik je sigurniji ako stvara nove kripto adrese za svaku operaciju s va\u0161om imovinom nego ako svaki put koristi istu adresu nov\u010danika.<\/p>\n\n\n\n<ul class=\"wp-block-list\"><li><strong>Pouzdanost pru\u017eatelja usluga<\/strong><\/li><\/ul>\n\n\n\n<p>Poznavanje tvrtke koja stoji iza nov\u010danika mo\u017ee vam dati vi\u0161e povjerenja u njegovu pouzdanost. Iz tog razloga, provjeravamo vlasnike i razvojne programere nov\u010danika prije nego \u0161to ih uvrstimo u na\u0161e ocjene. Ako nov\u010danik javno poka\u017ee sve licence i dokumente o svojim autorima, a te tvrtke i osobe nisu uo\u010dene kao prevaranti na internetu, ocijenit \u0107emo nov\u010danik kao bezopasan.&nbsp;<\/p>\n\n\n\n<p>Nadalje, moramo znati kod nov\u010danika jer on \u010dini proces trgovanja transparentnijim. Dakle, ve\u0107a transparentnost svih operacija koje se odvijaju u nov\u010daniku \u010dini njegovu pouzdanost ve\u0107om za nas.<\/p>\n\n\n\n<ul class=\"wp-block-list\"><li><strong>Ocjena nov\u010danika od strane korisnika<\/strong><\/li><\/ul>\n\n\n\n<p>Postoji mnogo web stranica poput Reddita s otvorenim forumima za korisnike kripto nov\u010danika. Ove usluge omogu\u0107uju ljudima da podijele svoja iskustva rada s platformama i izraze svoja mi\u0161ljenja. Procjena nov\u010danika od strane zajednice mo\u017ee biti klju\u010dni faktor za preporuku bilo koje platforme jer mogu pokazati strane usluga koje skrivaju programeri. Na primjer, poku\u0161avamo prona\u0107i prosje\u010dno mi\u0161ljenje o kripto nov\u010daniku, ali tako\u0111er obra\u0107amo pozornost na negativne recenzije i njihovu istinitost.<\/p>\n\n\n\n<p>Usput, recenzije iskusnih korisnika mogu biti pokazatelji prakti\u010dnosti platformi za klijente. Dizajn su\u010delja mo\u017ee utjecati na poziciju nov\u010danika u ocjeni na na\u010din da \u0107e na\u0161i stru\u010dnjaci intuitivniju strukturu usluge ocijeniti vi\u0161e. Ako iskusni korisnici tvrde da postoje neke slo\u017eenosti u procesu rada s nov\u010danikom, provjerit \u0107emo to i uzeti u obzir prilikom izrade ocjene.<\/p>\n\n\n\n<ul class=\"wp-block-list\"><li><strong>Razumnost naknada i provizija<\/strong><\/li><\/ul>\n\n\n\n<p>Kada osoba \u017eeli po\u010deti trgovati s nov\u010danikom, uvijek je zainteresirana za cijenu njegovog kori\u0161tenja. Stoga na\u0161 tim procjenjuje prosje\u010dnu cijenu na tr\u017ei\u0161tu za sve pru\u017eene usluge i ocjenjuje nov\u010danik kao jeftin za kori\u0161tenje ili skup. Naravno, cijena ovisi o performansama nov\u010danika, a mi uklju\u010dujemo taj faktor u na\u0161 sustav procjene.<\/p>\n\n\n\n<h2 class=\"wp-block-heading\"><strong>Sustav ocjenjivanja kripto burzi<\/strong><\/h2>\n\n\n\n<p><strong>Za kripto mjenja\u010dnice primjenjujemo malo druga\u010diji sustav ocjenjivanja, a temelji se na sljede\u0107im aspektima:<\/strong><\/p>\n\n\n\n<ul class=\"wp-block-list\"><li>Broj dostupnih kovanica;<\/li><li>Izvedba korisni\u010dke podr\u0161ke;<\/li><li>Za\u0161tita transakcija i imovine;<\/li><li>Cijene;<\/li><li>Prakti\u010dnost su\u010delja;<\/li><li>Prihvatljive metode pla\u0107anja.<\/li><\/ul>\n\n\n\n<p>Na temelju ocjene za svaki od faktora, gradimo sustav ocjenjivanja i isti\u010demo glavne prednosti i nedostatke odre\u0111ene kripto mjenja\u010dnice. To zna\u010di da na\u0161im \u010ditateljima nudimo da sami odaberu mjenja\u010dnicu, prema va\u017enosti svakog elementa za njih. Stoga \u0107e neke platforme biti prakti\u010dnije za po\u010detnike, dok \u0107e druge biti za iskusne korisnike.<\/p>\n\n\n\n<h2 class=\"wp-block-heading\"><strong>Sustav ocjenjivanja kriptovaluta<\/strong><\/h2>\n\n\n\n<p><strong>Prilikom procjene koristi trgovanja kriptovalutama za na\u0161e recenzije, obra\u0107amo pozornost na trenutne promjene na tr\u017ei\u0161tu i osnovne procjene uobi\u010dajene za kriptovalute:<\/strong><\/p>\n\n\n\n<ul class=\"wp-block-list\"><li>Ponuda i potra\u017enja za kovanicama;<\/li><li>Usvajanje valute za op\u0107u upotrebu;<\/li><li>Tro\u0161kovi proizvodnje;<\/li><li>Broj nov\u010danika za kriptovalute na tr\u017ei\u0161tu;<\/li><li>Interakcija kriptovaluta s fiat valutama;<\/li><li>Kontrola nad deviznim zalihama od strane vlade.<\/li><\/ul>\n\n\n\n<p>Nakon prikupljanja podataka o svim gore navedenim \u010dimbenicima za kriptovalute, izra\u0111ujemo usporedne recenzije za njih. Kao potencijalni kupac kriptovaluta, neke bitne to\u010dke mogu vas zanimati vi\u0161e od drugih, zato vam dajemo priliku da sami odaberete kriptovalutu na temelju na\u0161eg istra\u017eivanja i recenzija.<\/p>\n\n\n\n<h2 class=\"wp-block-heading\"><strong>Sustav ocjenjivanja rudarskih alata<\/strong><\/h2>\n\n\n\n<p>Uz kripto nov\u010danike, mjenja\u010dnice i same kriptovalute, dio na\u0161e web stranice posve\u0107ujemo alatima za rudarenje. Ova tema zahtijeva druga\u010diji sustav ocjenjivanja jer je slo\u017eenija. Ipak, sigurnost bazena i softvera za rudarenje klju\u010dna je stvar koju moramo uzeti u obzir za precizne preporuke. Na\u0161 tim daje sve od sebe kako bi bio u tijeku s najnovijim dostignu\u0107ima u tom podru\u010dju.&nbsp;<\/p>\n\n\n\n<p><strong>U sustav ocjenjivanja alata za rudarenje uklju\u010dujemo sljede\u0107e \u010dimbenike:<\/strong><\/p>\n\n\n\n<ul class=\"wp-block-list\"><li>Naknade i provizije;<\/li><li>Ergonomija;<\/li><li>Dostupne karakteristike postavljanja;<\/li><li>Ugled bazena.<\/li><\/ul>\n\n\n\n<p>Sadr\u017eaj na\u0161e web stranice je raznolik i prakti\u010dan zahvaljuju\u0107i profesionalnom radu na\u0161ih analiti\u010dara, stru\u010dnjaka i autora. Osim recenzija kriptovaluta i alata za trgovanje i rudarenje, \u010dlanke posve\u0107ujemo va\u017enim aktualnim doga\u0111ajima na tr\u017ei\u0161tu. Pra\u0107enje najnovijih vijesti o kripto svijetu omogu\u0107uje na\u0161im klijentima da zarade vi\u0161e novca i zato svakodnevno provjeravamo analiti\u010dka izvje\u0161\u0107a. \u0160to se ti\u010de pouzdanosti takvih izvje\u0161\u0107a, na\u0161i stru\u010dnjaci provode provjere prije kori\u0161tenja podataka s vanjskih web stranica. Zato svi na\u0161i korisnici mogu u potpunosti vjerovati informacijama koje pru\u017eamo i koristiti ih za pove\u0107anje svoje zarade u kriptovalutama.&nbsp;<\/p>","protected":false},"excerpt":{"rendered":"<p>Na\u0161a web stranica usmjerena je na pregled najboljih kripto nov\u010danika, najpouzdanijih kripto mjenja\u010dnica i srodnih usluga, kao i najprofitabilnijih valuta na digitalnom tr\u017ei\u0161tu danas. Koristimo nekoliko \u010dimbenika koji mogu odrediti ho\u0107e li odre\u0111eni kripto nov\u010danik ili mjenja\u010dnica biti uklju\u010deni u na\u0161e \u010dlanke. Osim toga, korisnici mogu prona\u0107i korisne [\u2026]<\/p>","protected":false},"author":1,"featured_media":0,"parent":0,"menu_order":0,"comment_status":"closed","ping_status":"closed","template":"","meta":{"footnotes":""},"class_list":["post-10015","page","type-page","status-publish","hentry","post-wrapper","thrv_wrapper"],"_links":{"self":[{"href":"https:\/\/www.bestcryptoexchanges.com\/hr\/wp-json\/wp\/v2\/pages\/10015","targetHints":{"allow":["GET"]}}],"collection":[{"href":"https:\/\/www.bestcryptoexchanges.com\/hr\/wp-json\/wp\/v2\/pages"}],"about":[{"href":"https:\/\/www.bestcryptoexchanges.com\/hr\/wp-json\/wp\/v2\/types\/page"}],"author":[{"embeddable":true,"href":"https:\/\/www.bestcryptoexchanges.com\/hr\/wp-json\/wp\/v2\/users\/1"}],"replies":[{"embeddable":true,"href":"https:\/\/www.bestcryptoexchanges.com\/hr\/wp-json\/wp\/v2\/comments?post=10015"}],"version-history":[{"count":2,"href":"https:\/\/www.bestcryptoexchanges.com\/hr\/wp-json\/wp\/v2\/pages\/10015\/revisions"}],"predecessor-version":[{"id":10019,"href":"https:\/\/www.bestcryptoexchanges.com\/hr\/wp-json\/wp\/v2\/pages\/10015\/revisions\/10019"}],"wp:attachment":[{"href":"https:\/\/www.bestcryptoexchanges.com\/hr\/wp-json\/wp\/v2\/media?parent=10015"}],"curies":[{"name":"radni list","href":"https:\/\/api.w.org\/{rel}","templated":true}]}}