{"id":9999,"date":"2021-10-05T10:41:03","date_gmt":"2021-10-05T10:41:03","guid":{"rendered":"https:\/\/www.bestcryptoexchanges.com\/?page_id=9999"},"modified":"2021-10-05T10:49:17","modified_gmt":"2021-10-05T10:49:17","slug":"terms-and-conditions","status":"publish","type":"page","link":"https:\/\/www.bestcryptoexchanges.com\/hr\/terms-and-conditions\/","title":{"rendered":"Uvjeti i odredbe"},"content":{"rendered":"<p>Zadnje a\u017euriranje: 15. srpnja 2020.<\/p>\n\n\n\n<p>Molimo pa\u017eljivo pro\u010ditajte ove Uvjete kori\u0161tenja (\u201cUvjeti\u201d, \u201cUvjeti kori\u0161tenja\u201d) prije kori\u0161tenja web stranice https:\/\/cryptocurry.com (\u201cUsluga\u201d) kojom upravlja CryptoCurry (\u201cmi\u201d, \u201cnas\u201d ili \u201cna\u0161\u201d).<\/p>\n\n\n\n<p>Va\u0161 pristup i kori\u0161tenje Usluge uvjetovani su va\u0161im prihva\u0107anjem i po\u0161tivanjem ovih Uvjeta. Ovi Uvjeti primjenjuju se na sve posjetitelje, korisnike i druge osobe koje pristupaju Usluzi ili je koriste.<\/p>\n\n\n\n<p>Pristupom ili kori\u0161tenjem Usluge pristajete na ove Uvjete. Ako se ne sla\u017eete s bilo kojim dijelom uvjeta, ne mo\u017eete pristupiti Usluzi.<\/p>\n\n\n\n<h2 class=\"wp-block-heading\">Intelektualno vlasni\u0161tvo<\/h2>\n\n\n\n<p>Usluga i njezin izvorni sadr\u017eaj, zna\u010dajke i funkcionalnosti jesu i ostat \u0107e isklju\u010divo vlasni\u0161tvo CryptoCurryja i njegovih davatelja licenci.<\/p>\n\n\n\n<h2 class=\"wp-block-heading\">Linkovi na druge web stranice<\/h2>\n\n\n\n<p>Na\u0161a Usluga mo\u017ee sadr\u017eavati poveznice na web-stranice ili usluge tre\u0107ih strana koje nisu u vlasni\u0161tvu ili pod kontrolom CryptoCurryja.<\/p>\n\n\n\n<p>CryptoCurry nema kontrolu nad i ne preuzima nikakvu odgovornost za sadr\u017eaj, pravila o privatnosti ili prakse bilo koje web stranice ili usluge tre\u0107ih strana. Nadalje, potvr\u0111ujete i sla\u017eete se da CryptoCurry ne\u0107e biti odgovoran, izravno ili neizravno, za bilo kakvu \u0161tetu ili gubitak uzrokovan ili za koji se tvrdi da je uzrokovan ili u vezi s kori\u0161tenjem ili oslanjanjem na bilo koji takav sadr\u017eaj, robu ili usluge dostupne na ili putem bilo koje takve web stranice ili usluge.<\/p>\n\n\n\n<p>Toplo vam preporu\u010dujemo da pro\u010ditate uvjete i odredbe te pravila o privatnosti svih web-mjesta ili usluga tre\u0107ih strana koje posje\u0107ujete.<\/p>\n\n\n\n<h2 class=\"wp-block-heading\">Raskid<\/h2>\n\n\n\n<p>Mo\u017eemo odmah prekinuti ili privremeno obustaviti pristup na\u0161oj Usluzi, bez prethodne obavijesti ili odgovornosti, iz bilo kojeg razloga, uklju\u010duju\u0107i, bez ograni\u010denja, ako prekr\u0161ite Uvjete.<\/p>\n\n\n\n<p>Sve odredbe Uvjeta koje po svojoj prirodi trebaju ostati na snazi nakon raskida, ostat \u0107e na snazi i nakon raskida, uklju\u010duju\u0107i, bez ograni\u010denja, odredbe o vlasni\u0161tvu, odricanje od jamstva, obe\u0161te\u0107enje i ograni\u010denja odgovornosti.<\/p>\n\n\n\n<h2 class=\"wp-block-heading\">Odricanje<\/h2>\n\n\n\n<p>Kori\u0161tenje Usluge je isklju\u010divo na Va\u0161 vlastiti rizik. Usluga se pru\u017ea \u201cKAKVA JEST\u201d i \u201cKAKO JE DOSTUPNA\u201d. Usluga se pru\u017ea bez ikakvih jamstava, izri\u010ditih ili implicitnih, uklju\u010duju\u0107i, ali ne ograni\u010davaju\u0107i se na, implicitna jamstva o prodajnosti, prikladnosti za odre\u0111enu svrhu, nekr\u0161enju ili na\u010dinu izvo\u0111enja.<\/p>\n\n\n\n<h2 class=\"wp-block-heading\">Mjerodavno pravo<\/h2>\n\n\n\n<p>Ovi Uvjeti ure\u0111uju se i tuma\u010de u skladu sa zakonima Sjedinjenih Ameri\u010dkih Dr\u017eava bez obzira na odredbe o koliziji zakona.<\/p>\n\n\n\n<p>Na\u0161 neuspjeh u provo\u0111enju bilo kojeg prava ili odredbe ovih Uvjeta ne\u0107e se smatrati odricanjem od tih prava. Ako sud utvrdi da je bilo koja odredba ovih Uvjeta neva\u017ee\u0107a ili neprovediva, preostale odredbe ovih Uvjeta ostat \u0107e na snazi. Ovi Uvjeti predstavljaju cjelokupni ugovor izme\u0111u nas u vezi s na\u0161om Uslugom te zamjenjuju sve prethodne ugovore koje bismo mogli imati izme\u0111u nas u vezi s Uslugom.<\/p>\n\n\n\n<h2 class=\"wp-block-heading\">Promjene<\/h2>\n\n\n\n<p>Pridr\u017eavamo pravo, prema vlastitom naho\u0111enju, izmijeniti ili zamijeniti ove Uvjete u bilo kojem trenutku. Ako je revizija bitna, poku\u0161at \u0107emo vas obavijestiti najmanje 30 dana prije stupanja na snagu bilo kakvih novih uvjeta. \u0160to se smatra bitnom promjenom odredit \u0107emo prema vlastitom naho\u0111enju.<\/p>\n\n\n\n<p>Nastavkom pristupa ili kori\u0161tenja na\u0161e Usluge nakon \u0161to te izmjene stupe na snagu, pristajete na revidirane uvjete. Ako se ne sla\u017eete s novim uvjetima, prestanite koristiti Uslugu.<\/p>\n\n\n\n<h2 class=\"wp-block-heading\">Kontaktirajte nas<\/h2>\n\n\n\n<p>Ako imate bilo kakvih pitanja o ovim Uvjetima, molimo kontaktirajte nas.<\/p>","protected":false},"excerpt":{"rendered":"<p>Zadnje a\u017euriranje: 15. srpnja 2020. Molimo pa\u017eljivo pro\u010ditajte ove Uvjete kori\u0161tenja (\u201cUvjeti\u201d, \u201cUvjeti kori\u0161tenja\u201d) prije kori\u0161tenja web stranice https:\/\/cryptocurry.com (\u201cUsluga\u201d) kojom upravlja CryptoCurry (\u201cnas\u201d, \u201cmi\u201d ili \u201cna\u0161\u201d). Va\u0161 pristup i kori\u0161tenje Usluge uvjetovani su va\u0161im prihva\u0107anjem i po\u0161tivanjem ovih Uvjeta. Ovi Uvjeti primjenjuju se na sve posjetitelje, [\u2026]<\/p>","protected":false},"author":1,"featured_media":0,"parent":0,"menu_order":0,"comment_status":"closed","ping_status":"closed","template":"","meta":{"footnotes":""},"class_list":["post-9999","page","type-page","status-publish","hentry","post-wrapper","thrv_wrapper"],"_links":{"self":[{"href":"https:\/\/www.bestcryptoexchanges.com\/hr\/wp-json\/wp\/v2\/pages\/9999","targetHints":{"allow":["GET"]}}],"collection":[{"href":"https:\/\/www.bestcryptoexchanges.com\/hr\/wp-json\/wp\/v2\/pages"}],"about":[{"href":"https:\/\/www.bestcryptoexchanges.com\/hr\/wp-json\/wp\/v2\/types\/page"}],"author":[{"embeddable":true,"href":"https:\/\/www.bestcryptoexchanges.com\/hr\/wp-json\/wp\/v2\/users\/1"}],"replies":[{"embeddable":true,"href":"https:\/\/www.bestcryptoexchanges.com\/hr\/wp-json\/wp\/v2\/comments?post=9999"}],"version-history":[{"count":2,"href":"https:\/\/www.bestcryptoexchanges.com\/hr\/wp-json\/wp\/v2\/pages\/9999\/revisions"}],"predecessor-version":[{"id":10001,"href":"https:\/\/www.bestcryptoexchanges.com\/hr\/wp-json\/wp\/v2\/pages\/9999\/revisions\/10001"}],"wp:attachment":[{"href":"https:\/\/www.bestcryptoexchanges.com\/hr\/wp-json\/wp\/v2\/media?parent=9999"}],"curies":[{"name":"radni list","href":"https:\/\/api.w.org\/{rel}","templated":true}]}}