{"id":10013,"date":"2021-10-23T17:13:36","date_gmt":"2021-10-23T17:13:36","guid":{"rendered":"https:\/\/www.bestcryptoexchanges.com\/?page_id=10013"},"modified":"2025-11-17T11:14:22","modified_gmt":"2025-11-17T11:14:22","slug":"how-we-choose-crypto-brands","status":"publish","type":"page","link":"https:\/\/www.bestcryptoexchanges.com\/hu\/how-we-choose-crypto-brands\/","title":{"rendered":"Hogyan v\u00e1lasztjuk ki a kriptom\u00e1rk\u00e1kat"},"content":{"rendered":"<p>A val\u00f3s\u00e1gban a kriptopiac az elm\u00falt \u00e9vtizedek egyik legnagyobb ipar\u00e1ga. Napjainkban sz\u00e1mos vezet\u0151 van a kriptot\u0151zsd\u00e9k \u00e9s maguk a valut\u00e1k k\u00f6z\u00f6tt, de a gyors technol\u00f3giai fejl\u0151d\u00e9s lehet\u0151v\u00e9 teszi sz\u00e1mukra, hogy k\u00f6zel minden h\u00f3napban v\u00e1ltoz\u00e1sokat vezessenek be a piacon. A tud\u00e1s felbecs\u00fclhetetlen ahhoz, hogy gyors \u00e9s el\u0151ny\u00f6s d\u00f6nt\u00e9seket tudjunk hozni, amelyek sz\u00fcks\u00e9gesek a piaci r\u00e9sben. Ez\u00e9rt fontos, hogy tiszt\u00e1ban legy\u00fcnk a kriptoipar minden \u00faj v\u00e1ltoz\u00e1s\u00e1val, hogy a lehet\u0151 legnagyobb profitot \u00e9rj\u00fck el.<\/p>\n\n\n\n<p>Weboldalunk r\u00f6vid, de \u00e1tfog\u00f3 \u00fatmutat\u00f3kat ny\u00fajt olyan t\u00e9m\u00e1kban, mint a kriptovalut\u00e1k \u00e9s azok k\u00fcl\u00f6nbs\u00e9gei, a kriptot\u0151zsd\u00e9k, a legj\u00f6vedelmez\u0151bb p\u00e9nzt\u00e1rc\u00e1k \u00e9s a kriptob\u00e1ny\u00e1szat folyamata. Csapatunk naponta t\u00f6bb ezer hivatkoz\u00e1st vizsg\u00e1l meg, hogy a legmegb\u00edzhat\u00f3bb cikkeket \u00e1ll\u00edtsa \u00f6ssze az \u00d6n sz\u00e1m\u00e1ra. Weboldalunk felhaszn\u00e1l\u00f3inak nincsenek k\u00e9ts\u00e9gei az \u00fatmutat\u00f3nk megb\u00edzhat\u00f3s\u00e1g\u00e1t illet\u0151en, \u00e9s ennek okait ebben a jelent\u00e9sben megmagyar\u00e1zzuk.<\/p>\n\n\n\n<h2 class=\"wp-block-heading\"><strong>A szempontok, amelyekre figyelmet ford\u00edtunk<\/strong><\/h2>\n\n\n\n<p>Mivel c\u00e9g\u00fcnk nem akar csal\u00f3d\u00e1st okozni \u00d6nnek \u00e9s el\u0151seg\u00edteni a p\u00e9nzvesztes\u00e9get a kript\u00f3kba val\u00f3 befektet\u00e9s sor\u00e1n, sok id\u0151t t\u00f6lt\u00fcnk a legjobb szolg\u00e1ltat\u00e1sok kiv\u00e1laszt\u00e1s\u00e1val, amelyeket olvas\u00f3inknak aj\u00e1nlunk. Mivel hatalmas tapasztalattal rendelkez\u00fcnk a keresked\u00e9sben \u00e9s a t\u00e9m\u00e1val kapcsolatos inform\u00e1ci\u00f3k kutat\u00e1s\u00e1ban, r\u00e1j\u00f6tt\u00fcnk, hogy sz\u00e1mos olyan t\u00e9nyez\u0151 van, amelyet figyelembe kell venn\u00fcnk a legjobb \u00e9lesl\u00e1t\u00f3 \u00e9rt\u00e9kel\u00e9sek l\u00e9trehoz\u00e1s\u00e1hoz.&nbsp;<\/p>\n\n\n\n<p><strong>Term\u00e9szetesen az \u00e1ltalunk szorosan figyelembe vett szempontok a fel\u00fclvizsg\u00e1latok t\u00e9nyleges t\u00e9m\u00e1it\u00f3l f\u00fcggenek, mivel azok funkcionalit\u00e1sukban k\u00fcl\u00f6nb\u00f6znek egym\u00e1st\u00f3l. \u00d6sszess\u00e9g\u00e9ben weboldalunk a kriptovalut\u00e1k ipar\u00e1g\u00e1nak n\u00e9gy f\u0151 t\u00e9m\u00e1j\u00e1ra \u00f6sszpontos\u00edt az al\u00e1bbiak szerint:<\/strong><\/p>\n\n\n\n<ul class=\"wp-block-list\"><li>Kripto p\u00e9nzt\u00e1rc\u00e1k<\/li><li>A kriptovalut\u00e1k cser\u00e9je<\/li><li>Minden, ami b\u00e1ny\u00e1szat<\/li><li>A kriptovalut\u00e1k sokf\u00e9les\u00e9ge.<\/li><\/ul>\n\n\n\n<p><strong>A fenti list\u00e1n szerepl\u0151 t\u00e9m\u00e1k n\u00e9melyik\u00e9nek saj\u00e1tos t\u00e9nyez\u0151i vannak, de a legt\u00f6bbj\u00fck k\u00f6z\u00f6s gondolata, hogy biztons\u00e1gos \u00e9s hat\u00e9kony kriptokeresked\u00e9si lehet\u0151s\u00e9geket k\u00edn\u00e1l:<\/strong><\/p>\n\n\n\n<ol class=\"wp-block-list\"><li>Biztons\u00e1g<\/li><li>D\u00edjak<\/li><li>H\u00edrn\u00e9v<\/li><li>Interf\u00e9sz<\/li><li>J\u00f6v\u0151beli kil\u00e1t\u00e1sok<\/li><\/ol>\n\n\n\n<h3 class=\"wp-block-heading\"><strong>Biztons\u00e1g<\/strong><\/h3>\n\n\n\n<p>Az igazs\u00e1g az, hogy az internet nemcsak a h\u00e9tk\u00f6znapi felhaszn\u00e1l\u00f3knak, hanem a hackereknek is lehet\u0151s\u00e9get ad a p\u00e9nzkeres\u00e9sre. Ez azt jelenti, hogy minden alkalommal, amikor p\u00e9nzt fektet be az interneten kereszt\u00fcl, biztosnak kell lennie abban, hogy a platform vagy a kriptop\u00e9nz biztons\u00e1gos. Hogy megv\u00e9dj\u00fck \u00d6nt a csal\u00e1st\u00f3l, minden szolg\u00e1ltat\u00e1sr\u00f3l gondosan \u00f6sszegy\u0171jtj\u00fck az adatokat, \u00e9s ellen\u0151rizz\u00fck a kor\u00e1bbi felhaszn\u00e1l\u00f3k tapasztalatait.<\/p>\n\n\n\n<p>Ha a szakembereink \u00e1ltal aj\u00e1nlott szolg\u00e1ltat\u00e1st vagy valut\u00e1t haszn\u00e1lja, biztos lehet benne, hogy p\u00e9nz\u00e9t nem fogj\u00e1k ellopni vagy elvesz\u00edteni a nooszf\u00e9r\u00e1ban. R\u00e1ad\u00e1sul rendszeresen friss\u00edtj\u00fck a v\u00e9lem\u00e9ny\u00fcnket, \u00e9s figyelmeztetj\u00fck \u00d6nt a legut\u00f3bbi el\u0151rejelz\u00e9sekre \u00e9s a piaci ingadoz\u00e1sokra. Ez\u00e9rt mindig ellen\u0151rizheti a platformon v\u00e9gzett tev\u00e9kenys\u00e9g\u00e9t, ha az gyan\u00fas.&nbsp;<\/p>\n\n\n\n<h3 class=\"wp-block-heading\"><strong>D\u00edjak<\/strong><\/h3>\n\n\n\n<p>Ha \u00d6n kezd\u0151 kriptokeresked\u0151, fontos lesz, hogy a piacra val\u00f3 bel\u00e9p\u00e9st a lehet\u0151 legolcs\u00f3bb\u00e1 tegye. A k\u00fcl\u00f6nb\u00f6z\u0151 t\u0151zsd\u00e9k \u00e9s b\u00e1ny\u00e1szcsapatok k\u00fcl\u00f6nb\u00f6z\u0151 \u00e1rakat k\u00edn\u00e1lnak a platformjukra val\u00f3 bel\u00e9p\u00e9s\u00e9rt \u00e9s a szolg\u00e1ltat\u00e1saik haszn\u00e1lat\u00e1\u00e9rt. N\u00e9ha a k\u00f6lts\u00e9gek nem megfizethet\u0151ek a kezd\u0151k sz\u00e1m\u00e1ra, m\u00e9g akkor sem, ha egy v\u00e1llalat rengeteg lehet\u0151s\u00e9get \u00e9s fizet\u0151s funkci\u00f3t biztos\u00edt.&nbsp;<\/p>\n\n\n\n<p>Teh\u00e1t a mi felel\u0151ss\u00e9g\u00fcnk, hogy a legel\u0151ny\u00f6sebb lehet\u0151s\u00e9get v\u00e1lasszuk ki a biztons\u00e1gos kriptokeresked\u00e9shez. Ebb\u0151l a c\u00e9lb\u00f3l \u00f6sszehasonl\u00edt\u00f3 t\u00e1bl\u00e1zatokat k\u00e9sz\u00edt\u00fcnk az \u00f6sszes szolg\u00e1ltat\u00e1si d\u00edjjal egy\u00fctt, hogy kiv\u00e1laszthassa a legmegfelel\u0151bb alternat\u00edv\u00e1t. Tov\u00e1bb\u00e1 megbecs\u00fclj\u00fck a hozz\u00e1vet\u0151leges \u00f6sszeget, amelyet egy adott t\u0151zsdei szolg\u00e1ltat\u00e1s ig\u00e9nybev\u00e9tel\u00e9vel fog k\u00f6lteni, valamint a manipul\u00e1ci\u00f3 ut\u00e1ni nyeres\u00e9g\u00e9t egy adott kriptop\u00e9nzzel.<\/p>\n\n\n\n<h3 class=\"wp-block-heading\"><strong>H\u00edrn\u00e9v<\/strong><\/h3>\n\n\n\n<p>A platform vagy szolg\u00e1ltat\u00e1s min\u0151s\u00e9g\u00e9nek tiszt\u00e1z\u00e1s\u00e1ra a legjobb m\u00f3dszer, ha megk\u00e9rdezz\u00fck a felhaszn\u00e1l\u00f3kat a felhaszn\u00e1l\u00f3i tapasztalataikr\u00f3l. Rengeteg blog \u00e9s weboldal van, amelyeken t\u00f6bb ezer v\u00e9lem\u00e9ny tal\u00e1lhat\u00f3 a k\u00fcl\u00f6nb\u00f6z\u0151 kriptot\u0151zsd\u00e9k haszn\u00e1lat\u00e1r\u00f3l \u00e9s a kriptovalut\u00e1kkal val\u00f3 keresked\u00e9sr\u0151l. Mi megk\u00f6nny\u00edtett\u00fck a felt\u00e1r\u00e1st, \u00e9s \u00f6sszefoglaltuk a platformokr\u00f3l alkotott \u00e1tlagos v\u00e9lem\u00e9nyeket.<\/p>\n\n\n\n<p>Ha egyszer sok negat\u00edv v\u00e9lem\u00e9ny \u00e9rkezik olyan emberekt\u0151l, akik elvesztett\u00e9k a p\u00e9nz\u00fcket, vagy a sz\u00e1ml\u00e1jukat \u00f6r\u00f6kre befagyasztott\u00e1k, nem fogjuk a szolg\u00e1ltat\u00e1st el\u0151ny\u00f6snek aj\u00e1nlani. Fontos tudni a kriptovalut\u00e1kkal val\u00f3 munka rossz tapasztalatair\u00f3l, hogy elker\u00fclj\u00fck a p\u00e9nz- \u00e9s id\u0151pazarl\u00e1st. Ez\u00e9rt weboldalunk az \u00e1ltalunk vizsg\u00e1lt kriptot\u0151zsd\u00e9k technol\u00f3giai \u00e1rnyalatainak gondos kutat\u00e1s\u00e1ra, valamint a felhaszn\u00e1l\u00f3ik besz\u00e1mol\u00f3ira \u00e9p\u00fcl.<\/p>\n\n\n\n<h3 class=\"wp-block-heading\"><strong>Interf\u00e9sz<\/strong><\/h3>\n\n\n\n<p>Mindig meg kell \u00e9rtenie a keresked\u00e9s bels\u0151 folyamatait, ha ellen\u0151rizni akarja p\u00e9nzeszk\u00f6zeit. K\u00fcl\u00f6n\u00f6sen akkor, ha \u00d6n nem profi keresked\u0151, a platformnak lehet\u0151v\u00e9 kell tennie, hogy vil\u00e1gos \u00e9s egy\u00e9rtelm\u0171 m\u00f3don tiszt\u00e1ban legyen a p\u00e9nz\u00e9vel v\u00e9gzett \u00f6sszes tranzakci\u00f3val.&nbsp;<\/p>\n\n\n\n<p>A bitcoin \u00e9s a kriptovalut\u00e1k kereskedelm\u00e9nek szak\u00e9rt\u0151ik\u00e9nt jelent\u00e9seinkben megosztjuk gondolatainkat \u00e9s v\u00e9lem\u00e9ny\u00fcnket a t\u0151zsd\u00e9kr\u0151l. Igyeksz\u00fcnk \u00f6sszegy\u0171jteni a legjobb felhaszn\u00e1l\u00f3bar\u00e1t fel\u00fcletekkel rendelkez\u0151 m\u0171k\u00f6d\u0151 platformokat, hogy \u00d6n gyorsabban \u00e9s kevesebb er\u0151fesz\u00edt\u00e9ssel tudjon bekapcsol\u00f3dni a kriptopiacba.<\/p>\n\n\n\n<p>Egy\u00e9bk\u00e9nt a k\u00fcl\u00f6nb\u00f6z\u0151 funkci\u00f3k el\u00e9rhet\u0151s\u00e9ge a platformokon szint\u00e9n az egyik d\u00f6nt\u0151 szempont, hogy aj\u00e1nljuk \u00d6nnek a szolg\u00e1ltat\u00e1sokat. Min\u00e9l t\u00f6bb m\u0171veletet v\u00e9gezhet egy weboldal keretein bel\u00fcl, ann\u00e1l egyszer\u0171bb \u00e9s olcs\u00f3bb lesz a p\u00e9nz\u00e1tutal\u00e1s folyamata.<\/p>\n\n\n\n<h3 class=\"wp-block-heading\"><strong>J\u00f6v\u0151beli kil\u00e1t\u00e1sok<\/strong><\/h3>\n\n\n\n<p>A kriptovil\u00e1g egy instabil \u00e9s fejl\u0151d\u0151 ipar\u00e1g, de minden benne szerepl\u0151 ember a lehet\u0151 leghosszabb ideig szeretne p\u00e9nzt keresni ebb\u0151l a forr\u00e1sb\u00f3l. Manaps\u00e1g szinte lehetetlen megj\u00f3solni a kriptovalut\u00e1k j\u00f6v\u0151j\u00e9t ak\u00e1r t\u00edz \u00e9vre el\u0151re, de mi mindent megtett\u00fcnk, hogy \u00f6sszegy\u0171jts\u00fck \u00d6nnek ezeket az inform\u00e1ci\u00f3kat, alapos elemz\u00e9ssel a k\u00f6z\u00e9ppontban.<\/p>\n\n\n\n<p>Id\u0151nk\u00e9nt a profi keresked\u0151k v\u00e9lem\u00e9nyeket k\u00e9sz\u00edtenek az \u00f6sszes j\u00f6v\u0151beli <a href=\"https:\/\/www.bestcryptoexchanges.com\/hu\/us\/\" title=\"A legjobb kriptot\u0151zsd\u00e9k USA 2025\"  data-wpil-monitor-id=\"2480\">kript\u00f3k \u00e9s t\u0151zsd\u00e9k<\/a> ellentmond\u00e1sos el\u0151rejelz\u00e9sekkel. Csapatunk mindegyiket megvizsg\u00e1lta, hogy egy szubjekt\u00edv, de a legre\u00e1lisabb el\u0151rejelz\u00e9st k\u00e9sz\u00edtsen. Kiz\u00e1rtuk szinte az \u00f6sszes olyan platform lehet\u0151s\u00e9g\u00e9t, amelyek hamarosan le\u00e1ll\u00edtj\u00e1k tev\u00e9kenys\u00e9g\u00fcket. A kriptokeresked\u00e9s mindig magas kock\u00e1zattal j\u00e1r, \u00e9s szakembereink megpr\u00f3b\u00e1lj\u00e1k cs\u00f6kkenteni ezt az \u00d6n sz\u00e1m\u00e1ra, mik\u00f6zben tan\u00e1csot adnak.&nbsp;<\/p>\n\n\n\n<h2 class=\"wp-block-heading\"><strong>Felel\u0151ss\u00e9gi nyilatkozat<\/strong><\/h2>\n\n\n\n<p>A csapatunk \u00e1ltal \u00f6sszegy\u0171jt\u00f6tt inform\u00e1ci\u00f3k elfogulatlanok \u00e9s megb\u00edzhat\u00f3ak, mivel v\u00e1logat\u00e1s n\u00e9lk\u00fcl megvizsg\u00e1ltuk az \u00f6sszes lehets\u00e9ges kriptop\u00e9nz platformot \u00e9s a r\u00f3luk sz\u00f3l\u00f3 v\u00e9lem\u00e9nyeket. Tapasztalatunk lehet\u0151v\u00e9 teszi sz\u00e1munkra, hogy relev\u00e1ns \u00e9rt\u00e9kel\u00e9seket k\u00e9sz\u00edts\u00fcnk \u00e9s hasznos aj\u00e1nl\u00e1sokat tegy\u00fcnk a felhaszn\u00e1l\u00f3k sz\u00e1m\u00e1ra.<\/p>\n\n\n\n<p>A kriptokeresked\u00e9s ter\u00fclet\u00e9n azonban naponta jelennek meg friss\u00edt\u00e9sek, ez\u00e9rt n\u00e9ha az inform\u00e1ci\u00f3ink nem a legfrissebbek lehetnek. Ennek ellen\u00e9re igyeksz\u00fcnk minden \u00fajdons\u00e1got elkapni ebben az ipar\u00e1gban, \u00e9s azonnal megmutatni azokat felhaszn\u00e1l\u00f3inknak.<\/p>\n\n\n\n<p>Emellett, m\u00e9g ha nem is szerepelnek egyes kript\u00f3k \u00e9s cser\u00e9k az \u00fatmutat\u00f3nkban, ez nem jelenti azt, hogy nem pr\u00f3b\u00e1lhatja ki \u0151ket. Minden felel\u0151ss\u00e9g a kock\u00e1zatok\u00e9rt \u00e9s a nyeres\u00e9g\u00e9rt \u00d6nt terheli, ez\u00e9rt a lehet\u0151 legt\u00f6bb inform\u00e1ci\u00f3t kell felt\u00e1rnia, \u00e9s az \u00f6sszegy\u0171jt\u00f6tt \u00e9s feldolgozott adatok alapj\u00e1n kell d\u00f6ntenie az egyes m\u0171veletekr\u0151l.&nbsp;<\/p>","protected":false},"excerpt":{"rendered":"<p>A val\u00f3s\u00e1gban a kriptopiac az elm\u00falt \u00e9vtizedek egyik legnagyobb ipar\u00e1ga. Napjainkban sz\u00e1mos vezet\u0151 van a kriptot\u0151zsd\u00e9k \u00e9s maguk a valut\u00e1k k\u00f6z\u00f6tt, de a gyors technol\u00f3giai fejl\u0151d\u00e9s lehet\u0151v\u00e9 teszi sz\u00e1mukra, hogy k\u00f6zel minden h\u00f3napban v\u00e1ltoz\u00e1sokat vezessenek be a piacon. A tud\u00e1s felbecs\u00fclhetetlen ahhoz, hogy gyors \u00e9s el\u0151ny\u00f6s d\u00f6nt\u00e9seket tudjanak hozni, amelyek sz\u00fcks\u00e9gesek [...]<\/p>","protected":false},"author":1,"featured_media":0,"parent":0,"menu_order":0,"comment_status":"closed","ping_status":"closed","template":"","meta":{"footnotes":""},"class_list":["post-10013","page","type-page","status-publish","hentry","post-wrapper","thrv_wrapper"],"_links":{"self":[{"href":"https:\/\/www.bestcryptoexchanges.com\/hu\/wp-json\/wp\/v2\/pages\/10013","targetHints":{"allow":["GET"]}}],"collection":[{"href":"https:\/\/www.bestcryptoexchanges.com\/hu\/wp-json\/wp\/v2\/pages"}],"about":[{"href":"https:\/\/www.bestcryptoexchanges.com\/hu\/wp-json\/wp\/v2\/types\/page"}],"author":[{"embeddable":true,"href":"https:\/\/www.bestcryptoexchanges.com\/hu\/wp-json\/wp\/v2\/users\/1"}],"replies":[{"embeddable":true,"href":"https:\/\/www.bestcryptoexchanges.com\/hu\/wp-json\/wp\/v2\/comments?post=10013"}],"version-history":[{"count":4,"href":"https:\/\/www.bestcryptoexchanges.com\/hu\/wp-json\/wp\/v2\/pages\/10013\/revisions"}],"predecessor-version":[{"id":13660,"href":"https:\/\/www.bestcryptoexchanges.com\/hu\/wp-json\/wp\/v2\/pages\/10013\/revisions\/13660"}],"wp:attachment":[{"href":"https:\/\/www.bestcryptoexchanges.com\/hu\/wp-json\/wp\/v2\/media?parent=10013"}],"curies":[{"name":"wp","href":"https:\/\/api.w.org\/{rel}","templated":true}]}}