{"id":10015,"date":"2021-10-23T17:16:01","date_gmt":"2021-10-23T17:16:01","guid":{"rendered":"https:\/\/www.bestcryptoexchanges.com\/?page_id=10015"},"modified":"2021-10-23T17:18:45","modified_gmt":"2021-10-23T17:18:45","slug":"how-we-rate-crypto-brands","status":"publish","type":"page","link":"https:\/\/www.bestcryptoexchanges.com\/hu\/how-we-rate-crypto-brands\/","title":{"rendered":"Hogyan \u00e9rt\u00e9kelj\u00fck a kriptom\u00e1rk\u00e1kat"},"content":{"rendered":"<p>Weboldalunk c\u00e9lja a legjobb kriptot\u00e1rc\u00e1k, a legmegb\u00edzhat\u00f3bb kriptot\u0151zsd\u00e9k \u00e9s a kapcsol\u00f3d\u00f3 szolg\u00e1ltat\u00e1sok, valamint a digit\u00e1lis piac legj\u00f6vedelmez\u0151bb p\u00e9nznemeinek \u00e1ttekint\u00e9se. Sz\u00e1mos t\u00e9nyez\u0151t haszn\u00e1lunk, amelyek alapj\u00e1n eld\u00f6nthetj\u00fck, hogy egy adott kriptot\u00e1rca vagy t\u0151zsde beker\u00fcl-e a cikkeinkbe. Emellett a felhaszn\u00e1l\u00f3k hasznos tippeket tal\u00e1lhatnak a kriptot\u0151zsd\u00e9kr\u0151l \u00e9s a leg\u00e9rt\u00e9kesebb kriptovalut\u00e1k j\u00f6vedelmez\u0151s\u00e9g\u00e9r\u0151l weboldalunkon. A legmegb\u00edzhat\u00f3bb \u00e9s legel\u0151ny\u00f6sebb t\u0151zsd\u00e9k list\u00e1j\u00e1t speci\u00e1lis krit\u00e9riumok felhaszn\u00e1l\u00e1s\u00e1val k\u00e9sz\u00edtj\u00fck el, min\u0151s\u00edtve \u0151ket.&nbsp;<\/p>\n\n\n\n<p><strong>Megismerkedhet azokkal a t\u00e9nyez\u0151kkel, amelyeket fontosnak tartunk figyelembe venni, mik\u00f6zben aj\u00e1nl\u00e1sokat adunk \u00d6nnek. A k\u00f6vetkez\u0151kre \u00f6sszpontos\u00edtunk:<\/strong><\/p>\n\n\n\n<ul class=\"wp-block-list\"><li>Crypto p\u00e9nzt\u00e1rc\u00e1k min\u0151s\u00edt\u00e9si rendszer<\/li><li>Kriptot\u0151zsd\u00e9k min\u0151s\u00edt\u00e9si rendszere<\/li><li>Cryptocurrencies min\u0151s\u00edt\u00e9si rendszer<\/li><li>B\u00e1ny\u00e1szati eszk\u00f6z\u00f6k min\u0151s\u00edt\u00e9si rendszere<\/li><\/ul>\n\n\n\n<h2 class=\"wp-block-heading\"><strong>Crypto p\u00e9nzt\u00e1rc\u00e1k \u00e9rt\u00e9kel\u00e9si rendszer<\/strong><\/h2>\n\n\n\n<ul class=\"wp-block-list\"><li><strong>Az el\u00e9rhet\u0151 kriptovalut\u00e1k sokf\u00e9les\u00e9ge<\/strong><\/li><\/ul>\n\n\n\n<p>A kriptovalut\u00e1kkal val\u00f3 munka sor\u00e1n tiszt\u00e1ban kell lennie a piacon zajl\u00f3 \u00f6sszes folyamattal, \u00e9s meg kell pr\u00f3b\u00e1lnia megtanulni, hogy nyeres\u00e9ges m\u0171veleteket v\u00e9gezzen a k\u00fcl\u00f6nb\u00f6z\u0151 kriptovalut\u00e1kkal. N\u00e9ha egyes kript\u00f3k megv\u00e1s\u00e1rl\u00e1sa nagyobb nyeres\u00e9get hozhat, mint egy m\u00e1sik m\u0171velet, ez\u00e9rt egy t\u00e1rc\u00e1nak lehet\u0151v\u00e9 kell tennie, hogy egyszerre t\u00f6bb kript\u00f3val dolgozzon. A kriptop\u00e9nz-t\u00e1rc\u00e1k sz\u00e1m\u00e1ra kulcsfontoss\u00e1g\u00fa, hogy lehet\u0151s\u00e9get biztos\u00edtsanak arra, hogy egy platform keretein bel\u00fcl a lehet\u0151 legt\u00f6bb kriptovalut\u00e1val kereskedhessenek. Teh\u00e1t, ha a t\u00e1rca csak bitcoint k\u00edn\u00e1l az \u00fcgyfeleknek keresked\u00e9si valutak\u00e9nt, akkor nem fogjuk olyan magasra \u00e9rt\u00e9kelni, mint egy olyan t\u00e1rc\u00e1t, ahol t\u00f6bb tucat kriptovaluta \u00e1ll rendelkez\u00e9sre.<\/p>\n\n\n\n<ul class=\"wp-block-list\"><li><strong>A c\u00edm \u00e9s a bejelentkez\u00e9si folyamat biztons\u00e1ga<\/strong><\/li><\/ul>\n\n\n\n<p>Mivel a kriptot\u00e1rc\u00e1k felhaszn\u00e1l\u00f3i hatalmas \u00f6sszegeket t\u00e1rolnak ott, fontos, hogy biztosak legyenek abban, hogy azok biztons\u00e1gban \u00e9s v\u00e9delemben lesznek. El\u0151sz\u00f6r is ellen\u0151rizz\u00fck a t\u00e1rca webc\u00edm\u00e9t. Ha HTTPS-szel kezd\u0151dik, akkor el\u00e9g biztons\u00e1gosnak fogjuk tekinteni, \u00e9s magasabb helyen fog elhelyezkedni a min\u0151s\u00edt\u00e9sben, mint egy HTTP-c\u00edmmel rendelkez\u0151 t\u00e1rca.&nbsp;<\/p>\n\n\n\n<p>Emellett szakembereink igyekeznek meg\u00f3vni \u00d6nt a kriptot\u00e1rc\u00e1kkal val\u00f3 munka sor\u00e1n esetlegesen el\u0151fordul\u00f3 csal\u00e1sokt\u00f3l. Ez\u00e9rt ink\u00e1bb a k\u00e9tfaktoros hiteles\u00edt\u00e9ssel rendelkez\u0151 p\u00e9nzt\u00e1rc\u00e1kat aj\u00e1nljuk \u00d6nnek, mivel ezek nagyobb biztons\u00e1got ny\u00fajtanak a p\u00e9nzt\u00e1rcafi\u00f3kja \u00e9s az eszk\u00f6zei sz\u00e1m\u00e1ra.&nbsp;<\/p>\n\n\n\n<p>Egy p\u00e9nzt\u00e1rca t\u00f6bb pontot kaphat a min\u0151s\u00edt\u00e9s\u00fcnkben, ha \u201chierarchikus determinisztikus\u201d. Ez a fogalom a kriptot\u00e1rc\u00e1k c\u00edmeihez kapcsol\u00f3dik. Pontosabban, a p\u00e9nzt\u00e1rca biztons\u00e1gosabb, ha minden egyes m\u0171velethez \u00faj kripto-c\u00edmet hoz l\u00e9tre az \u00d6n eszk\u00f6zeivel, mint ha minden alkalommal ugyanazt a p\u00e9nzt\u00e1rcac\u00edmet haszn\u00e1lja.<\/p>\n\n\n\n<ul class=\"wp-block-list\"><li><strong>A szolg\u00e1ltat\u00f3 megb\u00edzhat\u00f3s\u00e1ga<\/strong><\/li><\/ul>\n\n\n\n<p>Ha ismeri a p\u00e9nzt\u00e1rca m\u00f6g\u00f6tt \u00e1ll\u00f3 v\u00e1llalatot, jobban megb\u00edzhat annak megb\u00edzhat\u00f3s\u00e1g\u00e1ban. Ez\u00e9rt ellen\u0151rizz\u00fck a t\u00e1rc\u00e1k tulajdonosait \u00e9s fejleszt\u0151it, miel\u0151tt felvenn\u00e9nk \u0151ket a min\u0151s\u00edt\u00e9seinkbe. Ha a t\u00e1rca nyilv\u00e1nosan bemutatja az \u00f6sszes enged\u00e9lyt \u00e9s dokumentumot az alkot\u00f3ikr\u00f3l, \u00e9s ezek a c\u00e9gek \u00e9s emberek nem t\u0171ntek fel csal\u00f3k\u00e9nt az interneten, akkor gyan\u00fatlannak min\u0151s\u00edtj\u00fck a t\u00e1rc\u00e1t.&nbsp;<\/p>\n\n\n\n<p>Tov\u00e1bb\u00e1 ismern\u00fcnk kell a t\u00e1rca k\u00f3dj\u00e1t, mivel ez \u00e1tl\u00e1that\u00f3bb\u00e1 teszi a keresked\u00e9si folyamatot. \u00cdgy a t\u00e1rc\u00e1ban zajl\u00f3 \u00f6sszes m\u0171velet nagyobb \u00e1tl\u00e1that\u00f3s\u00e1ga n\u00f6veli a t\u00e1rca megb\u00edzhat\u00f3s\u00e1g\u00e1t sz\u00e1munkra.<\/p>\n\n\n\n<ul class=\"wp-block-list\"><li><strong>A p\u00e9nzt\u00e1rc\u00e1k \u00e9rt\u00e9kel\u00e9se a felhaszn\u00e1l\u00f3k \u00e1ltal<\/strong><\/li><\/ul>\n\n\n\n<p>Rengeteg weboldal, p\u00e9ld\u00e1ul a Reddit, rendelkezik ny\u00edlt f\u00f3rumokkal a kriptot\u00e1rc\u00e1k felhaszn\u00e1l\u00f3i sz\u00e1m\u00e1ra. Ezek a szolg\u00e1ltat\u00e1sok lehet\u0151v\u00e9 teszik az emberek sz\u00e1m\u00e1ra, hogy megossz\u00e1k a platformokkal val\u00f3 munk\u00e1val kapcsolatos tapasztalataikat, \u00e9s kifejts\u00e9k v\u00e9lem\u00e9ny\u00fcket. A t\u00e1rca k\u00f6z\u00f6ss\u00e9g \u00e1ltali \u00e9rt\u00e9kel\u00e9se kulcsfontoss\u00e1g\u00fa t\u00e9nyez\u0151 lehet b\u00e1rmely platform aj\u00e1nl\u00e1s\u00e1ban, mivel megmutathatj\u00e1k a szolg\u00e1ltat\u00e1sok olyan oldalait, amelyeket a fejleszt\u0151k elrejtenek. P\u00e9ld\u00e1ul megpr\u00f3b\u00e1lunk egy \u00e1tlagos v\u00e9lem\u00e9nyt tal\u00e1lni a kriptot\u00e1rc\u00e1r\u00f3l, de a negat\u00edv v\u00e9lem\u00e9nyekre \u00e9s azok igazs\u00e1gtartalm\u00e1ra is figyelmet ford\u00edtunk.<\/p>\n\n\n\n<p>Egy\u00e9bk\u00e9nt a tapasztalt felhaszn\u00e1l\u00f3k v\u00e9lem\u00e9nye a platformok k\u00e9nyelm\u00e9t jelzi az \u00fcgyfelek sz\u00e1m\u00e1ra. A fel\u00fclet kialak\u00edt\u00e1sa befoly\u00e1solhatja a t\u00e1rca \u00e9rt\u00e9kel\u00e9si poz\u00edci\u00f3j\u00e1t oly m\u00f3don, hogy egy intuit\u00edvabb fel\u00e9p\u00edt\u00e9s\u0171 szolg\u00e1ltat\u00e1st magasabbra \u00e9rt\u00e9kelnek szakembereink. Ha a tapasztalt felhaszn\u00e1l\u00f3k azt \u00e1ll\u00edtj\u00e1k, hogy a p\u00e9nzt\u00e1rc\u00e1val val\u00f3 munkafolyamat bonyolult, akkor ezt ellen\u0151rizz\u00fck \u00e9s figyelembe vessz\u00fck a min\u0151s\u00edt\u00e9s elk\u00e9sz\u00edt\u00e9se sor\u00e1n.<\/p>\n\n\n\n<ul class=\"wp-block-list\"><li><strong>A d\u00edjak \u00e9s jutal\u00e9kok \u00e9sszer\u0171s\u00e9ge<\/strong><\/li><\/ul>\n\n\n\n<p>Amikor valaki egy t\u00e1rc\u00e1val akar kereskedni, mindig \u00e9rdekli a haszn\u00e1lat \u00e1ra. Ez\u00e9rt csapatunk megbecs\u00fcli az \u00f6sszes ny\u00fajtott szolg\u00e1ltat\u00e1s piaci \u00e1tlag\u00e1r\u00e1t, \u00e9s a t\u00e1rc\u00e1t olcs\u00f3nak vagy dr\u00e1g\u00e1nak min\u0151s\u00edti a haszn\u00e1lat szempontj\u00e1b\u00f3l. Term\u00e9szetesen az \u00e1r f\u00fcgg a t\u00e1rca teljes\u00edtm\u00e9ny\u00e9t\u0151l, \u00e9s ezt a t\u00e9nyez\u0151t is figyelembe vessz\u00fck becsl\u00e9si rendszer\u00fcnkben.<\/p>\n\n\n\n<h2 class=\"wp-block-heading\"><strong>Crypto Exchanges \u00c9rt\u00e9kel\u00e9si rendszer<\/strong><\/h2>\n\n\n\n<p><strong>A kriptovaluta t\u0151zsd\u00e9k eset\u00e9ben egy kicsit m\u00e1s \u00e9rt\u00e9kel\u00e9si rendszert alkalmazunk, \u00e9s ez a k\u00f6vetkez\u0151 szempontokon alapul:<\/strong><\/p>\n\n\n\n<ul class=\"wp-block-list\"><li>A rendelkez\u00e9sre \u00e1ll\u00f3 \u00e9rm\u00e9k sz\u00e1ma;<\/li><li>Az \u00fcgyf\u00e9lszolg\u00e1lati szolg\u00e1ltat\u00e1s teljes\u00edt\u00e9se;<\/li><li>Az \u00fcgyletek \u00e9s a vagyon v\u00e9delme;<\/li><li>\u00c1rk\u00e9pz\u00e9s;<\/li><li>Az interf\u00e9sz k\u00e9nyelme;<\/li><li>Elfogadhat\u00f3 fizet\u00e9si m\u00f3dok.<\/li><\/ul>\n\n\n\n<p>Az egyes t\u00e9nyez\u0151kre adott oszt\u00e1lyzat alapj\u00e1n egy min\u0151s\u00edt\u00e9si rendszert \u00e9p\u00edt\u00fcnk fel, \u00e9s kiemelj\u00fck az adott kriptot\u0151zsde f\u0151 el\u0151nyeit \u00e9s h\u00e1tr\u00e1nyait. Ez azt jelenti, hogy felaj\u00e1nljuk olvas\u00f3inknak, hogy maguk v\u00e1lasszanak t\u0151zsd\u00e9t, az egyes elemek sz\u00e1mukra val\u00f3 fontoss\u00e1ga szerint. \u00cdgy egyes platformok a kezd\u0151k sz\u00e1m\u00e1ra praktikusabbak lesznek, m\u00edg m\u00e1sok a tapasztalt felhaszn\u00e1l\u00f3k sz\u00e1m\u00e1ra.<\/p>\n\n\n\n<h2 class=\"wp-block-heading\"><strong>Cryptocurrencies min\u0151s\u00edt\u00e9si rendszer<\/strong><\/h2>\n\n\n\n<p><strong>Mik\u00f6zben \u00e9rt\u00e9kelj\u00fck a kriptovalut\u00e1kkal val\u00f3 keresked\u00e9s el\u0151nyeit a fel\u00fclvizsg\u00e1latainkhoz, figyelmet ford\u00edtunk a piacon jelenleg zajl\u00f3 v\u00e1ltoz\u00e1sokra \u00e9s a kriptop\u00e9nzek sz\u00e1m\u00e1ra k\u00f6z\u00f6s alapvet\u0151 becsl\u00e9sekre:<\/strong><\/p>\n\n\n\n<ul class=\"wp-block-list\"><li>Az \u00e9rme ir\u00e1nti kereslet \u00e9s k\u00edn\u00e1lat;<\/li><li>A p\u00e9nznem elfogad\u00e1sa a k\u00f6z\u00f6s haszn\u00e1latra;<\/li><li>Termel\u00e9si k\u00f6lts\u00e9gek;<\/li><li>A kriptop\u00e9nz p\u00e9nzt\u00e1rc\u00e1k sz\u00e1ma a piacon;<\/li><li>A kriptop\u00e9nz \u00e9s a fiat valut\u00e1k k\u00f6lcs\u00f6nhat\u00e1sa;<\/li><li>A korm\u00e1ny ellen\u0151rz\u00e9se a valutak\u00e9szlet felett.<\/li><\/ul>\n\n\n\n<p>Miut\u00e1n a kriptovalut\u00e1kra vonatkoz\u00f3an a fent felsorolt \u00f6sszes t\u00e9nyez\u0151re vonatkoz\u00f3 adatokat \u00f6sszegy\u0171jt\u00f6tt\u00fck, \u00f6sszehasonl\u00edt\u00f3 \u00e9rt\u00e9kel\u00e9seket k\u00e9sz\u00edt\u00fcnk r\u00f3luk. Az \u00e9rm\u00e9k potenci\u00e1lis v\u00e1s\u00e1rl\u00f3jak\u00e9nt egyes l\u00e9nyeges pontok jobban \u00e9rdekelhetik \u00d6nt, mint m\u00e1sok, ez\u00e9rt lehet\u0151s\u00e9get biztos\u00edtunk \u00d6nnek arra, hogy kutat\u00e1saink \u00e9s v\u00e9lem\u00e9nyeink alapj\u00e1n saj\u00e1t maga v\u00e1lasszon kriptop\u00e9nzt.<\/p>\n\n\n\n<h2 class=\"wp-block-heading\"><strong>B\u00e1ny\u00e1szati eszk\u00f6z\u00f6k \u00e9rt\u00e9kel\u00e9si rendszere<\/strong><\/h2>\n\n\n\n<p>A kriptot\u00e1rc\u00e1k, t\u0151zsd\u00e9k \u00e9s maguk a kriptovalut\u00e1k mellett weboldalunk egy r\u00e9sz\u00e9t a b\u00e1ny\u00e1szati eszk\u00f6z\u00f6knek szentelj\u00fck. Ez a t\u00e9ma egy m\u00e1sik min\u0151s\u00edt\u00e9si rendszert ig\u00e9nyel, mivel \u00f6sszetettebb. Mindazon\u00e1ltal a poolok \u00e9s a b\u00e1ny\u00e1szati szoftverek biztons\u00e1ga az a d\u00f6nt\u0151 dolog, amit figyelembe kell venn\u00fcnk a pontos aj\u00e1nl\u00e1sokhoz. Csapatunk mindent megtesz az\u00e9rt, hogy naprak\u00e9sz legyen a ter\u00fclet leg\u00fajabb fejlem\u00e9nyeivel kapcsolatban.&nbsp;<\/p>\n\n\n\n<p><strong>A b\u00e1ny\u00e1szati eszk\u00f6z\u00f6k min\u0151s\u00edt\u00e9si rendszer\u00e9be a k\u00f6vetkez\u0151 t\u00e9nyez\u0151ket vessz\u00fck figyelembe:<\/strong><\/p>\n\n\n\n<ul class=\"wp-block-list\"><li>D\u00edjak \u00e9s jutal\u00e9kok;<\/li><li>Ergon\u00f3mia;<\/li><li>El\u00e9rhet\u0151 be\u00e1ll\u00edt\u00e1si jellemz\u0151k;<\/li><li>A medenc\u00e9k h\u00edrneve.<\/li><\/ul>\n\n\n\n<p>Weboldalunk tartalma v\u00e1ltozatos \u00e9s gyakorlatias, elemz\u0151ink, szak\u00e9rt\u0151ink \u00e9s szerz\u0151ink szakmai munk\u00e1j\u00e1nak k\u00f6sz\u00f6nhet\u0151en. A kriptovalut\u00e1kr\u00f3l \u00e9s a keresked\u00e9shez \u00e9s b\u00e1ny\u00e1szathoz sz\u00fcks\u00e9ges eszk\u00f6z\u00f6kr\u0151l sz\u00f3l\u00f3 ismertet\u0151k\u00f6n k\u00edv\u00fcl cikkeket szentel\u00fcnk a piac fontos aktu\u00e1lis esem\u00e9nyeinek. A kriptovil\u00e1g legfrissebb h\u00edreivel val\u00f3 kapcsolattart\u00e1s lehet\u0151v\u00e9 teszi \u00fcgyfeleink sz\u00e1m\u00e1ra, hogy t\u00f6bb p\u00e9nzt keressenek, ez\u00e9rt minden nap ellen\u0151rizz\u00fck az elemz\u0151i jelent\u00e9seket. Ami az ilyen jelent\u00e9sek megb\u00edzhat\u00f3s\u00e1g\u00e1t illeti, szakembereink ellen\u0151rz\u0151 m\u0171veleteket v\u00e9geznek, miel\u0151tt k\u00fcls\u0151 webhelyekr\u0151l sz\u00e1rmaz\u00f3 adatokat haszn\u00e1ln\u00e1nak. Ez\u00e9rt minden felhaszn\u00e1l\u00f3nk teljes m\u00e9rt\u00e9kben megb\u00edzhat az \u00e1ltalunk szolg\u00e1ltatott inform\u00e1ci\u00f3kban, \u00e9s felhaszn\u00e1lhatja azokat a kript\u00f3b\u00f3l sz\u00e1rmaz\u00f3 nyeres\u00e9g\u00e9nek n\u00f6vel\u00e9s\u00e9re.&nbsp;<\/p>","protected":false},"excerpt":{"rendered":"<p>Weboldalunk c\u00e9lja a legjobb kriptot\u00e1rc\u00e1k, a legmegb\u00edzhat\u00f3bb kriptot\u0151zsd\u00e9k \u00e9s a kapcsol\u00f3d\u00f3 szolg\u00e1ltat\u00e1sok, valamint a digit\u00e1lis piac legj\u00f6vedelmez\u0151bb p\u00e9nznemeinek \u00e1ttekint\u00e9se. Sz\u00e1mos t\u00e9nyez\u0151t haszn\u00e1lunk, amelyek alapj\u00e1n eld\u00f6nthetj\u00fck, hogy egy adott kriptot\u00e1rca vagy t\u0151zsde beker\u00fcl-e a cikkeinkbe. Emellett a felhaszn\u00e1l\u00f3k hasznos [...]<\/p>","protected":false},"author":1,"featured_media":0,"parent":0,"menu_order":0,"comment_status":"closed","ping_status":"closed","template":"","meta":{"footnotes":""},"class_list":["post-10015","page","type-page","status-publish","hentry","post-wrapper","thrv_wrapper"],"_links":{"self":[{"href":"https:\/\/www.bestcryptoexchanges.com\/hu\/wp-json\/wp\/v2\/pages\/10015","targetHints":{"allow":["GET"]}}],"collection":[{"href":"https:\/\/www.bestcryptoexchanges.com\/hu\/wp-json\/wp\/v2\/pages"}],"about":[{"href":"https:\/\/www.bestcryptoexchanges.com\/hu\/wp-json\/wp\/v2\/types\/page"}],"author":[{"embeddable":true,"href":"https:\/\/www.bestcryptoexchanges.com\/hu\/wp-json\/wp\/v2\/users\/1"}],"replies":[{"embeddable":true,"href":"https:\/\/www.bestcryptoexchanges.com\/hu\/wp-json\/wp\/v2\/comments?post=10015"}],"version-history":[{"count":2,"href":"https:\/\/www.bestcryptoexchanges.com\/hu\/wp-json\/wp\/v2\/pages\/10015\/revisions"}],"predecessor-version":[{"id":10019,"href":"https:\/\/www.bestcryptoexchanges.com\/hu\/wp-json\/wp\/v2\/pages\/10015\/revisions\/10019"}],"wp:attachment":[{"href":"https:\/\/www.bestcryptoexchanges.com\/hu\/wp-json\/wp\/v2\/media?parent=10015"}],"curies":[{"name":"wp","href":"https:\/\/api.w.org\/{rel}","templated":true}]}}