{"id":9999,"date":"2021-10-05T10:41:03","date_gmt":"2021-10-05T10:41:03","guid":{"rendered":"https:\/\/www.bestcryptoexchanges.com\/?page_id=9999"},"modified":"2021-10-05T10:49:17","modified_gmt":"2021-10-05T10:49:17","slug":"terms-and-conditions","status":"publish","type":"page","link":"https:\/\/www.bestcryptoexchanges.com\/hu\/terms-and-conditions\/","title":{"rendered":"Felt\u00e9telek \u00e9s felt\u00e9telek"},"content":{"rendered":"<p>Utols\u00f3 friss\u00edt\u00e9s: j\u00falius 15, 2020<\/p>\n\n\n\n<p>K\u00e9rj\u00fck, hogy a CryptoCurry (\u201cmi\u201d, \u201cmi\u201d vagy \u201cmi\u00e9nk\u201d) \u00e1ltal \u00fczemeltetett https:\/\/cryptocurry.com weboldal (a \u201cSzolg\u00e1ltat\u00e1s\u201d) haszn\u00e1lata el\u0151tt figyelmesen olvassa el ezeket a Felhaszn\u00e1l\u00e1si felt\u00e9teleket (\u201cFelt\u00e9telek\u201d, \u201cFelhaszn\u00e1l\u00e1si felt\u00e9telek\u201d).<\/p>\n\n\n\n<p>A Szolg\u00e1ltat\u00e1shoz val\u00f3 hozz\u00e1f\u00e9r\u00e9s \u00e9s annak haszn\u00e1lata a jelen Felt\u00e9telek elfogad\u00e1s\u00e1hoz \u00e9s betart\u00e1s\u00e1hoz k\u00f6t\u00f6tt. A jelen Felt\u00e9telek minden l\u00e1togat\u00f3ra, felhaszn\u00e1l\u00f3ra \u00e9s m\u00e1s, a Szolg\u00e1ltat\u00e1shoz hozz\u00e1f\u00e9r\u0151 vagy azt haszn\u00e1l\u00f3 szem\u00e9lyre vonatkoznak.<\/p>\n\n\n\n<p>A Szolg\u00e1ltat\u00e1shoz val\u00f3 hozz\u00e1f\u00e9r\u00e9ssel vagy annak haszn\u00e1lat\u00e1val \u00d6n elfogadja, hogy a jelen Felt\u00e9telek k\u00f6telez\u0151 \u00e9rv\u00e9ny\u0171ek. Ha nem \u00e9rt egyet a felt\u00e9telek b\u00e1rmely r\u00e9sz\u00e9vel, akkor nem f\u00e9rhet hozz\u00e1 a Szolg\u00e1ltat\u00e1shoz.<\/p>\n\n\n\n<h2 class=\"wp-block-heading\">Szellemi tulajdon<\/h2>\n\n\n\n<p>A Szolg\u00e1ltat\u00e1s \u00e9s annak eredeti tartalma, jellemz\u0151i \u00e9s funkci\u00f3i a CryptoCurry \u00e9s licencad\u00f3inak kiz\u00e1r\u00f3lagos tulajdon\u00e1t k\u00e9pezik \u00e9s k\u00e9pezik.<\/p>\n\n\n\n<h2 class=\"wp-block-heading\">M\u00e1s weboldalakra mutat\u00f3 linkek<\/h2>\n\n\n\n<p>Szolg\u00e1ltat\u00e1sunk tartalmazhat olyan harmadik f\u00e9l webhelyeire vagy szolg\u00e1ltat\u00e1saira mutat\u00f3 linkeket, amelyek nem a CryptoCurry tulajdon\u00e1ban vagy ellen\u0151rz\u00e9se alatt \u00e1llnak.<\/p>\n\n\n\n<p>A CryptoCurry nem ellen\u0151rzi \u00e9s nem v\u00e1llal felel\u0151ss\u00e9get harmadik felek weboldalainak vagy szolg\u00e1ltat\u00e1sainak tartalm\u00e1\u00e9rt, adatv\u00e9delmi politik\u00e1j\u00e1\u00e9rt vagy gyakorlat\u00e1\u00e9rt. \u00d6n tov\u00e1bb\u00e1 tudom\u00e1sul veszi \u00e9s elfogadja, hogy a CryptoCurry sem k\u00f6zvetlen\u00fcl, sem k\u00f6zvetve nem v\u00e1llal felel\u0151ss\u00e9get semmilyen k\u00e1r\u00e9rt vagy vesztes\u00e9g\u00e9rt, amelyet az ilyen weboldalakon vagy szolg\u00e1ltat\u00e1sokon kereszt\u00fcl el\u00e9rhet\u0151 tartalmak, \u00e1ruk vagy szolg\u00e1ltat\u00e1sok haszn\u00e1lata vagy azokra val\u00f3 t\u00e1maszkod\u00e1s okoz vagy \u00e1ll\u00edt\u00f3lagosan okoz.<\/p>\n\n\n\n<p>Nyomat\u00e9kosan javasoljuk, hogy olvassa el az \u00d6n \u00e1ltal megl\u00e1togatott harmadik f\u00e9l webhelyek vagy szolg\u00e1ltat\u00e1sok \u00e1ltal\u00e1nos szerz\u0151d\u00e9si felt\u00e9teleit \u00e9s adatv\u00e9delmi ir\u00e1nyelveit.<\/p>\n\n\n\n<h2 class=\"wp-block-heading\">Megsz\u00fcntet\u00e9s<\/h2>\n\n\n\n<p>B\u00e1rmilyen okb\u00f3l, bele\u00e9rtve, de nem kiz\u00e1r\u00f3lagosan a Felt\u00e9telek megs\u00e9rt\u00e9se eset\u00e9n, azonnal, el\u0151zetes \u00e9rtes\u00edt\u00e9s vagy felel\u0151ss\u00e9gv\u00e1llal\u00e1s n\u00e9lk\u00fcl megsz\u00fcntethetj\u00fck vagy felf\u00fcggeszthetj\u00fck a Szolg\u00e1ltat\u00e1sunkhoz val\u00f3 hozz\u00e1f\u00e9r\u00e9st.<\/p>\n\n\n\n<p>A Felt\u00e9telek minden olyan rendelkez\u00e9se, amelynek jelleg\u00e9n\u00e9l fogva fenn kell maradnia a felmond\u00e1s ut\u00e1n is, bele\u00e9rtve, korl\u00e1toz\u00e1s n\u00e9lk\u00fcl, a tulajdonjogi rendelkez\u00e9seket, a szavatoss\u00e1gi kiz\u00e1r\u00e1sokat, a k\u00e1rt\u00e9r\u00edt\u00e9st \u00e9s a felel\u0151ss\u00e9g korl\u00e1toz\u00e1s\u00e1t.<\/p>\n\n\n\n<h2 class=\"wp-block-heading\">Felel\u0151ss\u00e9gi nyilatkozat<\/h2>\n\n\n\n<p>A Szolg\u00e1ltat\u00e1s haszn\u00e1lata kiz\u00e1r\u00f3lag az \u00d6n kock\u00e1zat\u00e1ra t\u00f6rt\u00e9nik. A Szolg\u00e1ltat\u00e1st \u201cAZONOSAN\u201d \u00e9s \u201cK\u00c9SZENL\u00c9TESEN\u201d ny\u00fajtjuk. A Szolg\u00e1ltat\u00e1st b\u00e1rmilyen kifejezett vagy hallgat\u00f3lagos garancia n\u00e9lk\u00fcl ny\u00fajtjuk, bele\u00e9rtve, de nem kiz\u00e1r\u00f3lagosan, az eladhat\u00f3s\u00e1gra, a meghat\u00e1rozott c\u00e9lra val\u00f3 alkalmass\u00e1gra, a jogs\u00e9rt\u00e9smentess\u00e9gre vagy a teljes\u00edt\u00e9s menet\u00e9re vonatkoz\u00f3 hallgat\u00f3lagos garanci\u00e1kat.<\/p>\n\n\n\n<h2 class=\"wp-block-heading\">Ir\u00e1nyad\u00f3 jog<\/h2>\n\n\n\n<p>A jelen Felt\u00e9teleket az Egyes\u00fclt \u00c1llamok t\u00f6rv\u00e9nyei szerint kell szab\u00e1lyozni \u00e9s \u00e9rtelmezni, tekintet n\u00e9lk\u00fcl a koll\u00edzi\u00f3s jogi rendelkez\u00e9sekre.<\/p>\n\n\n\n<p>A jelen Felt\u00e9telek b\u00e1rmely jog\u00e1nak vagy rendelkez\u00e9s\u00e9nek \u00e9rv\u00e9nyes\u00edt\u00e9s\u00e9nek elmulaszt\u00e1sa nem min\u0151s\u00fcl e jogokr\u00f3l val\u00f3 lemond\u00e1snak. Ha a jelen Felt\u00e9telek b\u00e1rmely rendelkez\u00e9s\u00e9t a b\u00edr\u00f3s\u00e1g \u00e9rv\u00e9nytelennek vagy v\u00e9grehajthatatlannak \u00edt\u00e9li, a jelen Felt\u00e9telek fennmarad\u00f3 rendelkez\u00e9sei \u00e9rv\u00e9nyben maradnak. A jelen Felt\u00e9telek k\u00e9pezik a teljes meg\u00e1llapod\u00e1st kett\u0151nk k\u00f6z\u00f6tt a Szolg\u00e1ltat\u00e1ssal kapcsolatban, \u00e9s hat\u00e1lyon k\u00edv\u00fcl helyeznek \u00e9s felv\u00e1ltanak minden kor\u00e1bbi meg\u00e1llapod\u00e1st, amely k\u00f6z\u00f6tt\u00fcnk a Szolg\u00e1ltat\u00e1ssal kapcsolatban l\u00e9trej\u00f6tt.<\/p>\n\n\n\n<h2 class=\"wp-block-heading\">V\u00e1ltoz\u00e1sok<\/h2>\n\n\n\n<p>Fenntartjuk a jogot, hogy saj\u00e1t bel\u00e1t\u00e1sunk szerint b\u00e1rmikor m\u00f3dos\u00edtsuk vagy kicser\u00e9lj\u00fck ezeket a felt\u00e9teleket. Ha a m\u00f3dos\u00edt\u00e1s l\u00e9nyeges, igyeksz\u00fcnk legal\u00e1bb 30 nappal az \u00faj felt\u00e9telek hat\u00e1lyba l\u00e9p\u00e9se el\u0151tt \u00e9rtes\u00edt\u00e9st k\u00fcldeni. Azt, hogy mi min\u0151s\u00fcl l\u00e9nyeges m\u00f3dos\u00edt\u00e1snak, saj\u00e1t bel\u00e1t\u00e1sunk szerint hat\u00e1rozzuk meg.<\/p>\n\n\n\n<p>Azzal, hogy a m\u00f3dos\u00edt\u00e1sok hat\u00e1lyba l\u00e9p\u00e9s\u00e9t k\u00f6vet\u0151en tov\u00e1bbra is hozz\u00e1f\u00e9r vagy haszn\u00e1lja a Szolg\u00e1ltat\u00e1sunkat, \u00d6n elfogadja, hogy a m\u00f3dos\u00edtott felt\u00e9telek k\u00f6telez\u0151 \u00e9rv\u00e9ny\u0171ek. Ha nem \u00e9rt egyet az \u00faj felt\u00e9telekkel, k\u00e9rj\u00fck, hagyja abba a Szolg\u00e1ltat\u00e1s haszn\u00e1lat\u00e1t.<\/p>\n\n\n\n<h2 class=\"wp-block-heading\">Kapcsolatfelv\u00e9tel<\/h2>\n\n\n\n<p>Ha b\u00e1rmilyen k\u00e9rd\u00e9se van a jelen Felt\u00e9telekkel kapcsolatban, k\u00e9rj\u00fck, l\u00e9pjen kapcsolatba vel\u00fcnk.<\/p>","protected":false},"excerpt":{"rendered":"<p>Utols\u00f3 friss\u00edt\u00e9s: A CryptoCurry (\u201cmi\u201d, \u201cmi\u201d, vagy \u201cmi\u00e9nk\u201d) \u00e1ltal \u00fczemeltetett https:\/\/cryptocurry.com weboldal (a \u201cSzolg\u00e1ltat\u00e1s\u201d) haszn\u00e1lata el\u0151tt k\u00e9rj\u00fck, figyelmesen olvassa el ezeket a Felhaszn\u00e1l\u00e1si felt\u00e9teleket (\u201cFelt\u00e9telek\u201d, \u201cFelhaszn\u00e1l\u00e1si felt\u00e9telek\u201d). A Szolg\u00e1ltat\u00e1shoz val\u00f3 hozz\u00e1f\u00e9r\u00e9s \u00e9s annak haszn\u00e1lata a jelen Felt\u00e9telek elfogad\u00e1s\u00e1hoz \u00e9s betart\u00e1s\u00e1hoz k\u00f6t\u00f6tt. Ezek a Felt\u00e9telek minden l\u00e1togat\u00f3ra vonatkoznak, [...]<\/p>","protected":false},"author":1,"featured_media":0,"parent":0,"menu_order":0,"comment_status":"closed","ping_status":"closed","template":"","meta":{"footnotes":""},"class_list":["post-9999","page","type-page","status-publish","hentry","post-wrapper","thrv_wrapper"],"_links":{"self":[{"href":"https:\/\/www.bestcryptoexchanges.com\/hu\/wp-json\/wp\/v2\/pages\/9999","targetHints":{"allow":["GET"]}}],"collection":[{"href":"https:\/\/www.bestcryptoexchanges.com\/hu\/wp-json\/wp\/v2\/pages"}],"about":[{"href":"https:\/\/www.bestcryptoexchanges.com\/hu\/wp-json\/wp\/v2\/types\/page"}],"author":[{"embeddable":true,"href":"https:\/\/www.bestcryptoexchanges.com\/hu\/wp-json\/wp\/v2\/users\/1"}],"replies":[{"embeddable":true,"href":"https:\/\/www.bestcryptoexchanges.com\/hu\/wp-json\/wp\/v2\/comments?post=9999"}],"version-history":[{"count":2,"href":"https:\/\/www.bestcryptoexchanges.com\/hu\/wp-json\/wp\/v2\/pages\/9999\/revisions"}],"predecessor-version":[{"id":10001,"href":"https:\/\/www.bestcryptoexchanges.com\/hu\/wp-json\/wp\/v2\/pages\/9999\/revisions\/10001"}],"wp:attachment":[{"href":"https:\/\/www.bestcryptoexchanges.com\/hu\/wp-json\/wp\/v2\/media?parent=9999"}],"curies":[{"name":"wp","href":"https:\/\/api.w.org\/{rel}","templated":true}]}}