{"id":10015,"date":"2021-10-23T17:16:01","date_gmt":"2021-10-23T17:16:01","guid":{"rendered":"https:\/\/www.bestcryptoexchanges.com\/?page_id=10015"},"modified":"2021-10-23T17:18:45","modified_gmt":"2021-10-23T17:18:45","slug":"how-we-rate-crypto-brands","status":"publish","type":"page","link":"https:\/\/www.bestcryptoexchanges.com\/it\/how-we-rate-crypto-brands\/","title":{"rendered":"Come valutiamo i marchi di criptovalute"},"content":{"rendered":"<p>Il nostro sito web si propone di recensire i migliori portafogli di criptovalute, gli exchange di criptovalute pi\u00f9 affidabili e i relativi servizi, nonch\u00e9 le valute pi\u00f9 redditizie presenti oggi sul mercato digitale. Utilizziamo diversi fattori per determinare se un particolare portafoglio o scambio di criptovalute sar\u00e0 incluso nei nostri articoli. Inoltre, sul nostro sito gli utenti possono trovare consigli utili sugli scambi di criptovalute e sulla redditivit\u00e0 delle criptovalute pi\u00f9 valide. Costruiamo l'elenco degli exchange pi\u00f9 affidabili e vantaggiosi, valutandoli in base a criteri speciali.&nbsp;<\/p>\n\n\n\n<p><strong>Potete conoscere i fattori che riteniamo importanti da tenere in considerazione quando vi forniamo le nostre raccomandazioni. Ecco su cosa ci concentriamo:<\/strong><\/p>\n\n\n\n<ul class=\"wp-block-list\"><li>Sistema di valutazione dei portafogli di criptovalute<\/li><li>Sistema di valutazione delle borse di criptovalute<\/li><li>Sistema di valutazione delle criptovalute<\/li><li>Sistema di valutazione degli strumenti di estrazione<\/li><\/ul>\n\n\n\n<h2 class=\"wp-block-heading\"><strong>Sistema di valutazione dei portafogli di criptovalute<\/strong><\/h2>\n\n\n\n<ul class=\"wp-block-list\"><li><strong>Variet\u00e0 di criptovalute disponibili<\/strong><\/li><\/ul>\n\n\n\n<p>Lavorando con le criptovalute, dovete essere consapevoli di tutti i processi che avvengono sul mercato e cercare di imparare a fare operazioni redditizie con le varie criptovalute. A volte l'acquisto di alcune criptovalute pu\u00f2 portare maggiori profitti rispetto a un'altra operazione, ed \u00e8 per questo che un portafoglio dovrebbe consentire di lavorare con diverse criptovalute allo stesso tempo. \u00c8 fondamentale che i portafogli di criptovalute offrano l'opportunit\u00e0 di operare con il maggior numero possibile di criptovalute nell'ambito di un'unica piattaforma. Quindi, se il portafoglio offre ai clienti solo bitcoin come valuta per il trading, non lo valuteremo altrettanto bene di un portafoglio con decine di criptovalute disponibili.<\/p>\n\n\n\n<ul class=\"wp-block-list\"><li><strong>Sicurezza dell'indirizzo e del processo di login<\/strong><\/li><\/ul>\n\n\n\n<p>Poich\u00e9 gli utenti dei portafogli di criptovalute vi conservano ingenti fondi, \u00e8 importante essere sicuri che siano al sicuro e protetti. Prima di tutto, controlliamo l'indirizzo web del portafoglio. Se inizia con HTTPS, lo considereremo sufficientemente sicuro e sar\u00e0 classificato pi\u00f9 in alto rispetto a un portafoglio con indirizzo HTTP.&nbsp;<\/p>\n\n\n\n<p>Inoltre, i nostri professionisti cercano di salvarvi da qualsiasi tipo di frode possibile durante il lavoro con i portafogli di criptovalute. Pertanto, preferiamo consigliarvi portafogli con autenticazione a due fattori, in quanto garantiscono una maggiore sicurezza del vostro conto e dei vostri beni.&nbsp;<\/p>\n\n\n\n<p>Un portafoglio pu\u00f2 ricevere pi\u00f9 punti nella nostra valutazione se \u00e8 \u201cgerarchicamente deterministico\u201d. Questo concetto \u00e8 legato agli indirizzi dei portafogli di criptovalute. In particolare, il portafoglio \u00e8 pi\u00f9 sicuro se crea nuovi indirizzi di criptovaluta per ogni operazione con i vostri beni piuttosto che se utilizza sempre lo stesso indirizzo di portafoglio.<\/p>\n\n\n\n<ul class=\"wp-block-list\"><li><strong>Affidabilit\u00e0 del fornitore<\/strong><\/li><\/ul>\n\n\n\n<p>Conoscere l'azienda che sta dietro al portafoglio pu\u00f2 dare maggiore fiducia nella sua affidabilit\u00e0. Per questo motivo, controlliamo i proprietari e gli sviluppatori dei portafogli prima di includerli nelle nostre valutazioni. Se il portafoglio dimostra pubblicamente tutte le licenze e i documenti relativi ai suoi creatori e se queste aziende e persone non sono state notate come truffatori su Internet, valuteremo il portafoglio come insospettabile.&nbsp;<\/p>\n\n\n\n<p>Inoltre, \u00e8 necessario conoscere il codice del portafoglio perch\u00e9 rende pi\u00f9 trasparente il processo di trading. Pertanto, una maggiore trasparenza di tutte le operazioni che avvengono nel portafoglio rende la sua affidabilit\u00e0 pi\u00f9 elevata per noi.<\/p>\n\n\n\n<ul class=\"wp-block-list\"><li><strong>Valutazione dei portafogli da parte degli utenti<\/strong><\/li><\/ul>\n\n\n\n<p>Ci sono molti siti web come Reddit con forum aperti per gli utenti di portafogli di criptovalute. Questi servizi consentono alle persone di condividere le proprie esperienze di lavoro con le piattaforme ed esprimere le proprie opinioni. Una valutazione del portafoglio da parte della comunit\u00e0 pu\u00f2 essere un fattore chiave per la raccomandazione di qualsiasi piattaforma, in quanto pu\u00f2 mostrare i lati dei servizi che sono nascosti dagli sviluppatori. Ad esempio, stiamo cercando di trovare un'opinione media sul portafoglio di criptovalute, ma prestiamo anche attenzione alle recensioni negative e alla loro veridicit\u00e0.<\/p>\n\n\n\n<p>Inoltre, le recensioni degli utenti esperti possono essere indicatori della convenienza delle piattaforme per i clienti. Il design dell'interfaccia pu\u00f2 influenzare la posizione di valutazione del portafoglio, in modo tale che una struttura pi\u00f9 intuitiva del servizio sar\u00e0 valutata pi\u00f9 alta dai nostri specialisti. Se gli utenti esperti sostengono che ci sono alcune complessit\u00e0 nel processo di lavoro con il portafoglio, lo verificheremo e ne terremo conto durante la creazione del rating.<\/p>\n\n\n\n<ul class=\"wp-block-list\"><li><strong>Ragionevolezza degli onorari e delle commissioni<\/strong><\/li><\/ul>\n\n\n\n<p>Quando una persona vuole iniziare a fare trading con un portafoglio, \u00e8 sempre interessata al prezzo di utilizzo. Per questo motivo, il nostro team stima il prezzo medio sul mercato per tutti i servizi forniti e valuta il portafoglio come economico da usare o costoso. Naturalmente, il prezzo dipende dalle prestazioni del portafoglio e noi includiamo questo fattore nel nostro sistema di stima.<\/p>\n\n\n\n<h2 class=\"wp-block-heading\"><strong>Sistema di valutazione delle criptovalute<\/strong><\/h2>\n\n\n\n<p><strong>Applichiamo un sistema di valutazione un po' diverso per gli scambi di criptovalute, che si basa sui seguenti aspetti:<\/strong><\/p>\n\n\n\n<ul class=\"wp-block-list\"><li>Numero di monete disponibili;<\/li><li>Prestazioni del servizio di assistenza clienti;<\/li><li>Protezione delle transazioni e dei beni;<\/li><li>Prezzi;<\/li><li>La comodit\u00e0 dell'interfaccia;<\/li><li>Metodi di pagamento accettati.<\/li><\/ul>\n\n\n\n<p>In base al voto di ciascun fattore, costruiamo un sistema di valutazione e mettiamo in evidenza i principali vantaggi e svantaggi di un determinato exchange di criptovalute. Ci\u00f2 significa che offriamo ai nostri lettori la possibilit\u00e0 di scegliere un exchange da soli, in base all'importanza di ciascun elemento per loro. Cos\u00ec, alcune piattaforme saranno pi\u00f9 pratiche per i principianti, mentre altre per gli utenti esperti.<\/p>\n\n\n\n<h2 class=\"wp-block-heading\"><strong>Sistema di valutazione delle criptovalute<\/strong><\/h2>\n\n\n\n<p><strong>Nel valutare i vantaggi del trading con le criptovalute per le nostre recensioni, prestiamo attenzione ai cambiamenti attualmente in corso sul mercato e alle stime di base comuni per le criptovalute:<\/strong><\/p>\n\n\n\n<ul class=\"wp-block-list\"><li>Domanda e offerta di moneta;<\/li><li>Adozione di una moneta di uso comune;<\/li><li>Costi di produzione;<\/li><li>Numero di portafogli per criptovalute presenti sul mercato;<\/li><li>Interazione delle criptovalute con le valute fiat;<\/li><li>Controllo dello stock di valuta da parte del governo.<\/li><\/ul>\n\n\n\n<p>Dopo aver raccolto i dati relativi a tutti i fattori sopra elencati per le criptovalute, creiamo recensioni comparative su di esse. In qualit\u00e0 di potenziali acquirenti di monete, potete essere interessati ad alcuni punti essenziali pi\u00f9 che ad altri, ed \u00e8 per questo che vi diamo l'opportunit\u00e0 di selezionare da soli le criptovalute sulla base delle nostre ricerche e recensioni.<\/p>\n\n\n\n<h2 class=\"wp-block-heading\"><strong>Sistema di valutazione degli strumenti di estrazione mineraria<\/strong><\/h2>\n\n\n\n<p>Oltre ai portafogli di criptovalute, agli exchange e alle criptovalute stesse, dedichiamo una parte del nostro sito agli strumenti di mining. Questo argomento richiede un altro sistema di valutazione perch\u00e9 \u00e8 pi\u00f9 complesso. Tuttavia, la sicurezza dei pool e dei software per il mining \u00e8 per noi l'elemento cruciale da tenere in considerazione per fornire raccomandazioni precise. Il nostro team fa del suo meglio per essere aggiornato sugli ultimi sviluppi del settore.&nbsp;<\/p>\n\n\n\n<p><strong>Nel sistema di valutazione degli strumenti di estrazione includiamo i seguenti fattori:<\/strong><\/p>\n\n\n\n<ul class=\"wp-block-list\"><li>Onorari e commissioni;<\/li><li>Ergonomia;<\/li><li>Caratteristiche di impostazione disponibili;<\/li><li>La reputazione delle piscine.<\/li><\/ul>\n\n\n\n<p>Il contenuto del nostro sito \u00e8 vario e pratico grazie al lavoro professionale dei nostri analisti, esperti e autori. Oltre alle recensioni sulle criptovalute e sugli strumenti per il trading e il mining, dedichiamo articoli alle principali occasioni di attualit\u00e0 sul mercato. Rimanere in contatto con le ultime notizie sul mondo delle criptovalute permette ai nostri clienti di guadagnare di pi\u00f9 ed \u00e8 per questo che controlliamo i rapporti analitici ogni giorno. Per quanto riguarda l'affidabilit\u00e0 di tali rapporti, i nostri specialisti effettuano operazioni di verifica prima di utilizzare dati provenienti da siti web esterni. Per questo motivo tutti i nostri utenti possono fidarsi pienamente delle informazioni che forniamo e utilizzarle per aumentare i loro profitti in cripto.&nbsp;<\/p>","protected":false},"excerpt":{"rendered":"<p>Il nostro sito si propone di recensire i migliori portafogli di criptovalute, gli exchange di criptovalute pi\u00f9 affidabili e i relativi servizi, nonch\u00e9 le valute pi\u00f9 redditizie presenti oggi sul mercato digitale. Utilizziamo diversi fattori per determinare se un particolare portafoglio o exchange di criptovalute sar\u00e0 incluso nei nostri articoli. Inoltre, gli utenti possono trovare utili [...]<\/p>","protected":false},"author":1,"featured_media":0,"parent":0,"menu_order":0,"comment_status":"closed","ping_status":"closed","template":"","meta":{"footnotes":""},"class_list":["post-10015","page","type-page","status-publish","hentry","post-wrapper","thrv_wrapper"],"_links":{"self":[{"href":"https:\/\/www.bestcryptoexchanges.com\/it\/wp-json\/wp\/v2\/pages\/10015","targetHints":{"allow":["GET"]}}],"collection":[{"href":"https:\/\/www.bestcryptoexchanges.com\/it\/wp-json\/wp\/v2\/pages"}],"about":[{"href":"https:\/\/www.bestcryptoexchanges.com\/it\/wp-json\/wp\/v2\/types\/page"}],"author":[{"embeddable":true,"href":"https:\/\/www.bestcryptoexchanges.com\/it\/wp-json\/wp\/v2\/users\/1"}],"replies":[{"embeddable":true,"href":"https:\/\/www.bestcryptoexchanges.com\/it\/wp-json\/wp\/v2\/comments?post=10015"}],"version-history":[{"count":2,"href":"https:\/\/www.bestcryptoexchanges.com\/it\/wp-json\/wp\/v2\/pages\/10015\/revisions"}],"predecessor-version":[{"id":10019,"href":"https:\/\/www.bestcryptoexchanges.com\/it\/wp-json\/wp\/v2\/pages\/10015\/revisions\/10019"}],"wp:attachment":[{"href":"https:\/\/www.bestcryptoexchanges.com\/it\/wp-json\/wp\/v2\/media?parent=10015"}],"curies":[{"name":"wp","href":"https:\/\/api.w.org\/{rel}","templated":true}]}}