{"id":9999,"date":"2021-10-05T10:41:03","date_gmt":"2021-10-05T10:41:03","guid":{"rendered":"https:\/\/www.bestcryptoexchanges.com\/?page_id=9999"},"modified":"2021-10-05T10:49:17","modified_gmt":"2021-10-05T10:49:17","slug":"terms-and-conditions","status":"publish","type":"page","link":"https:\/\/www.bestcryptoexchanges.com\/it\/terms-and-conditions\/","title":{"rendered":"Termini e condizioni"},"content":{"rendered":"<p>Ultimo aggiornamento: 15 luglio 2020<\/p>\n\n\n\n<p>Si prega di leggere attentamente le presenti Condizioni d'uso (\u201cCondizioni\u201d, \u201cCondizioni d'uso\u201d) prima di utilizzare il sito web https:\/\/cryptocurry.com (il \u201cServizio\u201d) gestito da CryptoCurry (\u201cnoi\u201d, \u201cci\u201d o \u201cnostro\u201d).<\/p>\n\n\n\n<p>L'accesso e l'utilizzo del Servizio sono subordinati all'accettazione e al rispetto delle presenti Condizioni. Le presenti Condizioni si applicano a tutti i visitatori, utenti e altri soggetti che accedono o utilizzano il Servizio.<\/p>\n\n\n\n<p>Accedendo o utilizzando il Servizio, l'utente accetta di essere vincolato dalle presenti Condizioni. Se l'utente non \u00e8 d'accordo con una qualsiasi parte dei termini, non pu\u00f2 accedere al Servizio.<\/p>\n\n\n\n<h2 class=\"wp-block-heading\">Propriet\u00e0 intellettuale<\/h2>\n\n\n\n<p>Il Servizio e il suo contenuto originale, le sue caratteristiche e funzionalit\u00e0 sono e rimarranno di propriet\u00e0 esclusiva di CryptoCurry e dei suoi licenziatari.<\/p>\n\n\n\n<h2 class=\"wp-block-heading\">Link ad altri siti web<\/h2>\n\n\n\n<p>Il nostro Servizio pu\u00f2 contenere link a siti web o servizi di terzi che non sono posseduti o controllati da CryptoCurry.<\/p>\n\n\n\n<p>CryptoCurry non ha alcun controllo e non si assume alcuna responsabilit\u00e0 per il contenuto, le politiche sulla privacy o le pratiche di qualsiasi sito web o servizio di terzi. L'utente riconosce e accetta inoltre che CryptoCurry non sar\u00e0 responsabile, direttamente o indirettamente, per qualsiasi danno o perdita causata o presumibilmente causata da o in connessione con l'uso o l'affidamento su tali contenuti, beni o servizi disponibili su o attraverso tali siti web o servizi.<\/p>\n\n\n\n<p>Consigliamo vivamente di leggere i termini e le condizioni e le politiche sulla privacy di qualsiasi sito o servizio web di terzi che visitate.<\/p>\n\n\n\n<h2 class=\"wp-block-heading\">Terminazione<\/h2>\n\n\n\n<p>Possiamo interrompere o sospendere l'accesso al nostro Servizio immediatamente, senza preavviso o responsabilit\u00e0, per qualsiasi motivo, incluso, senza limitazione, se l'utente viola i Termini.<\/p>\n\n\n\n<p>Tutte le disposizioni dei Termini che per loro natura dovrebbero sopravvivere alla risoluzione sopravvivranno alla risoluzione, comprese, a titolo esemplificativo, le disposizioni sulla propriet\u00e0, le esclusioni di garanzia, le indennit\u00e0 e le limitazioni di responsabilit\u00e0.<\/p>\n\n\n\n<h2 class=\"wp-block-heading\">Esclusione di responsabilit\u00e0<\/h2>\n\n\n\n<p>L'utilizzo del Servizio da parte dell'utente \u00e8 a suo esclusivo rischio. Il Servizio \u00e8 fornito \u201cCOS\u00cc COM'\u00c8\u201d e \u201cCOME DISPONIBILE\u201d. Il Servizio viene fornito senza garanzie di alcun tipo, espresse o implicite, incluse, a titolo esemplificativo, le garanzie implicite di commerciabilit\u00e0, idoneit\u00e0 per uno scopo particolare, non violazione o corso delle prestazioni.<\/p>\n\n\n\n<h2 class=\"wp-block-heading\">Legge applicabile<\/h2>\n\n\n\n<p>Le presenti Condizioni saranno disciplinate e interpretate in conformit\u00e0 alle leggi degli Stati Uniti, senza tener conto delle disposizioni in materia di conflitto di leggi.<\/p>\n\n\n\n<p>La mancata applicazione da parte nostra di qualsiasi diritto o disposizione dei presenti Termini non sar\u00e0 considerata una rinuncia a tali diritti. Se una disposizione dei presenti Termini \u00e8 ritenuta non valida o non applicabile da un tribunale, le restanti disposizioni dei Termini rimarranno in vigore. I presenti Termini costituiscono l'intero accordo tra noi in merito al nostro Servizio e sostituiscono qualsiasi accordo precedente tra noi in merito al Servizio.<\/p>\n\n\n\n<h2 class=\"wp-block-heading\">Cambiamenti<\/h2>\n\n\n\n<p>Ci riserviamo il diritto, a nostra esclusiva discrezione, di modificare o sostituire le presenti Condizioni in qualsiasi momento. Se la revisione \u00e8 sostanziale, cercheremo di fornire un preavviso di almeno 30 giorni prima dell'entrata in vigore dei nuovi termini. Ci\u00f2 che costituisce una modifica sostanziale sar\u00e0 determinato a nostra esclusiva discrezione.<\/p>\n\n\n\n<p>Continuando ad accedere o a utilizzare il nostro Servizio dopo l'entrata in vigore di tali revisioni, l'utente accetta di essere vincolato ai termini rivisti. Se non si accettano i nuovi termini, si prega di interrompere l'utilizzo del Servizio.<\/p>\n\n\n\n<h2 class=\"wp-block-heading\">Contatto<\/h2>\n\n\n\n<p>In caso di domande sulle presenti Condizioni, si prega di contattarci.<\/p>","protected":false},"excerpt":{"rendered":"<p>Ultimo aggiornamento: 15 luglio 2020 Si prega di leggere attentamente le presenti Condizioni d'uso (\u201cCondizioni\u201d, \u201cCondizioni d'uso\u201d) prima di utilizzare il sito web https:\/\/cryptocurry.com (il \u201cServizio\u201d) gestito da CryptoCurry (\u201cnoi\u201d, \u201cci\u201d o \u201cnostro\u201d). L'accesso e l'utilizzo del Servizio sono subordinati all'accettazione e al rispetto delle presenti Condizioni. I presenti Termini si applicano a tutti i visitatori, [...]<\/p>","protected":false},"author":1,"featured_media":0,"parent":0,"menu_order":0,"comment_status":"closed","ping_status":"closed","template":"","meta":{"footnotes":""},"class_list":["post-9999","page","type-page","status-publish","hentry","post-wrapper","thrv_wrapper"],"_links":{"self":[{"href":"https:\/\/www.bestcryptoexchanges.com\/it\/wp-json\/wp\/v2\/pages\/9999","targetHints":{"allow":["GET"]}}],"collection":[{"href":"https:\/\/www.bestcryptoexchanges.com\/it\/wp-json\/wp\/v2\/pages"}],"about":[{"href":"https:\/\/www.bestcryptoexchanges.com\/it\/wp-json\/wp\/v2\/types\/page"}],"author":[{"embeddable":true,"href":"https:\/\/www.bestcryptoexchanges.com\/it\/wp-json\/wp\/v2\/users\/1"}],"replies":[{"embeddable":true,"href":"https:\/\/www.bestcryptoexchanges.com\/it\/wp-json\/wp\/v2\/comments?post=9999"}],"version-history":[{"count":2,"href":"https:\/\/www.bestcryptoexchanges.com\/it\/wp-json\/wp\/v2\/pages\/9999\/revisions"}],"predecessor-version":[{"id":10001,"href":"https:\/\/www.bestcryptoexchanges.com\/it\/wp-json\/wp\/v2\/pages\/9999\/revisions\/10001"}],"wp:attachment":[{"href":"https:\/\/www.bestcryptoexchanges.com\/it\/wp-json\/wp\/v2\/media?parent=9999"}],"curies":[{"name":"wp","href":"https:\/\/api.w.org\/{rel}","templated":true}]}}