{"id":10013,"date":"2021-10-23T17:13:36","date_gmt":"2021-10-23T17:13:36","guid":{"rendered":"https:\/\/www.bestcryptoexchanges.com\/?page_id=10013"},"modified":"2025-11-17T11:14:22","modified_gmt":"2025-11-17T11:14:22","slug":"how-we-choose-crypto-brands","status":"publish","type":"page","link":"https:\/\/www.bestcryptoexchanges.com\/pl\/how-we-choose-crypto-brands\/","title":{"rendered":"Jak wybieramy marki kryptowalutowe"},"content":{"rendered":"<p>W rzeczywisto\u015bci rynek kryptowalut jest jedn\u0105 z najwi\u0119kszych bran\u017c powsta\u0142ych w ostatnich dziesi\u0119cioleciach. Obecnie istnieje kilku lider\u00f3w w\u015br\u00f3d gie\u0142d kryptowalut i samych walut, ale szybki rozw\u00f3j technologiczny pozwala im wprowadza\u0107 zmiany na rynku niemal ka\u017cdego miesi\u0105ca. Wiedza jest bezcenna, aby m\u00f3c podejmowa\u0107 szybkie i korzystne decyzje wymagane w niszy. Dlatego wa\u017cne jest, aby by\u0107 \u015bwiadomym wszystkich nowych zmian w bran\u017cy kryptowalut, aby uzyska\u0107 maksymalny mo\u017cliwy zysk.<\/p>\n\n\n\n<p>Nasza strona internetowa zawiera kr\u00f3tkie, ale kompleksowe przewodniki na takie tematy, jak kryptowaluty i r\u00f3\u017cnice mi\u0119dzy nimi, gie\u0142dy kryptowalut, najbardziej dochodowe portfele i proces wydobywania kryptowalut. Nasz zesp\u00f3\u0142 codziennie bada tysi\u0105ce referencji, aby stworzy\u0107 najbardziej godne zaufania artyku\u0142y. U\u017cytkownicy naszej strony internetowej nie maj\u0105 \u017cadnych w\u0105tpliwo\u015bci co do wiarygodno\u015bci naszych poradnik\u00f3w, a powody tego wyja\u015bnimy w niniejszym raporcie.<\/p>\n\n\n\n<h2 class=\"wp-block-heading\"><strong>Aspekty, na kt\u00f3re zwracamy uwag\u0119<\/strong><\/h2>\n\n\n\n<p>Poniewa\u017c nasza firma nie chce Ci\u0119 rozczarowa\u0107 i promowa\u0107 strat pieni\u0119\u017cnych podczas inwestycji w kryptowaluty, po\u015bwi\u0119camy du\u017co czasu na wyb\u00f3r najlepszych us\u0142ug, kt\u00f3re mo\u017cemy poleci\u0107 naszym czytelnikom. Maj\u0105c ogromne do\u015bwiadczenie w handlu i badaniu informacji na ten temat, doszli\u015bmy do wniosku, \u017ce istnieje kilka czynnik\u00f3w, kt\u00f3re powinni\u015bmy wzi\u0105\u0107 pod uwag\u0119 przy tworzeniu najlepszych wnikliwych recenzji.&nbsp;<\/p>\n\n\n\n<p><strong>Oczywi\u015bcie aspekty, kt\u00f3re uwa\u017cnie rozwa\u017camy, zale\u017c\u0105 od faktycznych temat\u00f3w recenzji, poniewa\u017c r\u00f3\u017cni\u0105 si\u0119 one funkcjonalno\u015bci\u0105. Og\u00f3lnie rzecz bior\u0105c, nasza strona internetowa koncentruje si\u0119 na czterech g\u0142\u00f3wnych tematach w bran\u017cy kryptowalut w nast\u0119puj\u0105cy spos\u00f3b:<\/strong><\/p>\n\n\n\n<ul class=\"wp-block-list\"><li>Portfele kryptowalutowe<\/li><li>Gie\u0142dy kryptowalut<\/li><li>Wszystko, co zwi\u0105zane z g\u00f3rnictwem<\/li><li>R\u00f3\u017cnorodno\u015b\u0107 kryptowalut.<\/li><\/ul>\n\n\n\n<p><strong>Niekt\u00f3re z temat\u00f3w na powy\u017cszej li\u015bcie maj\u0105 specyficzne czynniki do rozwa\u017cenia, ale wi\u0119kszo\u015b\u0107 z nich \u0142\u0105czy idea zapewnienia opcji bezpiecznego i wydajnego handlu kryptowalutami:<\/strong><\/p>\n\n\n\n<ol class=\"wp-block-list\"><li>Bezpiecze\u0144stwo<\/li><li>Op\u0142aty<\/li><li>Reputacja<\/li><li>Interfejs<\/li><li>Perspektywy na przysz\u0142o\u015b\u0107<\/li><\/ol>\n\n\n\n<h3 class=\"wp-block-heading\"><strong>Bezpiecze\u0144stwo<\/strong><\/h3>\n\n\n\n<p>Prawda jest taka, \u017ce Internet daje mo\u017cliwo\u015bci zarabiania pieni\u0119dzy nie tylko zwyk\u0142ym u\u017cytkownikom, ale tak\u017ce hakerom. Oznacza to, \u017ce za ka\u017cdym razem, gdy inwestujesz pieni\u0105dze przez Internet, powiniene\u015b mie\u0107 pewno\u015b\u0107, \u017ce platforma lub kryptowaluta jest bezpieczna. Aby chroni\u0107 Ci\u0119 przed oszustwami, starannie zbieramy dane o wszystkich us\u0142ugach i sprawdzamy do\u015bwiadczenia poprzednich u\u017cytkownik\u00f3w.<\/p>\n\n\n\n<p>Korzystaj\u0105c z us\u0142ugi lub waluty polecanej przez naszych specjalist\u00f3w, mo\u017cesz mie\u0107 pewno\u015b\u0107, \u017ce Twoje pieni\u0105dze nie zostan\u0105 skradzione lub zagubione w noosferze. Ponadto regularnie aktualizujemy nasze recenzje i ostrzegamy o ostatnich prognozach i wahaniach na rynku. Dlatego zawsze mo\u017cesz sprawdzi\u0107 swoj\u0105 aktywno\u015b\u0107 na platformie w przypadku jej podejrzenia.&nbsp;<\/p>\n\n\n\n<h3 class=\"wp-block-heading\"><strong>Op\u0142aty<\/strong><\/h3>\n\n\n\n<p>Je\u015bli jeste\u015b pocz\u0105tkuj\u0105cym w handlu kryptowalutami, wa\u017cne b\u0119dzie, aby wej\u015bcie na rynek by\u0142o jak najta\u0144sze. R\u00f3\u017cne gie\u0142dy i zespo\u0142y wydobywcze oferuj\u0105 r\u00f3\u017cne ceny za wej\u015bcie na swoje platformy i korzystanie z ich us\u0142ug. Czasami koszty nie s\u0105 przyst\u0119pne dla pocz\u0105tkuj\u0105cych, nawet je\u015bli firma zapewnia ogromn\u0105 liczb\u0119 opcji i p\u0142atnych funkcji.&nbsp;<\/p>\n\n\n\n<p>Naszym obowi\u0105zkiem jest wi\u0119c wybranie najkorzystniejszej opcji dla bezpiecznego handlu kryptowalutami. W tym celu tworzymy tabele por\u00f3wnawcze ze wszystkimi op\u0142atami za us\u0142ugi, aby\u015b m\u00f3g\u0142 wybra\u0107 najbardziej odpowiedni\u0105 alternatyw\u0119. Ponadto szacujemy przybli\u017con\u0105 kwot\u0119 pieni\u0119dzy, kt\u00f3r\u0105 wydasz, korzystaj\u0105c z konkretnej us\u0142ugi wymiany, oraz Tw\u00f3j zysk po manipulacji dan\u0105 kryptowalut\u0105.<\/p>\n\n\n\n<h3 class=\"wp-block-heading\"><strong>Reputacja<\/strong><\/h3>\n\n\n\n<p>Najlepszym sposobem na wyja\u015bnienie jako\u015bci platformy lub us\u0142ugi jest zapytanie jej u\u017cytkownik\u00f3w o ich do\u015bwiadczenia. Istnieje wiele blog\u00f3w i stron internetowych z tysi\u0105cami recenzji na temat korzystania z r\u00f3\u017cnych gie\u0142d kryptowalut i handlu kryptowalutami. U\u0142atwili\u015bmy proces eksploracji i podsumowali\u015bmy \u015bredni\u0105 opini\u0119 na temat platform.<\/p>\n\n\n\n<p>Gdy pojawi si\u0119 wiele negatywnych opinii od os\u00f3b, kt\u00f3re straci\u0142y pieni\u0105dze lub ich konta zosta\u0142y zamro\u017cone na zawsze, nie b\u0119dziemy poleca\u0107 us\u0142ugi jako preferowanej. Wa\u017cne jest, aby wiedzie\u0107 o z\u0142ym do\u015bwiadczeniu w pracy z kryptowalutami, aby unikn\u0105\u0107 marnowania pieni\u0119dzy i czasu. Dlatego te\u017c nasza strona internetowa opiera si\u0119 na dok\u0142adnych badaniach niuans\u00f3w technologicznych gie\u0142d kryptowalut, kt\u00f3re recenzujemy, a tak\u017ce na opiniach ich u\u017cytkownik\u00f3w.<\/p>\n\n\n\n<h3 class=\"wp-block-heading\"><strong>Interfejs<\/strong><\/h3>\n\n\n\n<p>Powiniene\u015b zawsze rozumie\u0107 wewn\u0119trzne procesy handlu, je\u015bli chcesz kontrolowa\u0107 swoje fundusze. Zw\u0142aszcza je\u015bli nie jeste\u015b profesjonalnym traderem, platforma powinna pozwala\u0107 ci by\u0107 \u015bwiadomym wszystkich transakcji dokonywanych z twoimi pieni\u0119dzmi w jasny i prosty spos\u00f3b.&nbsp;<\/p>\n\n\n\n<p>Jako specjali\u015bci w handlu bitcoinami i kryptowalutami, dzielimy si\u0119 naszymi przemy\u015bleniami i opiniami na temat gie\u0142d w naszych raportach. Staramy si\u0119 zebra\u0107 dzia\u0142aj\u0105ce platformy z najlepszymi przyjaznymi dla u\u017cytkownika interfejsami, aby\u015b m\u00f3g\u0142 szybciej i przy mniejszym wysi\u0142ku zaanga\u017cowa\u0107 si\u0119 w rynek kryptowalut.<\/p>\n\n\n\n<p>Nawiasem m\u00f3wi\u0105c, dost\u0119pno\u015b\u0107 r\u00f3\u017cnych funkcji na platformach jest r\u00f3wnie\u017c jednym z kluczowych aspekt\u00f3w, dla kt\u00f3rych polecamy us\u0142ugi. Im wi\u0119cej operacji mo\u017cna wykona\u0107 w ramach jednej strony internetowej, tym \u0142atwiejszy i ta\u0144szy b\u0119dzie proces transferu pieni\u0119dzy.<\/p>\n\n\n\n<h3 class=\"wp-block-heading\"><strong>Perspektywy na przysz\u0142o\u015b\u0107<\/strong><\/h3>\n\n\n\n<p>\u015awiat kryptowalut to niestabilna i rozwijaj\u0105ca si\u0119 bran\u017ca, ale wszystkie osoby w niej uczestnicz\u0105ce chc\u0105 zarabia\u0107 na tym \u017ar\u00f3dle tak d\u0142ugo, jak to mo\u017cliwe. W dzisiejszych czasach prawie niemo\u017cliwe jest przewidzenie przysz\u0142o\u015bci kryptowalut nawet na dziesi\u0119\u0107 lat do przodu, ale do\u0142o\u017cyli\u015bmy wszelkich stara\u0144, aby zebra\u0107 dla Ciebie te informacje, z dok\u0142adn\u0105 analiz\u0105 u podstaw.<\/p>\n\n\n\n<p>Zdarza si\u0119, \u017ce profesjonalni traderzy dokonuj\u0105 oceny przysz\u0142o\u015bci wszystkich sp\u00f3\u0142ek. <a href=\"https:\/\/www.bestcryptoexchanges.com\/pl\/us\/\" title=\"Najlepsze gie\u0142dy kryptowalut w USA 2025\"  data-wpil-monitor-id=\"2480\">kryptowaluty i gie\u0142dy<\/a> z kontrowersyjnymi prognozami. Nasz zesp\u00f3\u0142 zbada\u0142 wszystkie z nich, aby stworzy\u0107 subiektywn\u0105, ale najbardziej realistyczn\u0105 prognoz\u0119. Wykluczyli\u015bmy prawie wszystkie opcje platform, kt\u00f3re wkr\u00f3tce zako\u0144cz\u0105 swoj\u0105 dzia\u0142alno\u015b\u0107. Handel kryptowalutami zawsze wi\u0105\u017ce si\u0119 z wysokim ryzykiem, a nasi specjali\u015bci staraj\u0105 si\u0119 je zmniejszy\u0107, udzielaj\u0105c porad.&nbsp;<\/p>\n\n\n\n<h2 class=\"wp-block-heading\"><strong>Zastrze\u017cenie<\/strong><\/h2>\n\n\n\n<p>Informacje zebrane przez nasz zesp\u00f3\u0142 s\u0105 bezstronne i wiarygodne, poniewa\u017c bezkrytycznie zbadali\u015bmy wszystkie mo\u017cliwe platformy kryptowalutowe i recenzje na ich temat. Nasze do\u015bwiadczenie pozwala nam tworzy\u0107 odpowiednie recenzje i przedstawia\u0107 korzystne rekomendacje dla u\u017cytkownik\u00f3w.<\/p>\n\n\n\n<p>Jednak aktualizacje pojawiaj\u0105 si\u0119 ka\u017cdego dnia w sferze handlu kryptowalutami, dlatego czasami nasze informacje mog\u0105 nie by\u0107 najnowsze. Mimo to staramy si\u0119 wychwytywa\u0107 wszystkie nowo\u015bci w tej bran\u017cy i natychmiast pokazywa\u0107 je naszym u\u017cytkownikom.<\/p>\n\n\n\n<p>Poza tym, nawet je\u015bli nie uwzgl\u0119dnimy niekt\u00f3rych kryptowalut i gie\u0142d kryptowalut w naszych przewodnikach, nie oznacza to, \u017ce nie mo\u017cesz ich wypr\u00f3bowa\u0107 samodzielnie. Ca\u0142a odpowiedzialno\u015b\u0107 za ryzyko i zyski spoczywa na tobie, dlatego powiniene\u015b zbada\u0107 jak najwi\u0119cej informacji i zdecydowa\u0107 o konkretnych operacjach na podstawie zebranych i przetworzonych danych.&nbsp;<\/p>","protected":false},"excerpt":{"rendered":"<p>W rzeczywisto\u015bci rynek kryptowalut jest jedn\u0105 z najwi\u0119kszych bran\u017c powsta\u0142ych w ostatnich dziesi\u0119cioleciach. Obecnie istnieje kilku lider\u00f3w w\u015br\u00f3d gie\u0142d kryptowalut i samych walut, ale szybki rozw\u00f3j technologiczny pozwala im wprowadza\u0107 zmiany na rynku niemal ka\u017cdego miesi\u0105ca. Wiedza jest bezcenna, aby m\u00f3c podejmowa\u0107 szybkie i korzystne decyzje wymagane [...]<\/p>","protected":false},"author":1,"featured_media":0,"parent":0,"menu_order":0,"comment_status":"closed","ping_status":"closed","template":"","meta":{"footnotes":""},"class_list":["post-10013","page","type-page","status-publish","hentry","post-wrapper","thrv_wrapper"],"_links":{"self":[{"href":"https:\/\/www.bestcryptoexchanges.com\/pl\/wp-json\/wp\/v2\/pages\/10013","targetHints":{"allow":["GET"]}}],"collection":[{"href":"https:\/\/www.bestcryptoexchanges.com\/pl\/wp-json\/wp\/v2\/pages"}],"about":[{"href":"https:\/\/www.bestcryptoexchanges.com\/pl\/wp-json\/wp\/v2\/types\/page"}],"author":[{"embeddable":true,"href":"https:\/\/www.bestcryptoexchanges.com\/pl\/wp-json\/wp\/v2\/users\/1"}],"replies":[{"embeddable":true,"href":"https:\/\/www.bestcryptoexchanges.com\/pl\/wp-json\/wp\/v2\/comments?post=10013"}],"version-history":[{"count":4,"href":"https:\/\/www.bestcryptoexchanges.com\/pl\/wp-json\/wp\/v2\/pages\/10013\/revisions"}],"predecessor-version":[{"id":13660,"href":"https:\/\/www.bestcryptoexchanges.com\/pl\/wp-json\/wp\/v2\/pages\/10013\/revisions\/13660"}],"wp:attachment":[{"href":"https:\/\/www.bestcryptoexchanges.com\/pl\/wp-json\/wp\/v2\/media?parent=10013"}],"curies":[{"name":"wp","href":"https:\/\/api.w.org\/{rel}","templated":true}]}}