{"id":10015,"date":"2021-10-23T17:16:01","date_gmt":"2021-10-23T17:16:01","guid":{"rendered":"https:\/\/www.bestcryptoexchanges.com\/?page_id=10015"},"modified":"2021-10-23T17:18:45","modified_gmt":"2021-10-23T17:18:45","slug":"how-we-rate-crypto-brands","status":"publish","type":"page","link":"https:\/\/www.bestcryptoexchanges.com\/pl\/how-we-rate-crypto-brands\/","title":{"rendered":"Jak oceniamy marki kryptowalutowe"},"content":{"rendered":"<p>Nasza strona internetowa ma na celu przegl\u0105d najlepszych portfeli kryptowalutowych, najbardziej niezawodnych gie\u0142d kryptowalut i powi\u0105zanych us\u0142ug, a tak\u017ce najbardziej dochodowych walut na rynku cyfrowym. U\u017cywamy kilku czynnik\u00f3w, kt\u00f3re mog\u0105 okre\u015bli\u0107, czy dany portfel kryptowalutowy lub gie\u0142da zostan\u0105 uwzgl\u0119dnione w naszych artyku\u0142ach. Ponadto u\u017cytkownicy mog\u0105 znale\u017a\u0107 na naszej stronie przydatne wskaz\u00f3wki dotycz\u0105ce gie\u0142d kryptowalut i rentowno\u015bci najbardziej warto\u015bciowych kryptowalut. Tworzymy list\u0119 najbardziej zaufanych i korzystnych gie\u0142d, oceniaj\u0105c je wed\u0142ug specjalnych kryteri\u00f3w.&nbsp;<\/p>\n\n\n\n<p><strong>Mo\u017cesz zapozna\u0107 si\u0119 z czynnikami, kt\u00f3re uwa\u017camy za wa\u017cne podczas udzielania rekomendacji. Oto na czym si\u0119 skupiamy:<\/strong><\/p>\n\n\n\n<ul class=\"wp-block-list\"><li>System oceny portfeli kryptowalutowych<\/li><li>System oceny gie\u0142d kryptowalut<\/li><li>System oceny kryptowalut<\/li><li>System oceny narz\u0119dzi g\u00f3rniczych<\/li><\/ul>\n\n\n\n<h2 class=\"wp-block-heading\"><strong>System oceny portfeli kryptowalutowych<\/strong><\/h2>\n\n\n\n<ul class=\"wp-block-list\"><li><strong>R\u00f3\u017cnorodno\u015b\u0107 dost\u0119pnych kryptowalut<\/strong><\/li><\/ul>\n\n\n\n<p>Pracuj\u0105c z kryptowalutami, musisz by\u0107 \u015bwiadomy wszystkich proces\u00f3w zachodz\u0105cych na rynku i stara\u0107 si\u0119 nauczy\u0107 dokonywa\u0107 zyskownych operacji z r\u00f3\u017cnymi kryptowalutami. Czasami zakup niekt\u00f3rych kryptowalut mo\u017ce przynie\u015b\u0107 wi\u0119kszy zysk ni\u017c inna operacja, dlatego portfel powinien umo\u017cliwia\u0107 prac\u0119 z kilkoma kryptowalutami jednocze\u015bnie. Kluczow\u0105 kwesti\u0105 dla portfeli kryptowalutowych jest zapewnienie mo\u017cliwo\u015bci handlu jak najwi\u0119ksz\u0105 liczb\u0105 kryptowalut w ramach jednej platformy. Tak wi\u0119c, je\u015bli portfel oferuje klientom tylko bitcoin jako walut\u0119 do handlu, nie ocenimy go tak wysoko, jak portfel z dziesi\u0105tkami dost\u0119pnych kryptowalut.<\/p>\n\n\n\n<ul class=\"wp-block-list\"><li><strong>Bezpiecze\u0144stwo adresu i procesu logowania<\/strong><\/li><\/ul>\n\n\n\n<p>Poniewa\u017c u\u017cytkownicy portfeli kryptowalutowych przechowuj\u0105 w nich ogromne \u015brodki, wa\u017cne jest, aby mie\u0107 pewno\u015b\u0107, \u017ce b\u0119d\u0105 one bezpieczne i chronione. Przede wszystkim sprawdzamy adres internetowy portfela. Je\u015bli zaczyna si\u0119 od HTTPS, uznamy go za wystarczaj\u0105co bezpieczny i znajdzie si\u0119 wy\u017cej w rankingu ni\u017c portfel z adresem HTTP.&nbsp;<\/p>\n\n\n\n<p>Ponadto nasi specjali\u015bci staraj\u0105 si\u0119 uchroni\u0107 Ci\u0119 przed wszelkiego rodzaju oszustwami mo\u017cliwymi podczas pracy z portfelami kryptowalutowymi. Wolimy wi\u0119c poleca\u0107 portfele z uwierzytelnianiem dwusk\u0142adnikowym, poniewa\u017c zapewniaj\u0105 one wi\u0119ksze bezpiecze\u0144stwo konta portfela i aktyw\u00f3w.&nbsp;<\/p>\n\n\n\n<p>Portfel mo\u017ce otrzyma\u0107 wi\u0119cej punkt\u00f3w w naszym rankingu, je\u015bli jest \u201chierarchicznie deterministyczny\u201d. Koncepcja ta jest zwi\u0105zana z adresami dla portfeli kryptowalutowych. W szczeg\u00f3lno\u015bci portfel jest bezpieczniejszy, je\u015bli tworzy nowe adresy kryptograficzne dla ka\u017cdej operacji z aktywami u\u017cytkownika, ni\u017c je\u015bli za ka\u017cdym razem u\u017cywa tego samego adresu portfela.<\/p>\n\n\n\n<ul class=\"wp-block-list\"><li><strong>Niezawodno\u015b\u0107 dostawcy<\/strong><\/li><\/ul>\n\n\n\n<p>Znajomo\u015b\u0107 firmy stoj\u0105cej za portfelem mo\u017ce da\u0107 wi\u0119ksz\u0105 pewno\u015b\u0107 co do jego wiarygodno\u015bci. Z tego powodu sprawdzamy w\u0142a\u015bcicieli i tw\u00f3rc\u00f3w portfeli przed w\u0142\u0105czeniem ich do naszych ranking\u00f3w. Je\u015bli portfel demonstruje wszystkie licencje i dokumenty dotycz\u0105ce ich tw\u00f3rc\u00f3w publicznie, a te firmy i osoby nie zosta\u0142y zauwa\u017cone jako oszu\u015bci w Internecie, ocenimy portfel jako niepodejrzany.&nbsp;<\/p>\n\n\n\n<p>Co wi\u0119cej, musimy zna\u0107 kod portfela, poniewa\u017c sprawia on, \u017ce proces handlu jest bardziej przejrzysty. Tak wi\u0119c, wi\u0119ksza przejrzysto\u015b\u0107 wszystkich operacji zachodz\u0105cych w portfelu sprawia, \u017ce jego niezawodno\u015b\u0107 jest dla nas wy\u017csza.<\/p>\n\n\n\n<ul class=\"wp-block-list\"><li><strong>Ocena portfeli przez u\u017cytkownik\u00f3w<\/strong><\/li><\/ul>\n\n\n\n<p>Istnieje wiele stron internetowych, takich jak Reddit, z otwartymi forami dla u\u017cytkownik\u00f3w portfeli kryptowalutowych. Serwisy te pozwalaj\u0105 ludziom dzieli\u0107 si\u0119 do\u015bwiadczeniami z pracy z platformami i wyra\u017ca\u0107 swoje opinie. Ocena portfela przez spo\u0142eczno\u015b\u0107 mo\u017ce by\u0107 kluczowym czynnikiem dla rekomendacji dowolnej platformy, poniewa\u017c mo\u017ce pokaza\u0107 strony us\u0142ug, kt\u00f3re s\u0105 ukrywane przez programist\u00f3w. Na przyk\u0142ad staramy si\u0119 znale\u017a\u0107 \u015bredni\u0105 opini\u0119 na temat portfela kryptowalutowego, ale zwracamy r\u00f3wnie\u017c uwag\u0119 na negatywne recenzje i ich prawdziwo\u015b\u0107.<\/p>\n\n\n\n<p>Nawiasem m\u00f3wi\u0105c, recenzje do\u015bwiadczonych u\u017cytkownik\u00f3w mog\u0105 by\u0107 wska\u017anikami wygody platform dla klient\u00f3w. Projekt interfejsu mo\u017ce wp\u0142ywa\u0107 na pozycj\u0119 portfela w rankingu w taki spos\u00f3b, \u017ce bardziej intuicyjna struktura us\u0142ugi b\u0119dzie wy\u017cej oceniana przez naszych specjalist\u00f3w. Je\u015bli do\u015bwiadczeni u\u017cytkownicy twierdz\u0105, \u017ce istniej\u0105 pewne zawi\u0142o\u015bci w procesie pracy z portfelem, sprawdzimy to i we\u017amiemy pod uwag\u0119 podczas tworzenia oceny.<\/p>\n\n\n\n<ul class=\"wp-block-list\"><li><strong>Rozs\u0105dno\u015b\u0107 op\u0142at i prowizji<\/strong><\/li><\/ul>\n\n\n\n<p>Kiedy osoba chce rozpocz\u0105\u0107 handel z portfelem, zawsze jest zainteresowana cen\u0105 za jego u\u017cytkowanie. Dlatego nasz zesp\u00f3\u0142 szacuje \u015bredni\u0105 cen\u0119 na rynku dla wszystkich \u015bwiadczonych us\u0142ug i ocenia portfel jako tani w u\u017cyciu lub drogi. Oczywi\u015bcie cena zale\u017cy od wydajno\u015bci portfela i uwzgl\u0119dniamy ten czynnik w naszym systemie szacowania.<\/p>\n\n\n\n<h2 class=\"wp-block-heading\"><strong>System oceny gie\u0142d kryptowalut<\/strong><\/h2>\n\n\n\n<p><strong>Stosujemy nieco inny system oceny gie\u0142d kryptowalut, kt\u00f3ry opiera si\u0119 na nast\u0119puj\u0105cych aspektach:<\/strong><\/p>\n\n\n\n<ul class=\"wp-block-list\"><li>Liczba dost\u0119pnych monet;<\/li><li>Wydajno\u015b\u0107 obs\u0142ugi klienta;<\/li><li>Ochrona transakcji i aktyw\u00f3w;<\/li><li>Ceny;<\/li><li>Wygoda interfejsu;<\/li><li>Akceptowane metody p\u0142atno\u015bci.<\/li><\/ul>\n\n\n\n<p>Na podstawie oceny ka\u017cdego z czynnik\u00f3w tworzymy system ratingowy i podkre\u015blamy g\u0142\u00f3wne zalety i wady danej gie\u0142dy kryptowalut. Oznacza to, \u017ce oferujemy naszym czytelnikom mo\u017cliwo\u015b\u0107 samodzielnego wyboru gie\u0142dy, zgodnie ze znaczeniem ka\u017cdego elementu dla nich. W ten spos\u00f3b niekt\u00f3re platformy b\u0119d\u0105 bardziej praktyczne dla pocz\u0105tkuj\u0105cych, a inne dla do\u015bwiadczonych u\u017cytkownik\u00f3w.<\/p>\n\n\n\n<h2 class=\"wp-block-heading\"><strong>System oceny kryptowalut<\/strong><\/h2>\n\n\n\n<p><strong>Oceniaj\u0105c korzy\u015bci p\u0142yn\u0105ce z handlu kryptowalutami na potrzeby naszych recenzji, zwracamy uwag\u0119 na bie\u017c\u0105ce zmiany na rynku i podstawowe szacunki wsp\u00f3lne dla kryptowalut:<\/strong><\/p>\n\n\n\n<ul class=\"wp-block-list\"><li>Poda\u017c i popyt na monet\u0119;<\/li><li>Przyj\u0119cie waluty do powszechnego u\u017cytku;<\/li><li>Koszty produkcji;<\/li><li>Liczba portfeli kryptowalut na rynku;<\/li><li>Interakcja kryptowaluty z walutami fiducjarnymi;<\/li><li>Kontrola nad zasobami walutowymi przez rz\u0105d.<\/li><\/ul>\n\n\n\n<p>Po zebraniu danych na temat wszystkich czynnik\u00f3w wymienionych powy\u017cej dla kryptowalut, tworzymy dla nich recenzje por\u00f3wnawcze. Jako potencjalny nabywca monet mo\u017cesz by\u0107 zainteresowany niekt\u00f3rymi istotnymi punktami bardziej ni\u017c innymi, dlatego dajemy Ci mo\u017cliwo\u015b\u0107 samodzielnego wyboru kryptowaluty na podstawie naszych bada\u0144 i recenzji.<\/p>\n\n\n\n<h2 class=\"wp-block-heading\"><strong>System oceny narz\u0119dzi g\u00f3rniczych<\/strong><\/h2>\n\n\n\n<p>Opr\u00f3cz portfeli kryptowalutowych, gie\u0142d i samych kryptowalut, cz\u0119\u015b\u0107 naszej strony po\u015bwi\u0119camy narz\u0119dziom g\u00f3rniczym. Temat ten wymaga innego systemu oceny, poniewa\u017c jest bardziej z\u0142o\u017cony. Niemniej jednak, bezpiecze\u0144stwo basen\u00f3w i oprogramowania do wydobywania jest dla nas kluczow\u0105 rzecz\u0105, kt\u00f3r\u0105 musimy wzi\u0105\u0107 pod uwag\u0119 przy tworzeniu precyzyjnych rekomendacji. Nasz zesp\u00f3\u0142 dok\u0142ada wszelkich stara\u0144, aby by\u0107 na bie\u017c\u0105co z najnowszymi osi\u0105gni\u0119ciami w tej dziedzinie.&nbsp;<\/p>\n\n\n\n<p><strong>W systemie oceny narz\u0119dzi g\u00f3rniczych uwzgl\u0119dniamy nast\u0119puj\u0105ce czynniki:<\/strong><\/p>\n\n\n\n<ul class=\"wp-block-list\"><li>Op\u0142aty i prowizje;<\/li><li>Ergonomia;<\/li><li>Dost\u0119pne charakterystyki konfiguracji;<\/li><li>Reputacja basen\u00f3w.<\/li><\/ul>\n\n\n\n<p>Zawarto\u015b\u0107 naszej strony jest zr\u00f3\u017cnicowana i praktyczna dzi\u0119ki profesjonalnej pracy naszych analityk\u00f3w, ekspert\u00f3w i autor\u00f3w. Opr\u00f3cz recenzji kryptowalut i narz\u0119dzi do handlu i wydobywania, po\u015bwi\u0119camy artyku\u0142y wa\u017cnym bie\u017c\u0105cym wydarzeniom na rynku. Bycie na bie\u017c\u0105co z najnowszymi wiadomo\u015bciami na temat \u015bwiata kryptowalut pozwala naszym klientom zarabia\u0107 wi\u0119cej pieni\u0119dzy i dlatego codziennie sprawdzamy raporty analityczne. Je\u015bli chodzi o wiarygodno\u015b\u0107 takich raport\u00f3w, nasi specjali\u015bci wykonuj\u0105 operacje weryfikacyjne przed wykorzystaniem danych z zewn\u0119trznych stron internetowych. Dlatego wszyscy nasi u\u017cytkownicy mog\u0105 w pe\u0142ni zaufa\u0107 dostarczanym przez nas informacjom i wykorzysta\u0107 je do zwi\u0119kszenia swoich zysk\u00f3w w kryptowalutach.&nbsp;<\/p>","protected":false},"excerpt":{"rendered":"<p>Nasza strona internetowa ma na celu przegl\u0105d najlepszych portfeli kryptowalutowych, najbardziej niezawodnych gie\u0142d kryptowalut i powi\u0105zanych us\u0142ug, a tak\u017ce najbardziej dochodowych walut na rynku cyfrowym. U\u017cywamy kilku czynnik\u00f3w, kt\u00f3re mog\u0105 okre\u015bli\u0107, czy dany portfel kryptowalutowy lub gie\u0142da zostan\u0105 uwzgl\u0119dnione w naszych artyku\u0142ach. Dodatkowo, u\u017cytkownicy mog\u0105 znale\u017a\u0107 przydatne [...]<\/p>","protected":false},"author":1,"featured_media":0,"parent":0,"menu_order":0,"comment_status":"closed","ping_status":"closed","template":"","meta":{"footnotes":""},"class_list":["post-10015","page","type-page","status-publish","hentry","post-wrapper","thrv_wrapper"],"_links":{"self":[{"href":"https:\/\/www.bestcryptoexchanges.com\/pl\/wp-json\/wp\/v2\/pages\/10015","targetHints":{"allow":["GET"]}}],"collection":[{"href":"https:\/\/www.bestcryptoexchanges.com\/pl\/wp-json\/wp\/v2\/pages"}],"about":[{"href":"https:\/\/www.bestcryptoexchanges.com\/pl\/wp-json\/wp\/v2\/types\/page"}],"author":[{"embeddable":true,"href":"https:\/\/www.bestcryptoexchanges.com\/pl\/wp-json\/wp\/v2\/users\/1"}],"replies":[{"embeddable":true,"href":"https:\/\/www.bestcryptoexchanges.com\/pl\/wp-json\/wp\/v2\/comments?post=10015"}],"version-history":[{"count":2,"href":"https:\/\/www.bestcryptoexchanges.com\/pl\/wp-json\/wp\/v2\/pages\/10015\/revisions"}],"predecessor-version":[{"id":10019,"href":"https:\/\/www.bestcryptoexchanges.com\/pl\/wp-json\/wp\/v2\/pages\/10015\/revisions\/10019"}],"wp:attachment":[{"href":"https:\/\/www.bestcryptoexchanges.com\/pl\/wp-json\/wp\/v2\/media?parent=10015"}],"curies":[{"name":"wp","href":"https:\/\/api.w.org\/{rel}","templated":true}]}}