{"id":10602,"date":"2025-07-20T15:43:56","date_gmt":"2025-07-20T15:43:56","guid":{"rendered":"https:\/\/www.bestcryptoexchanges.com\/?page_id=10602"},"modified":"2025-07-20T15:43:56","modified_gmt":"2025-07-20T15:43:56","slug":"about","status":"publish","type":"page","link":"https:\/\/www.bestcryptoexchanges.com\/pl\/about\/","title":{"rendered":"Informacje o BestCryptoExchanges"},"content":{"rendered":"<h1 class=\"wp-block-heading\">Dowiedz si\u0119, zanim zainwestujesz w kryptowalut\u0119!<\/h1>\r\n\r\n\r\n\r\n<p>Chcesz wej\u015b\u0107 w Bitcoin i nie wiesz od czego zacz\u0105\u0107? Trafi\u0142e\u015b we w\u0142a\u015bciwe miejsce. Nasze zasoby dotycz\u0105ce blockchain i walut cyfrowych s\u0105 najbardziej wszechstronnymi, prostymi i \u0142atwymi do zrozumienia przewodnikami, jakie mo\u017cna znale\u017a\u0107 w Internecie. Sprawd\u017a je sam.<\/p>\r\n\r\n\r\n\r\n<figure class=\"wp-block-image size-full is-resized\"><img decoding=\"async\" width=\"640\" height=\"640\" class=\"wp-image-10603\" style=\"width: 341px; height: auto;\" src=\"https:\/\/www.bestcryptoexchanges.com\/wp-content\/uploads\/2025\/06\/image.png\" alt=\"\" title=\"\" srcset=\"https:\/\/www.bestcryptoexchanges.com\/wp-content\/uploads\/2025\/06\/image.png 640w, https:\/\/www.bestcryptoexchanges.com\/wp-content\/uploads\/2025\/06\/image-300x300.png 300w, https:\/\/www.bestcryptoexchanges.com\/wp-content\/uploads\/2025\/06\/image-150x150.png 150w\" sizes=\"(max-width: 640px) 100vw, 640px\" \/><\/figure>\r\n\r\n\r\n\r\n<p><strong>Brian Forester, redaktor naczelny, BestCryptoExchanges.Com<\/strong><\/p>","protected":false},"excerpt":{"rendered":"<p>Dowiedz si\u0119, zanim zainwestujesz w kryptowaluty! Chcesz wej\u015b\u0107 w Bitcoina i nie wiesz od czego zacz\u0105\u0107? Trafi\u0142e\u015b we w\u0142a\u015bciwe miejsce. Nasze zasoby dotycz\u0105ce blockchain i walut cyfrowych s\u0105 najbardziej wszechstronnymi, prostymi i \u0142atwymi do zrozumienia przewodnikami, jakie mo\u017cna znale\u017a\u0107 w Internecie. Sprawd\u017a je sam. Brian Forester, redaktor naczelny, BestCryptoExchanges.Com<\/p>","protected":false},"author":1,"featured_media":0,"parent":0,"menu_order":0,"comment_status":"closed","ping_status":"closed","template":"","meta":{"footnotes":""},"class_list":["post-10602","page","type-page","status-publish","hentry","post-wrapper","thrv_wrapper"],"_links":{"self":[{"href":"https:\/\/www.bestcryptoexchanges.com\/pl\/wp-json\/wp\/v2\/pages\/10602","targetHints":{"allow":["GET"]}}],"collection":[{"href":"https:\/\/www.bestcryptoexchanges.com\/pl\/wp-json\/wp\/v2\/pages"}],"about":[{"href":"https:\/\/www.bestcryptoexchanges.com\/pl\/wp-json\/wp\/v2\/types\/page"}],"author":[{"embeddable":true,"href":"https:\/\/www.bestcryptoexchanges.com\/pl\/wp-json\/wp\/v2\/users\/1"}],"replies":[{"embeddable":true,"href":"https:\/\/www.bestcryptoexchanges.com\/pl\/wp-json\/wp\/v2\/comments?post=10602"}],"version-history":[{"count":2,"href":"https:\/\/www.bestcryptoexchanges.com\/pl\/wp-json\/wp\/v2\/pages\/10602\/revisions"}],"predecessor-version":[{"id":10872,"href":"https:\/\/www.bestcryptoexchanges.com\/pl\/wp-json\/wp\/v2\/pages\/10602\/revisions\/10872"}],"wp:attachment":[{"href":"https:\/\/www.bestcryptoexchanges.com\/pl\/wp-json\/wp\/v2\/media?parent=10602"}],"curies":[{"name":"wp","href":"https:\/\/api.w.org\/{rel}","templated":true}]}}