{"id":9997,"date":"2021-10-05T10:39:50","date_gmt":"2021-10-05T10:39:50","guid":{"rendered":"https:\/\/www.bestcryptoexchanges.com\/?page_id=9997"},"modified":"2021-10-05T10:47:12","modified_gmt":"2021-10-05T10:47:12","slug":"privacy-policy","status":"publish","type":"page","link":"https:\/\/www.bestcryptoexchanges.com\/pl\/privacy-policy\/","title":{"rendered":"Polityka prywatno\u015bci"},"content":{"rendered":"<p>Ostatnia aktualizacja: 15 lipca 2020 r.<\/p>\n\n\n\n<p>CryptoCurry (\u201cmy\u201d, \u201cnas\u201d lub \u201cnasz\u201d) prowadzi stron\u0119 internetow\u0105 CryptoCurry (\u201cUs\u0142uga\u201d).<\/p>\n\n\n\n<p>Niniejsza strona zawiera informacje na temat naszych zasad dotycz\u0105cych gromadzenia, wykorzystywania i ujawniania Danych osobowych podczas korzystania z naszej Us\u0142ugi.<\/p>\n\n\n\n<p>Nie b\u0119dziemy wykorzystywa\u0107 ani udost\u0119pnia\u0107 danych u\u017cytkownika nikomu, z wyj\u0105tkiem przypadk\u00f3w opisanych w niniejszej Polityce prywatno\u015bci.<\/p>\n\n\n\n<p>Wykorzystujemy dane osobowe u\u017cytkownika w celu \u015bwiadczenia i ulepszania Us\u0142ugi. Korzystaj\u0105c z Us\u0142ugi, u\u017cytkownik wyra\u017ca zgod\u0119 na gromadzenie i wykorzystywanie informacji zgodnie z niniejsz\u0105 polityk\u0105. O ile w niniejszej Polityce prywatno\u015bci nie okre\u015blono inaczej, terminy u\u017cyte w niniejszej Polityce prywatno\u015bci maj\u0105 takie samo znaczenie, jak w naszych Warunkach, dost\u0119pnych pod adresem https:\/\/cryptocurry.com.<\/p>\n\n\n\n<h2 class=\"wp-block-heading\">Gromadzenie i wykorzystywanie informacji<\/h2>\n\n\n\n<p>Podczas korzystania z naszej Us\u0142ugi mo\u017cemy poprosi\u0107 u\u017cytkownika o podanie pewnych danych osobowych, kt\u00f3re mog\u0105 zosta\u0107 wykorzystane do skontaktowania si\u0119 z u\u017cytkownikiem lub jego identyfikacji. Dane osobowe (\u201cDane Osobowe\u201d) mog\u0105 obejmowa\u0107 mi\u0119dzy innymi:<\/p>\n\n\n\n<ul class=\"wp-block-list\"><li>Adres e-mail<\/li><\/ul>\n\n\n\n<h2 class=\"wp-block-heading\">Dane dziennika<\/h2>\n\n\n\n<p>Gromadzimy informacje, kt\u00f3re przegl\u0105darka u\u017cytkownika wysy\u0142a za ka\u017cdym razem, gdy odwiedza on nasz\u0105 Us\u0142ug\u0119 (\u201cDane dziennika\u201d). Te dane dziennika mog\u0105 zawiera\u0107 takie informacje, jak adres protoko\u0142u internetowego (\u201cIP\u201d) komputera, typ przegl\u0105darki, wersja przegl\u0105darki, odwiedzane strony naszej Us\u0142ugi, godzina i data wizyty, czas sp\u0119dzony na tych stronach i inne statystyki.<\/p>\n\n\n\n<h2 class=\"wp-block-heading\">Pliki cookie<\/h2>\n\n\n\n<p>Pliki cookie to pliki zawieraj\u0105ce niewielk\u0105 ilo\u015b\u0107 danych, kt\u00f3re mog\u0105 zawiera\u0107 anonimowy unikatowy identyfikator. Pliki cookie s\u0105 wysy\u0142ane do przegl\u0105darki z witryny internetowej i przechowywane na dysku twardym komputera.<\/p>\n\n\n\n<p>U\u017cywamy plik\u00f3w \u201ccookie\u201d do zbierania informacji. U\u017cytkownik mo\u017ce poinstruowa\u0107 swoj\u0105 przegl\u0105dark\u0119, aby odrzuca\u0142a wszystkie pliki cookie lub wskazywa\u0142a, kiedy plik cookie jest wysy\u0142any. Je\u015bli jednak u\u017cytkownik nie zaakceptuje plik\u00f3w cookie, mo\u017ce nie by\u0107 w stanie korzysta\u0107 z niekt\u00f3rych cz\u0119\u015bci naszej Us\u0142ugi.<\/p>\n\n\n\n<h2 class=\"wp-block-heading\">Dostawcy us\u0142ug<\/h2>\n\n\n\n<p>Mo\u017cemy zatrudnia\u0107 firmy i osoby trzecie w celu u\u0142atwienia korzystania z naszej Us\u0142ugi, \u015bwiadczenia Us\u0142ugi w naszym imieniu, \u015bwiadczenia us\u0142ug zwi\u0105zanych z Us\u0142ug\u0105 lub pomagania nam w analizowaniu sposobu korzystania z naszej Us\u0142ugi.<\/p>\n\n\n\n<p>Te osoby trzecie maj\u0105 dost\u0119p do Danych osobowych u\u017cytkownika wy\u0142\u0105cznie w celu wykonywania tych zada\u0144 w naszym imieniu i s\u0105 zobowi\u0105zane do nieujawniania ani niewykorzystywania ich w \u017cadnym innym celu.<\/p>\n\n\n\n<h2 class=\"wp-block-heading\">Bezpiecze\u0144stwo<\/h2>\n\n\n\n<p>Bezpiecze\u0144stwo danych osobowych u\u017cytkownika jest dla nas wa\u017cne, ale nale\u017cy pami\u0119ta\u0107, \u017ce \u017cadna metoda transmisji przez Internet ani metoda elektronicznego przechowywania danych nie jest bezpieczna. Chocia\u017c staramy si\u0119 wykorzystywa\u0107 komercyjnie akceptowalne \u015brodki w celu ochrony danych osobowych u\u017cytkownika, nie mo\u017cemy zagwarantowa\u0107 ich ca\u0142kowitego bezpiecze\u0144stwa.<\/p>\n\n\n\n<h2 class=\"wp-block-heading\">Linki do innych stron<\/h2>\n\n\n\n<p>Nasza us\u0142uga mo\u017ce zawiera\u0107 \u0142\u0105cza do innych witryn, kt\u00f3re nie s\u0105 przez nas obs\u0142ugiwane. Klikni\u0119cie \u0142\u0105cza strony trzeciej spowoduje przekierowanie do witryny tej strony trzeciej. Zdecydowanie zalecamy zapoznanie si\u0119 z Polityk\u0105 prywatno\u015bci ka\u017cdej odwiedzanej witryny.<\/p>\n\n\n\n<p>Nie mamy \u017cadnej kontroli i nie ponosimy \u017cadnej odpowiedzialno\u015bci za tre\u015bci, polityk\u0119 prywatno\u015bci lub praktyki stron lub us\u0142ug stron trzecich.<\/p>\n\n\n\n<h2 class=\"wp-block-heading\">Prywatno\u015b\u0107 dzieci<\/h2>\n\n\n\n<p>Nasza Us\u0142uga nie jest skierowana do os\u00f3b poni\u017cej 18 roku \u017cycia (\u201cDzieci\u201d).<\/p>\n\n\n\n<p>Nie zbieramy \u015bwiadomie danych osobowych od dzieci poni\u017cej 18 roku \u017cycia. Je\u015bli jeste\u015b rodzicem lub opiekunem i wiesz, \u017ce Twoje dziecko przekaza\u0142o nam Dane osobowe, skontaktuj si\u0119 z nami. Je\u015bli odkryjemy, \u017ce dziecko poni\u017cej 18 roku \u017cycia przekaza\u0142o nam Dane osobowe, natychmiast usuniemy takie informacje z naszych serwer\u00f3w.<\/p>\n\n\n\n<h2 class=\"wp-block-heading\">Zgodno\u015b\u0107 z przepisami prawa<\/h2>\n\n\n\n<p>Ujawnimy dane osobowe u\u017cytkownika, je\u015bli b\u0119dzie to wymagane przez prawo lub wezwanie s\u0105dowe.<\/p>\n\n\n\n<h2 class=\"wp-block-heading\">Zmiany w niniejszej Polityce prywatno\u015bci<\/h2>\n\n\n\n<p>Od czasu do czasu mo\u017cemy aktualizowa\u0107 nasz\u0105 Polityk\u0119 prywatno\u015bci. Powiadomimy u\u017cytkownika o wszelkich zmianach, publikuj\u0105c now\u0105 Polityk\u0119 prywatno\u015bci na tej stronie.<\/p>\n\n\n\n<p>Zaleca si\u0119 okresowe sprawdzanie niniejszej Polityki prywatno\u015bci pod k\u0105tem wszelkich zmian. Zmiany w niniejszej Polityce prywatno\u015bci wchodz\u0105 w \u017cycie z chwil\u0105 ich opublikowania na tej stronie.<\/p>\n\n\n\n<h2 class=\"wp-block-heading\">Kontakt<\/h2>\n\n\n\n<p>W przypadku jakichkolwiek pyta\u0144 dotycz\u0105cych niniejszej Polityki prywatno\u015bci prosimy o kontakt.<\/p>","protected":false},"excerpt":{"rendered":"<p>Ostatnia aktualizacja: 15 lipca 2020 r. CryptoCurry (\u201cmy\u201d, \u201cnas\u201d lub \u201cnasz\u201d) prowadzi stron\u0119 internetow\u0105 CryptoCurry (\u201cUs\u0142uga\u201d). Ta strona informuje o naszych zasadach dotycz\u0105cych gromadzenia, wykorzystywania i ujawniania danych osobowych podczas korzystania z naszej Us\u0142ugi. Nie b\u0119dziemy wykorzystywa\u0107 ani udost\u0119pnia\u0107 Twoich danych nikomu, z wyj\u0105tkiem przypadk\u00f3w opisanych w niniejszej Polityce prywatno\u015bci. My [...]<\/p>","protected":false},"author":1,"featured_media":0,"parent":0,"menu_order":0,"comment_status":"closed","ping_status":"closed","template":"","meta":{"footnotes":""},"class_list":["post-9997","page","type-page","status-publish","hentry","post-wrapper","thrv_wrapper"],"_links":{"self":[{"href":"https:\/\/www.bestcryptoexchanges.com\/pl\/wp-json\/wp\/v2\/pages\/9997","targetHints":{"allow":["GET"]}}],"collection":[{"href":"https:\/\/www.bestcryptoexchanges.com\/pl\/wp-json\/wp\/v2\/pages"}],"about":[{"href":"https:\/\/www.bestcryptoexchanges.com\/pl\/wp-json\/wp\/v2\/types\/page"}],"author":[{"embeddable":true,"href":"https:\/\/www.bestcryptoexchanges.com\/pl\/wp-json\/wp\/v2\/users\/1"}],"replies":[{"embeddable":true,"href":"https:\/\/www.bestcryptoexchanges.com\/pl\/wp-json\/wp\/v2\/comments?post=9997"}],"version-history":[{"count":2,"href":"https:\/\/www.bestcryptoexchanges.com\/pl\/wp-json\/wp\/v2\/pages\/9997\/revisions"}],"predecessor-version":[{"id":10002,"href":"https:\/\/www.bestcryptoexchanges.com\/pl\/wp-json\/wp\/v2\/pages\/9997\/revisions\/10002"}],"wp:attachment":[{"href":"https:\/\/www.bestcryptoexchanges.com\/pl\/wp-json\/wp\/v2\/media?parent=9997"}],"curies":[{"name":"wp","href":"https:\/\/api.w.org\/{rel}","templated":true}]}}