{"id":9999,"date":"2021-10-05T10:41:03","date_gmt":"2021-10-05T10:41:03","guid":{"rendered":"https:\/\/www.bestcryptoexchanges.com\/?page_id=9999"},"modified":"2021-10-05T10:49:17","modified_gmt":"2021-10-05T10:49:17","slug":"terms-and-conditions","status":"publish","type":"page","link":"https:\/\/www.bestcryptoexchanges.com\/pl\/terms-and-conditions\/","title":{"rendered":"Zasady i warunki"},"content":{"rendered":"<p>Ostatnia aktualizacja: 15 lipca 2020 r.<\/p>\n\n\n\n<p>Prosimy o uwa\u017cne zapoznanie si\u0119 z niniejszymi Warunkami u\u017cytkowania (\u201cWarunki\u201d, \u201cWarunki u\u017cytkowania\u201d) przed rozpocz\u0119ciem korzystania ze strony internetowej https:\/\/cryptocurry.com (\u201cUs\u0142uga\u201d) obs\u0142ugiwanej przez CryptoCurry (\u201cmy\u201d, \u201cnas\u201d lub \u201cnasz\u201d).<\/p>\n\n\n\n<p>Dost\u0119p do Us\u0142ugi i korzystanie z niej jest uzale\u017cnione od akceptacji i przestrzegania niniejszych Warunk\u00f3w. Niniejsze Warunki maj\u0105 zastosowanie do wszystkich odwiedzaj\u0105cych, u\u017cytkownik\u00f3w i innych os\u00f3b, kt\u00f3re uzyskuj\u0105 dost\u0119p do Us\u0142ugi lub z niej korzystaj\u0105.<\/p>\n\n\n\n<p>Uzyskuj\u0105c dost\u0119p do Us\u0142ugi lub korzystaj\u0105c z niej, u\u017cytkownik wyra\u017ca zgod\u0119 na przestrzeganie niniejszych Warunk\u00f3w. Je\u015bli u\u017cytkownik nie zgadza si\u0119 z jak\u0105kolwiek cz\u0119\u015bci\u0105 Regulaminu, nie mo\u017ce korzysta\u0107 z Us\u0142ugi.<\/p>\n\n\n\n<h2 class=\"wp-block-heading\">W\u0142asno\u015b\u0107 intelektualna<\/h2>\n\n\n\n<p>Us\u0142uga i jej oryginalna zawarto\u015b\u0107, funkcje i funkcjonalno\u015b\u0107 s\u0105 i pozostan\u0105 wy\u0142\u0105czn\u0105 w\u0142asno\u015bci\u0105 CryptoCurry i jej licencjodawc\u00f3w.<\/p>\n\n\n\n<h2 class=\"wp-block-heading\">Linki do innych stron internetowych<\/h2>\n\n\n\n<p>Nasza us\u0142uga mo\u017ce zawiera\u0107 \u0142\u0105cza do stron internetowych lub us\u0142ug stron trzecich, kt\u00f3re nie s\u0105 w\u0142asno\u015bci\u0105 CryptoCurry ani nie s\u0105 przez ni\u0105 kontrolowane.<\/p>\n\n\n\n<p>CryptoCurry nie ma kontroli i nie ponosi odpowiedzialno\u015bci za tre\u015bci, polityk\u0119 prywatno\u015bci lub praktyki stron internetowych lub us\u0142ug stron trzecich. Ponadto u\u017cytkownik przyjmuje do wiadomo\u015bci i zgadza si\u0119, \u017ce CryptoCurry nie ponosi odpowiedzialno\u015bci, bezpo\u015brednio lub po\u015brednio, za jakiekolwiek szkody lub straty spowodowane lub rzekomo spowodowane przez lub w zwi\u0105zku z korzystaniem lub poleganiem na takich tre\u015bciach, towarach lub us\u0142ugach dost\u0119pnych na lub za po\u015brednictwem takich stron internetowych lub us\u0142ug.<\/p>\n\n\n\n<p>Zdecydowanie zalecamy zapoznanie si\u0119 z warunkami i politykami prywatno\u015bci wszelkich odwiedzanych witryn internetowych lub us\u0142ug stron trzecich.<\/p>\n\n\n\n<h2 class=\"wp-block-heading\">Zako\u0144czenie<\/h2>\n\n\n\n<p>Mo\u017cemy zako\u0144czy\u0107 lub zawiesi\u0107 dost\u0119p do naszej Us\u0142ugi natychmiast, bez wcze\u015bniejszego powiadomienia lub odpowiedzialno\u015bci, z dowolnego powodu, w tym mi\u0119dzy innymi w przypadku naruszenia Warunk\u00f3w.<\/p>\n\n\n\n<p>Wszystkie postanowienia Warunk\u00f3w, kt\u00f3re ze wzgl\u0119du na sw\u00f3j charakter powinny pozosta\u0107 w mocy po rozwi\u0105zaniu, pozostaj\u0105 w mocy po rozwi\u0105zaniu, w tym mi\u0119dzy innymi postanowienia dotycz\u0105ce w\u0142asno\u015bci, wy\u0142\u0105czenia gwarancji, odszkodowania i ograniczenia odpowiedzialno\u015bci.<\/p>\n\n\n\n<h2 class=\"wp-block-heading\">Zastrze\u017cenie<\/h2>\n\n\n\n<p>U\u017cytkownik korzysta z Us\u0142ugi na w\u0142asne ryzyko. Us\u0142uga jest \u015bwiadczona na zasadzie \u201cTAK JAK JEST\u201d i \u201cW MIAR\u0118 DOST\u0118PNO\u015aCI\u201d. Us\u0142uga jest \u015bwiadczona bez jakichkolwiek gwarancji, wyra\u017anych lub dorozumianych, w tym mi\u0119dzy innymi dorozumianych gwarancji przydatno\u015bci handlowej, przydatno\u015bci do okre\u015blonego celu, nienaruszania praw lub przebiegu dzia\u0142ania.<\/p>\n\n\n\n<h2 class=\"wp-block-heading\">Prawo w\u0142a\u015bciwe<\/h2>\n\n\n\n<p>Niniejsze Warunki b\u0119d\u0105 regulowane i interpretowane zgodnie z prawem Stan\u00f3w Zjednoczonych, bez wzgl\u0119du na przepisy kolizyjne.<\/p>\n\n\n\n<p>Niewyegzekwowanie przez nas jakiegokolwiek prawa lub postanowienia niniejszych Warunk\u00f3w nie b\u0119dzie uwa\u017cane za zrzeczenie si\u0119 tych praw. Je\u015bli kt\u00f3rekolwiek z postanowie\u0144 niniejszych Warunk\u00f3w zostanie uznane przez s\u0105d za niewa\u017cne lub niewykonalne, pozosta\u0142e postanowienia niniejszych Warunk\u00f3w pozostan\u0105 w mocy. Niniejsze Warunki stanowi\u0105 ca\u0142o\u015b\u0107 porozumienia mi\u0119dzy nami w odniesieniu do naszej Us\u0142ugi i zast\u0119puj\u0105 wszelkie wcze\u015bniejsze umowy, kt\u00f3re mogli\u015bmy zawrze\u0107 mi\u0119dzy nami w odniesieniu do Us\u0142ugi.<\/p>\n\n\n\n<h2 class=\"wp-block-heading\">Zmiany<\/h2>\n\n\n\n<p>Zastrzegamy sobie prawo, wed\u0142ug w\u0142asnego uznania, do zmiany lub zast\u0105pienia niniejszych Warunk\u00f3w w dowolnym momencie. Je\u015bli zmiana jest istotna, postaramy si\u0119 zapewni\u0107 co najmniej 30-dniowe powiadomienie przed wej\u015bciem w \u017cycie nowych warunk\u00f3w. To, co stanowi istotn\u0105 zmian\u0119, zostanie okre\u015blone wed\u0142ug naszego wy\u0142\u0105cznego uznania.<\/p>\n\n\n\n<p>Kontynuuj\u0105c dost\u0119p lub korzystanie z naszej Us\u0142ugi po wej\u015bciu w \u017cycie tych zmian, u\u017cytkownik wyra\u017ca zgod\u0119 na przestrzeganie zmienionych warunk\u00f3w. Je\u015bli u\u017cytkownik nie wyra\u017ca zgody na nowe warunki, powinien zaprzesta\u0107 korzystania z Us\u0142ugi.<\/p>\n\n\n\n<h2 class=\"wp-block-heading\">Kontakt<\/h2>\n\n\n\n<p>W przypadku jakichkolwiek pyta\u0144 dotycz\u0105cych niniejszych Warunk\u00f3w, prosimy o kontakt.<\/p>","protected":false},"excerpt":{"rendered":"<p>Ostatnia aktualizacja: 15 lipca 2020 r. Prosimy o uwa\u017cne zapoznanie si\u0119 z niniejszymi Warunkami u\u017cytkowania (\u201cWarunki\u201d, \u201cWarunki u\u017cytkowania\u201d) przed rozpocz\u0119ciem korzystania ze strony internetowej https:\/\/cryptocurry.com (\u201cUs\u0142uga\u201d) obs\u0142ugiwanej przez CryptoCurry (\u201cnas\u201d, \u201cmy\u201d lub \u201cnasz\u201d). Dost\u0119p do Us\u0142ugi i korzystanie z niej jest uzale\u017cnione od akceptacji i przestrzegania niniejszych Warunk\u00f3w. Niniejsze Warunki maj\u0105 zastosowanie do wszystkich odwiedzaj\u0105cych, [...]<\/p>","protected":false},"author":1,"featured_media":0,"parent":0,"menu_order":0,"comment_status":"closed","ping_status":"closed","template":"","meta":{"footnotes":""},"class_list":["post-9999","page","type-page","status-publish","hentry","post-wrapper","thrv_wrapper"],"_links":{"self":[{"href":"https:\/\/www.bestcryptoexchanges.com\/pl\/wp-json\/wp\/v2\/pages\/9999","targetHints":{"allow":["GET"]}}],"collection":[{"href":"https:\/\/www.bestcryptoexchanges.com\/pl\/wp-json\/wp\/v2\/pages"}],"about":[{"href":"https:\/\/www.bestcryptoexchanges.com\/pl\/wp-json\/wp\/v2\/types\/page"}],"author":[{"embeddable":true,"href":"https:\/\/www.bestcryptoexchanges.com\/pl\/wp-json\/wp\/v2\/users\/1"}],"replies":[{"embeddable":true,"href":"https:\/\/www.bestcryptoexchanges.com\/pl\/wp-json\/wp\/v2\/comments?post=9999"}],"version-history":[{"count":2,"href":"https:\/\/www.bestcryptoexchanges.com\/pl\/wp-json\/wp\/v2\/pages\/9999\/revisions"}],"predecessor-version":[{"id":10001,"href":"https:\/\/www.bestcryptoexchanges.com\/pl\/wp-json\/wp\/v2\/pages\/9999\/revisions\/10001"}],"wp:attachment":[{"href":"https:\/\/www.bestcryptoexchanges.com\/pl\/wp-json\/wp\/v2\/media?parent=9999"}],"curies":[{"name":"wp","href":"https:\/\/api.w.org\/{rel}","templated":true}]}}