{"id":10013,"date":"2021-10-23T17:13:36","date_gmt":"2021-10-23T17:13:36","guid":{"rendered":"https:\/\/www.bestcryptoexchanges.com\/?page_id=10013"},"modified":"2025-11-17T11:14:22","modified_gmt":"2025-11-17T11:14:22","slug":"how-we-choose-crypto-brands","status":"publish","type":"page","link":"https:\/\/www.bestcryptoexchanges.com\/pt\/how-we-choose-crypto-brands\/","title":{"rendered":"Como escolhemos as marcas de criptografia"},"content":{"rendered":"<p>Na realidade, o mercado das criptomoedas \u00e9 uma das maiores ind\u00fastrias criadas nas \u00faltimas d\u00e9cadas. Atualmente, existem v\u00e1rios l\u00edderes entre as bolsas de criptomoedas e as pr\u00f3prias moedas, mas o r\u00e1pido desenvolvimento tecnol\u00f3gico permite-lhes introduzir altera\u00e7\u00f5es no mercado quase todos os meses. O conhecimento \u00e9 inestim\u00e1vel para poder tomar decis\u00f5es r\u00e1pidas e ben\u00e9ficas necess\u00e1rias no nicho. \u00c9 por isso que \u00e9 importante estar a par de todas as novas mudan\u00e7as na ind\u00fastria das criptomoedas para obter o m\u00e1ximo lucro poss\u00edvel.<\/p>\n\n\n\n<p>O nosso s\u00edtio Web fornece guias breves mas abrangentes sobre temas como as criptomoedas e as suas diferen\u00e7as, as trocas de criptomoedas, as carteiras mais rent\u00e1veis e o processo de minera\u00e7\u00e3o de criptomoedas. A nossa equipa explora milhares de refer\u00eancias todos os dias para criar os artigos mais fi\u00e1veis para si. Os utilizadores do nosso site n\u00e3o t\u00eam quaisquer d\u00favidas sobre a fiabilidade dos nossos guias, e explicaremos as raz\u00f5es para tal neste relat\u00f3rio.<\/p>\n\n\n\n<h2 class=\"wp-block-heading\"><strong>Aspectos a que prestamos aten\u00e7\u00e3o<\/strong><\/h2>\n\n\n\n<p>Como a nossa empresa n\u00e3o quer desiludi-lo e promover as suas perdas de dinheiro durante o investimento em criptomoedas, dedicamos muito tempo \u00e0 sele\u00e7\u00e3o dos melhores servi\u00e7os para recomendar aos nossos leitores. Tendo uma enorme experi\u00eancia em negocia\u00e7\u00e3o e pesquisa de informa\u00e7\u00e3o sobre este t\u00f3pico, descobrimos que existem v\u00e1rios factores que devemos considerar para a cria\u00e7\u00e3o das melhores an\u00e1lises perspicazes.&nbsp;<\/p>\n\n\n\n<p><strong>Naturalmente, os aspectos que consideramos de perto dependem dos t\u00f3picos actuais das an\u00e1lises, porque diferem na sua funcionalidade. Em geral, o nosso s\u00edtio Web centra-se em quatro temas principais na ind\u00fastria das criptomoedas, como se segue:<\/strong><\/p>\n\n\n\n<ul class=\"wp-block-list\"><li>Carteiras criptogr\u00e1ficas<\/li><li>Trocas de criptomoedas<\/li><li>Tudo o que \u00e9 mineiro<\/li><li>Variedade de moedas criptogr\u00e1ficas.<\/li><\/ul>\n\n\n\n<p><strong>Alguns dos temas da lista acima t\u00eam factores espec\u00edficos a considerar, mas a maioria deles partilha a ideia de oferecer op\u00e7\u00f5es para uma negocia\u00e7\u00e3o de criptomoedas segura e eficiente:<\/strong><\/p>\n\n\n\n<ol class=\"wp-block-list\"><li>Seguran\u00e7a<\/li><li>Taxas<\/li><li>Reputa\u00e7\u00e3o<\/li><li>Interface<\/li><li>Perspectivas futuras<\/li><\/ol>\n\n\n\n<h3 class=\"wp-block-heading\"><strong>Seguran\u00e7a<\/strong><\/h3>\n\n\n\n<p>A verdade \u00e9 que a Internet d\u00e1 oportunidades de ganhar dinheiro n\u00e3o s\u00f3 aos utilizadores comuns, mas tamb\u00e9m aos hackers. Isto significa que sempre que investir dinheiro atrav\u00e9s da Internet, deve ter a certeza de que a plataforma ou a moeda criptogr\u00e1fica \u00e9 segura. Para o proteger de fraudes, recolhemos cuidadosamente dados sobre todos os servi\u00e7os e verificamos a experi\u00eancia de utilizadores anteriores.<\/p>\n\n\n\n<p>Utilizando o servi\u00e7o ou a moeda recomendada pelos nossos especialistas, pode ter a certeza de que o seu dinheiro n\u00e3o ser\u00e1 roubado ou perdido na noosfera. Al\u00e9m disso, actualizamos regularmente as nossas an\u00e1lises e avisamo-lo sobre as \u00faltimas previs\u00f5es e flutua\u00e7\u00f5es do mercado. \u00c9 por isso que pode sempre verificar a sua atividade na plataforma em caso de suspeita.&nbsp;<\/p>\n\n\n\n<h3 class=\"wp-block-heading\"><strong>Taxas<\/strong><\/h3>\n\n\n\n<p>Se \u00e9 um principiante no com\u00e9rcio de criptomoedas, ser\u00e1 importante para si fazer com que a entrada no mercado seja o mais barata poss\u00edvel. V\u00e1rias bolsas e equipas de minera\u00e7\u00e3o oferecem pre\u00e7os diferentes para a entrada nas suas plataformas e utiliza\u00e7\u00e3o dos seus servi\u00e7os. Por vezes, os custos n\u00e3o s\u00e3o acess\u00edveis para os principiantes, mesmo que uma empresa ofere\u00e7a um grande n\u00famero de op\u00e7\u00f5es e fun\u00e7\u00f5es pagas.&nbsp;<\/p>\n\n\n\n<p>Por isso, \u00e9 da nossa responsabilidade escolher a op\u00e7\u00e3o mais vantajosa para a sua negocia\u00e7\u00e3o segura de criptomoedas. Para o efeito, elaboramos tabelas de compara\u00e7\u00e3o com todas as taxas de servi\u00e7os inclu\u00eddas para que possa escolher a alternativa mais adequada. Al\u00e9m disso, estimamos o montante aproximado de dinheiro que gastar\u00e1 utilizando um determinado servi\u00e7o de c\u00e2mbio e o seu lucro ap\u00f3s a manipula\u00e7\u00e3o com uma determinada moeda criptogr\u00e1fica.<\/p>\n\n\n\n<h3 class=\"wp-block-heading\"><strong>Reputa\u00e7\u00e3o<\/strong><\/h3>\n\n\n\n<p>A melhor forma de esclarecer a qualidade da plataforma ou do servi\u00e7o \u00e9 perguntar aos seus utilizadores sobre a sua experi\u00eancia de utiliza\u00e7\u00e3o. Existem muitos blogues e sites com milhares de opini\u00f5es sobre a utiliza\u00e7\u00e3o de diferentes bolsas de criptomoedas e a negocia\u00e7\u00e3o de criptomoedas. Torn\u00e1mos o processo de explora\u00e7\u00e3o mais f\u00e1cil e resumimos a opini\u00e3o m\u00e9dia sobre as plataformas.<\/p>\n\n\n\n<p>Se existirem muitas cr\u00edticas negativas de pessoas que perderam o seu dinheiro ou as suas contas foram congeladas para sempre, n\u00e3o recomendaremos o servi\u00e7o como prefer\u00edvel. \u00c9 importante conhecer a m\u00e1 experi\u00eancia de trabalhar com criptomoedas para evitar desperdi\u00e7ar dinheiro e tempo. \u00c9 por isso que o nosso site \u00e9 constru\u00eddo com base na pesquisa cuidadosa das nuances tecnol\u00f3gicas das bolsas de criptomoedas que analisamos, bem como nos testemunhos dos seus utilizadores.<\/p>\n\n\n\n<h3 class=\"wp-block-heading\"><strong>Interface<\/strong><\/h3>\n\n\n\n<p>Deve compreender sempre os processos internos da negocia\u00e7\u00e3o se quiser controlar os seus fundos. Especialmente se n\u00e3o for um comerciante profissional, a plataforma deve permitir-lhe estar ciente de todas as transac\u00e7\u00f5es feitas com o seu dinheiro de uma forma clara e direta.&nbsp;<\/p>\n\n\n\n<p>Como especialistas em negocia\u00e7\u00e3o de bitcoin e criptomoedas, partilhamos os nossos pensamentos e opini\u00f5es sobre as bolsas nos nossos relat\u00f3rios. Estamos a tentar recolher plataformas de trabalho com as melhores interfaces de f\u00e1cil utiliza\u00e7\u00e3o para que se envolva no mercado das criptomoedas mais rapidamente e com menos esfor\u00e7o.<\/p>\n\n\n\n<p>A prop\u00f3sito, a disponibilidade de v\u00e1rias fun\u00e7\u00f5es nas plataformas \u00e9 tamb\u00e9m um dos aspectos cruciais para que possamos recomendar-lhe os servi\u00e7os. Quanto mais opera\u00e7\u00f5es puder fazer no \u00e2mbito de um s\u00edtio Web, mais f\u00e1cil e barato ser\u00e1 o processo de transfer\u00eancia de dinheiro.<\/p>\n\n\n\n<h3 class=\"wp-block-heading\"><strong>Perspectivas futuras<\/strong><\/h3>\n\n\n\n<p>O mundo das criptomoedas \u00e9 um sector inst\u00e1vel e em desenvolvimento, mas todas as pessoas nele inclu\u00eddas querem ganhar dinheiro com esta fonte durante o m\u00e1ximo de tempo poss\u00edvel. Hoje em dia, \u00e9 quase imposs\u00edvel prever o futuro das criptomoedas mesmo com dez anos de anteced\u00eancia, mas tent\u00e1mos o nosso melhor para reunir esta informa\u00e7\u00e3o para si, com uma an\u00e1lise minuciosa no centro.<\/p>\n\n\n\n<p>Por vezes, os comerciantes profissionais fazem an\u00e1lises sobre o futuro de todos os <a href=\"https:\/\/www.bestcryptoexchanges.com\/pt\/us\/\" title=\"Melhores trocas de criptografia EUA 2025\"  data-wpil-monitor-id=\"2480\">criptos e bolsas<\/a> com previs\u00f5es controversas. A nossa equipa investigou todas elas para criar um progn\u00f3stico subjetivo, mas o mais realista poss\u00edvel. Exclu\u00edmos quase todas as op\u00e7\u00f5es de plataformas que ir\u00e3o interromper a sua atividade em breve. A negocia\u00e7\u00e3o de criptomoedas envolve sempre um risco elevado, e os nossos profissionais est\u00e3o a tentar reduzi-lo enquanto fornecem os seus conselhos.&nbsp;<\/p>\n\n\n\n<h2 class=\"wp-block-heading\"><strong>Declara\u00e7\u00e3o de exonera\u00e7\u00e3o de responsabilidade<\/strong><\/h2>\n\n\n\n<p>As informa\u00e7\u00f5es recolhidas pela nossa equipa s\u00e3o imparciais e fi\u00e1veis porque examin\u00e1mos indiscriminadamente todas as plataformas de criptomoedas poss\u00edveis e as respectivas an\u00e1lises. A nossa experi\u00eancia permite-nos criar an\u00e1lises relevantes e fazer recomenda\u00e7\u00f5es ben\u00e9ficas para os utilizadores.<\/p>\n\n\n\n<p>No entanto, todos os dias surgem actualiza\u00e7\u00f5es na esfera do com\u00e9rcio de criptomoedas, e \u00e9 por isso que, por vezes, as nossas informa\u00e7\u00f5es podem n\u00e3o ser as mais recentes. Ainda assim, estamos a tentar captar todas as not\u00edcias desta ind\u00fastria e mostr\u00e1-las aos nossos utilizadores imediatamente.<\/p>\n\n\n\n<p>Para al\u00e9m disso, mesmo que n\u00e3o incluamos algumas criptomoedas e trocas para elas nos nossos guias, isso n\u00e3o significa que n\u00e3o as possa experimentar. Toda a responsabilidade pelos riscos e lucros recai sobre si, e \u00e9 por isso que deve explorar o m\u00e1ximo de informa\u00e7\u00e3o poss\u00edvel e decidir sobre opera\u00e7\u00f5es espec\u00edficas com base nos dados que recolheu e processou.&nbsp;<\/p>","protected":false},"excerpt":{"rendered":"<p>Na realidade, o mercado das criptomoedas \u00e9 uma das maiores ind\u00fastrias criadas nas \u00faltimas d\u00e9cadas. Atualmente, existem v\u00e1rios l\u00edderes entre as bolsas de criptomoedas e as pr\u00f3prias moedas, mas o r\u00e1pido desenvolvimento tecnol\u00f3gico permite-lhes introduzir altera\u00e7\u00f5es no mercado quase todos os meses. O conhecimento \u00e9 inestim\u00e1vel para poder tomar decis\u00f5es r\u00e1pidas e ben\u00e9ficas necess\u00e1rias [...]<\/p>","protected":false},"author":1,"featured_media":0,"parent":0,"menu_order":0,"comment_status":"closed","ping_status":"closed","template":"","meta":{"footnotes":""},"class_list":["post-10013","page","type-page","status-publish","hentry","post-wrapper","thrv_wrapper"],"_links":{"self":[{"href":"https:\/\/www.bestcryptoexchanges.com\/pt\/wp-json\/wp\/v2\/pages\/10013","targetHints":{"allow":["GET"]}}],"collection":[{"href":"https:\/\/www.bestcryptoexchanges.com\/pt\/wp-json\/wp\/v2\/pages"}],"about":[{"href":"https:\/\/www.bestcryptoexchanges.com\/pt\/wp-json\/wp\/v2\/types\/page"}],"author":[{"embeddable":true,"href":"https:\/\/www.bestcryptoexchanges.com\/pt\/wp-json\/wp\/v2\/users\/1"}],"replies":[{"embeddable":true,"href":"https:\/\/www.bestcryptoexchanges.com\/pt\/wp-json\/wp\/v2\/comments?post=10013"}],"version-history":[{"count":4,"href":"https:\/\/www.bestcryptoexchanges.com\/pt\/wp-json\/wp\/v2\/pages\/10013\/revisions"}],"predecessor-version":[{"id":13660,"href":"https:\/\/www.bestcryptoexchanges.com\/pt\/wp-json\/wp\/v2\/pages\/10013\/revisions\/13660"}],"wp:attachment":[{"href":"https:\/\/www.bestcryptoexchanges.com\/pt\/wp-json\/wp\/v2\/media?parent=10013"}],"curies":[{"name":"wp","href":"https:\/\/api.w.org\/{rel}","templated":true}]}}