{"id":10015,"date":"2021-10-23T17:16:01","date_gmt":"2021-10-23T17:16:01","guid":{"rendered":"https:\/\/www.bestcryptoexchanges.com\/?page_id=10015"},"modified":"2021-10-23T17:18:45","modified_gmt":"2021-10-23T17:18:45","slug":"how-we-rate-crypto-brands","status":"publish","type":"page","link":"https:\/\/www.bestcryptoexchanges.com\/pt\/how-we-rate-crypto-brands\/","title":{"rendered":"Como classificamos as marcas de criptografia"},"content":{"rendered":"<p>O nosso site tem como objetivo analisar as melhores carteiras de criptomoedas, as bolsas de criptomoedas mais fi\u00e1veis e os servi\u00e7os relacionados, bem como as moedas mais rent\u00e1veis no mercado digital atual. Utilizamos v\u00e1rios factores que podem determinar se uma determinada carteira de criptomoedas ou bolsa ser\u00e1 inclu\u00edda nos nossos artigos. Al\u00e9m disso, os utilizadores podem encontrar dicas \u00fateis sobre trocas de criptomoedas e a rentabilidade das criptomoedas mais valiosas no nosso site. Constru\u00edmos a lista das bolsas mais fi\u00e1veis e vantajosas, classificando-as com base em crit\u00e9rios especiais.&nbsp;<\/p>\n\n\n\n<p><strong>Pode familiarizar-se com os factores que consideramos importantes ter em conta ao fornecer-lhe recomenda\u00e7\u00f5es. Eis os factores em que nos concentramos:<\/strong><\/p>\n\n\n\n<ul class=\"wp-block-list\"><li>Sistema de classifica\u00e7\u00e3o das carteiras criptogr\u00e1ficas<\/li><li>Sistema de classifica\u00e7\u00e3o das bolsas de criptomoedas<\/li><li>Sistema de classifica\u00e7\u00e3o das criptomoedas<\/li><li>Sistema de classifica\u00e7\u00e3o de ferramentas mineiras<\/li><\/ul>\n\n\n\n<h2 class=\"wp-block-heading\"><strong>Sistema de classifica\u00e7\u00e3o das carteiras criptogr\u00e1ficas<\/strong><\/h2>\n\n\n\n<ul class=\"wp-block-list\"><li><strong>Variedade de criptomoedas dispon\u00edveis<\/strong><\/li><\/ul>\n\n\n\n<p>Ao trabalhar com criptomoedas, \u00e9 preciso estar a par de todos os processos que ocorrem no mercado e tentar aprender a fazer opera\u00e7\u00f5es lucrativas com v\u00e1rias criptomoedas. Por vezes, a compra de algumas criptomoedas pode trazer-lhe mais lucro do que outra opera\u00e7\u00e3o, e \u00e9 por isso que uma carteira deve permitir-lhe trabalhar com v\u00e1rias criptomoedas ao mesmo tempo. \u00c9 crucial que as carteiras de criptomoedas ofere\u00e7am uma oportunidade de negociar com o maior n\u00famero poss\u00edvel de criptomoedas dentro dos quadros de uma plataforma. Assim, se a carteira oferecer aos clientes apenas bitcoin como moeda de negocia\u00e7\u00e3o, n\u00e3o a avaliaremos t\u00e3o bem como uma carteira com dezenas de criptomoedas dispon\u00edveis.<\/p>\n\n\n\n<ul class=\"wp-block-list\"><li><strong>Seguran\u00e7a do endere\u00e7o e do processo de in\u00edcio de sess\u00e3o<\/strong><\/li><\/ul>\n\n\n\n<p>Uma vez que os utilizadores de carteiras de criptomoedas guardam a\u00ed fundos avultados, \u00e9 importante ter a certeza de que estes estar\u00e3o seguros e protegidos. Antes de mais, verificamos o endere\u00e7o Web da carteira. Se come\u00e7ar com HTTPS, consider\u00e1-lo-emos suficientemente seguro e ter\u00e1 uma classifica\u00e7\u00e3o mais elevada do que uma carteira com um endere\u00e7o HTTP.&nbsp;<\/p>\n\n\n\n<p>Al\u00e9m disso, os nossos profissionais est\u00e3o a tentar salv\u00e1-lo de qualquer tipo de fraude poss\u00edvel durante o trabalho com carteiras criptogr\u00e1ficas. Assim, preferimos recomendar-lhe carteiras com autentica\u00e7\u00e3o de dois factores, uma vez que proporcionam uma maior seguran\u00e7a da sua conta de carteira e dos seus activos, consequentemente.&nbsp;<\/p>\n\n\n\n<p>Uma carteira pode receber mais pontos na nossa classifica\u00e7\u00e3o se for \u201chier\u00e1rquica determin\u00edstica\u201d. Este conceito est\u00e1 relacionado com os endere\u00e7os das carteiras criptogr\u00e1ficas. Especificamente, a carteira \u00e9 mais segura se criar novos endere\u00e7os criptogr\u00e1ficos para cada opera\u00e7\u00e3o com os seus activos do que se utilizar sempre o mesmo endere\u00e7o de carteira.<\/p>\n\n\n\n<ul class=\"wp-block-list\"><li><strong>Fiabilidade do fornecedor<\/strong><\/li><\/ul>\n\n\n\n<p>Conhecer a empresa por detr\u00e1s da carteira pode dar-lhe mais confian\u00e7a na sua fiabilidade. Por esta raz\u00e3o, verificamos os propriet\u00e1rios e criadores das carteiras antes de as incluir nas nossas classifica\u00e7\u00f5es. Se a carteira demonstrar publicamente todas as licen\u00e7as e documentos sobre os seus criadores e se estas empresas e pessoas n\u00e3o tiverem sido consideradas burl\u00f5es na Internet, classific\u00e1-la-emos como uma carteira n\u00e3o suspeita.&nbsp;<\/p>\n\n\n\n<p>Al\u00e9m disso, precisamos de conhecer o c\u00f3digo da carteira, uma vez que este torna o processo de negocia\u00e7\u00e3o mais transparente. Assim, a maior transpar\u00eancia de todas as opera\u00e7\u00f5es que ocorrem na carteira aumenta a sua fiabilidade para n\u00f3s.<\/p>\n\n\n\n<ul class=\"wp-block-list\"><li><strong>Avalia\u00e7\u00e3o das carteiras pelos utilizadores<\/strong><\/li><\/ul>\n\n\n\n<p>Existem muitos s\u00edtios Web, como o Reddit, com f\u00f3runs abertos para os utilizadores de carteiras de criptomoedas. Estes servi\u00e7os permitem que as pessoas partilhem a sua experi\u00eancia de trabalho com as plataformas e expressem as suas opini\u00f5es. Uma estimativa da carteira pela comunidade pode ser um fator-chave para a recomenda\u00e7\u00e3o de qualquer plataforma, uma vez que pode mostrar os lados dos servi\u00e7os que s\u00e3o escondidos pelos programadores. Por exemplo, estamos a tentar encontrar uma opini\u00e3o m\u00e9dia sobre a carteira de criptomoedas, mas tamb\u00e9m prestamos aten\u00e7\u00e3o \u00e0s cr\u00edticas negativas e \u00e0 sua veracidade.<\/p>\n\n\n\n<p>A prop\u00f3sito, as opini\u00f5es de utilizadores experientes podem ser indicadores da conveni\u00eancia das plataformas para os clientes. O design da interface pode influenciar a posi\u00e7\u00e3o de classifica\u00e7\u00e3o da carteira, de tal forma que uma estrutura de servi\u00e7o mais intuitiva ser\u00e1 mais bem avaliada pelos nossos especialistas. Se os utilizadores experientes argumentarem que existem algumas complexidades no processo de trabalho com a carteira, iremos verific\u00e1-las e t\u00ea-las em conta durante a cria\u00e7\u00e3o da classifica\u00e7\u00e3o.<\/p>\n\n\n\n<ul class=\"wp-block-list\"><li><strong>Razoabilidade das taxas e comiss\u00f5es<\/strong><\/li><\/ul>\n\n\n\n<p>Quando uma pessoa quer come\u00e7ar a negociar com uma carteira, est\u00e1 sempre interessada no pre\u00e7o da sua utiliza\u00e7\u00e3o. Assim, a nossa equipa estima o pre\u00e7o m\u00e9dio do mercado para todos os servi\u00e7os fornecidos e classifica a carteira como barata ou cara. Naturalmente, o pre\u00e7o depende do desempenho da carteira, e inclu\u00edmos este fator no nosso sistema de estimativa.<\/p>\n\n\n\n<h2 class=\"wp-block-heading\"><strong>Sistema de classifica\u00e7\u00e3o das bolsas de criptomoedas<\/strong><\/h2>\n\n\n\n<p><strong>Aplicamos um sistema de classifica\u00e7\u00e3o um pouco diferente para as bolsas de criptomoedas, que se baseia nos seguintes aspectos:<\/strong><\/p>\n\n\n\n<ul class=\"wp-block-list\"><li>N\u00famero de moedas dispon\u00edveis;<\/li><li>Desempenho do servi\u00e7o de apoio ao cliente;<\/li><li>Prote\u00e7\u00e3o das transac\u00e7\u00f5es e dos activos;<\/li><li>Pre\u00e7os;<\/li><li>A comodidade da interface;<\/li><li>M\u00e9todos de pagamento aceites.<\/li><\/ul>\n\n\n\n<p>Com base na classifica\u00e7\u00e3o de cada um dos factores, constru\u00edmos um sistema de classifica\u00e7\u00e3o e destacamos as principais vantagens e desvantagens de uma determinada bolsa de criptomoedas. Isto significa que oferecemos aos nossos leitores a possibilidade de escolherem uma bolsa por si pr\u00f3prios, de acordo com a import\u00e2ncia de cada elemento para eles. Assim, algumas plataformas ser\u00e3o mais pr\u00e1ticas para iniciantes, enquanto outras para utilizadores experientes.<\/p>\n\n\n\n<h2 class=\"wp-block-heading\"><strong>Sistema de classifica\u00e7\u00e3o das criptomoedas<\/strong><\/h2>\n\n\n\n<p><strong>Ao avaliarmos as vantagens de negociar com criptomoedas para as nossas an\u00e1lises, prestamos aten\u00e7\u00e3o \u00e0s altera\u00e7\u00f5es atualmente em curso no mercado e \u00e0s estimativas b\u00e1sicas comuns para as criptomoedas:<\/strong><\/p>\n\n\n\n<ul class=\"wp-block-list\"><li>Oferta e procura da moeda;<\/li><li>Ado\u00e7\u00e3o de moeda para uso comum;<\/li><li>Custos de produ\u00e7\u00e3o;<\/li><li>N\u00famero de carteiras para criptomoeda no mercado;<\/li><li>Intera\u00e7\u00e3o entre a criptomoeda e as moedas fiduci\u00e1rias;<\/li><li>Controlo do stock de moeda pelo governo.<\/li><\/ul>\n\n\n\n<p>Ap\u00f3s a recolha de dados sobre todos os factores acima enumerados para as criptomoedas, criamos an\u00e1lises comparativas para as mesmas. Como potencial comprador das moedas, pode estar mais interessado em alguns pontos essenciais do que noutros, e \u00e9 por isso que lhe damos a oportunidade de selecionar a moeda criptogr\u00e1fica por si pr\u00f3prio com base na nossa investiga\u00e7\u00e3o e an\u00e1lises.<\/p>\n\n\n\n<h2 class=\"wp-block-heading\"><strong>Sistema de classifica\u00e7\u00e3o de ferramentas de minera\u00e7\u00e3o<\/strong><\/h2>\n\n\n\n<p>Para al\u00e9m das carteiras de criptomoedas, das bolsas e das pr\u00f3prias criptomoedas, dedicamos uma parte do nosso site \u00e0s ferramentas de minera\u00e7\u00e3o. Este assunto requer outro sistema de classifica\u00e7\u00e3o, uma vez que \u00e9 mais complexo. No entanto, a seguran\u00e7a dos pools e do software de minera\u00e7\u00e3o \u00e9 o fator crucial que devemos ter em conta para fazer recomenda\u00e7\u00f5es precisas. A nossa equipa faz o seu melhor para estar a par dos \u00faltimos desenvolvimentos neste dom\u00ednio.&nbsp;<\/p>\n\n\n\n<p><strong>Inclu\u00edmos os seguintes factores no sistema de classifica\u00e7\u00e3o das ferramentas de explora\u00e7\u00e3o mineira:<\/strong><\/p>\n\n\n\n<ul class=\"wp-block-list\"><li>Taxas e comiss\u00f5es;<\/li><li>Ergonomia;<\/li><li>Carater\u00edsticas de configura\u00e7\u00e3o dispon\u00edveis;<\/li><li>A reputa\u00e7\u00e3o das piscinas.<\/li><\/ul>\n\n\n\n<p>O conte\u00fado do nosso s\u00edtio Web \u00e9 diversificado e pr\u00e1tico gra\u00e7as ao trabalho profissional dos nossos analistas, peritos e autores. Para al\u00e9m de an\u00e1lises sobre criptomoedas e ferramentas para negocia\u00e7\u00e3o e minera\u00e7\u00e3o, dedicamos artigos \u00e0s ocasi\u00f5es actuais importantes no mercado. Manter-se em contacto com as \u00faltimas not\u00edcias sobre o mundo das criptomoedas permite aos nossos clientes ganhar mais dinheiro e \u00e9 por isso que verificamos os relat\u00f3rios anal\u00edticos todos os dias. No que diz respeito \u00e0 fiabilidade destes relat\u00f3rios, os nossos especialistas efectuam opera\u00e7\u00f5es de verifica\u00e7\u00e3o antes de utilizarem dados de s\u00edtios Web externos. \u00c9 por isso que todos os nossos utilizadores podem confiar plenamente nas informa\u00e7\u00f5es que fornecemos e utiliz\u00e1-las para aumentar os seus lucros em criptomoedas.&nbsp;<\/p>","protected":false},"excerpt":{"rendered":"<p>O nosso site tem como objetivo analisar as melhores carteiras de criptomoedas, as bolsas de criptomoedas mais fi\u00e1veis e os servi\u00e7os relacionados, bem como as moedas mais rent\u00e1veis no mercado digital atual. Utilizamos v\u00e1rios factores que podem determinar se uma determinada carteira de criptomoedas ou bolsa ser\u00e1 inclu\u00edda nos nossos artigos. Al\u00e9m disso, os utilizadores podem encontrar informa\u00e7\u00f5es \u00fateis [...]<\/p>","protected":false},"author":1,"featured_media":0,"parent":0,"menu_order":0,"comment_status":"closed","ping_status":"closed","template":"","meta":{"footnotes":""},"class_list":["post-10015","page","type-page","status-publish","hentry","post-wrapper","thrv_wrapper"],"_links":{"self":[{"href":"https:\/\/www.bestcryptoexchanges.com\/pt\/wp-json\/wp\/v2\/pages\/10015","targetHints":{"allow":["GET"]}}],"collection":[{"href":"https:\/\/www.bestcryptoexchanges.com\/pt\/wp-json\/wp\/v2\/pages"}],"about":[{"href":"https:\/\/www.bestcryptoexchanges.com\/pt\/wp-json\/wp\/v2\/types\/page"}],"author":[{"embeddable":true,"href":"https:\/\/www.bestcryptoexchanges.com\/pt\/wp-json\/wp\/v2\/users\/1"}],"replies":[{"embeddable":true,"href":"https:\/\/www.bestcryptoexchanges.com\/pt\/wp-json\/wp\/v2\/comments?post=10015"}],"version-history":[{"count":2,"href":"https:\/\/www.bestcryptoexchanges.com\/pt\/wp-json\/wp\/v2\/pages\/10015\/revisions"}],"predecessor-version":[{"id":10019,"href":"https:\/\/www.bestcryptoexchanges.com\/pt\/wp-json\/wp\/v2\/pages\/10015\/revisions\/10019"}],"wp:attachment":[{"href":"https:\/\/www.bestcryptoexchanges.com\/pt\/wp-json\/wp\/v2\/media?parent=10015"}],"curies":[{"name":"wp","href":"https:\/\/api.w.org\/{rel}","templated":true}]}}