{"id":10602,"date":"2025-07-20T15:43:56","date_gmt":"2025-07-20T15:43:56","guid":{"rendered":"https:\/\/www.bestcryptoexchanges.com\/?page_id=10602"},"modified":"2025-07-20T15:43:56","modified_gmt":"2025-07-20T15:43:56","slug":"about","status":"publish","type":"page","link":"https:\/\/www.bestcryptoexchanges.com\/pt\/about\/","title":{"rendered":"Sobre BestCryptoExchanges"},"content":{"rendered":"<h1 class=\"wp-block-heading\">Aprender antes de investir em criptomoeda!<\/h1>\r\n\r\n\r\n\r\n<p>Quer entrar na Bitcoin e n\u00e3o sabe por onde come\u00e7ar? Veio ao s\u00edtio certo. Os nossos recursos de blockchain e moedas digitais s\u00e3o os guias mais abrangentes, diretos e f\u00e1ceis de compreender que encontrar\u00e1 em qualquer parte da Web. Confira por si mesmo.<\/p>\r\n\r\n\r\n\r\n<figure class=\"wp-block-image size-full is-resized\"><img decoding=\"async\" width=\"640\" height=\"640\" class=\"wp-image-10603\" style=\"width: 341px; height: auto;\" src=\"https:\/\/www.bestcryptoexchanges.com\/wp-content\/uploads\/2025\/06\/image.png\" alt=\"\" title=\"\" srcset=\"https:\/\/www.bestcryptoexchanges.com\/wp-content\/uploads\/2025\/06\/image.png 640w, https:\/\/www.bestcryptoexchanges.com\/wp-content\/uploads\/2025\/06\/image-300x300.png 300w, https:\/\/www.bestcryptoexchanges.com\/wp-content\/uploads\/2025\/06\/image-150x150.png 150w\" sizes=\"(max-width: 640px) 100vw, 640px\" \/><\/figure>\r\n\r\n\r\n\r\n<p><strong>Brian Forester, Editor-Chefe, BestCryptoExchanges.Com<\/strong><\/p>","protected":false},"excerpt":{"rendered":"<p>Aprender antes de investir em criptomoeda! Quer entrar no Bitcoin e n\u00e3o sabe por onde come\u00e7ar? Veio ao s\u00edtio certo. Nossos recursos de blockchain e moedas digitais s\u00e3o os guias mais abrangentes, diretos e f\u00e1ceis de entender que voc\u00ea encontrar\u00e1 em qualquer lugar da web. Confira por si mesmo. Brian Forester, Editor-chefe, BestCryptoExchanges.Com<\/p>","protected":false},"author":1,"featured_media":0,"parent":0,"menu_order":0,"comment_status":"closed","ping_status":"closed","template":"","meta":{"footnotes":""},"class_list":["post-10602","page","type-page","status-publish","hentry","post-wrapper","thrv_wrapper"],"_links":{"self":[{"href":"https:\/\/www.bestcryptoexchanges.com\/pt\/wp-json\/wp\/v2\/pages\/10602","targetHints":{"allow":["GET"]}}],"collection":[{"href":"https:\/\/www.bestcryptoexchanges.com\/pt\/wp-json\/wp\/v2\/pages"}],"about":[{"href":"https:\/\/www.bestcryptoexchanges.com\/pt\/wp-json\/wp\/v2\/types\/page"}],"author":[{"embeddable":true,"href":"https:\/\/www.bestcryptoexchanges.com\/pt\/wp-json\/wp\/v2\/users\/1"}],"replies":[{"embeddable":true,"href":"https:\/\/www.bestcryptoexchanges.com\/pt\/wp-json\/wp\/v2\/comments?post=10602"}],"version-history":[{"count":2,"href":"https:\/\/www.bestcryptoexchanges.com\/pt\/wp-json\/wp\/v2\/pages\/10602\/revisions"}],"predecessor-version":[{"id":10872,"href":"https:\/\/www.bestcryptoexchanges.com\/pt\/wp-json\/wp\/v2\/pages\/10602\/revisions\/10872"}],"wp:attachment":[{"href":"https:\/\/www.bestcryptoexchanges.com\/pt\/wp-json\/wp\/v2\/media?parent=10602"}],"curies":[{"name":"wp","href":"https:\/\/api.w.org\/{rel}","templated":true}]}}