{"id":9997,"date":"2021-10-05T10:39:50","date_gmt":"2021-10-05T10:39:50","guid":{"rendered":"https:\/\/www.bestcryptoexchanges.com\/?page_id=9997"},"modified":"2021-10-05T10:47:12","modified_gmt":"2021-10-05T10:47:12","slug":"privacy-policy","status":"publish","type":"page","link":"https:\/\/www.bestcryptoexchanges.com\/pt\/privacy-policy\/","title":{"rendered":"Pol\u00edtica de privacidade"},"content":{"rendered":"<p>\u00daltima atualiza\u00e7\u00e3o: 15 de julho de 2020<\/p>\n\n\n\n<p>CryptoCurry (\u201cn\u00f3s\u201d, \u201cnos\u201d, ou \u201cnosso\u201d) opera o website CryptoCurry (o \u201cServi\u00e7o\u201d).<\/p>\n\n\n\n<p>Esta p\u00e1gina informa-o das nossas pol\u00edticas relativas \u00e0 recolha, utiliza\u00e7\u00e3o e divulga\u00e7\u00e3o de Informa\u00e7\u00f5es Pessoais quando utiliza o nosso Servi\u00e7o.<\/p>\n\n\n\n<p>N\u00e3o utilizaremos nem partilharemos as suas informa\u00e7\u00f5es com ningu\u00e9m, exceto conforme descrito na presente Pol\u00edtica de Privacidade.<\/p>\n\n\n\n<p>Utilizamos as suas informa\u00e7\u00f5es pessoais para fornecer e melhorar o Servi\u00e7o. Ao utilizar o Servi\u00e7o, o utilizador concorda com a recolha e utiliza\u00e7\u00e3o de informa\u00e7\u00f5es de acordo com esta pol\u00edtica. Salvo defini\u00e7\u00e3o em contr\u00e1rio na presente Pol\u00edtica de privacidade, os termos utilizados na presente Pol\u00edtica de privacidade t\u00eam o mesmo significado que nos nossos Termos e condi\u00e7\u00f5es, acess\u00edveis em https:\/\/cryptocurry.com<\/p>\n\n\n\n<h2 class=\"wp-block-heading\">Recolha e utiliza\u00e7\u00e3o de informa\u00e7\u00f5es<\/h2>\n\n\n\n<p>Ao utilizar o nosso Servi\u00e7o, podemos pedir-lhe que nos forne\u00e7a determinadas informa\u00e7\u00f5es de identifica\u00e7\u00e3o pessoal que podem ser utilizadas para o contactar ou identificar. As informa\u00e7\u00f5es de identifica\u00e7\u00e3o pessoal (\u201cInforma\u00e7\u00f5es pessoais\u201d) podem incluir, mas n\u00e3o se limitam a:<\/p>\n\n\n\n<ul class=\"wp-block-list\"><li>Endere\u00e7o de correio eletr\u00f3nico<\/li><\/ul>\n\n\n\n<h2 class=\"wp-block-heading\">Dados de registo<\/h2>\n\n\n\n<p>Recolhemos informa\u00e7\u00f5es que o seu browser envia sempre que visita o nosso Servi\u00e7o (\u201cDados de registo\u201d). Estes Dados de Registo podem incluir informa\u00e7\u00f5es como o endere\u00e7o de Protocolo de Internet (\u201cIP\u201d) do seu computador, o tipo de browser, a vers\u00e3o do browser, as p\u00e1ginas do nosso Servi\u00e7o que visita, a hora e a data da sua visita, o tempo passado nessas p\u00e1ginas e outras estat\u00edsticas.<\/p>\n\n\n\n<h2 class=\"wp-block-heading\">Biscoitos<\/h2>\n\n\n\n<p>Os cookies s\u00e3o ficheiros com uma pequena quantidade de dados, que podem incluir um identificador \u00fanico an\u00f3nimo. Os cookies s\u00e3o enviados para o seu browser a partir de um s\u00edtio Web e armazenados no disco r\u00edgido do seu computador.<\/p>\n\n\n\n<p>Utilizamos \u201ccookies\u201d para recolher informa\u00e7\u00f5es. O utilizador pode dar instru\u00e7\u00f5es ao seu browser para recusar todos os cookies ou para indicar quando um cookie est\u00e1 a ser enviado. No entanto, se n\u00e3o aceitar cookies, poder\u00e1 n\u00e3o conseguir utilizar algumas partes do nosso Servi\u00e7o.<\/p>\n\n\n\n<h2 class=\"wp-block-heading\">Prestadores de servi\u00e7os<\/h2>\n\n\n\n<p>Podemos empregar empresas e indiv\u00edduos terceiros para facilitar o nosso Servi\u00e7o, para fornecer o Servi\u00e7o em nosso nome, para efetuar servi\u00e7os relacionados com o Servi\u00e7o ou para nos ajudar a analisar a forma como o nosso Servi\u00e7o \u00e9 utilizado.<\/p>\n\n\n\n<p>Estes terceiros t\u00eam acesso \u00e0s suas Informa\u00e7\u00f5es Pessoais apenas para realizar estas tarefas em nosso nome e s\u00e3o obrigados a n\u00e3o as divulgar ou utilizar para qualquer outro fim.<\/p>\n\n\n\n<h2 class=\"wp-block-heading\">Seguran\u00e7a<\/h2>\n\n\n\n<p>A seguran\u00e7a das suas Informa\u00e7\u00f5es Pessoais \u00e9 importante para n\u00f3s, mas lembre-se que nenhum m\u00e9todo de transmiss\u00e3o atrav\u00e9s da Internet ou m\u00e9todo de armazenamento eletr\u00f3nico \u00e9 100% seguro. Embora nos esforcemos por utilizar meios comercialmente aceit\u00e1veis para proteger as suas Informa\u00e7\u00f5es Pessoais, n\u00e3o podemos garantir a sua seguran\u00e7a absoluta.<\/p>\n\n\n\n<h2 class=\"wp-block-heading\">Liga\u00e7\u00f5es para outros s\u00edtios<\/h2>\n\n\n\n<p>O nosso Servi\u00e7o pode conter liga\u00e7\u00f5es para outros sites que n\u00e3o s\u00e3o operados por n\u00f3s. Se clicar numa liga\u00e7\u00e3o de terceiros, ser\u00e1 direcionado para o site desses terceiros. Aconselhamos vivamente o utilizador a rever a Pol\u00edtica de Privacidade de todos os sites que visitar.<\/p>\n\n\n\n<p>N\u00e3o temos qualquer controlo e n\u00e3o assumimos qualquer responsabilidade pelo conte\u00fado, pol\u00edticas de privacidade ou pr\u00e1ticas de quaisquer sites ou servi\u00e7os de terceiros.<\/p>\n\n\n\n<h2 class=\"wp-block-heading\">Privacidade das crian\u00e7as<\/h2>\n\n\n\n<p>O nosso Servi\u00e7o n\u00e3o se dirige a pessoas com menos de 18 anos (\u201cCrian\u00e7as\u201d).<\/p>\n\n\n\n<p>N\u00e3o recolhemos intencionalmente informa\u00e7\u00f5es pessoais identific\u00e1veis de crian\u00e7as com menos de 18 anos. Se for pai ou tutor e tiver conhecimento de que o seu filho nos forneceu Informa\u00e7\u00f5es Pessoais, contacte-nos. Se descobrirmos que um menor de 18 anos nos forneceu Informa\u00e7\u00f5es Pessoais, eliminaremos imediatamente essas informa\u00e7\u00f5es dos nossos servidores.<\/p>\n\n\n\n<h2 class=\"wp-block-heading\">Conformidade com a legisla\u00e7\u00e3o<\/h2>\n\n\n\n<p>Divulgaremos as suas Informa\u00e7\u00f5es Pessoais quando tal for exigido por lei ou intima\u00e7\u00e3o.<\/p>\n\n\n\n<h2 class=\"wp-block-heading\">Altera\u00e7\u00f5es a esta pol\u00edtica de privacidade<\/h2>\n\n\n\n<p>A nossa Pol\u00edtica de Privacidade pode ser actualizada periodicamente. Notific\u00e1-lo-emos de quaisquer altera\u00e7\u00f5es, publicando a nova Pol\u00edtica de Privacidade nesta p\u00e1gina.<\/p>\n\n\n\n<p>Aconselha-se o utilizador a rever periodicamente esta Pol\u00edtica de Privacidade para verificar eventuais altera\u00e7\u00f5es. As altera\u00e7\u00f5es a esta Pol\u00edtica de Privacidade entram em vigor quando s\u00e3o publicadas nesta p\u00e1gina.<\/p>\n\n\n\n<h2 class=\"wp-block-heading\">Contactar-nos<\/h2>\n\n\n\n<p>Se tiver alguma d\u00favida sobre esta Pol\u00edtica de Privacidade, contacte-nos.<\/p>","protected":false},"excerpt":{"rendered":"<p>\u00daltima atualiza\u00e7\u00e3o: 15 de julho de 2020 CryptoCurry (\u201cn\u00f3s\u201d, \u201cn\u00f3s\u201d, ou \u201cnosso\u201d) opera o site CryptoCurry (o \u201cServi\u00e7o\u201d). Esta p\u00e1gina informa-o das nossas pol\u00edticas relativas \u00e0 recolha, utiliza\u00e7\u00e3o e divulga\u00e7\u00e3o de Informa\u00e7\u00f5es Pessoais quando utiliza o nosso Servi\u00e7o. N\u00e3o utilizaremos ou partilharemos a sua informa\u00e7\u00e3o com ningu\u00e9m, exceto conforme descrito nesta Pol\u00edtica de Privacidade. N\u00f3s [...]<\/p>","protected":false},"author":1,"featured_media":0,"parent":0,"menu_order":0,"comment_status":"closed","ping_status":"closed","template":"","meta":{"footnotes":""},"class_list":["post-9997","page","type-page","status-publish","hentry","post-wrapper","thrv_wrapper"],"_links":{"self":[{"href":"https:\/\/www.bestcryptoexchanges.com\/pt\/wp-json\/wp\/v2\/pages\/9997","targetHints":{"allow":["GET"]}}],"collection":[{"href":"https:\/\/www.bestcryptoexchanges.com\/pt\/wp-json\/wp\/v2\/pages"}],"about":[{"href":"https:\/\/www.bestcryptoexchanges.com\/pt\/wp-json\/wp\/v2\/types\/page"}],"author":[{"embeddable":true,"href":"https:\/\/www.bestcryptoexchanges.com\/pt\/wp-json\/wp\/v2\/users\/1"}],"replies":[{"embeddable":true,"href":"https:\/\/www.bestcryptoexchanges.com\/pt\/wp-json\/wp\/v2\/comments?post=9997"}],"version-history":[{"count":2,"href":"https:\/\/www.bestcryptoexchanges.com\/pt\/wp-json\/wp\/v2\/pages\/9997\/revisions"}],"predecessor-version":[{"id":10002,"href":"https:\/\/www.bestcryptoexchanges.com\/pt\/wp-json\/wp\/v2\/pages\/9997\/revisions\/10002"}],"wp:attachment":[{"href":"https:\/\/www.bestcryptoexchanges.com\/pt\/wp-json\/wp\/v2\/media?parent=9997"}],"curies":[{"name":"wp","href":"https:\/\/api.w.org\/{rel}","templated":true}]}}