{"id":9999,"date":"2021-10-05T10:41:03","date_gmt":"2021-10-05T10:41:03","guid":{"rendered":"https:\/\/www.bestcryptoexchanges.com\/?page_id=9999"},"modified":"2021-10-05T10:49:17","modified_gmt":"2021-10-05T10:49:17","slug":"terms-and-conditions","status":"publish","type":"page","link":"https:\/\/www.bestcryptoexchanges.com\/pt\/terms-and-conditions\/","title":{"rendered":"Termos e condi\u00e7\u00f5es"},"content":{"rendered":"<p>\u00daltima atualiza\u00e7\u00e3o: 15 de julho de 2020<\/p>\n\n\n\n<p>Por favor, leia estes Termos de Utiliza\u00e7\u00e3o (\u201cTermos\u201d, \u201cTermos de Utiliza\u00e7\u00e3o\u201d) cuidadosamente antes de utilizar o website https:\/\/cryptocurry.com (o \u201cServi\u00e7o\u201d) operado pela CryptoCurry (\u201cn\u00f3s\u201d, \u201cn\u00f3s\u201d, ou \u201cnosso\u201d).<\/p>\n\n\n\n<p>O acesso e a utiliza\u00e7\u00e3o do Servi\u00e7o est\u00e3o condicionados \u00e0 aceita\u00e7\u00e3o e ao cumprimento das presentes Condi\u00e7\u00f5es. Estes Termos aplicam-se a todos os visitantes, utilizadores e outros que acedam ou utilizem o Servi\u00e7o.<\/p>\n\n\n\n<p>Ao aceder ou utilizar o Servi\u00e7o, o utilizador aceita ficar vinculado \u00e0s presentes Condi\u00e7\u00f5es. Se o utilizador n\u00e3o concordar com qualquer parte dos termos, n\u00e3o poder\u00e1 aceder ao Servi\u00e7o.<\/p>\n\n\n\n<h2 class=\"wp-block-heading\">Propriedade intelectual<\/h2>\n\n\n\n<p>O Servi\u00e7o e o seu conte\u00fado original, carater\u00edsticas e funcionalidades s\u00e3o e continuar\u00e3o a ser propriedade exclusiva da CryptoCurry e dos seus licenciantes.<\/p>\n\n\n\n<h2 class=\"wp-block-heading\">Liga\u00e7\u00f5es a outros s\u00edtios Web<\/h2>\n\n\n\n<p>O nosso Servi\u00e7o pode conter links para sites ou servi\u00e7os de terceiros que n\u00e3o s\u00e3o de propriedade ou controlados pela CryptoCurry.<\/p>\n\n\n\n<p>CryptoCurry n\u00e3o tem controlo sobre, e n\u00e3o assume qualquer responsabilidade pelo conte\u00fado, pol\u00edticas de privacidade, ou pr\u00e1ticas de quaisquer sites ou servi\u00e7os de terceiros. O utilizador tamb\u00e9m reconhece e concorda que a CryptoCurry n\u00e3o ser\u00e1 respons\u00e1vel, direta ou indiretamente, por qualquer dano ou perda causada ou alegadamente causada por ou em conex\u00e3o com o uso ou confian\u00e7a em qualquer conte\u00fado, bens ou servi\u00e7os dispon\u00edveis em ou atrav\u00e9s de qualquer um desses sites ou servi\u00e7os.<\/p>\n\n\n\n<p>Aconselhamos vivamente a leitura dos termos e condi\u00e7\u00f5es e das pol\u00edticas de privacidade de todos os s\u00edtios Web ou servi\u00e7os de terceiros que visitar.<\/p>\n\n\n\n<h2 class=\"wp-block-heading\">Rescis\u00e3o<\/h2>\n\n\n\n<p>Podemos terminar ou suspender o acesso ao nosso Servi\u00e7o imediatamente, sem aviso pr\u00e9vio ou responsabilidade, por qualquer motivo, incluindo, sem limita\u00e7\u00e3o, se o utilizador violar os Termos.<\/p>\n\n\n\n<p>Todas as disposi\u00e7\u00f5es dos Termos que, pela sua natureza, devam sobreviver \u00e0 rescis\u00e3o, sobreviver\u00e3o \u00e0 rescis\u00e3o, incluindo, sem limita\u00e7\u00e3o, disposi\u00e7\u00f5es de propriedade, isen\u00e7\u00f5es de garantia, indemniza\u00e7\u00e3o e limita\u00e7\u00f5es de responsabilidade.<\/p>\n\n\n\n<h2 class=\"wp-block-heading\">Declara\u00e7\u00e3o de exonera\u00e7\u00e3o de responsabilidade<\/h2>\n\n\n\n<p>A utiliza\u00e7\u00e3o do Servi\u00e7o \u00e9 da exclusiva responsabilidade do utilizador. O Servi\u00e7o \u00e9 fornecido numa base \u201cTAL COMO EST\u00c1\u201d e \u201cCONFORME DISPON\u00cdVEL\u201d. O Servi\u00e7o \u00e9 fornecido sem garantias de qualquer tipo, expressas ou impl\u00edcitas, incluindo, mas n\u00e3o se limitando a, garantias impl\u00edcitas de comercializa\u00e7\u00e3o, adequa\u00e7\u00e3o a um determinado fim, n\u00e3o infra\u00e7\u00e3o ou curso de desempenho.<\/p>\n\n\n\n<h2 class=\"wp-block-heading\">Direito aplic\u00e1vel<\/h2>\n\n\n\n<p>As presentes Condi\u00e7\u00f5es ser\u00e3o regidas e interpretadas de acordo com a legisla\u00e7\u00e3o dos Estados Unidos da Am\u00e9rica, sem ter em conta o conflito de disposi\u00e7\u00f5es legais.<\/p>\n\n\n\n<p>O facto de n\u00e3o aplicarmos qualquer direito ou disposi\u00e7\u00e3o dos presentes Termos n\u00e3o ser\u00e1 considerado uma ren\u00fancia a esses direitos. Se qualquer disposi\u00e7\u00e3o destes Termos for considerada inv\u00e1lida ou n\u00e3o aplic\u00e1vel por um tribunal, as restantes disposi\u00e7\u00f5es destes Termos permanecer\u00e3o em vigor. Estes Termos constituem o acordo integral entre n\u00f3s relativamente ao nosso Servi\u00e7o e substituem quaisquer acordos anteriores que possam existir entre n\u00f3s relativamente ao Servi\u00e7o.<\/p>\n\n\n\n<h2 class=\"wp-block-heading\">Altera\u00e7\u00f5es<\/h2>\n\n\n\n<p>Reservamo-nos o direito, a nosso exclusivo crit\u00e9rio, de modificar ou substituir estes Termos em qualquer altura. Se uma revis\u00e3o for material, tentaremos fornecer um aviso pr\u00e9vio de pelo menos 30 dias antes de quaisquer novos termos entrarem em vigor. O que constitui uma altera\u00e7\u00e3o material ser\u00e1 determinado \u00e0 nossa inteira discri\u00e7\u00e3o.<\/p>\n\n\n\n<p>Ao continuar a aceder ou a utilizar o nosso Servi\u00e7o ap\u00f3s a entrada em vigor dessas revis\u00f5es, o utilizador concorda em ficar vinculado aos termos revistos. Se o utilizador n\u00e3o concordar com os novos termos, deve deixar de utilizar o Servi\u00e7o.<\/p>\n\n\n\n<h2 class=\"wp-block-heading\">Contactar-nos<\/h2>\n\n\n\n<p>Se tiver alguma d\u00favida sobre estes Termos, contacte-nos.<\/p>","protected":false},"excerpt":{"rendered":"<p>\u00daltima atualiza\u00e7\u00e3o: 15 de julho de 2020 Por favor, leia estes Termos de Uso (\u201cTermos\u201d, \u201cTermos de Uso\u201d) cuidadosamente antes de usar o site https:\/\/cryptocurry.com (o \u201cServi\u00e7o\u201d) operado pela CryptoCurry (\u201cn\u00f3s\u201d, \u201cn\u00f3s\u201d ou \u201cnosso\u201d). O seu acesso e utiliza\u00e7\u00e3o do Servi\u00e7o est\u00e1 condicionado \u00e0 sua aceita\u00e7\u00e3o e cumprimento destes Termos. Estes Termos aplicam-se a todos os visitantes, [...]<\/p>","protected":false},"author":1,"featured_media":0,"parent":0,"menu_order":0,"comment_status":"closed","ping_status":"closed","template":"","meta":{"footnotes":""},"class_list":["post-9999","page","type-page","status-publish","hentry","post-wrapper","thrv_wrapper"],"_links":{"self":[{"href":"https:\/\/www.bestcryptoexchanges.com\/pt\/wp-json\/wp\/v2\/pages\/9999","targetHints":{"allow":["GET"]}}],"collection":[{"href":"https:\/\/www.bestcryptoexchanges.com\/pt\/wp-json\/wp\/v2\/pages"}],"about":[{"href":"https:\/\/www.bestcryptoexchanges.com\/pt\/wp-json\/wp\/v2\/types\/page"}],"author":[{"embeddable":true,"href":"https:\/\/www.bestcryptoexchanges.com\/pt\/wp-json\/wp\/v2\/users\/1"}],"replies":[{"embeddable":true,"href":"https:\/\/www.bestcryptoexchanges.com\/pt\/wp-json\/wp\/v2\/comments?post=9999"}],"version-history":[{"count":2,"href":"https:\/\/www.bestcryptoexchanges.com\/pt\/wp-json\/wp\/v2\/pages\/9999\/revisions"}],"predecessor-version":[{"id":10001,"href":"https:\/\/www.bestcryptoexchanges.com\/pt\/wp-json\/wp\/v2\/pages\/9999\/revisions\/10001"}],"wp:attachment":[{"href":"https:\/\/www.bestcryptoexchanges.com\/pt\/wp-json\/wp\/v2\/media?parent=9999"}],"curies":[{"name":"wp","href":"https:\/\/api.w.org\/{rel}","templated":true}]}}