{"id":10013,"date":"2021-10-23T17:13:36","date_gmt":"2021-10-23T17:13:36","guid":{"rendered":"https:\/\/www.bestcryptoexchanges.com\/?page_id=10013"},"modified":"2025-11-17T11:14:22","modified_gmt":"2025-11-17T11:14:22","slug":"how-we-choose-crypto-brands","status":"publish","type":"page","link":"https:\/\/www.bestcryptoexchanges.com\/ro\/how-we-choose-crypto-brands\/","title":{"rendered":"Cum alegem m\u0103rcile cripto"},"content":{"rendered":"<p>\u00cen realitate, pia\u021ba cripto este una dintre cele mai mari industrii create \u00een ultimele decenii. \u00cen prezent, exist\u0103 mai mul\u021bi lideri \u00een r\u00e2ndul schimburilor cripto \u0219i al monedelor \u00een sine, dar dezvoltarea tehnologic\u0103 rapid\u0103 le permite s\u0103 introduc\u0103 schimb\u0103ri pe pia\u021b\u0103 aproape \u00een fiecare lun\u0103. Cuno\u0219tin\u021bele sunt nepre\u021buite pentru a putea lua decizii rapide \u0219i benefice necesare \u00een aceast\u0103 ni\u0219\u0103. De aceea, este important s\u0103 fi\u021bi la curent cu toate noile schimb\u0103ri din industria cripto pentru a ob\u021bine profitul maxim posibil.<\/p>\n\n\n\n<p>Site-ul nostru ofer\u0103 ghiduri scurte, dar cuprinz\u0103toare, pe teme precum criptomonedele \u0219i diferen\u021bele dintre acestea, schimburile de criptomonede, cele mai profitabile portofele \u0219i procesul de extragere a criptomonedelor. Echipa noastr\u0103 exploreaz\u0103 mii de referin\u021be \u00een fiecare zi pentru a crea cele mai de \u00eencredere articole pentru dumneavoastr\u0103. Utilizatorii site-ului nostru nu au niciun dubiu cu privire la fiabilitatea ghidurilor noastre \u0219i vom explica motivele pentru acest lucru \u00een acest raport.<\/p>\n\n\n\n<h2 class=\"wp-block-heading\"><strong>Aspecte la care acord\u0103m aten\u021bie<\/strong><\/h2>\n\n\n\n<p>Deoarece compania noastr\u0103 nu dore\u0219te s\u0103 v\u0103 dezam\u0103geasc\u0103 \u0219i s\u0103 v\u0103 promoveze pierderile de bani \u00een timpul investi\u021biei \u00een criptomonede, petrecem mult timp \u00een selectarea celor mai bune servicii pentru a le recomanda cititorilor no\u0219tri. Av\u00e2nd o experien\u021b\u0103 uria\u0219\u0103 \u00een tranzac\u021bionare \u0219i cercetarea informa\u021biilor pe aceast\u0103 tem\u0103, ne-am dat seama c\u0103 exist\u0103 mai mul\u021bi factori pe care ar trebui s\u0103 \u00eei lu\u0103m \u00een considerare pentru crearea celor mai bune recenzii perspicace.&nbsp;<\/p>\n\n\n\n<p><strong>Desigur, aspectele pe care le lu\u0103m \u00een considerare \u00eendeaproape depind de subiectele actuale ale recenziilor, deoarece acestea difer\u0103 \u00een func\u021bionalitatea lor. \u00cen general, site-ul nostru este axat pe patru teme principale din industria criptomonedelor, dup\u0103 cum urmeaz\u0103:<\/strong><\/p>\n\n\n\n<ul class=\"wp-block-list\"><li>Portofele criptografice<\/li><li>Schimburi de criptomonede<\/li><li>Toate chestiunile legate de minerit<\/li><li>Varietate de criptomonede.<\/li><\/ul>\n\n\n\n<p><strong>Unii dintre subiec\u021bii din lista de mai sus au factori specifici de luat \u00een considerare, dar majoritatea dintre ei \u00eemp\u0103rt\u0103\u0219esc ideea de a oferi op\u021biuni pentru tranzac\u021bionarea criptografic\u0103 sigur\u0103 \u0219i eficient\u0103:<\/strong><\/p>\n\n\n\n<ol class=\"wp-block-list\"><li>Securitate<\/li><li>Taxe<\/li><li>Reputa\u021bie<\/li><li>Interfa\u021b\u0103<\/li><li>Perspective viitoare<\/li><\/ol>\n\n\n\n<h3 class=\"wp-block-heading\"><strong>Securitate<\/strong><\/h3>\n\n\n\n<p>Adev\u0103rul este c\u0103 internetul ofer\u0103 oportunit\u0103\u021bi de a c\u00e2\u0219tiga bani nu numai pentru utilizatorii obi\u0219nui\u021bi, ci \u0219i pentru hackeri. Aceasta \u00eenseamn\u0103 c\u0103, de fiecare dat\u0103 c\u00e2nd investi\u021bi bani prin intermediul internetului, trebuie s\u0103 v\u0103 asigura\u021bi c\u0103 platforma sau criptomoneda este sigur\u0103. Pentru a v\u0103 proteja de fraude, colect\u0103m cu aten\u021bie date despre toate serviciile \u0219i verific\u0103m experien\u021ba utilizatorilor anteriori.<\/p>\n\n\n\n<p>Utiliz\u00e2nd serviciul sau moneda recomandate de speciali\u0219tii no\u0219tri, pute\u021bi fi siguri c\u0103 banii dvs. nu vor fi fura\u021bi sau pierdu\u021bi \u00een noosfer\u0103. \u00cen plus, ne actualiz\u0103m recenziile \u00een mod regulat \u0219i v\u0103 avertiz\u0103m cu privire la ultimele previziuni \u0219i fluctua\u021bii de pe pia\u021b\u0103. De aceea, v\u0103 pute\u021bi verifica \u00eentotdeauna activitatea pe platform\u0103 \u00een cazul \u00een care aceasta este suspect\u0103.&nbsp;<\/p>\n\n\n\n<h3 class=\"wp-block-heading\"><strong>Taxe<\/strong><\/h3>\n\n\n\n<p>Dac\u0103 sunte\u021bi \u00eencep\u0103tor \u00een tranzac\u021bionarea criptografic\u0103, va fi important pentru dvs. s\u0103 face\u021bi intrarea pe pia\u021b\u0103 c\u00e2t mai ieftin\u0103 posibil. Diverse burse \u0219i echipe de minerit ofer\u0103 pre\u021buri diferite pentru intrarea pe platformele lor \u0219i utilizarea serviciilor lor. Uneori, costurile nu sunt accesibile pentru \u00eencep\u0103tori, chiar dac\u0103 o companie ofer\u0103 un num\u0103r enorm de op\u021biuni \u0219i func\u021bii pl\u0103tite.&nbsp;<\/p>\n\n\n\n<p>Deci, este responsabilitatea noastr\u0103 s\u0103 alegem cea mai avantajoas\u0103 op\u021biune pentru tranzac\u021bionarea criptografic\u0103 \u00een siguran\u021b\u0103. \u00cen acest scop, realiz\u0103m tabele comparative cu toate taxele pentru servicii incluse pentru ca dumneavoastr\u0103 s\u0103 alege\u021bi cea mai potrivit\u0103 alternativ\u0103. \u00cen plus, estim\u0103m suma aproximativ\u0103 de bani pe care o ve\u021bi cheltui folosind un anumit serviciu de schimb \u0219i profitul dumneavoastr\u0103 dup\u0103 manipularea cu o anumit\u0103 criptomoned\u0103.<\/p>\n\n\n\n<h3 class=\"wp-block-heading\"><strong>Reputa\u021bie<\/strong><\/h3>\n\n\n\n<p>Cea mai bun\u0103 modalitate de a clarifica calitatea platformei sau a serviciului este s\u0103 \u00eentreba\u021bi utilizatorii acestuia despre experien\u021ba lor de utilizare. Exist\u0103 o mul\u021bime de bloguri \u0219i site-uri web cu mii de recenzii privind utilizarea diferitelor schimburi de criptomonede \u0219i tranzac\u021bionarea criptomonedelor. Am f\u0103cut procesul de explorare mai u\u0219or \u0219i am rezumat opinia medie despre platforme.<\/p>\n\n\n\n<p>Odat\u0103 ce exist\u0103 o mul\u021bime de recenzii negative de la persoane care \u0219i-au pierdut banii sau conturile lor au fost \u00eenghe\u021bate pentru totdeauna, nu vom recomanda serviciul ca fiind preferabil. Este important s\u0103 \u0219ti\u021bi despre experien\u021ba slab\u0103 de lucru cu criptomonedele pentru a evita pierderea banilor \u0219i a timpului. Acesta este motivul pentru care site-ul nostru este construit pe cercetarea atent\u0103 a nuan\u021belor tehnologice ale schimburilor de criptomonede pe care le analiz\u0103m, precum \u0219i pe m\u0103rturiile utilizatorilor acestora.<\/p>\n\n\n\n<h3 class=\"wp-block-heading\"><strong>Interfa\u021b\u0103<\/strong><\/h3>\n\n\n\n<p>Trebuie s\u0103 \u00een\u021belege\u021bi \u00eentotdeauna procesele interne ale tranzac\u021bion\u0103rii dac\u0103 dori\u021bi s\u0103 v\u0103 controla\u021bi fondurile. Mai ales dac\u0103 nu sunte\u021bi un trader profesionist, platforma ar trebui s\u0103 v\u0103 permit\u0103 s\u0103 fi\u021bi la curent cu toate tranzac\u021biile efectuate cu banii dvs. \u00eentr-un mod clar \u0219i direct.&nbsp;<\/p>\n\n\n\n<p>\u00cen calitate de speciali\u0219ti \u00een tranzac\u021bionarea bitcoin \u0219i criptomonede, ne \u00eemp\u0103rt\u0103\u0219im g\u00e2ndurile \u0219i opiniile despre schimburi \u00een rapoartele noastre. \u00cencerc\u0103m s\u0103 colect\u0103m platforme de lucru cu cele mai bune interfe\u021be u\u0219or de utilizat pentru ca tu s\u0103 te implici pe pia\u021ba cripto mai repede \u0219i cu mai pu\u021bin efort.<\/p>\n\n\n\n<p>Apropo, disponibilitatea diferitelor func\u021bii pe platforme este, de asemenea, unul dintre aspectele esen\u021biale pentru a v\u0103 recomanda serviciile. Cu c\u00e2t mai multe opera\u021biuni pute\u021bi efectua \u00een cadrul unui site web, cu at\u00e2t mai u\u0219or \u0219i mai ieftin va fi procesul de transfer de bani.<\/p>\n\n\n\n<h3 class=\"wp-block-heading\"><strong>Perspective viitoare<\/strong><\/h3>\n\n\n\n<p>Lumea cripto este o industrie instabil\u0103 \u0219i \u00een curs de dezvoltare, dar to\u021bi oamenii inclu\u0219i \u00een ea doresc s\u0103 c\u00e2\u0219tige bani din aceast\u0103 surs\u0103 pentru c\u00e2t mai mult timp posibil. \u00cen zilele noastre, este aproape imposibil s\u0103 prezici viitorul criptomonedelor chiar \u0219i cu zece ani \u00eenainte, dar am \u00eencercat din r\u0103sputeri s\u0103 adun\u0103m aceste informa\u021bii pentru tine, av\u00e2nd la baz\u0103 o analiz\u0103 aprofundat\u0103.<\/p>\n\n\n\n<p>Uneori, comercian\u021bii profesioni\u0219ti fac recenzii cu privire la viitorul tuturor <a href=\"https:\/\/www.bestcryptoexchanges.com\/ro\/us\/\" title=\"Cele mai bune schimburi criptografice SUA 2025\"  data-wpil-monitor-id=\"2480\">criptomonede \u0219i burse<\/a> cu previziuni controversate. Echipa noastr\u0103 le-a investigat pe toate pentru a crea un pronostic subiectiv, dar cel mai realist. Am exclus aproape toate op\u021biunile platformelor care \u00ee\u0219i vor \u00eenceta activitatea \u00een cur\u00e2nd. Tranzac\u021bionarea cripto este \u00eentotdeauna implicat\u0103 de un risc ridicat, iar profesioni\u0219tii no\u0219tri \u00eencearc\u0103 s\u0103 \u00eel reduc\u0103 pentru dvs. \u00een timp ce v\u0103 ofer\u0103 sfaturile lor.&nbsp;<\/p>\n\n\n\n<h2 class=\"wp-block-heading\"><strong>Disclaimer<\/strong><\/h2>\n\n\n\n<p>Informa\u021biile colectate de echipa noastr\u0103 sunt impar\u021biale \u0219i fiabile, deoarece am examinat f\u0103r\u0103 discriminare toate platformele posibile de criptomonede \u0219i recenziile despre acestea. Experien\u021ba noastr\u0103 ne permite s\u0103 cre\u0103m recenzii relevante \u0219i s\u0103 facem recomand\u0103ri benefice pentru utilizatori.<\/p>\n\n\n\n<p>Cu toate acestea, \u00een fiecare zi apar actualiz\u0103ri \u00een sfera tranzac\u021biilor cu criptomonede \u0219i de aceea, uneori, informa\u021biile noastre nu sunt cele mai recente. Cu toate acestea, \u00eencerc\u0103m s\u0103 prindem toate nout\u0103\u021bile din aceast\u0103 industrie \u0219i s\u0103 le prezent\u0103m imediat utilizatorilor no\u0219tri.<\/p>\n\n\n\n<p>\u00cen plus, chiar dac\u0103 nu includem unele criptomonede \u0219i schimburi pentru acestea \u00een ghidurile noastre, aceasta nu \u00eenseamn\u0103 c\u0103 nu le pute\u021bi \u00eencerca singuri. Toat\u0103 responsabilitatea pentru riscuri \u0219i profituri v\u0103 revine \u0219i de aceea ar trebui s\u0103 explora\u021bi c\u00e2t mai multe informa\u021bii \u0219i s\u0103 decide\u021bi cu privire la anumite opera\u021biuni pe baza datelor colectate \u0219i prelucrate.&nbsp;<\/p>","protected":false},"excerpt":{"rendered":"<p>\u00cen realitate, pia\u021ba cripto este una dintre cele mai mari industrii create \u00een ultimele decenii. \u00cen prezent, exist\u0103 mai mul\u021bi lideri printre bursele cripto \u0219i monedele \u00een sine, dar dezvoltarea tehnologic\u0103 rapid\u0103 le permite s\u0103 introduc\u0103 schimb\u0103ri pe pia\u021b\u0103 aproape \u00een fiecare lun\u0103. Cuno\u0219tin\u021bele sunt nepre\u021buite pentru a putea lua decizii rapide \u0219i benefice necesare [...]<\/p>","protected":false},"author":1,"featured_media":0,"parent":0,"menu_order":0,"comment_status":"closed","ping_status":"closed","template":"","meta":{"footnotes":""},"class_list":["post-10013","page","type-page","status-publish","hentry","post-wrapper","thrv_wrapper"],"_links":{"self":[{"href":"https:\/\/www.bestcryptoexchanges.com\/ro\/wp-json\/wp\/v2\/pages\/10013","targetHints":{"allow":["GET"]}}],"collection":[{"href":"https:\/\/www.bestcryptoexchanges.com\/ro\/wp-json\/wp\/v2\/pages"}],"about":[{"href":"https:\/\/www.bestcryptoexchanges.com\/ro\/wp-json\/wp\/v2\/types\/page"}],"author":[{"embeddable":true,"href":"https:\/\/www.bestcryptoexchanges.com\/ro\/wp-json\/wp\/v2\/users\/1"}],"replies":[{"embeddable":true,"href":"https:\/\/www.bestcryptoexchanges.com\/ro\/wp-json\/wp\/v2\/comments?post=10013"}],"version-history":[{"count":4,"href":"https:\/\/www.bestcryptoexchanges.com\/ro\/wp-json\/wp\/v2\/pages\/10013\/revisions"}],"predecessor-version":[{"id":13660,"href":"https:\/\/www.bestcryptoexchanges.com\/ro\/wp-json\/wp\/v2\/pages\/10013\/revisions\/13660"}],"wp:attachment":[{"href":"https:\/\/www.bestcryptoexchanges.com\/ro\/wp-json\/wp\/v2\/media?parent=10013"}],"curies":[{"name":"wp","href":"https:\/\/api.w.org\/{rel}","templated":true}]}}