{"id":10015,"date":"2021-10-23T17:16:01","date_gmt":"2021-10-23T17:16:01","guid":{"rendered":"https:\/\/www.bestcryptoexchanges.com\/?page_id=10015"},"modified":"2021-10-23T17:18:45","modified_gmt":"2021-10-23T17:18:45","slug":"how-we-rate-crypto-brands","status":"publish","type":"page","link":"https:\/\/www.bestcryptoexchanges.com\/ro\/how-we-rate-crypto-brands\/","title":{"rendered":"Cum evalu\u0103m m\u0103rcile cripto"},"content":{"rendered":"<p>Scopul site-ului nostru este de a analiza cele mai bune portofele criptografice, cele mai fiabile schimburi criptografice \u0219i serviciile conexe, precum \u0219i cele mai profitabile monede de pe pia\u021ba digital\u0103 actual\u0103. Folosim mai mul\u021bi factori care pot determina dac\u0103 un anumit portofel cripto sau schimb va fi inclus \u00een articolele noastre. \u00cen plus, utilizatorii pot g\u0103si sfaturi utile despre schimburile de criptomonede \u0219i profitabilitatea celor mai demne criptomonede pe site-ul nostru. Construim lista celor mai de \u00eencredere \u0219i benefice schimburi, clasific\u00e2ndu-le utiliz\u00e2nd criterii speciale.&nbsp;<\/p>\n\n\n\n<p><strong>V\u0103 pute\u021bi familiariza cu factorii pe care noi \u00eei consider\u0103m importan\u021bi de luat \u00een considerare atunci c\u00e2nd v\u0103 oferim recomand\u0103ri. Iat\u0103 pe ce ne concentr\u0103m:<\/strong><\/p>\n\n\n\n<ul class=\"wp-block-list\"><li>Sistemul de rating al portofelelor criptografice<\/li><li>Sistemul de rating al schimburilor de criptografie<\/li><li>Sistemul de rating al criptomonedelor<\/li><li>Sistem de evaluare a instrumentelor miniere<\/li><\/ul>\n\n\n\n<h2 class=\"wp-block-heading\"><strong>Sistemul de evaluare a portofelelor criptografice<\/strong><\/h2>\n\n\n\n<ul class=\"wp-block-list\"><li><strong>Varietate de criptomonede disponibile<\/strong><\/li><\/ul>\n\n\n\n<p>Lucr\u00e2nd cu criptomonede, trebuie s\u0103 fii con\u0219tient de toate procesele care au loc pe pia\u021b\u0103 \u0219i s\u0103 \u00eencerci s\u0103 \u00eenve\u021bi s\u0103 faci opera\u021biuni profitabile cu diverse criptomonede. Uneori, achizi\u021bionarea unor criptomonede v\u0103 poate aduce mai mult profit dec\u00e2t o alt\u0103 opera\u021biune \u0219i de aceea un portofel ar trebui s\u0103 v\u0103 permit\u0103 s\u0103 lucra\u021bi cu mai multe criptomonede \u00een acela\u0219i timp. Este punctul crucial pentru portofelele de criptomonede s\u0103 ofere posibilitatea de a tranzac\u021biona cu c\u00e2t mai multe criptomonede \u00een cadrele unei platforme. Astfel, dac\u0103 portofelul ofer\u0103 clien\u021bilor doar bitcoin ca moned\u0103 pentru tranzac\u021bionare, nu \u00eel vom evalua la fel de bine ca pe un portofel cu zeci de criptomonede disponibile.<\/p>\n\n\n\n<ul class=\"wp-block-list\"><li><strong>Securitatea adresei \u0219i a procesului de conectare<\/strong><\/li><\/ul>\n\n\n\n<p>Deoarece utilizatorii portofelelor cripto p\u0103streaz\u0103 acolo fonduri uria\u0219e, este important s\u0103 fim siguri c\u0103 acestea vor fi \u00een siguran\u021b\u0103 \u0219i protejate. \u00cen primul r\u00e2nd, verific\u0103m adresa web a portofelului. Dac\u0103 \u00eencepe cu HTTPS, \u00eel vom considera suficient de sigur \u0219i va fi situat mai sus \u00een rating dec\u00e2t un portofel cu o adres\u0103 HTTP.&nbsp;<\/p>\n\n\n\n<p>De asemenea, profesioni\u0219tii no\u0219tri \u00eencearc\u0103 s\u0103 v\u0103 salveze de orice tip de fraud\u0103 posibil\u0103 \u00een timpul lucrului cu portofelele cripto. Prin urmare, prefer\u0103m s\u0103 v\u0103 recomand\u0103m portofele cu autentificare cu doi factori, deoarece acestea ofer\u0103 o securitate mai mare a contului dvs. de portofel \u0219i a activelor \u00een consecin\u021b\u0103.&nbsp;<\/p>\n\n\n\n<p>Un portofel poate primi mai multe puncte \u00een ratingul nostru dac\u0103 este \u201cdeterminist ierarhic\u201d. Acest concept este legat de adresele pentru portofelele criptografice. Mai exact, portofelul este mai sigur dac\u0103 creeaz\u0103 adrese criptografice noi pentru fiecare opera\u021biune cu activele dvs. dec\u00e2t dac\u0103 utilizeaz\u0103 aceea\u0219i adres\u0103 de portofel de fiecare dat\u0103.<\/p>\n\n\n\n<ul class=\"wp-block-list\"><li><strong>Fiabilitatea furnizorului<\/strong><\/li><\/ul>\n\n\n\n<p>Cunoa\u0219terea companiei din spatele portofelului v\u0103 poate oferi mai mult\u0103 \u00eencredere \u00een fiabilitatea acestuia. Din acest motiv, verific\u0103m proprietarii \u0219i dezvoltatorii portofelelor \u00eenainte de a le include \u00een ratingurile noastre. Dac\u0103 portofelul demonstreaz\u0103 public toate licen\u021bele \u0219i documentele despre creatorii s\u0103i, iar aceste companii \u0219i persoane nu au fost remarcate ca escroci pe internet, vom evalua portofelul ca fiind unul nesuspectaculos.&nbsp;<\/p>\n\n\n\n<p>\u00cen plus, trebuie s\u0103 cunoa\u0219tem codul portofelului, deoarece acesta face procesul de tranzac\u021bionare mai transparent. Astfel, transparen\u021ba sporit\u0103 a tuturor opera\u021biunilor care au loc \u00een portofel face ca acesta s\u0103 fie mai fiabil pentru noi.<\/p>\n\n\n\n<ul class=\"wp-block-list\"><li><strong>Evaluarea portofelelor de c\u0103tre utilizatori<\/strong><\/li><\/ul>\n\n\n\n<p>Exist\u0103 o mul\u021bime de site-uri web, cum ar fi Reddit, cu forumuri deschise pentru utilizatorii de portofele criptografice. Aceste servicii permit oamenilor s\u0103 \u00ee\u0219i \u00eemp\u0103rt\u0103\u0219easc\u0103 experien\u021ba de lucru cu platformele \u0219i s\u0103 \u00ee\u0219i exprime opiniile. O estimare a portofelului de c\u0103tre comunitate poate fi un factor cheie pentru recomandarea oric\u0103rei platforme, deoarece acestea pot ar\u0103ta laturile serviciilor care sunt ascunse de dezvoltatori. De exemplu, \u00eencerc\u0103m s\u0103 g\u0103sim o opinie medie despre portofelul cripto, dar, de asemenea, acord\u0103m aten\u021bie recenziilor negative \u0219i veridicit\u0103\u021bii acestora.<\/p>\n\n\n\n<p>Apropo, recenziile utilizatorilor experimenta\u021bi pot fi indicatori ai confortului platformelor pentru clien\u021bi. Designul interfe\u021bei poate influen\u021ba pozi\u021bia de rating a portofelului \u00een a\u0219a fel \u00eenc\u00e2t o structur\u0103 mai intuitiv\u0103 a serviciului va fi evaluat\u0103 mai bine de c\u0103tre speciali\u0219tii no\u0219tri. Dac\u0103 utilizatorii experimenta\u021bi sus\u021bin c\u0103 exist\u0103 unele complexit\u0103\u021bi \u00een procesul de lucru cu portofelul, vom verifica acest lucru \u0219i \u00eel vom lua \u00een considerare \u00een timpul cre\u0103rii ratingului.<\/p>\n\n\n\n<ul class=\"wp-block-list\"><li><strong>Caracterul rezonabil al taxelor \u0219i comisioanelor<\/strong><\/li><\/ul>\n\n\n\n<p>Atunci c\u00e2nd o persoan\u0103 dore\u0219te s\u0103 \u00eenceap\u0103 s\u0103 tranzac\u021bioneze cu un portofel, ea este \u00eentotdeauna interesat\u0103 de pre\u021bul de utilizare a acestuia. Astfel, echipa noastr\u0103 estimeaz\u0103 pre\u021bul mediu de pe pia\u021b\u0103 pentru toate serviciile furnizate \u0219i evalueaz\u0103 portofelul ca fiind ieftin de utilizat sau scump. Desigur, pre\u021bul depinde de performan\u021ba portofelului, iar noi includem acest factor \u00een sistemul nostru de estimare.<\/p>\n\n\n\n<h2 class=\"wp-block-heading\"><strong>Sistemul de evaluare a burselor de criptografie<\/strong><\/h2>\n\n\n\n<p><strong>Aplic\u0103m un sistem de rating pu\u021bin diferit pentru bursele de criptomonede \u0219i se bazeaz\u0103 pe urm\u0103toarele aspecte:<\/strong><\/p>\n\n\n\n<ul class=\"wp-block-list\"><li>Num\u0103rul de monede disponibile;<\/li><li>Performan\u021ba serviciului de asisten\u021b\u0103 pentru clien\u021bi;<\/li><li>Protec\u021bia tranzac\u021biilor \u0219i a activelor;<\/li><li>Stabilirea pre\u021burilor;<\/li><li>Comoditatea interfe\u021bei;<\/li><li>Metode de plat\u0103 acceptate.<\/li><\/ul>\n\n\n\n<p>Pe baza notei pentru fiecare dintre factori, construim un sistem de rating \u0219i eviden\u021biem principalele avantaje \u0219i dezavantaje ale unui anumit schimb de criptografie. Aceasta \u00eenseamn\u0103 c\u0103 le oferim cititorilor no\u0219tri s\u0103 aleag\u0103 singuri un exchange, \u00een func\u021bie de importan\u021ba fiec\u0103rui element pentru ei. Astfel, unele platforme vor fi mai practice pentru \u00eencep\u0103tori, \u00een timp ce altele pentru utilizatorii experimenta\u021bi.<\/p>\n\n\n\n<h2 class=\"wp-block-heading\"><strong>Sistemul de evaluare a criptomonedelor<\/strong><\/h2>\n\n\n\n<p><strong>\u00cen timp ce evalu\u0103m beneficiile tranzac\u021bion\u0103rii cu criptomonede pentru recenziile noastre, acord\u0103m aten\u021bie schimb\u0103rilor \u00een curs de desf\u0103\u0219urare pe pia\u021b\u0103 \u0219i estim\u0103rilor de baz\u0103 comune pentru criptomonede:<\/strong><\/p>\n\n\n\n<ul class=\"wp-block-list\"><li>Oferta \u0219i cererea pentru moned\u0103;<\/li><li>Adoptarea monedei de uz comun;<\/li><li>Costuri de produc\u021bie;<\/li><li>Num\u0103rul de portofele pentru criptomonede de pe pia\u021b\u0103;<\/li><li>Interac\u021biunea criptomonedei cu monedele fiat;<\/li><li>Controlul asupra stocului de valut\u0103 de c\u0103tre guvern.<\/li><\/ul>\n\n\n\n<p>Dup\u0103 colectarea de date despre to\u021bi factorii enumera\u021bi mai sus pentru criptomonede, cre\u0103m recenzii comparative pentru acestea. \u00cen calitate de poten\u021bial cump\u0103r\u0103tor al monedelor, pute\u021bi fi interesat de unele puncte esen\u021biale mai mult dec\u00e2t de altele \u0219i, de aceea, v\u0103 acord\u0103m posibilitatea de a selecta singur criptomonedele pe baza cercet\u0103rilor \u0219i analizelor noastre.<\/p>\n\n\n\n<h2 class=\"wp-block-heading\"><strong>Instrumente de minerit Sistem de evaluare<\/strong><\/h2>\n\n\n\n<p>\u00cen plus fa\u021b\u0103 de portofelele cripto, schimburile \u0219i criptomonedele \u00een sine, dedic\u0103m o parte a site-ului nostru instrumentelor de minerit. Acest subiect necesit\u0103 un alt sistem de rating, deoarece este mai complex. Cu toate acestea, securitatea bazinelor \u0219i a software-ului pentru minerit este lucrul crucial pe care trebuie s\u0103 \u00eel lu\u0103m \u00een considerare pentru recomand\u0103ri precise. Echipa noastr\u0103 face tot posibilul pentru a fi la curent cu cele mai recente evolu\u021bii din domeniu.&nbsp;<\/p>\n\n\n\n<p><strong>Noi includem urm\u0103torii factori \u00een sistemul de evaluare a instrumentelor de minerit:<\/strong><\/p>\n\n\n\n<ul class=\"wp-block-list\"><li>Taxe \u0219i comisioane;<\/li><li>Ergonomie;<\/li><li>Caracteristici de configurare disponibile;<\/li><li>Reputa\u021bia piscinelor.<\/li><\/ul>\n\n\n\n<p>Con\u021binutul site-ului nostru este divers \u0219i practic datorit\u0103 activit\u0103\u021bii profesionale a anali\u0219tilor, exper\u021bilor \u0219i autorilor no\u0219tri. \u00cen plus fa\u021b\u0103 de recenziile privind criptomonedele \u0219i instrumentele pentru tranzac\u021bionare \u0219i minerit, dedic\u0103m articole ocaziilor actuale importante de pe pia\u021b\u0103. R\u0103m\u00e2nerea \u00een contact cu cele mai recente \u0219tiri despre lumea cripto le permite clien\u021bilor no\u0219tri s\u0103 c\u00e2\u0219tige mai mul\u021bi bani \u0219i de aceea verific\u0103m rapoartele analitice \u00een fiecare zi. \u00cen ceea ce prive\u0219te fiabilitatea acestor rapoarte, speciali\u0219tii no\u0219tri fac opera\u021biuni de verificare \u00eenainte de a utiliza date de pe site-uri externe. De aceea, to\u021bi utilizatorii no\u0219tri pot avea \u00eencredere deplin\u0103 \u00een informa\u021biile pe care le furniz\u0103m \u0219i le pot folosi pentru a-\u0219i cre\u0219te profiturile \u00een criptografie.&nbsp;<\/p>","protected":false},"excerpt":{"rendered":"<p>Scopul site-ului nostru este de a analiza cele mai bune portofele criptografice, cele mai fiabile schimburi criptografice \u0219i serviciile conexe, precum \u0219i cele mai profitabile monede de pe pia\u021ba digital\u0103 actual\u0103. Folosim mai mul\u021bi factori care pot determina dac\u0103 un anumit portofel cripto sau schimb va fi inclus \u00een articolele noastre. \u00cen plus, utilizatorii pot g\u0103si informa\u021bii utile [...]<\/p>","protected":false},"author":1,"featured_media":0,"parent":0,"menu_order":0,"comment_status":"closed","ping_status":"closed","template":"","meta":{"footnotes":""},"class_list":["post-10015","page","type-page","status-publish","hentry","post-wrapper","thrv_wrapper"],"_links":{"self":[{"href":"https:\/\/www.bestcryptoexchanges.com\/ro\/wp-json\/wp\/v2\/pages\/10015","targetHints":{"allow":["GET"]}}],"collection":[{"href":"https:\/\/www.bestcryptoexchanges.com\/ro\/wp-json\/wp\/v2\/pages"}],"about":[{"href":"https:\/\/www.bestcryptoexchanges.com\/ro\/wp-json\/wp\/v2\/types\/page"}],"author":[{"embeddable":true,"href":"https:\/\/www.bestcryptoexchanges.com\/ro\/wp-json\/wp\/v2\/users\/1"}],"replies":[{"embeddable":true,"href":"https:\/\/www.bestcryptoexchanges.com\/ro\/wp-json\/wp\/v2\/comments?post=10015"}],"version-history":[{"count":2,"href":"https:\/\/www.bestcryptoexchanges.com\/ro\/wp-json\/wp\/v2\/pages\/10015\/revisions"}],"predecessor-version":[{"id":10019,"href":"https:\/\/www.bestcryptoexchanges.com\/ro\/wp-json\/wp\/v2\/pages\/10015\/revisions\/10019"}],"wp:attachment":[{"href":"https:\/\/www.bestcryptoexchanges.com\/ro\/wp-json\/wp\/v2\/media?parent=10015"}],"curies":[{"name":"wp","href":"https:\/\/api.w.org\/{rel}","templated":true}]}}