{"id":10602,"date":"2025-07-20T15:43:56","date_gmt":"2025-07-20T15:43:56","guid":{"rendered":"https:\/\/www.bestcryptoexchanges.com\/?page_id=10602"},"modified":"2025-07-20T15:43:56","modified_gmt":"2025-07-20T15:43:56","slug":"about","status":"publish","type":"page","link":"https:\/\/www.bestcryptoexchanges.com\/ro\/about\/","title":{"rendered":"Despre BestCryptoExchanges"},"content":{"rendered":"<h1 class=\"wp-block-heading\">\u00cenv\u0103\u021ba\u021bi \u00eenainte de a investi \u00een criptomonede!<\/h1>\r\n\r\n\r\n\r\n<p>C\u0103uta\u021bi s\u0103 intra\u021bi \u00een Bitcoin \u0219i nu \u0219ti\u021bi de unde s\u0103 \u00eencepe\u021bi? A\u021bi ajuns la locul potrivit. Resursele noastre blockchain \u0219i monede digitale sunt cele mai cuprinz\u0103toare ghiduri directe \u0219i u\u0219or de \u00een\u021beles pe care le ve\u021bi g\u0103si oriunde pe web. Check them out pentru tine.<\/p>\r\n\r\n\r\n\r\n<figure class=\"wp-block-image size-full is-resized\"><img decoding=\"async\" width=\"640\" height=\"640\" class=\"wp-image-10603\" style=\"width: 341px; height: auto;\" src=\"https:\/\/www.bestcryptoexchanges.com\/wp-content\/uploads\/2025\/06\/image.png\" alt=\"\" title=\"\" srcset=\"https:\/\/www.bestcryptoexchanges.com\/wp-content\/uploads\/2025\/06\/image.png 640w, https:\/\/www.bestcryptoexchanges.com\/wp-content\/uploads\/2025\/06\/image-300x300.png 300w, https:\/\/www.bestcryptoexchanges.com\/wp-content\/uploads\/2025\/06\/image-150x150.png 150w\" sizes=\"(max-width: 640px) 100vw, 640px\" \/><\/figure>\r\n\r\n\r\n\r\n<p><strong>Brian Forester, redactor-\u0219ef, BestCryptoExchanges.Com<\/strong><\/p>","protected":false},"excerpt":{"rendered":"<p>\u00cenva\u021b\u0103 \u00eenainte de a investi \u00een criptomonede! C\u0103uta\u021bi s\u0103 intra\u021bi \u00een Bitcoin \u0219i nu \u0219ti\u021bi de unde s\u0103 \u00eencepe\u021bi? A\u021bi ajuns la locul potrivit. Resursele noastre blockchain \u0219i monede digitale sunt cele mai cuprinz\u0103toare ghiduri directe \u0219i u\u0219or de \u00een\u021beles pe care le ve\u021bi g\u0103si oriunde pe web. Verifica\u021bi-le pentru dvs. Brian Forester, redactor-\u0219ef, BestCryptoExchanges.Com<\/p>","protected":false},"author":1,"featured_media":0,"parent":0,"menu_order":0,"comment_status":"closed","ping_status":"closed","template":"","meta":{"footnotes":""},"class_list":["post-10602","page","type-page","status-publish","hentry","post-wrapper","thrv_wrapper"],"_links":{"self":[{"href":"https:\/\/www.bestcryptoexchanges.com\/ro\/wp-json\/wp\/v2\/pages\/10602","targetHints":{"allow":["GET"]}}],"collection":[{"href":"https:\/\/www.bestcryptoexchanges.com\/ro\/wp-json\/wp\/v2\/pages"}],"about":[{"href":"https:\/\/www.bestcryptoexchanges.com\/ro\/wp-json\/wp\/v2\/types\/page"}],"author":[{"embeddable":true,"href":"https:\/\/www.bestcryptoexchanges.com\/ro\/wp-json\/wp\/v2\/users\/1"}],"replies":[{"embeddable":true,"href":"https:\/\/www.bestcryptoexchanges.com\/ro\/wp-json\/wp\/v2\/comments?post=10602"}],"version-history":[{"count":2,"href":"https:\/\/www.bestcryptoexchanges.com\/ro\/wp-json\/wp\/v2\/pages\/10602\/revisions"}],"predecessor-version":[{"id":10872,"href":"https:\/\/www.bestcryptoexchanges.com\/ro\/wp-json\/wp\/v2\/pages\/10602\/revisions\/10872"}],"wp:attachment":[{"href":"https:\/\/www.bestcryptoexchanges.com\/ro\/wp-json\/wp\/v2\/media?parent=10602"}],"curies":[{"name":"wp","href":"https:\/\/api.w.org\/{rel}","templated":true}]}}