{"id":9999,"date":"2021-10-05T10:41:03","date_gmt":"2021-10-05T10:41:03","guid":{"rendered":"https:\/\/www.bestcryptoexchanges.com\/?page_id=9999"},"modified":"2021-10-05T10:49:17","modified_gmt":"2021-10-05T10:49:17","slug":"terms-and-conditions","status":"publish","type":"page","link":"https:\/\/www.bestcryptoexchanges.com\/ro\/terms-and-conditions\/","title":{"rendered":"Termeni \u0219i condi\u021bii"},"content":{"rendered":"<p>Ultima actualizare: 15 iulie 2020<\/p>\n\n\n\n<p>V\u0103 rug\u0103m s\u0103 citi\u021bi cu aten\u021bie ace\u0219ti Termeni de utilizare (\u201cTermeni\u201d, \u201cTermeni de utilizare\u201d) \u00eenainte de a utiliza site-ul https:\/\/cryptocurry.com (denumit \u00een continuare \u201cServiciul\u201d) operat de CryptoCurry (\u201cnoi\u201d, \u201cnoi\u201d sau \u201cal nostru\u201d).<\/p>\n\n\n\n<p>Accesul \u0219i utilizarea de c\u0103tre dvs. a Serviciului sunt condi\u021bionate de acceptarea \u0219i respectarea acestor Termeni. Ace\u0219ti Termeni se aplic\u0103 tuturor vizitatorilor, utilizatorilor \u0219i altor persoane care acceseaz\u0103 sau utilizeaz\u0103 Serviciul.<\/p>\n\n\n\n<p>Prin accesarea sau utilizarea Serviciului sunte\u021bi de acord s\u0103 respecta\u021bi ace\u0219ti Termeni. Dac\u0103 nu sunte\u021bi de acord cu orice parte a termenilor, atunci nu pute\u021bi accesa Serviciul.<\/p>\n\n\n\n<h2 class=\"wp-block-heading\">Proprietate intelectual\u0103<\/h2>\n\n\n\n<p>Serviciul \u0219i con\u021binutul original, caracteristicile \u0219i func\u021bionalitatea acestuia sunt \u0219i vor r\u0103m\u00e2ne proprietatea exclusiv\u0103 a CryptoCurry \u0219i a licen\u021biatorilor s\u0103i.<\/p>\n\n\n\n<h2 class=\"wp-block-heading\">Linkuri c\u0103tre alte site-uri web<\/h2>\n\n\n\n<p>Serviciul nostru poate con\u021bine link-uri c\u0103tre site-uri web sau servicii ale ter\u021bilor care nu sunt de\u021binute sau controlate de CryptoCurry.<\/p>\n\n\n\n<p>CryptoCurry nu are niciun control \u0219i nu \u00ee\u0219i asum\u0103 nicio responsabilitate pentru con\u021binutul, politicile de confiden\u021bialitate sau practicile site-urilor sau serviciilor web ale ter\u021bilor. De asemenea, recunoa\u0219te\u021bi \u0219i sunte\u021bi de acord c\u0103 CryptoCurry nu va fi responsabil sau r\u0103spunz\u0103tor, direct sau indirect, pentru orice daune sau pierderi cauzate sau presupuse a fi cauzate de sau \u00een leg\u0103tur\u0103 cu utilizarea sau \u00eencrederea \u00een orice astfel de con\u021binut, bunuri sau servicii disponibile pe sau prin orice astfel de site-uri web sau servicii.<\/p>\n\n\n\n<p>V\u0103 recomand\u0103m insistent s\u0103 citi\u021bi termenii \u0219i condi\u021biile \u0219i politicile de confiden\u021bialitate ale oric\u0103ror site-uri web sau servicii ter\u021be pe care le vizita\u021bi.<\/p>\n\n\n\n<h2 class=\"wp-block-heading\">\u00cencheiere<\/h2>\n\n\n\n<p>Putem rezilia sau suspenda accesul la Serviciul nostru imediat, f\u0103r\u0103 notificare prealabil\u0103 sau r\u0103spundere, din orice motiv, inclusiv, f\u0103r\u0103 limitare, dac\u0103 \u00eenc\u0103lca\u021bi Termenii.<\/p>\n\n\n\n<p>Toate dispozi\u021biile Termenilor care, prin natura lor, ar trebui s\u0103 supravie\u021buiasc\u0103 rezilierii, vor supravie\u021bui rezilierii, inclusiv, f\u0103r\u0103 limitare, dispozi\u021biile privind proprietatea, exoner\u0103rile de r\u0103spundere, desp\u0103gubirile \u0219i limit\u0103rile de r\u0103spundere.<\/p>\n\n\n\n<h2 class=\"wp-block-heading\">Disclaimer<\/h2>\n\n\n\n<p>Utilizarea de c\u0103tre dvs. a Serviciului este pe riscul dvs. exclusiv. Serviciul este furnizat \u201ca\u0219a cum este\u201d \u0219i \u201c\u00een func\u021bie de disponibilitate\u201d. Serviciul este furnizat f\u0103r\u0103 garan\u021bii de niciun fel, exprese sau implicite, inclusiv, dar f\u0103r\u0103 a se limita la, garan\u021biile implicite de vandabilitate, adecvare pentru un anumit scop, non-infringement sau cursul de performan\u021b\u0103.<\/p>\n\n\n\n<h2 class=\"wp-block-heading\">Legea aplicabil\u0103<\/h2>\n\n\n\n<p>Ace\u0219ti Termeni vor fi guverna\u021bi \u0219i interpreta\u021bi \u00een conformitate cu legile Statelor Unite, f\u0103r\u0103 a lua \u00een considerare conflictul de dispozi\u021bii legale.<\/p>\n\n\n\n<p>Neaplicarea de c\u0103tre noi a unui drept sau a unei dispozi\u021bii din ace\u0219ti Termeni nu va fi considerat\u0103 o renun\u021bare la drepturile respective. \u00cen cazul \u00een care orice prevedere a acestor Termeni este considerat\u0103 invalid\u0103 sau neaplicabil\u0103 de c\u0103tre o instan\u021b\u0103, celelalte prevederi ale acestor Termeni vor r\u0103m\u00e2ne \u00een vigoare. Ace\u0219ti Termeni constituie \u00eentregul acord dintre noi cu privire la Serviciul nostru, \u0219i \u00eenlocuiesc \u0219i \u00eenlocuiesc orice acorduri anterioare pe care le-am putea avea \u00eentre noi cu privire la Serviciu.<\/p>\n\n\n\n<h2 class=\"wp-block-heading\">Modific\u0103ri<\/h2>\n\n\n\n<p>Ne rezerv\u0103m dreptul, la discre\u021bia noastr\u0103 exclusiv\u0103, de a modifica sau \u00eenlocui ace\u0219ti Termeni \u00een orice moment. \u00cen cazul \u00een care o revizuire este material\u0103, vom \u00eencerca s\u0103 oferim un preaviz de cel pu\u021bin 30 de zile \u00eenainte de intrarea \u00een vigoare a oric\u0103ror noi termeni. Ceea ce constituie o modificare material\u0103 va fi stabilit la discre\u021bia noastr\u0103 exclusiv\u0103.<\/p>\n\n\n\n<p>Continu\u00e2nd s\u0103 accesa\u021bi sau s\u0103 utiliza\u021bi Serviciul nostru dup\u0103 intrarea \u00een vigoare a acestor revizuiri, sunte\u021bi de acord s\u0103 respecta\u021bi termenii revizui\u021bi. Dac\u0103 nu sunte\u021bi de acord cu noii termeni, v\u0103 rug\u0103m s\u0103 nu mai utiliza\u021bi Serviciul.<\/p>\n\n\n\n<h2 class=\"wp-block-heading\">Contacta\u021bi-ne<\/h2>\n\n\n\n<p>Dac\u0103 ave\u021bi \u00eentreb\u0103ri cu privire la ace\u0219ti Termeni, v\u0103 rug\u0103m s\u0103 ne contacta\u021bi.<\/p>","protected":false},"excerpt":{"rendered":"<p>Ultima actualizare: 15 iulie 2020 V\u0103 rug\u0103m s\u0103 citi\u021bi cu aten\u021bie ace\u0219ti Termeni de utilizare (\u201cTermeni\u201d, \u201cTermeni de utilizare\u201d) \u00eenainte de a utiliza site-ul https:\/\/cryptocurry.com (denumit \u00een continuare \u201cServiciul\u201d) operat de CryptoCurry (\u201cnoi\u201d, \u201cne\u201d sau \u201cal nostru\u201d). Accesul dvs. la \u0219i utilizarea Serviciului este condi\u021bionat de acceptarea \u0219i respectarea acestor Termeni. Ace\u0219ti Termeni se aplic\u0103 tuturor vizitatorilor, [...]<\/p>","protected":false},"author":1,"featured_media":0,"parent":0,"menu_order":0,"comment_status":"closed","ping_status":"closed","template":"","meta":{"footnotes":""},"class_list":["post-9999","page","type-page","status-publish","hentry","post-wrapper","thrv_wrapper"],"_links":{"self":[{"href":"https:\/\/www.bestcryptoexchanges.com\/ro\/wp-json\/wp\/v2\/pages\/9999","targetHints":{"allow":["GET"]}}],"collection":[{"href":"https:\/\/www.bestcryptoexchanges.com\/ro\/wp-json\/wp\/v2\/pages"}],"about":[{"href":"https:\/\/www.bestcryptoexchanges.com\/ro\/wp-json\/wp\/v2\/types\/page"}],"author":[{"embeddable":true,"href":"https:\/\/www.bestcryptoexchanges.com\/ro\/wp-json\/wp\/v2\/users\/1"}],"replies":[{"embeddable":true,"href":"https:\/\/www.bestcryptoexchanges.com\/ro\/wp-json\/wp\/v2\/comments?post=9999"}],"version-history":[{"count":2,"href":"https:\/\/www.bestcryptoexchanges.com\/ro\/wp-json\/wp\/v2\/pages\/9999\/revisions"}],"predecessor-version":[{"id":10001,"href":"https:\/\/www.bestcryptoexchanges.com\/ro\/wp-json\/wp\/v2\/pages\/9999\/revisions\/10001"}],"wp:attachment":[{"href":"https:\/\/www.bestcryptoexchanges.com\/ro\/wp-json\/wp\/v2\/media?parent=9999"}],"curies":[{"name":"wp","href":"https:\/\/api.w.org\/{rel}","templated":true}]}}