{"id":10013,"date":"2021-10-23T17:13:36","date_gmt":"2021-10-23T17:13:36","guid":{"rendered":"https:\/\/www.bestcryptoexchanges.com\/?page_id=10013"},"modified":"2025-11-17T11:14:22","modified_gmt":"2025-11-17T11:14:22","slug":"how-we-choose-crypto-brands","status":"publish","type":"page","link":"https:\/\/www.bestcryptoexchanges.com\/sk\/how-we-choose-crypto-brands\/","title":{"rendered":"Ako vyber\u00e1me kryptografick\u00e9 zna\u010dky"},"content":{"rendered":"<p>V skuto\u010dnosti je trh s kryptomenami jedn\u00fdm z najv\u00e4\u010d\u0161\u00edch priemyseln\u00fdch odvetv\u00ed vytvoren\u00fdch v posledn\u00fdch desa\u0165ro\u010diach. V s\u00fa\u010dasnosti je medzi kryptoburzami a samotn\u00fdmi kryptomenami nieko\u013eko l\u00eddrov, ale r\u00fdchly technologick\u00fd v\u00fdvoj im umo\u017e\u0148uje zav\u00e1dza\u0165 zmeny na trhu no\u010dn\u00e9 ka\u017ed\u00fd mesiac. Znalosti s\u00fa na nezaplatenie, aby bolo mo\u017en\u00e9 prij\u00edma\u0165 r\u00fdchle a prospe\u0161n\u00e9 rozhodnutia potrebn\u00e9 v tomto v\u00fdklenku. Preto je d\u00f4le\u017eit\u00e9 pozna\u0165 v\u0161etky nov\u00e9 zmeny v kryptografickom odvetv\u00ed, aby ste z\u00edskali maxim\u00e1lny mo\u017en\u00fd zisk.<\/p>\n\n\n\n<p>Na na\u0161ich webov\u00fdch str\u00e1nkach n\u00e1jdete stru\u010dn\u00e9, ale komplexn\u00e9 pr\u00edru\u010dky na t\u00e9my, ako s\u00fa kryptomeny a ich rozdiely, kryptoburzy, najv\u00fdnosnej\u0161ie pe\u0148a\u017eenky a proces \u0165a\u017eby kryptomien. N\u00e1\u0161 t\u00edm ka\u017ed\u00fd de\u0148 sk\u00fama tis\u00edce odkazov, aby pre v\u00e1s vytvoril tie najd\u00f4veryhodnej\u0161ie \u010dl\u00e1nky. Pou\u017e\u00edvatelia na\u0161ej webovej str\u00e1nky nemaj\u00fa \u017eiadne pochybnosti o spo\u013eahlivosti na\u0161ich sprievodcov a d\u00f4vody vysvetl\u00edme v tejto spr\u00e1ve.<\/p>\n\n\n\n<h2 class=\"wp-block-heading\"><strong>Aspekty, ktor\u00fdm venujeme pozornos\u0165<\/strong><\/h2>\n\n\n\n<p>Ke\u010f\u017ee na\u0161a spolo\u010dnos\u0165 v\u00e1s nechce sklama\u0165 a podporova\u0165 va\u0161e pe\u0148a\u017en\u00e9 straty po\u010das investovania do kryptomien, venujeme ve\u013ea \u010dasu v\u00fdberu najlep\u0161\u00edch slu\u017eieb, ktor\u00e9 odpor\u00fa\u010dame na\u0161im \u010ditate\u013eom. Ke\u010f\u017ee m\u00e1me obrovsk\u00e9 sk\u00fasenosti s obchodovan\u00edm a v\u00fdskumom inform\u00e1ci\u00ed na t\u00fato t\u00e9mu, pri\u0161li sme na to, \u017ee existuje nieko\u013eko faktorov, ktor\u00e9 by sme mali zv\u00e1\u017ei\u0165 pri tvorbe najlep\u0161\u00edch zasv\u00e4ten\u00fdch recenzi\u00ed.&nbsp;<\/p>\n\n\n\n<p><strong>Samozrejme, \u017ee aspekty, ktor\u00e9 pozorne zva\u017eujeme, z\u00e1visia od aktu\u00e1lnych t\u00e9m recenzi\u00ed, preto\u017ee sa l\u00ed\u0161ia svojou funk\u010dnos\u0165ou. Celkovo sa na\u0161a webov\u00e1 str\u00e1nka zameriava na \u0161tyri hlavn\u00e9 t\u00e9my v odvetv\u00ed kryptomien, a to nasledovne:<\/strong><\/p>\n\n\n\n<ul class=\"wp-block-list\"><li>Kryptografick\u00e9 pe\u0148a\u017eenky<\/li><li>V\u00fdmeny kryptomien<\/li><li>V\u0161etko o \u0165a\u017ebe<\/li><li>Rozmanitos\u0165 kryptomien.<\/li><\/ul>\n\n\n\n<p><strong>Niektor\u00e9 z uveden\u00fdch subjektov maj\u00fa \u0161pecifick\u00e9 faktory, ktor\u00e9 treba zv\u00e1\u017ei\u0165, ale v\u00e4\u010d\u0161inu z nich sp\u00e1ja my\u0161lienka poskytn\u00fa\u0165 mo\u017enosti bezpe\u010dn\u00e9ho a efekt\u00edvneho obchodovania s kryptomenami:<\/strong><\/p>\n\n\n\n<ol class=\"wp-block-list\"><li>Zabezpe\u010denie<\/li><li>Poplatky<\/li><li>Reput\u00e1cia<\/li><li>Rozhranie<\/li><li>Perspekt\u00edvy do bud\u00facnosti<\/li><\/ol>\n\n\n\n<h3 class=\"wp-block-heading\"><strong>Zabezpe\u010denie<\/strong><\/h3>\n\n\n\n<p>Pravdou je, \u017ee internet poskytuje pr\u00edle\u017eitosti na zar\u00e1banie pe\u0148az\u00ed nielen be\u017en\u00fdm pou\u017e\u00edvate\u013eom, ale aj hackerom. To znamen\u00e1, \u017ee v\u017edy, ke\u010f investujete peniaze prostredn\u00edctvom internetu, mali by ste si by\u0165 ist\u00ed, \u017ee platforma alebo kryptomena je bezpe\u010dn\u00e1. Aby sme v\u00e1s ochr\u00e1nili pred podvodmi, starostlivo zhroma\u017e\u010fujeme \u00fadaje o v\u0161etk\u00fdch slu\u017eb\u00e1ch a preverujeme sk\u00fasenosti predch\u00e1dzaj\u00facich pou\u017e\u00edvate\u013eov.<\/p>\n\n\n\n<p>Pri pou\u017eit\u00ed slu\u017eby alebo meny odpor\u00fa\u010danej na\u0161imi odborn\u00edkmi si m\u00f4\u017eete by\u0165 ist\u00ed, \u017ee va\u0161e peniaze nebud\u00fa ukradnut\u00e9 alebo straten\u00e9 v noosf\u00e9re. Okrem toho pravidelne aktualizujeme na\u0161e recenzie a upozor\u0148ujeme v\u00e1s na posledn\u00e9 progn\u00f3zy a v\u00fdkyvy na trhu. Preto m\u00f4\u017eete v\u017edy skontrolova\u0165 svoju aktivitu na platforme v pr\u00edpade jej podozrivosti.&nbsp;<\/p>\n\n\n\n<h3 class=\"wp-block-heading\"><strong>Poplatky<\/strong><\/h3>\n\n\n\n<p>Ak ste v obchodovan\u00ed s kryptomenami za\u010diato\u010dn\u00edk, bude pre v\u00e1s d\u00f4le\u017eit\u00e9, aby bol vstup na trh \u010do najlacnej\u0161\u00ed. R\u00f4zne burzy a \u0165a\u017eobn\u00e9 t\u00edmy pon\u00fakaj\u00fa r\u00f4zne ceny za vstup na svoje platformy a vyu\u017e\u00edvanie svojich slu\u017eieb. Niekedy s\u00fa n\u00e1klady pre za\u010diato\u010dn\u00edkov nedostupn\u00e9, aj ke\u010f spolo\u010dnos\u0165 poskytuje obrovsk\u00e9 mno\u017estvo mo\u017enost\u00ed a platen\u00fdch funkci\u00ed.&nbsp;<\/p>\n\n\n\n<p>Je teda na\u0161ou povinnos\u0165ou vybra\u0165 si najv\u00fdhodnej\u0161iu mo\u017enos\u0165 pre va\u0161e bezpe\u010dn\u00e9 obchodovanie s kryptomenami. Na tento \u00fa\u010del pre v\u00e1s pripravujeme porovn\u00e1vacie tabu\u013eky so v\u0161etk\u00fdmi zahrnut\u00fdmi poplatkami za slu\u017eby, aby ste si mohli vybra\u0165 najvhodnej\u0161iu alternat\u00edvu. Okrem toho odhadujeme pribli\u017en\u00fa sumu pe\u0148az\u00ed, ktor\u00fa miniete pri pou\u017e\u00edvan\u00ed konkr\u00e9tnej v\u00fdmennej slu\u017eby, a v\u00e1\u0161 zisk po manipul\u00e1cii s konkr\u00e9tnou kryptomenou.<\/p>\n\n\n\n<h3 class=\"wp-block-heading\"><strong>Reput\u00e1cia<\/strong><\/h3>\n\n\n\n<p>Najlep\u0161\u00ed sp\u00f4sob, ako objasni\u0165 kvalitu platformy alebo slu\u017eby, je op\u00fdta\u0165 sa jej pou\u017e\u00edvate\u013eov na ich pou\u017e\u00edvate\u013esk\u00e9 sk\u00fasenosti. Existuje mno\u017estvo blogov a webov\u00fdch str\u00e1nok s tis\u00edckami recenzi\u00ed o pou\u017e\u00edvan\u00ed r\u00f4znych kryptob\u00farz a obchodovan\u00ed s kryptomenami. My sme v\u00e1m proces sk\u00famania u\u013eah\u010dili a zhrnuli sme priemern\u00fd n\u00e1zor na platformy.<\/p>\n\n\n\n<p>Akon\u00e1hle existuje ve\u013ea negat\u00edvnych recenzi\u00ed od \u013eud\u00ed, ktor\u00ed pri\u0161li o svoje peniaze alebo ich \u00fa\u010dty boli nav\u017edy zmrazen\u00e9, nebudeme odpor\u00fa\u010da\u0165 slu\u017ebu ako vhodn\u00fa. Je d\u00f4le\u017eit\u00e9 vedie\u0165 o zl\u00fdch sk\u00fasenostiach s pr\u00e1cou s kryptomenami, aby ste sa vyhli plytvaniu peniazmi a \u010dasom. Preto je na\u0161a webov\u00e1 str\u00e1nka postaven\u00e1 na d\u00f4kladnom prieskume technologick\u00fdch nu\u00e1ns kryptob\u00farz, ktor\u00e9 recenzujeme, ako aj na referenci\u00e1ch ich pou\u017e\u00edvate\u013eov.<\/p>\n\n\n\n<h3 class=\"wp-block-heading\"><strong>Rozhranie<\/strong><\/h3>\n\n\n\n<p>Ak chcete ma\u0165 svoje prostriedky pod kontrolou, mali by ste v\u017edy rozumie\u0165 vn\u00fatorn\u00fdm procesom obchodovania. Najm\u00e4 ak nie ste profesion\u00e1lny obchodn\u00edk, platforma by v\u00e1m mala umo\u017eni\u0165, aby ste mali preh\u013ead o v\u0161etk\u00fdch transakci\u00e1ch vykonan\u00fdch s va\u0161imi peniazmi jasn\u00fdm a preh\u013eadn\u00fdm sp\u00f4sobom.&nbsp;<\/p>\n\n\n\n<p>Ako \u0161pecialisti na obchodovanie s bitcoinom a kryptomenami sa v na\u0161ich spr\u00e1vach del\u00edme o svoje my\u0161lienky a n\u00e1zory na burzy. Sna\u017e\u00edme sa zhroma\u017e\u010fova\u0165 funguj\u00face platformy s najlep\u0161\u00edmi pou\u017e\u00edvate\u013esky pr\u00edvetiv\u00fdmi rozhraniami, aby ste sa mohli r\u00fdchlej\u0161ie a s men\u0161\u00edm \u00fasil\u00edm zapoji\u0165 do kryptotrhu.<\/p>\n\n\n\n<p>Mimochodom, dostupnos\u0165 r\u00f4znych funkci\u00ed na platform\u00e1ch je tie\u017e jedn\u00fdm z rozhoduj\u00facich aspektov, aby sme v\u00e1m mohli odporu\u010di\u0165 slu\u017eby. \u010c\u00edm viac oper\u00e1ci\u00ed m\u00f4\u017eete vykona\u0165 v r\u00e1mci jednej webovej str\u00e1nky, t\u00fdm jednoduch\u0161\u00ed a lacnej\u0161\u00ed bude proces prevodu pe\u0148az\u00ed.<\/p>\n\n\n\n<h3 class=\"wp-block-heading\"><strong>Perspekt\u00edvy do bud\u00facnosti<\/strong><\/h3>\n\n\n\n<p>Krypto svet je nestabiln\u00e9 a rozv\u00edjaj\u00face sa odvetvie, ale v\u0161etci \u013eudia, ktor\u00ed s\u00fa v \u0148om zahrnut\u00ed, chc\u00fa z tohto zdroja zar\u00e1ba\u0165 \u010do najdlh\u0161ie. V s\u00fa\u010dasnosti je takmer nemo\u017en\u00e9 predpoveda\u0165 bud\u00facnos\u0165 kryptomien aj na desa\u0165 rokov dopredu, ale my sme sa pre v\u00e1s sna\u017eili tieto inform\u00e1cie zhroma\u017edi\u0165 \u010do najlep\u0161ie, pri\u010dom jadro tvor\u00ed d\u00f4kladn\u00e1 anal\u00fdza.<\/p>\n\n\n\n<p>Niekedy profesion\u00e1lni obchodn\u00edci robia recenzie o bud\u00facnosti v\u0161etk\u00fdch <a href=\"https:\/\/www.bestcryptoexchanges.com\/sk\/us\/\" title=\"Najlep\u0161ie kryptografick\u00e9 burzy USA 2025\"  data-wpil-monitor-id=\"2480\">kryptomeny a burzy<\/a> s kontroverzn\u00fdmi predpove\u010fami. N\u00e1\u0161 t\u00edm ich v\u0161etky presk\u00famal, aby vytvoril subjekt\u00edvnu, ale \u010do najrealistickej\u0161iu progn\u00f3zu. Vyl\u00fa\u010dili sme takmer v\u0161etky mo\u017enosti platforiem, ktor\u00e9 \u010doskoro ukon\u010dia svoju \u010dinnos\u0165. Obchodovanie s kryptomenami je v\u017edy spojen\u00e9 s vysok\u00fdm rizikom a na\u0161i odborn\u00edci sa ho pri poskytovan\u00ed svojich r\u00e1d sna\u017eia pre v\u00e1s zn\u00ed\u017ei\u0165.&nbsp;<\/p>\n\n\n\n<h2 class=\"wp-block-heading\"><strong>Zrieknutie sa zodpovednosti<\/strong><\/h2>\n\n\n\n<p>Inform\u00e1cie zhroma\u017eden\u00e9 na\u0161\u00edm t\u00edmom s\u00fa objekt\u00edvne a spo\u013eahliv\u00e9, preto\u017ee sme bez rozdielu presk\u00famali v\u0161etky mo\u017en\u00e9 platformy kryptomien a recenzie na ne. Na\u0161e sk\u00fasenosti n\u00e1m umo\u017e\u0148uj\u00fa vytv\u00e1ra\u0165 relevantn\u00e9 recenzie a poskytova\u0165 pou\u017e\u00edvate\u013eom prospe\u0161n\u00e9 odpor\u00fa\u010dania.<\/p>\n\n\n\n<p>V oblasti obchodovania s kryptomenami sa v\u0161ak ka\u017ed\u00fd de\u0148 objavuj\u00fa aktualiz\u00e1cie, a preto niekedy na\u0161e inform\u00e1cie nemusia by\u0165 najnov\u0161ie. Napriek tomu sa sna\u017e\u00edme zachyti\u0165 v\u0161etky novinky v tomto odvetv\u00ed a okam\u017eite ich uk\u00e1za\u0165 na\u0161im pou\u017e\u00edvate\u013eom.<\/p>\n\n\n\n<p>Okrem toho, aj ke\u010f niektor\u00e9 kryptomeny a ich v\u00fdmeny v na\u0161ich sprievodcoch neuv\u00e1dzame, neznamen\u00e1 to, \u017ee ich nem\u00f4\u017eete vysk\u00fa\u0161a\u0165 sami. V\u0161etka zodpovednos\u0165 za rizik\u00e1 a zisky je na v\u00e1s, a preto by ste mali presk\u00fama\u0165 \u010do najviac inform\u00e1ci\u00ed a rozhodn\u00fa\u0165 sa pre konkr\u00e9tne oper\u00e1cie na z\u00e1klade zozbieran\u00fdch a spracovan\u00fdch \u00fadajov.&nbsp;<\/p>","protected":false},"excerpt":{"rendered":"<p>V skuto\u010dnosti je trh s kryptomenami jedn\u00fdm z najv\u00e4\u010d\u0161\u00edch priemyseln\u00fdch odvetv\u00ed vytvoren\u00fdch v posledn\u00fdch desa\u0165ro\u010diach. V s\u00fa\u010dasnosti je medzi kryptoburzami a samotn\u00fdmi kryptomenami nieko\u013eko l\u00eddrov, ale r\u00fdchly technologick\u00fd v\u00fdvoj im umo\u017e\u0148uje zav\u00e1dza\u0165 zmeny na trhu no\u010dn\u00e9 ka\u017ed\u00fd mesiac. Znalosti s\u00fa na nezaplatenie, aby bolo mo\u017en\u00e9 prij\u00edma\u0165 r\u00fdchle a prospe\u0161n\u00e9 rozhodnutia potrebn\u00e9 [...]<\/p>","protected":false},"author":1,"featured_media":0,"parent":0,"menu_order":0,"comment_status":"closed","ping_status":"closed","template":"","meta":{"footnotes":""},"class_list":["post-10013","page","type-page","status-publish","hentry","post-wrapper","thrv_wrapper"],"_links":{"self":[{"href":"https:\/\/www.bestcryptoexchanges.com\/sk\/wp-json\/wp\/v2\/pages\/10013","targetHints":{"allow":["GET"]}}],"collection":[{"href":"https:\/\/www.bestcryptoexchanges.com\/sk\/wp-json\/wp\/v2\/pages"}],"about":[{"href":"https:\/\/www.bestcryptoexchanges.com\/sk\/wp-json\/wp\/v2\/types\/page"}],"author":[{"embeddable":true,"href":"https:\/\/www.bestcryptoexchanges.com\/sk\/wp-json\/wp\/v2\/users\/1"}],"replies":[{"embeddable":true,"href":"https:\/\/www.bestcryptoexchanges.com\/sk\/wp-json\/wp\/v2\/comments?post=10013"}],"version-history":[{"count":4,"href":"https:\/\/www.bestcryptoexchanges.com\/sk\/wp-json\/wp\/v2\/pages\/10013\/revisions"}],"predecessor-version":[{"id":13660,"href":"https:\/\/www.bestcryptoexchanges.com\/sk\/wp-json\/wp\/v2\/pages\/10013\/revisions\/13660"}],"wp:attachment":[{"href":"https:\/\/www.bestcryptoexchanges.com\/sk\/wp-json\/wp\/v2\/media?parent=10013"}],"curies":[{"name":"wp","href":"https:\/\/api.w.org\/{rel}","templated":true}]}}