{"id":10602,"date":"2025-07-20T15:43:56","date_gmt":"2025-07-20T15:43:56","guid":{"rendered":"https:\/\/www.bestcryptoexchanges.com\/?page_id=10602"},"modified":"2025-07-20T15:43:56","modified_gmt":"2025-07-20T15:43:56","slug":"about","status":"publish","type":"page","link":"https:\/\/www.bestcryptoexchanges.com\/sk\/about\/","title":{"rendered":"O BestCryptoExchanges"},"content":{"rendered":"<h1 class=\"wp-block-heading\">Pred investovan\u00edm do kryptomien sa pou\u010dte!<\/h1>\r\n\r\n\r\n\r\n<p>Chcete vst\u00fapi\u0165 do Bitcoinu a neviete, kde za\u010da\u0165? Ste na spr\u00e1vnom mieste. Na\u0161e zdroje o blockchaine a digit\u00e1lnych men\u00e1ch s\u00fa najkomplexnej\u0161\u00edmi preh\u013eadn\u00fdmi a zrozumite\u013en\u00fdmi pr\u00edru\u010dkami, ak\u00e9 n\u00e1jdete kdeko\u013evek na internete. Pozrite si ich sami.<\/p>\r\n\r\n\r\n\r\n<figure class=\"wp-block-image size-full is-resized\"><img decoding=\"async\" width=\"640\" height=\"640\" class=\"wp-image-10603\" style=\"width: 341px; height: auto;\" src=\"https:\/\/www.bestcryptoexchanges.com\/wp-content\/uploads\/2025\/06\/image.png\" alt=\"\" title=\"\" srcset=\"https:\/\/www.bestcryptoexchanges.com\/wp-content\/uploads\/2025\/06\/image.png 640w, https:\/\/www.bestcryptoexchanges.com\/wp-content\/uploads\/2025\/06\/image-300x300.png 300w, https:\/\/www.bestcryptoexchanges.com\/wp-content\/uploads\/2025\/06\/image-150x150.png 150w\" sizes=\"(max-width: 640px) 100vw, 640px\" \/><\/figure>\r\n\r\n\r\n\r\n<p><strong>Brian Forester, hlavn\u00fd redaktor, BestCryptoExchanges.Com<\/strong><\/p>","protected":false},"excerpt":{"rendered":"<p>Pred investovan\u00edm do kryptomien sa pou\u010dte! Chcete vst\u00fapi\u0165 do Bitcoinu a neviete, kde za\u010da\u0165? Ste na spr\u00e1vnom mieste. Na\u0161e zdroje o blockchaine a digit\u00e1lnych men\u00e1ch s\u00fa najkomplexnej\u0161\u00edmi preh\u013eadn\u00fdmi a zrozumite\u013en\u00fdmi pr\u00edru\u010dkami, ak\u00e9 n\u00e1jdete kdeko\u013evek na internete. Pozrite si ich sami. Brian Forester, hlavn\u00fd redaktor, BestCryptoExchanges.Com<\/p>","protected":false},"author":1,"featured_media":0,"parent":0,"menu_order":0,"comment_status":"closed","ping_status":"closed","template":"","meta":{"footnotes":""},"class_list":["post-10602","page","type-page","status-publish","hentry","post-wrapper","thrv_wrapper"],"_links":{"self":[{"href":"https:\/\/www.bestcryptoexchanges.com\/sk\/wp-json\/wp\/v2\/pages\/10602","targetHints":{"allow":["GET"]}}],"collection":[{"href":"https:\/\/www.bestcryptoexchanges.com\/sk\/wp-json\/wp\/v2\/pages"}],"about":[{"href":"https:\/\/www.bestcryptoexchanges.com\/sk\/wp-json\/wp\/v2\/types\/page"}],"author":[{"embeddable":true,"href":"https:\/\/www.bestcryptoexchanges.com\/sk\/wp-json\/wp\/v2\/users\/1"}],"replies":[{"embeddable":true,"href":"https:\/\/www.bestcryptoexchanges.com\/sk\/wp-json\/wp\/v2\/comments?post=10602"}],"version-history":[{"count":2,"href":"https:\/\/www.bestcryptoexchanges.com\/sk\/wp-json\/wp\/v2\/pages\/10602\/revisions"}],"predecessor-version":[{"id":10872,"href":"https:\/\/www.bestcryptoexchanges.com\/sk\/wp-json\/wp\/v2\/pages\/10602\/revisions\/10872"}],"wp:attachment":[{"href":"https:\/\/www.bestcryptoexchanges.com\/sk\/wp-json\/wp\/v2\/media?parent=10602"}],"curies":[{"name":"wp","href":"https:\/\/api.w.org\/{rel}","templated":true}]}}