{"id":9997,"date":"2021-10-05T10:39:50","date_gmt":"2021-10-05T10:39:50","guid":{"rendered":"https:\/\/www.bestcryptoexchanges.com\/?page_id=9997"},"modified":"2021-10-05T10:47:12","modified_gmt":"2021-10-05T10:47:12","slug":"privacy-policy","status":"publish","type":"page","link":"https:\/\/www.bestcryptoexchanges.com\/sk\/privacy-policy\/","title":{"rendered":"Z\u00e1sady ochrany osobn\u00fdch \u00fadajov"},"content":{"rendered":"<p>Posledn\u00e1 aktualiz\u00e1cia: j\u00fal 2020<\/p>\n\n\n\n<p>CryptoCurry (\u201cmy\u201d, \u201cn\u00e1s\u201d alebo \u201cna\u0161e\u201d) prev\u00e1dzkuje webov\u00e9 str\u00e1nky CryptoCurry (\u201cslu\u017eba\u201d).<\/p>\n\n\n\n<p>T\u00e1to str\u00e1nka v\u00e1s informuje o na\u0161ich z\u00e1sad\u00e1ch t\u00fdkaj\u00facich sa zhroma\u017e\u010fovania, pou\u017e\u00edvania a zverej\u0148ovania osobn\u00fdch \u00fadajov pri pou\u017e\u00edvan\u00ed na\u0161ej slu\u017eby.<\/p>\n\n\n\n<p>Va\u0161e inform\u00e1cie nebudeme pou\u017e\u00edva\u0165 ani zdie\u013ea\u0165 s nik\u00fdm in\u00fdm, ako je uveden\u00e9 v t\u00fdchto Z\u00e1sad\u00e1ch ochrany osobn\u00fdch \u00fadajov.<\/p>\n\n\n\n<p>Va\u0161e osobn\u00e9 \u00fadaje pou\u017e\u00edvame na poskytovanie a zlep\u0161ovanie Slu\u017eby. Pou\u017e\u00edvan\u00edm slu\u017eby s\u00fahlas\u00edte so zhroma\u017e\u010fovan\u00edm a pou\u017e\u00edvan\u00edm inform\u00e1ci\u00ed v s\u00falade s t\u00fdmito z\u00e1sadami. Pokia\u013e nie je v t\u00fdchto Z\u00e1sad\u00e1ch ochrany osobn\u00fdch \u00fadajov definovan\u00e9 inak, pojmy pou\u017eit\u00e9 v t\u00fdchto Z\u00e1sad\u00e1ch ochrany osobn\u00fdch \u00fadajov maj\u00fa rovnak\u00fd v\u00fdznam ako v na\u0161ich Podmienkach pou\u017e\u00edvania, ktor\u00e9 s\u00fa dostupn\u00e9 na adrese https:\/\/cryptocurry.com.<\/p>\n\n\n\n<h2 class=\"wp-block-heading\">Zhroma\u017e\u010fovanie a pou\u017e\u00edvanie inform\u00e1ci\u00ed<\/h2>\n\n\n\n<p>Pri pou\u017e\u00edvan\u00ed na\u0161ej slu\u017eby v\u00e1s m\u00f4\u017eeme po\u017eiada\u0165, aby ste n\u00e1m poskytli ur\u010dit\u00e9 osobn\u00e9 \u00fadaje, ktor\u00e9 mo\u017eno pou\u017ei\u0165 na kontaktovanie alebo identifik\u00e1ciu. Osobne identifikovate\u013en\u00e9 inform\u00e1cie (\u201cosobn\u00e9 \u00fadaje\u201d) m\u00f4\u017eu okrem in\u00e9ho zah\u0155\u0148a\u0165:<\/p>\n\n\n\n<ul class=\"wp-block-list\"><li>E-mailov\u00e1 adresa<\/li><\/ul>\n\n\n\n<h2 class=\"wp-block-heading\">\u00dadaje denn\u00edka<\/h2>\n\n\n\n<p>Zhroma\u017e\u010fujeme inform\u00e1cie, ktor\u00e9 v\u00e1\u0161 prehliada\u010d odo\u0161le v\u017edy, ke\u010f nav\u0161t\u00edvite na\u0161u slu\u017ebu (\u201c\u00fadaje denn\u00edka\u201d). Tieto protokolov\u00e9 \u00fadaje m\u00f4\u017eu obsahova\u0165 inform\u00e1cie, ako je adresa internetov\u00e9ho protokolu (\u201cIP\u201d) v\u00e1\u0161ho po\u010d\u00edta\u010da, typ prehliada\u010da, verzia prehliada\u010da, str\u00e1nky na\u0161ej slu\u017eby, ktor\u00e9 ste nav\u0161t\u00edvili, \u010das a d\u00e1tum va\u0161ej n\u00e1v\u0161tevy, \u010das str\u00e1ven\u00fd na t\u00fdchto str\u00e1nkach a \u010fal\u0161ie \u0161tatistiky.<\/p>\n\n\n\n<h2 class=\"wp-block-heading\">Cookies<\/h2>\n\n\n\n<p>S\u00fabory cookie s\u00fa s\u00fabory s mal\u00fdm mno\u017estvom \u00fadajov, ktor\u00e9 m\u00f4\u017eu obsahova\u0165 anonymn\u00fd jedine\u010dn\u00fd identifik\u00e1tor. S\u00fabory cookie sa odosielaj\u00fa do v\u00e1\u0161ho prehliada\u010da z webovej str\u00e1nky a ukladaj\u00fa sa na pevn\u00fd disk v\u00e1\u0161ho po\u010d\u00edta\u010da.<\/p>\n\n\n\n<p>Na zhroma\u017e\u010fovanie inform\u00e1ci\u00ed pou\u017e\u00edvame s\u00fabory cookie. Svojmu prehliada\u010du m\u00f4\u017eete da\u0165 pokyn, aby odmietol v\u0161etky s\u00fabory cookie alebo aby informoval o odosielan\u00ed s\u00faborov cookie. Ak v\u0161ak s\u00fabory cookie neprijmete, mo\u017eno nebudete m\u00f4c\u0165 pou\u017e\u00edva\u0165 niektor\u00e9 \u010dasti na\u0161ej slu\u017eby.<\/p>\n\n\n\n<h2 class=\"wp-block-heading\">Poskytovatelia slu\u017eieb<\/h2>\n\n\n\n<p>M\u00f4\u017eeme zamestn\u00e1va\u0165 spolo\u010dnosti a jednotlivcov tret\u00edch str\u00e1n, aby u\u013eah\u010dili poskytovanie na\u0161ej slu\u017eby, poskytovali slu\u017ebu v na\u0161om mene, vykon\u00e1vali slu\u017eby s\u00favisiace so slu\u017ebou alebo n\u00e1m pom\u00e1hali pri anal\u00fdze pou\u017e\u00edvania na\u0161ej slu\u017eby.<\/p>\n\n\n\n<p>Tieto tretie strany maj\u00fa pr\u00edstup k va\u0161im osobn\u00fdm \u00fadajom len na vykon\u00e1vanie t\u00fdchto \u00faloh v na\u0161om mene a s\u00fa povinn\u00e9 ich nezverej\u0148ova\u0165 ani nepou\u017e\u00edva\u0165 na in\u00e9 \u00fa\u010dely.<\/p>\n\n\n\n<h2 class=\"wp-block-heading\">Zabezpe\u010denie<\/h2>\n\n\n\n<p>Bezpe\u010dnos\u0165 va\u0161ich osobn\u00fdch \u00fadajov je pre n\u00e1s d\u00f4le\u017eit\u00e1, ale pam\u00e4tajte, \u017ee \u017eiadny sp\u00f4sob prenosu cez internet ani sp\u00f4sob elektronick\u00e9ho ukladania nie je bezpe\u010dn\u00fd. Hoci sa sna\u017e\u00edme pou\u017e\u00edva\u0165 komer\u010dne prijate\u013en\u00e9 prostriedky na ochranu va\u0161ich Osobn\u00fdch \u00fadajov, nem\u00f4\u017eeme zaru\u010di\u0165 ich absol\u00fatnu bezpe\u010dnos\u0165.<\/p>\n\n\n\n<h2 class=\"wp-block-heading\">Odkazy na in\u00e9 str\u00e1nky<\/h2>\n\n\n\n<p>Na\u0161a slu\u017eba m\u00f4\u017ee obsahova\u0165 odkazy na in\u00e9 str\u00e1nky, ktor\u00e9 nie s\u00fa prev\u00e1dzkovan\u00e9 nami. Ak kliknete na odkaz tretej strany, budete presmerovan\u00ed na str\u00e1nku tejto tretej strany. D\u00f4razne v\u00e1m odpor\u00fa\u010dame, aby ste si pre\u010d\u00edtali z\u00e1sady ochrany osobn\u00fdch \u00fadajov ka\u017edej nav\u0161t\u00edvenej str\u00e1nky.<\/p>\n\n\n\n<p>Nem\u00e1me \u017eiadnu kontrolu nad obsahom, z\u00e1sadami ochrany osobn\u00fdch \u00fadajov alebo postupmi ak\u00fdchko\u013evek webov\u00fdch lokal\u00edt alebo slu\u017eieb tret\u00edch str\u00e1n a nenesieme za ne \u017eiadnu zodpovednos\u0165.<\/p>\n\n\n\n<h2 class=\"wp-block-heading\">Ochrana s\u00fakromia det\u00ed<\/h2>\n\n\n\n<p>Na\u0161a slu\u017eba nie je ur\u010den\u00e1 osob\u00e1m mlad\u0161\u00edm ako 18 rokov (\u201cdeti\u201d).<\/p>\n\n\n\n<p>Vedome nezhroma\u017e\u010fujeme osobn\u00e9 \u00fadaje od det\u00ed mlad\u0161\u00edch ako 18 rokov. Ak ste rodi\u010d alebo opatrovn\u00edk a viete, \u017ee n\u00e1m va\u0161e die\u0165a poskytlo osobn\u00e9 \u00fadaje, kontaktujte n\u00e1s. Ak zist\u00edme, \u017ee n\u00e1m die\u0165a mlad\u0161ie ako 18 rokov poskytlo Osobn\u00e9 \u00fadaje, okam\u017eite tak\u00e9to inform\u00e1cie z na\u0161ich serverov vyma\u017eeme.<\/p>\n\n\n\n<h2 class=\"wp-block-heading\">Dodr\u017eiavanie z\u00e1konov<\/h2>\n\n\n\n<p>Va\u0161e osobn\u00e9 \u00fadaje zverejn\u00edme, ak to vy\u017eaduje z\u00e1kon alebo s\u00fadne predvolanie.<\/p>\n\n\n\n<h2 class=\"wp-block-heading\">Zmeny t\u00fdchto z\u00e1sad ochrany osobn\u00fdch \u00fadajov<\/h2>\n\n\n\n<p>Na\u0161e z\u00e1sady ochrany osobn\u00fdch \u00fadajov m\u00f4\u017eeme z \u010dasu na \u010das aktualizova\u0165. O v\u0161etk\u00fdch zmen\u00e1ch v\u00e1s budeme informova\u0165 uverejnen\u00edm nov\u00fdch z\u00e1sad ochrany osobn\u00fdch \u00fadajov na tejto str\u00e1nke.<\/p>\n\n\n\n<p>Odpor\u00fa\u010dame v\u00e1m, aby ste pravidelne kontrolovali tieto z\u00e1sady ochrany osobn\u00fdch \u00fadajov a zis\u0165ovali ich pr\u00edpadn\u00e9 zmeny. Zmeny t\u00fdchto Z\u00e1sad ochrany osobn\u00fdch \u00fadajov s\u00fa \u00fa\u010dinn\u00e9 po ich zverejnen\u00ed na tejto str\u00e1nke.<\/p>\n\n\n\n<h2 class=\"wp-block-heading\">Kontaktujte n\u00e1s<\/h2>\n\n\n\n<p>Ak m\u00e1te ak\u00e9ko\u013evek ot\u00e1zky t\u00fdkaj\u00face sa t\u00fdchto z\u00e1sad ochrany osobn\u00fdch \u00fadajov, kontaktujte n\u00e1s.<\/p>","protected":false},"excerpt":{"rendered":"<p>Posledn\u00e1 aktualiz\u00e1cia: j\u00fal 2020 CryptoCurry (\u201cmy\u201d, \u201cn\u00e1s\u201d alebo \u201cna\u0161e\u201d) prev\u00e1dzkuje webov\u00e9 str\u00e1nky CryptoCurry (\u201cslu\u017eba\u201d). T\u00e1to str\u00e1nka v\u00e1s informuje o na\u0161ich z\u00e1sad\u00e1ch t\u00fdkaj\u00facich sa zhroma\u017e\u010fovania, pou\u017e\u00edvania a zverej\u0148ovania osobn\u00fdch \u00fadajov pri pou\u017e\u00edvan\u00ed na\u0161ej slu\u017eby. Va\u0161e \u00fadaje nebudeme pou\u017e\u00edva\u0165 ani zdie\u013ea\u0165 s nik\u00fdm in\u00fdm, ako je uveden\u00e9 v t\u00fdchto Z\u00e1sad\u00e1ch ochrany osobn\u00fdch \u00fadajov. Na z\u00e1klade t\u00fdchto inform\u00e1ci\u00ed [...]<\/p>","protected":false},"author":1,"featured_media":0,"parent":0,"menu_order":0,"comment_status":"closed","ping_status":"closed","template":"","meta":{"footnotes":""},"class_list":["post-9997","page","type-page","status-publish","hentry","post-wrapper","thrv_wrapper"],"_links":{"self":[{"href":"https:\/\/www.bestcryptoexchanges.com\/sk\/wp-json\/wp\/v2\/pages\/9997","targetHints":{"allow":["GET"]}}],"collection":[{"href":"https:\/\/www.bestcryptoexchanges.com\/sk\/wp-json\/wp\/v2\/pages"}],"about":[{"href":"https:\/\/www.bestcryptoexchanges.com\/sk\/wp-json\/wp\/v2\/types\/page"}],"author":[{"embeddable":true,"href":"https:\/\/www.bestcryptoexchanges.com\/sk\/wp-json\/wp\/v2\/users\/1"}],"replies":[{"embeddable":true,"href":"https:\/\/www.bestcryptoexchanges.com\/sk\/wp-json\/wp\/v2\/comments?post=9997"}],"version-history":[{"count":2,"href":"https:\/\/www.bestcryptoexchanges.com\/sk\/wp-json\/wp\/v2\/pages\/9997\/revisions"}],"predecessor-version":[{"id":10002,"href":"https:\/\/www.bestcryptoexchanges.com\/sk\/wp-json\/wp\/v2\/pages\/9997\/revisions\/10002"}],"wp:attachment":[{"href":"https:\/\/www.bestcryptoexchanges.com\/sk\/wp-json\/wp\/v2\/media?parent=9997"}],"curies":[{"name":"wp","href":"https:\/\/api.w.org\/{rel}","templated":true}]}}