{"id":9999,"date":"2021-10-05T10:41:03","date_gmt":"2021-10-05T10:41:03","guid":{"rendered":"https:\/\/www.bestcryptoexchanges.com\/?page_id=9999"},"modified":"2021-10-05T10:49:17","modified_gmt":"2021-10-05T10:49:17","slug":"terms-and-conditions","status":"publish","type":"page","link":"https:\/\/www.bestcryptoexchanges.com\/sk\/terms-and-conditions\/","title":{"rendered":"Podmienky a pravidl\u00e1"},"content":{"rendered":"<p>Posledn\u00e1 aktualiz\u00e1cia: j\u00fal 2020<\/p>\n\n\n\n<p>Pred pou\u017eit\u00edm webovej str\u00e1nky https:\/\/cryptocurry.com (\u010falej len \u201cslu\u017eba\u201d), ktor\u00fa prev\u00e1dzkuje spolo\u010dnos\u0165 CryptoCurry (\u010falej len \u201cmy\u201d, \u201cn\u00e1s\u201d alebo \u201cna\u0161e\u201d), si pozorne pre\u010d\u00edtajte tieto podmienky pou\u017e\u00edvania (\u010falej len \u201cpodmienky\u201d, \u201cna\u0161e\u201d).<\/p>\n\n\n\n<p>V\u00e1\u0161 pr\u00edstup k Slu\u017ebe a jej pou\u017e\u00edvanie je podmienen\u00e9 prijat\u00edm a dodr\u017eiavan\u00edm t\u00fdchto Podmienok. Tieto Podmienky sa vz\u0165ahuj\u00fa na v\u0161etk\u00fdch n\u00e1v\u0161tevn\u00edkov, pou\u017e\u00edvate\u013eov a in\u00e9 osoby, ktor\u00e9 pristupuj\u00fa k Slu\u017ebe alebo ju pou\u017e\u00edvaj\u00fa.<\/p>\n\n\n\n<p>Pr\u00edstupom k slu\u017ebe alebo jej pou\u017e\u00edvan\u00edm s\u00fahlas\u00edte s t\u00fdmito podmienkami. Ak nes\u00fahlas\u00edte s ktorouko\u013evek \u010das\u0165ou podmienok, nesmiete ma\u0165 pr\u00edstup k slu\u017ebe.<\/p>\n\n\n\n<h2 class=\"wp-block-heading\">Du\u0161evn\u00e9 vlastn\u00edctvo<\/h2>\n\n\n\n<p>Slu\u017eba a jej p\u00f4vodn\u00fd obsah, vlastnosti a funkcie s\u00fa a zostan\u00fa v\u00fdhradn\u00fdm vlastn\u00edctvom spolo\u010dnosti CryptoCurry a jej poskytovate\u013eov licenci\u00ed.<\/p>\n\n\n\n<h2 class=\"wp-block-heading\">Odkazy na in\u00e9 webov\u00e9 str\u00e1nky<\/h2>\n\n\n\n<p>Na\u0161a slu\u017eba m\u00f4\u017ee obsahova\u0165 odkazy na webov\u00e9 str\u00e1nky alebo slu\u017eby tret\u00edch str\u00e1n, ktor\u00e9 nie s\u00fa vlastnen\u00e9 ani kontrolovan\u00e9 spolo\u010dnos\u0165ou CryptoCurry.<\/p>\n\n\n\n<p>CryptoCurry nem\u00e1 \u017eiadnu kontrolu nad obsahom, z\u00e1sadami ochrany osobn\u00fdch \u00fadajov alebo postupmi webov\u00fdch str\u00e1nok alebo slu\u017eieb tret\u00edch str\u00e1n a nenesie za ne \u017eiadnu zodpovednos\u0165. \u010ealej beriete na vedomie a s\u00fahlas\u00edte s t\u00fdm, \u017ee CryptoCurry nenesie priamu ani nepriamu zodpovednos\u0165 za \u017eiadne \u0161kody alebo straty sp\u00f4soben\u00e9 alebo \u00fadajne sp\u00f4soben\u00e9 pou\u017e\u00edvan\u00edm alebo v s\u00favislosti s pou\u017e\u00edvan\u00edm alebo spoliehan\u00edm sa na ak\u00fdko\u013evek obsah, tovar alebo slu\u017eby dostupn\u00e9 na tak\u00fdchto webov\u00fdch str\u00e1nkach alebo slu\u017eb\u00e1ch alebo ich prostredn\u00edctvom.<\/p>\n\n\n\n<p>D\u00f4razne v\u00e1m odpor\u00fa\u010dame, aby ste si pre\u010d\u00edtali podmienky a z\u00e1sady ochrany osobn\u00fdch \u00fadajov v\u0161etk\u00fdch webov\u00fdch lokal\u00edt alebo slu\u017eieb tret\u00edch str\u00e1n, ktor\u00e9 nav\u0161t\u00edvite.<\/p>\n\n\n\n<h2 class=\"wp-block-heading\">Ukon\u010denie<\/h2>\n\n\n\n<p>M\u00f4\u017eeme okam\u017eite ukon\u010di\u0165 alebo pozastavi\u0165 pr\u00edstup k na\u0161ej slu\u017ebe bez predch\u00e1dzaj\u00faceho upozornenia alebo zodpovednosti, a to z ak\u00e9hoko\u013evek d\u00f4vodu, okrem in\u00e9ho aj v pr\u00edpade, \u017ee poru\u0161\u00edte tieto podmienky.<\/p>\n\n\n\n<p>V\u0161etky ustanovenia Podmienok, ktor\u00e9 by svojou povahou mali zosta\u0165 v platnosti aj po ukon\u010den\u00ed zmluvy, vr\u00e1tane, bez obmedzenia, ustanoven\u00ed o vlastn\u00edctve, odmietnut\u00ed z\u00e1ruky, od\u0161kodnen\u00ed a obmedzen\u00ed zodpovednosti.<\/p>\n\n\n\n<h2 class=\"wp-block-heading\">Zrieknutie sa zodpovednosti<\/h2>\n\n\n\n<p>Slu\u017ebu pou\u017e\u00edvate na vlastn\u00e9 riziko. Slu\u017eba sa poskytuje v stave, v akom je, a v stave, v akom je k dispoz\u00edcii. Slu\u017eba sa poskytuje bez ak\u00fdchko\u013evek z\u00e1ruk, \u010di u\u017e v\u00fdslovn\u00fdch alebo predpokladan\u00fdch, vr\u00e1tane, ale nie v\u00fdlu\u010dne, predpokladan\u00fdch z\u00e1ruk predajnosti, vhodnosti na konkr\u00e9tny \u00fa\u010del, neporu\u0161enia alebo priebehu v\u00fdkonu.<\/p>\n\n\n\n<h2 class=\"wp-block-heading\">Rozhodn\u00e9 pr\u00e1vo<\/h2>\n\n\n\n<p>Tieto podmienky sa riadia a vykladaj\u00fa v s\u00falade so z\u00e1konmi Spojen\u00fdch \u0161t\u00e1tov americk\u00fdch bez oh\u013eadu na ich kol\u00edzne ustanovenia.<\/p>\n\n\n\n<p>Ak nebudeme presadzova\u0165 \u017eiadne pr\u00e1vo alebo ustanovenie t\u00fdchto Podmienok, nebude to pova\u017eovan\u00e9 za vzdanie sa t\u00fdchto pr\u00e1v. Ak s\u00fad rozhodne, \u017ee niektor\u00e9 ustanovenie t\u00fdchto Podmienok je neplatn\u00e9 alebo nevym\u00e1hate\u013en\u00e9, ostatn\u00e9 ustanovenia t\u00fdchto Podmienok zost\u00e1vaj\u00fa v platnosti. Tieto Podmienky predstavuj\u00fa \u00fapln\u00fa dohodu medzi nami t\u00fdkaj\u00facu sa na\u0161ej Slu\u017eby a nahr\u00e1dzaj\u00fa a nahr\u00e1dzaj\u00fa v\u0161etky predch\u00e1dzaj\u00face dohody, ktor\u00e9 sme mohli ma\u0165 medzi sebou v s\u00favislosti so Slu\u017ebou.<\/p>\n\n\n\n<h2 class=\"wp-block-heading\">Zmeny<\/h2>\n\n\n\n<p>Vyhradzujeme si pr\u00e1vo kedyko\u013evek upravi\u0165 alebo nahradi\u0165 tieto podmienky pod\u013ea vlastn\u00e9ho uv\u00e1\u017eenia. Ak je rev\u00edzia podstatn\u00e1, budeme sa sna\u017ei\u0165 poskytn\u00fa\u0165 ozn\u00e1menie aspo\u0148 30 dn\u00ed pred nadobudnut\u00edm \u00fa\u010dinnosti ak\u00fdchko\u013evek nov\u00fdch podmienok. O tom, \u010do predstavuje podstatn\u00fa zmenu, rozhodujeme pod\u013ea vlastn\u00e9ho uv\u00e1\u017eenia.<\/p>\n\n\n\n<p>Pokra\u010dovan\u00edm v pr\u00edstupe alebo pou\u017e\u00edvan\u00ed na\u0161ej slu\u017eby po nadobudnut\u00ed \u00fa\u010dinnosti t\u00fdchto zmien s\u00fahlas\u00edte s t\u00fdm, \u017ee sa budete riadi\u0165 zmenen\u00fdmi podmienkami. Ak s nov\u00fdmi podmienkami nes\u00fahlas\u00edte, presta\u0148te slu\u017ebu pou\u017e\u00edva\u0165.<\/p>\n\n\n\n<h2 class=\"wp-block-heading\">Kontaktujte n\u00e1s<\/h2>\n\n\n\n<p>Ak m\u00e1te ak\u00e9ko\u013evek ot\u00e1zky t\u00fdkaj\u00face sa t\u00fdchto podmienok, kontaktujte n\u00e1s.<\/p>","protected":false},"excerpt":{"rendered":"<p>Posledn\u00e1 aktualiz\u00e1cia: j\u00fal 2020 Pred pou\u017eit\u00edm webovej str\u00e1nky https:\/\/cryptocurry.com (\u010falej len \u201cslu\u017eba\u201d), ktor\u00fa prev\u00e1dzkuje spolo\u010dnos\u0165 CryptoCurry (\u010falej len \u201cmy\u201d, \u201cn\u00e1s\u201d alebo \u201cna\u0161e\u201d), si pozorne pre\u010d\u00edtajte tieto podmienky pou\u017e\u00edvania (\u010falej len \u201cpodmienky\u201d, \u201cna\u0161e\u201d). V\u00e1\u0161 pr\u00edstup k slu\u017ebe a jej pou\u017e\u00edvanie je podmienen\u00e9 prijat\u00edm a dodr\u017eiavan\u00edm t\u00fdchto Podmienok. Tieto Podmienky sa vz\u0165ahuj\u00fa na v\u0161etk\u00fdch n\u00e1v\u0161tevn\u00edkov, [...]<\/p>","protected":false},"author":1,"featured_media":0,"parent":0,"menu_order":0,"comment_status":"closed","ping_status":"closed","template":"","meta":{"footnotes":""},"class_list":["post-9999","page","type-page","status-publish","hentry","post-wrapper","thrv_wrapper"],"_links":{"self":[{"href":"https:\/\/www.bestcryptoexchanges.com\/sk\/wp-json\/wp\/v2\/pages\/9999","targetHints":{"allow":["GET"]}}],"collection":[{"href":"https:\/\/www.bestcryptoexchanges.com\/sk\/wp-json\/wp\/v2\/pages"}],"about":[{"href":"https:\/\/www.bestcryptoexchanges.com\/sk\/wp-json\/wp\/v2\/types\/page"}],"author":[{"embeddable":true,"href":"https:\/\/www.bestcryptoexchanges.com\/sk\/wp-json\/wp\/v2\/users\/1"}],"replies":[{"embeddable":true,"href":"https:\/\/www.bestcryptoexchanges.com\/sk\/wp-json\/wp\/v2\/comments?post=9999"}],"version-history":[{"count":2,"href":"https:\/\/www.bestcryptoexchanges.com\/sk\/wp-json\/wp\/v2\/pages\/9999\/revisions"}],"predecessor-version":[{"id":10001,"href":"https:\/\/www.bestcryptoexchanges.com\/sk\/wp-json\/wp\/v2\/pages\/9999\/revisions\/10001"}],"wp:attachment":[{"href":"https:\/\/www.bestcryptoexchanges.com\/sk\/wp-json\/wp\/v2\/media?parent=9999"}],"curies":[{"name":"wp","href":"https:\/\/api.w.org\/{rel}","templated":true}]}}