{"id":10015,"date":"2021-10-23T17:16:01","date_gmt":"2021-10-23T17:16:01","guid":{"rendered":"https:\/\/www.bestcryptoexchanges.com\/?page_id=10015"},"modified":"2021-10-23T17:18:45","modified_gmt":"2021-10-23T17:18:45","slug":"how-we-rate-crypto-brands","status":"publish","type":"page","link":"https:\/\/www.bestcryptoexchanges.com\/vi\/how-we-rate-crypto-brands\/","title":{"rendered":"C\u00e1ch ch\u00fang t\u00f4i \u0111\u00e1nh gi\u00e1 c\u00e1c th\u01b0\u01a1ng hi\u1ec7u ti\u1ec1n \u0111i\u1ec7n t\u1eed"},"content":{"rendered":"<p>Trang web c\u1ee7a ch\u00fang t\u00f4i t\u1eadp trung v\u00e0o vi\u1ec7c \u0111\u00e1nh gi\u00e1 c\u00e1c v\u00ed ti\u1ec1n \u0111i\u1ec7n t\u1eed t\u1ed1t nh\u1ea5t, s\u00e0n giao d\u1ecbch ti\u1ec1n \u0111i\u1ec7n t\u1eed \u0111\u00e1ng tin c\u1eady nh\u1ea5t v\u00e0 c\u00e1c d\u1ecbch v\u1ee5 li\u00ean quan, c\u0169ng nh\u01b0 c\u00e1c lo\u1ea1i ti\u1ec1n \u0111i\u1ec7n t\u1eed sinh l\u1eddi nh\u1ea5t tr\u00ean th\u1ecb tr\u01b0\u1eddng k\u1ef9 thu\u1eadt s\u1ed1 hi\u1ec7n nay. Ch\u00fang t\u00f4i s\u1eed d\u1ee5ng nhi\u1ec1u y\u1ebfu t\u1ed1 \u0111\u1ec3 x\u00e1c \u0111\u1ecbnh xem m\u1ed9t v\u00ed ti\u1ec1n \u0111i\u1ec7n t\u1eed ho\u1eb7c s\u00e0n giao d\u1ecbch c\u1ee5 th\u1ec3 c\u00f3 \u0111\u01b0\u1ee3c \u0111\u01b0a v\u00e0o b\u00e0i vi\u1ebft c\u1ee7a ch\u00fang t\u00f4i hay kh\u00f4ng. Ngo\u00e0i ra, ng\u01b0\u1eddi d\u00f9ng c\u00f3 th\u1ec3 t\u00ecm th\u1ea5y c\u00e1c m\u1eb9o h\u1eefu \u00edch v\u1ec1 s\u00e0n giao d\u1ecbch ti\u1ec1n \u0111i\u1ec7n t\u1eed v\u00e0 t\u00ednh sinh l\u1eddi c\u1ee7a c\u00e1c lo\u1ea1i ti\u1ec1n \u0111i\u1ec7n t\u1eed \u0111\u00e1ng gi\u00e1 nh\u1ea5t tr\u00ean trang web c\u1ee7a ch\u00fang t\u00f4i. Ch\u00fang t\u00f4i x\u00e2y d\u1ef1ng danh s\u00e1ch c\u00e1c s\u00e0n giao d\u1ecbch \u0111\u00e1ng tin c\u1eady v\u00e0 c\u00f3 l\u1ee3i nh\u1ea5t, \u0111\u00e1nh gi\u00e1 ch\u00fang d\u1ef1a tr\u00ean c\u00e1c ti\u00eau ch\u00ed \u0111\u1eb7c bi\u1ec7t.&nbsp;<\/p>\n\n\n\n<p><strong>B\u1ea1n c\u00f3 th\u1ec3 t\u00ecm hi\u1ec3u v\u1ec1 c\u00e1c y\u1ebfu t\u1ed1 m\u00e0 ch\u00fang t\u00f4i cho l\u00e0 quan tr\u1ecdng c\u1ea7n l\u01b0u \u00fd khi \u0111\u01b0a ra c\u00e1c \u0111\u1ec1 xu\u1ea5t cho b\u1ea1n. D\u01b0\u1edbi \u0111\u00e2y l\u00e0 nh\u1eefng \u0111i\u1ec1u ch\u00fang t\u00f4i t\u1eadp trung v\u00e0o:<\/strong><\/p>\n\n\n\n<ul class=\"wp-block-list\"><li>H\u1ec7 th\u1ed1ng \u0111\u00e1nh gi\u00e1 v\u00ed ti\u1ec1n \u0111i\u1ec7n t\u1eed<\/li><li>H\u1ec7 th\u1ed1ng \u0111\u00e1nh gi\u00e1 s\u00e0n giao d\u1ecbch ti\u1ec1n \u0111i\u1ec7n t\u1eed<\/li><li>H\u1ec7 th\u1ed1ng x\u1ebfp h\u1ea1ng ti\u1ec1n \u0111i\u1ec7n t\u1eed<\/li><li>H\u1ec7 th\u1ed1ng \u0111\u00e1nh gi\u00e1 c\u00f4ng c\u1ee5 khai th\u00e1c<\/li><\/ul>\n\n\n\n<h2 class=\"wp-block-heading\"><strong>H\u1ec7 th\u1ed1ng \u0111\u00e1nh gi\u00e1 v\u00ed ti\u1ec1n \u0111i\u1ec7n t\u1eed<\/strong><\/h2>\n\n\n\n<ul class=\"wp-block-list\"><li><strong>\u0110a d\u1ea1ng c\u00e1c lo\u1ea1i ti\u1ec1n \u0111i\u1ec7n t\u1eed c\u00f3 s\u1eb5n<\/strong><\/li><\/ul>\n\n\n\n<p>Khi l\u00e0m vi\u1ec7c v\u1edbi ti\u1ec1n \u0111i\u1ec7n t\u1eed, b\u1ea1n c\u1ea7n n\u1eafm r\u00f5 t\u1ea5t c\u1ea3 c\u00e1c quy tr\u00ecnh di\u1ec5n ra tr\u00ean th\u1ecb tr\u01b0\u1eddng v\u00e0 c\u1ed1 g\u1eafng h\u1ecdc c\u00e1ch th\u1ef1c hi\u1ec7n c\u00e1c giao d\u1ecbch sinh l\u1eddi v\u1edbi c\u00e1c lo\u1ea1i ti\u1ec1n \u0111i\u1ec7n t\u1eed kh\u00e1c nhau. \u0110\u00f4i khi vi\u1ec7c mua m\u1ed9t s\u1ed1 lo\u1ea1i ti\u1ec1n \u0111i\u1ec7n t\u1eed c\u00f3 th\u1ec3 mang l\u1ea1i l\u1ee3i nhu\u1eadn cao h\u01a1n so v\u1edbi c\u00e1c giao d\u1ecbch kh\u00e1c, v\u00e0 \u0111\u00f3 l\u00e0 l\u00fd do t\u1ea1i sao v\u00ed ti\u1ec1n \u0111i\u1ec7n t\u1eed c\u1ea7n cho ph\u00e9p ng\u01b0\u1eddi d\u00f9ng giao d\u1ecbch v\u1edbi nhi\u1ec1u lo\u1ea1i ti\u1ec1n \u0111i\u1ec7n t\u1eed c\u00f9ng l\u00fac. \u0110\u00e2y l\u00e0 \u0111i\u1ec3m quan tr\u1ecdng \u0111\u1ed1i v\u1edbi v\u00ed ti\u1ec1n \u0111i\u1ec7n t\u1eed, c\u1ea7n cung c\u1ea5p kh\u1ea3 n\u0103ng giao d\u1ecbch v\u1edbi c\u00e0ng nhi\u1ec1u lo\u1ea1i ti\u1ec1n \u0111i\u1ec7n t\u1eed c\u00e0ng t\u1ed1t trong c\u00f9ng m\u1ed9t n\u1ec1n t\u1ea3ng. V\u00ec v\u1eady, n\u1ebfu v\u00ed ch\u1ec9 h\u1ed7 tr\u1ee3 Bitcoin l\u00e0m ti\u1ec1n t\u1ec7 giao d\u1ecbch, ch\u00fang t\u00f4i s\u1ebd \u0111\u00e1nh gi\u00e1 n\u00f3 th\u1ea5p h\u01a1n so v\u1edbi v\u00ed c\u00f3 h\u00e0ng ch\u1ee5c lo\u1ea1i ti\u1ec1n \u0111i\u1ec7n t\u1eed kh\u00e1c nhau.<\/p>\n\n\n\n<ul class=\"wp-block-list\"><li><strong>B\u1ea3o m\u1eadt \u0111\u1ecba ch\u1ec9 v\u00e0 quy tr\u00ecnh \u0111\u0103ng nh\u1eadp<\/strong><\/li><\/ul>\n\n\n\n<p>V\u00ec ng\u01b0\u1eddi d\u00f9ng v\u00ed ti\u1ec1n \u0111i\u1ec7n t\u1eed th\u01b0\u1eddng l\u01b0u tr\u1eef s\u1ed1 ti\u1ec1n l\u1edbn trong \u0111\u00f3, vi\u1ec7c \u0111\u1ea3m b\u1ea3o an to\u00e0n v\u00e0 b\u1ea3o m\u1eadt cho s\u1ed1 ti\u1ec1n n\u00e0y l\u00e0 v\u00f4 c\u00f9ng quan tr\u1ecdng. Tr\u01b0\u1edbc ti\u00ean, ch\u00fang t\u00f4i ki\u1ec3m tra \u0111\u1ecba ch\u1ec9 web c\u1ee7a v\u00ed. N\u1ebfu \u0111\u1ecba ch\u1ec9 b\u1eaft \u0111\u1ea7u b\u1eb1ng HTTPS, ch\u00fang t\u00f4i s\u1ebd coi n\u00f3 l\u00e0 an to\u00e0n v\u00e0 x\u1ebfp h\u1ea1ng cao h\u01a1n so v\u1edbi v\u00ed c\u00f3 \u0111\u1ecba ch\u1ec9 HTTP.&nbsp;<\/p>\n\n\n\n<p>Ngo\u00e0i ra, c\u00e1c chuy\u00ean gia c\u1ee7a ch\u00fang t\u00f4i \u0111ang n\u1ed7 l\u1ef1c b\u1ea3o v\u1ec7 b\u1ea1n kh\u1ecfi m\u1ecdi h\u00ecnh th\u1ee9c l\u1eeba \u0111\u1ea3o c\u00f3 th\u1ec3 x\u1ea3y ra trong qu\u00e1 tr\u00ecnh s\u1eed d\u1ee5ng v\u00ed ti\u1ec1n \u0111i\u1ec7n t\u1eed. Do \u0111\u00f3, ch\u00fang t\u00f4i khuy\u1ebfn ngh\u1ecb b\u1ea1n s\u1eed d\u1ee5ng c\u00e1c v\u00ed c\u00f3 t\u00ednh n\u0103ng x\u00e1c th\u1ef1c hai y\u1ebfu t\u1ed1, v\u00ec ch\u00fang mang l\u1ea1i m\u1ee9c \u0111\u1ed9 b\u1ea3o m\u1eadt cao h\u01a1n cho t\u00e0i kho\u1ea3n v\u00ed v\u00e0 t\u00e0i s\u1ea3n c\u1ee7a b\u1ea1n.&nbsp;<\/p>\n\n\n\n<p>M\u1ed9t v\u00ed ti\u1ec1n \u0111i\u1ec7n t\u1eed c\u00f3 th\u1ec3 nh\u1eadn \u0111\u01b0\u1ee3c nhi\u1ec1u \u0111i\u1ec3m h\u01a1n trong b\u1ea3ng x\u1ebfp h\u1ea1ng c\u1ee7a ch\u00fang t\u00f4i n\u1ebfu n\u00f3 l\u00e0 \u201cv\u00ed ti\u1ec1n \u0111i\u1ec7n t\u1eed c\u00f3 c\u1ea5u tr\u00fac ph\u00e2n c\u1ea5p x\u00e1c \u0111\u1ecbnh\u201d. Kh\u00e1i ni\u1ec7m n\u00e0y li\u00ean quan \u0111\u1ebfn \u0111\u1ecba ch\u1ec9 c\u1ee7a v\u00ed ti\u1ec1n \u0111i\u1ec7n t\u1eed. C\u1ee5 th\u1ec3, v\u00ed ti\u1ec1n \u0111i\u1ec7n t\u1eed s\u1ebd an to\u00e0n h\u01a1n n\u1ebfu n\u00f3 t\u1ea1o ra c\u00e1c \u0111\u1ecba ch\u1ec9 ti\u1ec1n \u0111i\u1ec7n t\u1eed m\u1edbi cho m\u1ed7i giao d\u1ecbch v\u1edbi t\u00e0i s\u1ea3n c\u1ee7a b\u1ea1n so v\u1edbi vi\u1ec7c s\u1eed d\u1ee5ng c\u00f9ng m\u1ed9t \u0111\u1ecba ch\u1ec9 v\u00ed m\u1ed7i l\u1ea7n.<\/p>\n\n\n\n<ul class=\"wp-block-list\"><li><strong>\u0110\u1ed9 tin c\u1eady c\u1ee7a nh\u00e0 cung c\u1ea5p<\/strong><\/li><\/ul>\n\n\n\n<p>Bi\u1ebft \u0111\u01b0\u1ee3c c\u00f4ng ty \u0111\u1ee9ng sau v\u00ed ti\u1ec1n \u0111i\u1ec7n t\u1eed c\u00f3 th\u1ec3 gi\u00fap b\u1ea1n tin t\u01b0\u1edfng h\u01a1n v\u00e0o \u0111\u1ed9 tin c\u1eady c\u1ee7a n\u00f3. V\u00ec l\u00fd do n\u00e0y, ch\u00fang t\u00f4i ki\u1ec3m tra ch\u1ee7 s\u1edf h\u1eefu v\u00e0 nh\u00e0 ph\u00e1t tri\u1ec3n c\u1ee7a c\u00e1c v\u00ed ti\u1ec1n \u0111i\u1ec7n t\u1eed tr\u01b0\u1edbc khi \u0111\u01b0a ch\u00fang v\u00e0o b\u1ea3ng x\u1ebfp h\u1ea1ng c\u1ee7a m\u00ecnh. N\u1ebfu v\u00ed ti\u1ec1n \u0111i\u1ec7n t\u1eed c\u00f4ng khai t\u1ea5t c\u1ea3 c\u00e1c gi\u1ea5y ph\u00e9p v\u00e0 t\u00e0i li\u1ec7u li\u00ean quan \u0111\u1ebfn ng\u01b0\u1eddi s\u00e1ng l\u1eadp v\u00e0 c\u00e1c c\u00f4ng ty, c\u00e1 nh\u00e2n n\u00e0y kh\u00f4ng b\u1ecb ph\u00e1t hi\u1ec7n l\u00e0 l\u1eeba \u0111\u1ea3o tr\u00ean Internet, ch\u00fang t\u00f4i s\u1ebd \u0111\u00e1nh gi\u00e1 v\u00ed \u0111\u00f3 l\u00e0 an to\u00e0n.&nbsp;<\/p>\n\n\n\n<p>H\u01a1n n\u1eefa, ch\u00fang ta c\u1ea7n bi\u1ebft m\u00e3 v\u00ed v\u00ec \u0111i\u1ec1u n\u00e0y gi\u00fap qu\u00e1 tr\u00ecnh giao d\u1ecbch tr\u1edf n\u00ean minh b\u1ea1ch h\u01a1n. Do \u0111\u00f3, s\u1ef1 minh b\u1ea1ch cao h\u01a1n c\u1ee7a t\u1ea5t c\u1ea3 c\u00e1c giao d\u1ecbch di\u1ec5n ra trong v\u00ed s\u1ebd l\u00e0m t\u0103ng \u0111\u1ed9 tin c\u1eady c\u1ee7a n\u00f3 \u0111\u1ed1i v\u1edbi ch\u00fang ta.<\/p>\n\n\n\n<ul class=\"wp-block-list\"><li><strong>\u0110\u00e1nh gi\u00e1 v\u00ed \u0111i\u1ec7n t\u1eed b\u1edfi ng\u01b0\u1eddi d\u00f9ng<\/strong><\/li><\/ul>\n\n\n\n<p>C\u00f3 r\u1ea5t nhi\u1ec1u trang web nh\u01b0 Reddit v\u1edbi c\u00e1c di\u1ec5n \u0111\u00e0n m\u1edf d\u00e0nh cho ng\u01b0\u1eddi d\u00f9ng v\u00ed ti\u1ec1n \u0111i\u1ec7n t\u1eed. C\u00e1c d\u1ecbch v\u1ee5 n\u00e0y cho ph\u00e9p ng\u01b0\u1eddi d\u00f9ng chia s\u1ebb kinh nghi\u1ec7m s\u1eed d\u1ee5ng c\u00e1c n\u1ec1n t\u1ea3ng v\u00e0 b\u00e0y t\u1ecf \u00fd ki\u1ebfn c\u1ee7a m\u00ecnh. \u0110\u00e1nh gi\u00e1 c\u1ee7a c\u1ed9ng \u0111\u1ed3ng v\u1ec1 v\u00ed ti\u1ec1n \u0111i\u1ec7n t\u1eed c\u00f3 th\u1ec3 l\u00e0 y\u1ebfu t\u1ed1 quan tr\u1ecdng trong vi\u1ec7c \u0111\u1ec1 xu\u1ea5t b\u1ea5t k\u1ef3 n\u1ec1n t\u1ea3ng n\u00e0o, v\u00ec ch\u00fang c\u00f3 th\u1ec3 ti\u1ebft l\u1ed9 nh\u1eefng kh\u00eda c\u1ea1nh c\u1ee7a d\u1ecbch v\u1ee5 m\u00e0 nh\u00e0 ph\u00e1t tri\u1ec3n kh\u00f4ng \u0111\u1ec1 c\u1eadp. V\u00ed d\u1ee5, ch\u00fang t\u00f4i \u0111ang c\u1ed1 g\u1eafng t\u00ecm hi\u1ec3u \u00fd ki\u1ebfn trung b\u00ecnh v\u1ec1 v\u00ed ti\u1ec1n \u0111i\u1ec7n t\u1eed, nh\u01b0ng c\u0169ng ch\u00fa \u00fd \u0111\u1ebfn c\u00e1c \u0111\u00e1nh gi\u00e1 ti\u00eau c\u1ef1c v\u00e0 t\u00ednh ch\u00e2n th\u1ef1c c\u1ee7a ch\u00fang.<\/p>\n\n\n\n<p>Th\u00eam v\u00e0o \u0111\u00f3, \u0111\u00e1nh gi\u00e1 c\u1ee7a ng\u01b0\u1eddi d\u00f9ng c\u00f3 kinh nghi\u1ec7m c\u00f3 th\u1ec3 l\u00e0 ch\u1ec9 s\u1ed1 \u0111\u00e1nh gi\u00e1 m\u1ee9c \u0111\u1ed9 ti\u1ec7n l\u1ee3i c\u1ee7a n\u1ec1n t\u1ea3ng \u0111\u1ed1i v\u1edbi kh\u00e1ch h\u00e0ng. Thi\u1ebft k\u1ebf giao di\u1ec7n c\u00f3 th\u1ec3 \u1ea3nh h\u01b0\u1edfng \u0111\u1ebfn v\u1ecb tr\u00ed x\u1ebfp h\u1ea1ng c\u1ee7a v\u00ed \u0111i\u1ec7n t\u1eed theo c\u00e1ch m\u00e0 c\u1ea5u tr\u00fac d\u1ecbch v\u1ee5 tr\u1ef1c quan h\u01a1n s\u1ebd \u0111\u01b0\u1ee3c c\u00e1c chuy\u00ean gia c\u1ee7a ch\u00fang t\u00f4i \u0111\u00e1nh gi\u00e1 cao h\u01a1n. N\u1ebfu ng\u01b0\u1eddi d\u00f9ng c\u00f3 kinh nghi\u1ec7m cho r\u1eb1ng c\u00f3 m\u1ed9t s\u1ed1 ph\u1ee9c t\u1ea1p trong qu\u00e1 tr\u00ecnh s\u1eed d\u1ee5ng v\u00ed \u0111i\u1ec7n t\u1eed, ch\u00fang t\u00f4i s\u1ebd ki\u1ec3m tra v\u00e0 xem x\u00e9t \u0111i\u1ec1u n\u00e0y trong qu\u00e1 tr\u00ecnh t\u1ea1o ra b\u1ea3ng x\u1ebfp h\u1ea1ng.<\/p>\n\n\n\n<ul class=\"wp-block-list\"><li><strong>S\u1ef1 h\u1ee3p l\u00fd c\u1ee7a c\u00e1c kho\u1ea3n ph\u00ed v\u00e0 hoa h\u1ed3ng<\/strong><\/li><\/ul>\n\n\n\n<p>Khi m\u1ed9t ng\u01b0\u1eddi mu\u1ed1n b\u1eaft \u0111\u1ea7u giao d\u1ecbch v\u1edbi v\u00ed \u0111i\u1ec7n t\u1eed, h\u1ecd lu\u00f4n quan t\u00e2m \u0111\u1ebfn chi ph\u00ed s\u1eed d\u1ee5ng v\u00ed. Do \u0111\u00f3, \u0111\u1ed9i ng\u0169 c\u1ee7a ch\u00fang t\u00f4i \u01b0\u1edbc t\u00ednh gi\u00e1 trung b\u00ecnh tr\u00ean th\u1ecb tr\u01b0\u1eddng cho t\u1ea5t c\u1ea3 c\u00e1c d\u1ecbch v\u1ee5 \u0111\u01b0\u1ee3c cung c\u1ea5p v\u00e0 \u0111\u00e1nh gi\u00e1 v\u00ed l\u00e0 r\u1ebb ho\u1eb7c \u0111\u1eaft \u0111\u1ec3 s\u1eed d\u1ee5ng. T\u1ea5t nhi\u00ean, gi\u00e1 c\u1ea3 ph\u1ee5 thu\u1ed9c v\u00e0o hi\u1ec7u su\u1ea5t c\u1ee7a v\u00ed, v\u00e0 ch\u00fang t\u00f4i \u0111\u00e3 t\u00ednh \u0111\u1ebfn y\u1ebfu t\u1ed1 n\u00e0y trong h\u1ec7 th\u1ed1ng \u01b0\u1edbc t\u00ednh c\u1ee7a m\u00ecnh.<\/p>\n\n\n\n<h2 class=\"wp-block-heading\"><strong>H\u1ec7 th\u1ed1ng \u0111\u00e1nh gi\u00e1 s\u00e0n giao d\u1ecbch ti\u1ec1n \u0111i\u1ec7n t\u1eed<\/strong><\/h2>\n\n\n\n<p><strong>Ch\u00fang t\u00f4i \u00e1p d\u1ee5ng m\u1ed9t h\u1ec7 th\u1ed1ng \u0111\u00e1nh gi\u00e1 h\u01a1i kh\u00e1c bi\u1ec7t cho c\u00e1c s\u00e0n giao d\u1ecbch ti\u1ec1n \u0111i\u1ec7n t\u1eed, v\u00e0 h\u1ec7 th\u1ed1ng n\u00e0y d\u1ef1a tr\u00ean c\u00e1c kh\u00eda c\u1ea1nh sau:<\/strong><\/p>\n\n\n\n<ul class=\"wp-block-list\"><li>S\u1ed1 l\u01b0\u1ee3ng \u0111\u1ed3ng xu c\u00f3 s\u1eb5n;<\/li><li>Hi\u1ec7u qu\u1ea3 c\u1ee7a d\u1ecbch v\u1ee5 h\u1ed7 tr\u1ee3 kh\u00e1ch h\u00e0ng;<\/li><li>B\u1ea3o v\u1ec7 giao d\u1ecbch v\u00e0 t\u00e0i s\u1ea3n;<\/li><li>Gi\u00e1 c\u1ea3;<\/li><li>S\u1ef1 ti\u1ec7n l\u1ee3i c\u1ee7a giao di\u1ec7n;<\/li><li>C\u00e1c ph\u01b0\u01a1ng th\u1ee9c thanh to\u00e1n \u0111\u01b0\u1ee3c ch\u1ea5p nh\u1eadn.<\/li><\/ul>\n\n\n\n<p>D\u1ef1a tr\u00ean \u0111i\u1ec3m s\u1ed1 c\u1ee7a t\u1eebng y\u1ebfu t\u1ed1, ch\u00fang t\u00f4i x\u00e2y d\u1ef1ng h\u1ec7 th\u1ed1ng \u0111\u00e1nh gi\u00e1 v\u00e0 n\u00eau b\u1eadt nh\u1eefng \u01b0u \u0111i\u1ec3m v\u00e0 nh\u01b0\u1ee3c \u0111i\u1ec3m ch\u00ednh c\u1ee7a s\u00e0n giao d\u1ecbch ti\u1ec1n \u0111i\u1ec7n t\u1eed c\u1ee5 th\u1ec3. \u0110i\u1ec1u n\u00e0y c\u00f3 ngh\u0129a l\u00e0 ch\u00fang t\u00f4i cung c\u1ea5p cho \u0111\u1ed9c gi\u1ea3 kh\u1ea3 n\u0103ng t\u1ef1 ch\u1ecdn s\u00e0n giao d\u1ecbch theo m\u1ee9c \u0111\u1ed9 quan tr\u1ecdng c\u1ee7a t\u1eebng y\u1ebfu t\u1ed1 \u0111\u1ed1i v\u1edbi h\u1ecd. Do \u0111\u00f3, m\u1ed9t s\u1ed1 n\u1ec1n t\u1ea3ng s\u1ebd ph\u00f9 h\u1ee3p h\u01a1n v\u1edbi ng\u01b0\u1eddi m\u1edbi b\u1eaft \u0111\u1ea7u, trong khi nh\u1eefng n\u1ec1n t\u1ea3ng kh\u00e1c l\u1ea1i ph\u00f9 h\u1ee3p v\u1edbi ng\u01b0\u1eddi d\u00f9ng c\u00f3 kinh nghi\u1ec7m.<\/p>\n\n\n\n<h2 class=\"wp-block-heading\"><strong>H\u1ec7 th\u1ed1ng \u0111\u00e1nh gi\u00e1 ti\u1ec1n \u0111i\u1ec7n t\u1eed<\/strong><\/h2>\n\n\n\n<p><strong>Khi \u0111\u00e1nh gi\u00e1 l\u1ee3i \u00edch c\u1ee7a vi\u1ec7c giao d\u1ecbch b\u1eb1ng ti\u1ec1n \u0111i\u1ec7n t\u1eed cho c\u00e1c b\u00e0i \u0111\u00e1nh gi\u00e1 c\u1ee7a ch\u00fang t\u00f4i, ch\u00fang t\u00f4i ch\u00fa \u00fd \u0111\u1ebfn nh\u1eefng thay \u0111\u1ed5i \u0111ang di\u1ec5n ra tr\u00ean th\u1ecb tr\u01b0\u1eddng v\u00e0 c\u00e1c \u01b0\u1edbc t\u00ednh c\u01a1 b\u1ea3n ph\u1ed5 bi\u1ebfn cho c\u00e1c lo\u1ea1i ti\u1ec1n \u0111i\u1ec7n t\u1eed:<\/strong><\/p>\n\n\n\n<ul class=\"wp-block-list\"><li>Cung v\u00e0 c\u1ea7u c\u1ee7a \u0111\u1ed3ng ti\u1ec1n;<\/li><li>Vi\u1ec7c \u00e1p d\u1ee5ng ti\u1ec1n t\u1ec7 cho m\u1ee5c \u0111\u00edch s\u1eed d\u1ee5ng chung;<\/li><li>Chi ph\u00ed s\u1ea3n xu\u1ea5t;<\/li><li>S\u1ed1 l\u01b0\u1ee3ng v\u00ed ti\u1ec1n \u0111i\u1ec7n t\u1eed c\u00f3 s\u1eb5n tr\u00ean th\u1ecb tr\u01b0\u1eddng;<\/li><li>S\u1ef1 t\u01b0\u01a1ng t\u00e1c gi\u1eefa ti\u1ec1n \u0111i\u1ec7n t\u1eed v\u00e0 ti\u1ec1n ph\u00e1p \u0111\u1ecbnh;<\/li><li>S\u1ef1 ki\u1ec3m so\u00e1t c\u1ee7a ch\u00ednh ph\u1ee7 \u0111\u1ed1i v\u1edbi l\u01b0\u1ee3ng ti\u1ec1n t\u1ec7 l\u01b0u th\u00f4ng.<\/li><\/ul>\n\n\n\n<p>Sau khi thu th\u1eadp d\u1eef li\u1ec7u v\u1ec1 t\u1ea5t c\u1ea3 c\u00e1c y\u1ebfu t\u1ed1 \u0111\u01b0\u1ee3c li\u1ec7t k\u00ea \u1edf tr\u00ean li\u00ean quan \u0111\u1ebfn ti\u1ec1n \u0111i\u1ec7n t\u1eed, ch\u00fang t\u00f4i t\u1ea1o ra c\u00e1c b\u00e0i \u0111\u00e1nh gi\u00e1 so s\u00e1nh cho ch\u00fang. V\u1edbi t\u01b0 c\u00e1ch l\u00e0 m\u1ed9t nh\u00e0 \u0111\u1ea7u t\u01b0 ti\u1ec1m n\u0103ng, b\u1ea1n c\u00f3 th\u1ec3 quan t\u00e2m \u0111\u1ebfn m\u1ed9t s\u1ed1 \u0111i\u1ec3m quan tr\u1ecdng h\u01a1n nh\u1eefng \u0111i\u1ec3m kh\u00e1c, v\u00e0 \u0111\u00f3 l\u00e0 l\u00fd do t\u1ea1i sao ch\u00fang t\u00f4i cung c\u1ea5p cho b\u1ea1n c\u01a1 h\u1ed9i t\u1ef1 ch\u1ecdn ti\u1ec1n \u0111i\u1ec7n t\u1eed d\u1ef1a tr\u00ean nghi\u00ean c\u1ee9u v\u00e0 \u0111\u00e1nh gi\u00e1 c\u1ee7a ch\u00fang t\u00f4i.<\/p>\n\n\n\n<h2 class=\"wp-block-heading\"><strong>H\u1ec7 th\u1ed1ng \u0111\u00e1nh gi\u00e1 c\u00f4ng c\u1ee5 khai th\u00e1c<\/strong><\/h2>\n\n\n\n<p>Ngo\u00e0i v\u00ed ti\u1ec1n \u0111i\u1ec7n t\u1eed, s\u00e0n giao d\u1ecbch v\u00e0 ch\u00ednh c\u00e1c lo\u1ea1i ti\u1ec1n \u0111i\u1ec7n t\u1eed, ch\u00fang t\u00f4i d\u00e0nh m\u1ed9t ph\u1ea7n trang web c\u1ee7a m\u00ecnh cho c\u00e1c c\u00f4ng c\u1ee5 khai th\u00e1c. Ch\u1ee7 \u0111\u1ec1 n\u00e0y y\u00eau c\u1ea7u m\u1ed9t h\u1ec7 th\u1ed1ng \u0111\u00e1nh gi\u00e1 ri\u00eang bi\u1ec7t v\u00ec n\u00f3 ph\u1ee9c t\u1ea1p h\u01a1n. Tuy nhi\u00ean, t\u00ednh b\u1ea3o m\u1eadt c\u1ee7a c\u00e1c pool v\u00e0 ph\u1ea7n m\u1ec1m khai th\u00e1c l\u00e0 y\u1ebfu t\u1ed1 quan tr\u1ecdng m\u00e0 ch\u00fang t\u00f4i c\u1ea7n xem x\u00e9t \u0111\u1ec3 \u0111\u01b0a ra c\u00e1c khuy\u1ebfn ngh\u1ecb ch\u00ednh x\u00e1c. \u0110\u1ed9i ng\u0169 c\u1ee7a ch\u00fang t\u00f4i \u0111ang n\u1ed7 l\u1ef1c h\u1ebft s\u1ee9c \u0111\u1ec3 c\u1eadp nh\u1eadt nh\u1eefng ph\u00e1t tri\u1ec3n m\u1edbi nh\u1ea5t trong l\u0129nh v\u1ef1c n\u00e0y.&nbsp;<\/p>\n\n\n\n<p><strong>Ch\u00fang t\u00f4i bao g\u1ed3m c\u00e1c y\u1ebfu t\u1ed1 sau trong h\u1ec7 th\u1ed1ng \u0111\u00e1nh gi\u00e1 c\u00f4ng c\u1ee5 khai th\u00e1c:<\/strong><\/p>\n\n\n\n<ul class=\"wp-block-list\"><li>Ph\u00ed v\u00e0 hoa h\u1ed3ng;<\/li><li>Ergonomics;<\/li><li>C\u00e1c \u0111\u1eb7c t\u00ednh c\u1ea5u h\u00ecnh c\u00f3 s\u1eb5n;<\/li><li>Uy t\u00edn c\u1ee7a c\u00e1c b\u1ec3 b\u01a1i.<\/li><\/ul>\n\n\n\n<p>N\u1ed9i dung trang web c\u1ee7a ch\u00fang t\u00f4i \u0111a d\u1ea1ng v\u00e0 th\u1ef1c ti\u1ec5n nh\u1edd v\u00e0o c\u00f4ng vi\u1ec7c chuy\u00ean nghi\u1ec7p c\u1ee7a c\u00e1c nh\u00e0 ph\u00e2n t\u00edch, chuy\u00ean gia v\u00e0 t\u00e1c gi\u1ea3 c\u1ee7a ch\u00fang t\u00f4i. Ngo\u00e0i c\u00e1c b\u00e0i \u0111\u00e1nh gi\u00e1 v\u1ec1 ti\u1ec1n \u0111i\u1ec7n t\u1eed v\u00e0 c\u00f4ng c\u1ee5 giao d\u1ecbch, khai th\u00e1c, ch\u00fang t\u00f4i c\u00f2n d\u00e0nh c\u00e1c b\u00e0i vi\u1ebft cho nh\u1eefng s\u1ef1 ki\u1ec7n quan tr\u1ecdng \u0111ang di\u1ec5n ra tr\u00ean th\u1ecb tr\u01b0\u1eddng. Gi\u1eef li\u00ean l\u1ea1c v\u1edbi tin t\u1ee9c m\u1edbi nh\u1ea5t v\u1ec1 th\u1ebf gi\u1edbi ti\u1ec1n \u0111i\u1ec7n t\u1eed gi\u00fap kh\u00e1ch h\u00e0ng c\u1ee7a ch\u00fang t\u00f4i ki\u1ebfm \u0111\u01b0\u1ee3c nhi\u1ec1u ti\u1ec1n h\u01a1n, v\u00e0 \u0111\u00f3 l\u00e0 l\u00fd do t\u1ea1i sao ch\u00fang t\u00f4i ki\u1ec3m tra c\u00e1c b\u00e1o c\u00e1o ph\u00e2n t\u00edch h\u00e0ng ng\u00e0y. V\u1ec1 \u0111\u1ed9 tin c\u1eady c\u1ee7a c\u00e1c b\u00e1o c\u00e1o n\u00e0y, c\u00e1c chuy\u00ean gia c\u1ee7a ch\u00fang t\u00f4i th\u1ef1c hi\u1ec7n c\u00e1c ho\u1ea1t \u0111\u1ed9ng x\u00e1c minh tr\u01b0\u1edbc khi s\u1eed d\u1ee5ng d\u1eef li\u1ec7u t\u1eeb c\u00e1c trang web b\u00ean ngo\u00e0i. \u0110\u00f3 l\u00e0 l\u00fd do t\u1ea1i sao t\u1ea5t c\u1ea3 ng\u01b0\u1eddi d\u00f9ng c\u1ee7a ch\u00fang t\u00f4i c\u00f3 th\u1ec3 ho\u00e0n to\u00e0n tin t\u01b0\u1edfng v\u00e0o th\u00f4ng tin ch\u00fang t\u00f4i cung c\u1ea5p v\u00e0 s\u1eed d\u1ee5ng n\u00f3 \u0111\u1ec3 t\u0103ng l\u1ee3i nhu\u1eadn trong l\u0129nh v\u1ef1c ti\u1ec1n \u0111i\u1ec7n t\u1eed.&nbsp;<\/p>","protected":false},"excerpt":{"rendered":"<p>Trang web c\u1ee7a ch\u00fang t\u00f4i t\u1eadp trung v\u00e0o vi\u1ec7c \u0111\u00e1nh gi\u00e1 c\u00e1c v\u00ed ti\u1ec1n \u0111i\u1ec7n t\u1eed t\u1ed1t nh\u1ea5t, s\u00e0n giao d\u1ecbch ti\u1ec1n \u0111i\u1ec7n t\u1eed \u0111\u00e1ng tin c\u1eady nh\u1ea5t v\u00e0 c\u00e1c d\u1ecbch v\u1ee5 li\u00ean quan, c\u0169ng nh\u01b0 c\u00e1c lo\u1ea1i ti\u1ec1n \u0111i\u1ec7n t\u1eed sinh l\u1eddi nh\u1ea5t tr\u00ean th\u1ecb tr\u01b0\u1eddng k\u1ef9 thu\u1eadt s\u1ed1 hi\u1ec7n nay. Ch\u00fang t\u00f4i s\u1eed d\u1ee5ng nhi\u1ec1u y\u1ebfu t\u1ed1 \u0111\u1ec3 x\u00e1c \u0111\u1ecbnh xem m\u1ed9t v\u00ed ti\u1ec1n \u0111i\u1ec7n t\u1eed ho\u1eb7c s\u00e0n giao d\u1ecbch c\u1ee5 th\u1ec3 c\u00f3 \u0111\u01b0\u1ee3c \u0111\u01b0a v\u00e0o b\u00e0i vi\u1ebft c\u1ee7a ch\u00fang t\u00f4i hay kh\u00f4ng. Ngo\u00e0i ra, ng\u01b0\u1eddi d\u00f9ng c\u00f3 th\u1ec3 t\u00ecm th\u1ea5y c\u00e1c th\u00f4ng tin h\u1eefu \u00edch [\u2026]<\/p>","protected":false},"author":1,"featured_media":0,"parent":0,"menu_order":0,"comment_status":"closed","ping_status":"closed","template":"","meta":{"footnotes":""},"class_list":["post-10015","page","type-page","status-publish","hentry","post-wrapper","thrv_wrapper"],"_links":{"self":[{"href":"https:\/\/www.bestcryptoexchanges.com\/vi\/wp-json\/wp\/v2\/pages\/10015","targetHints":{"allow":["GET"]}}],"collection":[{"href":"https:\/\/www.bestcryptoexchanges.com\/vi\/wp-json\/wp\/v2\/pages"}],"about":[{"href":"https:\/\/www.bestcryptoexchanges.com\/vi\/wp-json\/wp\/v2\/types\/page"}],"author":[{"embeddable":true,"href":"https:\/\/www.bestcryptoexchanges.com\/vi\/wp-json\/wp\/v2\/users\/1"}],"replies":[{"embeddable":true,"href":"https:\/\/www.bestcryptoexchanges.com\/vi\/wp-json\/wp\/v2\/comments?post=10015"}],"version-history":[{"count":2,"href":"https:\/\/www.bestcryptoexchanges.com\/vi\/wp-json\/wp\/v2\/pages\/10015\/revisions"}],"predecessor-version":[{"id":10019,"href":"https:\/\/www.bestcryptoexchanges.com\/vi\/wp-json\/wp\/v2\/pages\/10015\/revisions\/10019"}],"wp:attachment":[{"href":"https:\/\/www.bestcryptoexchanges.com\/vi\/wp-json\/wp\/v2\/media?parent=10015"}],"curies":[{"name":"wp","href":"https:\/\/api.w.org\/{rel}","templated":true}]}}