{"id":10602,"date":"2025-07-20T15:43:56","date_gmt":"2025-07-20T15:43:56","guid":{"rendered":"https:\/\/www.bestcryptoexchanges.com\/?page_id=10602"},"modified":"2025-07-20T15:43:56","modified_gmt":"2025-07-20T15:43:56","slug":"about","status":"publish","type":"page","link":"https:\/\/www.bestcryptoexchanges.com\/vi\/about\/","title":{"rendered":"V\u1ec1 BestCryptoExchanges"},"content":{"rendered":"<h1 class=\"wp-block-heading\">H\u00e3y t\u00ecm hi\u1ec3u k\u1ef9 tr\u01b0\u1edbc khi \u0111\u1ea7u t\u01b0 v\u00e0o ti\u1ec1n \u0111i\u1ec7n t\u1eed!<\/h1>\r\n\r\n\r\n\r\n<p>B\u1ea1n \u0111ang mu\u1ed1n t\u00ecm hi\u1ec3u v\u1ec1 Bitcoin nh\u01b0ng kh\u00f4ng bi\u1ebft b\u1eaft \u0111\u1ea7u t\u1eeb \u0111\u00e2u? B\u1ea1n \u0111\u00e3 \u0111\u1ebfn \u0111\u00fang n\u01a1i r\u1ed3i. C\u00e1c t\u00e0i li\u1ec7u v\u1ec1 blockchain v\u00e0 ti\u1ec1n \u0111i\u1ec7n t\u1eed c\u1ee7a ch\u00fang t\u00f4i l\u00e0 nh\u1eefng h\u01b0\u1edbng d\u1eabn to\u00e0n di\u1ec7n, \u0111\u01a1n gi\u1ea3n v\u00e0 d\u1ec5 hi\u1ec3u nh\u1ea5t m\u00e0 b\u1ea1n c\u00f3 th\u1ec3 t\u00ecm th\u1ea5y tr\u00ean m\u1ea1ng. H\u00e3y t\u1ef1 m\u00ecnh kh\u00e1m ph\u00e1 ch\u00fang.<\/p>\r\n\r\n\r\n\r\n<figure class=\"wp-block-image size-full is-resized\"><img decoding=\"async\" width=\"640\" height=\"640\" class=\"wp-image-10603\" style=\"width: 341px; height: auto;\" src=\"https:\/\/www.bestcryptoexchanges.com\/wp-content\/uploads\/2025\/06\/image.png\" alt=\"\" title=\"\" srcset=\"https:\/\/www.bestcryptoexchanges.com\/wp-content\/uploads\/2025\/06\/image.png 640w, https:\/\/www.bestcryptoexchanges.com\/wp-content\/uploads\/2025\/06\/image-300x300.png 300w, https:\/\/www.bestcryptoexchanges.com\/wp-content\/uploads\/2025\/06\/image-150x150.png 150w\" sizes=\"(max-width: 640px) 100vw, 640px\" \/><\/figure>\r\n\r\n\r\n\r\n<p><strong>Brian Forester, T\u1ed5ng Bi\u00ean t\u1eadp, BestCryptoExchanges.Com<\/strong><\/p>","protected":false},"excerpt":{"rendered":"<p>H\u00e3y t\u00ecm hi\u1ec3u tr\u01b0\u1edbc khi \u0111\u1ea7u t\u01b0 v\u00e0o ti\u1ec1n \u0111i\u1ec7n t\u1eed! B\u1ea1n mu\u1ed1n tham gia v\u00e0o Bitcoin nh\u01b0ng kh\u00f4ng bi\u1ebft b\u1eaft \u0111\u1ea7u t\u1eeb \u0111\u00e2u? B\u1ea1n \u0111\u00e3 \u0111\u1ebfn \u0111\u00fang n\u01a1i. C\u00e1c t\u00e0i li\u1ec7u v\u1ec1 blockchain v\u00e0 ti\u1ec1n \u0111i\u1ec7n t\u1eed c\u1ee7a ch\u00fang t\u00f4i l\u00e0 nh\u1eefng h\u01b0\u1edbng d\u1eabn to\u00e0n di\u1ec7n, \u0111\u01a1n gi\u1ea3n v\u00e0 d\u1ec5 hi\u1ec3u nh\u1ea5t m\u00e0 b\u1ea1n c\u00f3 th\u1ec3 t\u00ecm th\u1ea5y tr\u00ean m\u1ea1ng. H\u00e3y t\u1ef1 m\u00ecnh kh\u00e1m ph\u00e1. Brian Forester, T\u1ed5ng Bi\u00ean t\u1eadp, BestCryptoExchanges.Com<\/p>","protected":false},"author":1,"featured_media":0,"parent":0,"menu_order":0,"comment_status":"closed","ping_status":"closed","template":"","meta":{"footnotes":""},"class_list":["post-10602","page","type-page","status-publish","hentry","post-wrapper","thrv_wrapper"],"_links":{"self":[{"href":"https:\/\/www.bestcryptoexchanges.com\/vi\/wp-json\/wp\/v2\/pages\/10602","targetHints":{"allow":["GET"]}}],"collection":[{"href":"https:\/\/www.bestcryptoexchanges.com\/vi\/wp-json\/wp\/v2\/pages"}],"about":[{"href":"https:\/\/www.bestcryptoexchanges.com\/vi\/wp-json\/wp\/v2\/types\/page"}],"author":[{"embeddable":true,"href":"https:\/\/www.bestcryptoexchanges.com\/vi\/wp-json\/wp\/v2\/users\/1"}],"replies":[{"embeddable":true,"href":"https:\/\/www.bestcryptoexchanges.com\/vi\/wp-json\/wp\/v2\/comments?post=10602"}],"version-history":[{"count":2,"href":"https:\/\/www.bestcryptoexchanges.com\/vi\/wp-json\/wp\/v2\/pages\/10602\/revisions"}],"predecessor-version":[{"id":10872,"href":"https:\/\/www.bestcryptoexchanges.com\/vi\/wp-json\/wp\/v2\/pages\/10602\/revisions\/10872"}],"wp:attachment":[{"href":"https:\/\/www.bestcryptoexchanges.com\/vi\/wp-json\/wp\/v2\/media?parent=10602"}],"curies":[{"name":"wp","href":"https:\/\/api.w.org\/{rel}","templated":true}]}}