{"id":9999,"date":"2021-10-05T10:41:03","date_gmt":"2021-10-05T10:41:03","guid":{"rendered":"https:\/\/www.bestcryptoexchanges.com\/?page_id=9999"},"modified":"2021-10-05T10:49:17","modified_gmt":"2021-10-05T10:49:17","slug":"terms-and-conditions","status":"publish","type":"page","link":"https:\/\/www.bestcryptoexchanges.com\/vi\/terms-and-conditions\/","title":{"rendered":"\u0110i\u1ec1u kho\u1ea3n v\u00e0 \u0110i\u1ec1u ki\u1ec7n"},"content":{"rendered":"<p>C\u1eadp nh\u1eadt l\u1ea7n cu\u1ed1i: 15 th\u00e1ng 7 n\u0103m 2020<\/p>\n\n\n\n<p>Vui l\u00f2ng \u0111\u1ecdc k\u1ef9 c\u00e1c \u0110i\u1ec1u kho\u1ea3n S\u1eed d\u1ee5ng (\u201c\u0110i\u1ec1u kho\u1ea3n\u201d, \u201c\u0110i\u1ec1u kho\u1ea3n S\u1eed d\u1ee5ng\u201d) n\u00e0y tr\u01b0\u1edbc khi s\u1eed d\u1ee5ng trang web https:\/\/cryptocurry.com (D\u1ecbch v\u1ee5) do CryptoCurry (\u201cch\u00fang t\u00f4i\u201d, \u201cch\u00fang ta\u201d ho\u1eb7c \u201cc\u1ee7a ch\u00fang t\u00f4i\u201d) v\u1eadn h\u00e0nh.<\/p>\n\n\n\n<p>Vi\u1ec7c truy c\u1eadp v\u00e0 s\u1eed d\u1ee5ng D\u1ecbch v\u1ee5 c\u1ee7a b\u1ea1n ph\u1ee5 thu\u1ed9c v\u00e0o vi\u1ec7c b\u1ea1n ch\u1ea5p nh\u1eadn v\u00e0 tu\u00e2n th\u1ee7 c\u00e1c \u0110i\u1ec1u kho\u1ea3n n\u00e0y. C\u00e1c \u0110i\u1ec1u kho\u1ea3n n\u00e0y \u00e1p d\u1ee5ng cho t\u1ea5t c\u1ea3 c\u00e1c kh\u00e1ch truy c\u1eadp, ng\u01b0\u1eddi d\u00f9ng v\u00e0 c\u00e1c b\u00ean kh\u00e1c truy c\u1eadp ho\u1eb7c s\u1eed d\u1ee5ng D\u1ecbch v\u1ee5.<\/p>\n\n\n\n<p>B\u1eb1ng c\u00e1ch truy c\u1eadp ho\u1eb7c s\u1eed d\u1ee5ng D\u1ecbch v\u1ee5, b\u1ea1n \u0111\u1ed3ng \u00fd tu\u00e2n th\u1ee7 c\u00e1c \u0110i\u1ec1u kho\u1ea3n n\u00e0y. N\u1ebfu b\u1ea1n kh\u00f4ng \u0111\u1ed3ng \u00fd v\u1edbi b\u1ea5t k\u1ef3 ph\u1ea7n n\u00e0o c\u1ee7a c\u00e1c \u0110i\u1ec1u kho\u1ea3n, b\u1ea1n kh\u00f4ng \u0111\u01b0\u1ee3c truy c\u1eadp D\u1ecbch v\u1ee5.<\/p>\n\n\n\n<h2 class=\"wp-block-heading\">Quy\u1ec1n s\u1edf h\u1eefu tr\u00ed tu\u1ec7<\/h2>\n\n\n\n<p>D\u1ecbch v\u1ee5 v\u00e0 n\u1ed9i dung g\u1ed1c, t\u00ednh n\u0103ng v\u00e0 ch\u1ee9c n\u0103ng c\u1ee7a n\u00f3 l\u00e0 v\u00e0 s\u1ebd ti\u1ebfp t\u1ee5c l\u00e0 t\u00e0i s\u1ea3n \u0111\u1ed9c quy\u1ec1n c\u1ee7a CryptoCurry v\u00e0 c\u00e1c b\u00ean c\u1ea5p ph\u00e9p c\u1ee7a n\u00f3.<\/p>\n\n\n\n<h2 class=\"wp-block-heading\">Li\u00ean k\u1ebft \u0111\u1ebfn c\u00e1c trang web kh\u00e1c<\/h2>\n\n\n\n<p>D\u1ecbch v\u1ee5 c\u1ee7a ch\u00fang t\u00f4i c\u00f3 th\u1ec3 ch\u1ee9a c\u00e1c li\u00ean k\u1ebft \u0111\u1ebfn c\u00e1c trang web ho\u1eb7c d\u1ecbch v\u1ee5 c\u1ee7a b\u00ean th\u1ee9 ba m\u00e0 CryptoCurry kh\u00f4ng s\u1edf h\u1eefu ho\u1eb7c ki\u1ec3m so\u00e1t.<\/p>\n\n\n\n<p>CryptoCurry kh\u00f4ng ch\u1ecbu tr\u00e1ch nhi\u1ec7m v\u00e0 kh\u00f4ng \u0111\u1ea3m b\u1ea3o v\u1ec1 n\u1ed9i dung, ch\u00ednh s\u00e1ch b\u1ea3o m\u1eadt ho\u1eb7c c\u00e1c ho\u1ea1t \u0111\u1ed9ng c\u1ee7a b\u1ea5t k\u1ef3 trang web ho\u1eb7c d\u1ecbch v\u1ee5 c\u1ee7a b\u00ean th\u1ee9 ba n\u00e0o. B\u1ea1n th\u1eeba nh\u1eadn v\u00e0 \u0111\u1ed3ng \u00fd r\u1eb1ng CryptoCurry s\u1ebd kh\u00f4ng ch\u1ecbu tr\u00e1ch nhi\u1ec7m ho\u1eb7c b\u1ed3i th\u01b0\u1eddng, tr\u1ef1c ti\u1ebfp ho\u1eb7c gi\u00e1n ti\u1ebfp, cho b\u1ea5t k\u1ef3 thi\u1ec7t h\u1ea1i ho\u1eb7c t\u1ed5n th\u1ea5t n\u00e0o \u0111\u01b0\u1ee3c g\u00e2y ra ho\u1eb7c \u0111\u01b0\u1ee3c cho l\u00e0 g\u00e2y ra b\u1edfi ho\u1eb7c li\u00ean quan \u0111\u1ebfn vi\u1ec7c s\u1eed d\u1ee5ng ho\u1eb7c tin c\u1eady v\u00e0o b\u1ea5t k\u1ef3 n\u1ed9i dung, h\u00e0ng h\u00f3a ho\u1eb7c d\u1ecbch v\u1ee5 n\u00e0o c\u00f3 s\u1eb5n tr\u00ean ho\u1eb7c th\u00f4ng qua c\u00e1c trang web ho\u1eb7c d\u1ecbch v\u1ee5 \u0111\u00f3.<\/p>\n\n\n\n<p>Ch\u00fang t\u00f4i khuy\u1ebfn c\u00e1o m\u1ea1nh m\u1ebd r\u1eb1ng b\u1ea1n n\u00ean \u0111\u1ecdc k\u1ef9 c\u00e1c \u0111i\u1ec1u kho\u1ea3n v\u00e0 \u0111i\u1ec1u ki\u1ec7n c\u0169ng nh\u01b0 ch\u00ednh s\u00e1ch b\u1ea3o m\u1eadt c\u1ee7a b\u1ea5t k\u1ef3 trang web ho\u1eb7c d\u1ecbch v\u1ee5 c\u1ee7a b\u00ean th\u1ee9 ba n\u00e0o m\u00e0 b\u1ea1n truy c\u1eadp.<\/p>\n\n\n\n<h2 class=\"wp-block-heading\">Ch\u1ea5m d\u1ee9t<\/h2>\n\n\n\n<p>Ch\u00fang t\u00f4i c\u00f3 th\u1ec3 ch\u1ea5m d\u1ee9t ho\u1eb7c t\u1ea1m ng\u1eebng quy\u1ec1n truy c\u1eadp v\u00e0o D\u1ecbch v\u1ee5 c\u1ee7a ch\u00fang t\u00f4i ngay l\u1eadp t\u1ee9c, m\u00e0 kh\u00f4ng c\u1ea7n th\u00f4ng b\u00e1o tr\u01b0\u1edbc ho\u1eb7c ch\u1ecbu tr\u00e1ch nhi\u1ec7m, v\u00ec b\u1ea5t k\u1ef3 l\u00fd do g\u00ec, bao g\u1ed3m nh\u01b0ng kh\u00f4ng gi\u1edbi h\u1ea1n \u1edf vi\u1ec7c b\u1ea1n vi ph\u1ea1m c\u00e1c \u0110i\u1ec1u kho\u1ea3n.<\/p>\n\n\n\n<p>T\u1ea5t c\u1ea3 c\u00e1c \u0111i\u1ec1u kho\u1ea3n c\u1ee7a Th\u1ecfa thu\u1eadn c\u00f3 t\u00ednh ch\u1ea5t t\u1ed3n t\u1ea1i sau khi ch\u1ea5m d\u1ee9t s\u1ebd ti\u1ebfp t\u1ee5c c\u00f3 hi\u1ec7u l\u1ef1c sau khi ch\u1ea5m d\u1ee9t, bao g\u1ed3m nh\u01b0ng kh\u00f4ng gi\u1edbi h\u1ea1n \u1edf c\u00e1c \u0111i\u1ec1u kho\u1ea3n v\u1ec1 quy\u1ec1n s\u1edf h\u1eefu, t\u1eeb ch\u1ed1i b\u1ea3o h\u00e0nh, b\u1ed3i th\u01b0\u1eddng v\u00e0 gi\u1edbi h\u1ea1n tr\u00e1ch nhi\u1ec7m.<\/p>\n\n\n\n<h2 class=\"wp-block-heading\">L\u01b0u \u00fd<\/h2>\n\n\n\n<p>Vi\u1ec7c s\u1eed d\u1ee5ng D\u1ecbch v\u1ee5 c\u1ee7a b\u1ea1n ho\u00e0n to\u00e0n do b\u1ea1n t\u1ef1 ch\u1ecbu tr\u00e1ch nhi\u1ec7m. D\u1ecbch v\u1ee5 \u0111\u01b0\u1ee3c cung c\u1ea5p tr\u00ean c\u01a1 s\u1edf \u201cNH\u01af HI\u1ec6N T\u1ea0I\u201d v\u00e0 \u201cNH\u01af C\u00d3 S\u1eb4N\u201d. D\u1ecbch v\u1ee5 \u0111\u01b0\u1ee3c cung c\u1ea5p m\u00e0 kh\u00f4ng k\u00e8m theo b\u1ea5t k\u1ef3 b\u1ea3o \u0111\u1ea3m n\u00e0o, d\u00f9 l\u00e0 r\u00f5 r\u00e0ng hay ng\u1ee5 \u00fd, bao g\u1ed3m nh\u01b0ng kh\u00f4ng gi\u1edbi h\u1ea1n \u1edf c\u00e1c b\u1ea3o \u0111\u1ea3m ng\u1ee5 \u00fd v\u1ec1 t\u00ednh ph\u00f9 h\u1ee3p cho m\u1ee5c \u0111\u00edch c\u1ee5 th\u1ec3, t\u00ednh th\u01b0\u01a1ng m\u1ea1i, kh\u00f4ng vi ph\u1ea1m quy\u1ec1n s\u1edf h\u1eefu tr\u00ed tu\u1ec7 ho\u1eb7c hi\u1ec7u su\u1ea5t th\u1ef1c t\u1ebf.<\/p>\n\n\n\n<h2 class=\"wp-block-heading\">Lu\u1eadt \u00e1p d\u1ee5ng<\/h2>\n\n\n\n<p>C\u00e1c \u0110i\u1ec1u kho\u1ea3n n\u00e0y s\u1ebd \u0111\u01b0\u1ee3c \u0111i\u1ec1u ch\u1ec9nh v\u00e0 gi\u1ea3i th\u00edch theo lu\u1eadt ph\u00e1p c\u1ee7a Hoa K\u1ef3, kh\u00f4ng \u00e1p d\u1ee5ng c\u00e1c quy \u0111\u1ecbnh v\u1ec1 xung \u0111\u1ed9t ph\u00e1p lu\u1eadt.<\/p>\n\n\n\n<p>Vi\u1ec7c ch\u00fang t\u00f4i kh\u00f4ng th\u1ef1c thi b\u1ea5t k\u1ef3 quy\u1ec1n ho\u1eb7c \u0111i\u1ec1u kho\u1ea3n n\u00e0o trong \u0110i\u1ec1u kho\u1ea3n n\u00e0y s\u1ebd kh\u00f4ng \u0111\u01b0\u1ee3c coi l\u00e0 t\u1eeb b\u1ecf c\u00e1c quy\u1ec1n \u0111\u00f3. N\u1ebfu b\u1ea5t k\u1ef3 \u0111i\u1ec1u kho\u1ea3n n\u00e0o trong \u0110i\u1ec1u kho\u1ea3n n\u00e0y b\u1ecb t\u00f2a \u00e1n tuy\u00ean b\u1ed1 l\u00e0 v\u00f4 hi\u1ec7u ho\u1eb7c kh\u00f4ng th\u1ec3 thi h\u00e0nh, c\u00e1c \u0111i\u1ec1u kho\u1ea3n c\u00f2n l\u1ea1i trong \u0110i\u1ec1u kho\u1ea3n n\u00e0y v\u1eabn c\u00f3 hi\u1ec7u l\u1ef1c. \u0110i\u1ec1u kho\u1ea3n n\u00e0y\u6784th\u00e0nh th\u1ecfa thu\u1eadn to\u00e0n di\u1ec7n gi\u1eefa ch\u00fang ta v\u1ec1 D\u1ecbch v\u1ee5 c\u1ee7a ch\u00fang t\u00f4i, v\u00e0 thay th\u1ebf v\u00e0 h\u1ee7y b\u1ecf b\u1ea5t k\u1ef3 th\u1ecfa thu\u1eadn n\u00e0o tr\u01b0\u1edbc \u0111\u00e2y m\u00e0 ch\u00fang ta c\u00f3 th\u1ec3 c\u00f3 gi\u1eefa ch\u00fang ta v\u1ec1 D\u1ecbch v\u1ee5.<\/p>\n\n\n\n<h2 class=\"wp-block-heading\">Thay \u0111\u1ed5i<\/h2>\n\n\n\n<p>Ch\u00fang t\u00f4i c\u00f3 quy\u1ec1n, theo quy\u1ebft \u0111\u1ecbnh ri\u00eang c\u1ee7a m\u00ecnh, s\u1eeda \u0111\u1ed5i ho\u1eb7c thay th\u1ebf c\u00e1c \u0110i\u1ec1u kho\u1ea3n n\u00e0y v\u00e0o b\u1ea5t k\u1ef3 th\u1eddi \u0111i\u1ec3m n\u00e0o. N\u1ebfu vi\u1ec7c s\u1eeda \u0111\u1ed5i l\u00e0 quan tr\u1ecdng, ch\u00fang t\u00f4i s\u1ebd c\u1ed1 g\u1eafng th\u00f4ng b\u00e1o \u00edt nh\u1ea5t 30 ng\u00e0y tr\u01b0\u1edbc khi c\u00e1c \u0111i\u1ec1u kho\u1ea3n m\u1edbi c\u00f3 hi\u1ec7u l\u1ef1c. Vi\u1ec7c x\u00e1c \u0111\u1ecbnh xem m\u1ed9t thay \u0111\u1ed5i c\u00f3 \u0111\u01b0\u1ee3c coi l\u00e0 quan tr\u1ecdng hay kh\u00f4ng s\u1ebd do ch\u00fang t\u00f4i quy\u1ebft \u0111\u1ecbnh theo quy\u1ec1n h\u1ea1n ri\u00eang c\u1ee7a m\u00ecnh.<\/p>\n\n\n\n<p>B\u1eb1ng c\u00e1ch ti\u1ebfp t\u1ee5c truy c\u1eadp ho\u1eb7c s\u1eed d\u1ee5ng D\u1ecbch v\u1ee5 c\u1ee7a ch\u00fang t\u00f4i sau khi c\u00e1c s\u1eeda \u0111\u1ed5i c\u00f3 hi\u1ec7u l\u1ef1c, b\u1ea1n \u0111\u1ed3ng \u00fd tu\u00e2n th\u1ee7 c\u00e1c \u0111i\u1ec1u kho\u1ea3n \u0111\u00e3 \u0111\u01b0\u1ee3c s\u1eeda \u0111\u1ed5i. N\u1ebfu b\u1ea1n kh\u00f4ng \u0111\u1ed3ng \u00fd v\u1edbi c\u00e1c \u0111i\u1ec1u kho\u1ea3n m\u1edbi, vui l\u00f2ng ng\u1eebng s\u1eed d\u1ee5ng D\u1ecbch v\u1ee5.<\/p>\n\n\n\n<h2 class=\"wp-block-heading\">Li\u00ean h\u1ec7 v\u1edbi ch\u00fang t\u00f4i<\/h2>\n\n\n\n<p>N\u1ebfu b\u1ea1n c\u00f3 b\u1ea5t k\u1ef3 c\u00e2u h\u1ecfi n\u00e0o v\u1ec1 c\u00e1c \u0110i\u1ec1u kho\u1ea3n n\u00e0y, vui l\u00f2ng li\u00ean h\u1ec7 v\u1edbi ch\u00fang t\u00f4i.<\/p>","protected":false},"excerpt":{"rendered":"<p>C\u1eadp nh\u1eadt l\u1ea7n cu\u1ed1i: 15 th\u00e1ng 7 n\u0103m 2020 Vui l\u00f2ng \u0111\u1ecdc k\u1ef9 c\u00e1c \u0110i\u1ec1u kho\u1ea3n S\u1eed d\u1ee5ng (\u201c\u0110i\u1ec1u kho\u1ea3n\u201d, \u201c\u0110i\u1ec1u kho\u1ea3n S\u1eed d\u1ee5ng\u201d) n\u00e0y tr\u01b0\u1edbc khi s\u1eed d\u1ee5ng trang web https:\/\/cryptocurry.com (D\u1ecbch v\u1ee5) do CryptoCurry (\u201cch\u00fang t\u00f4i\u201d, \u201cch\u00fang ta\u201d ho\u1eb7c \u201cc\u1ee7a ch\u00fang t\u00f4i\u201d) v\u1eadn h\u00e0nh. Vi\u1ec7c truy c\u1eadp v\u00e0 s\u1eed d\u1ee5ng D\u1ecbch v\u1ee5 c\u1ee7a b\u1ea1n ph\u1ee5 thu\u1ed9c v\u00e0o vi\u1ec7c b\u1ea1n ch\u1ea5p nh\u1eadn v\u00e0 tu\u00e2n th\u1ee7 c\u00e1c \u0110i\u1ec1u kho\u1ea3n n\u00e0y. C\u00e1c \u0110i\u1ec1u kho\u1ea3n n\u00e0y \u00e1p d\u1ee5ng cho t\u1ea5t c\u1ea3 ng\u01b0\u1eddi truy c\u1eadp, [\u2026]<\/p>","protected":false},"author":1,"featured_media":0,"parent":0,"menu_order":0,"comment_status":"closed","ping_status":"closed","template":"","meta":{"footnotes":""},"class_list":["post-9999","page","type-page","status-publish","hentry","post-wrapper","thrv_wrapper"],"_links":{"self":[{"href":"https:\/\/www.bestcryptoexchanges.com\/vi\/wp-json\/wp\/v2\/pages\/9999","targetHints":{"allow":["GET"]}}],"collection":[{"href":"https:\/\/www.bestcryptoexchanges.com\/vi\/wp-json\/wp\/v2\/pages"}],"about":[{"href":"https:\/\/www.bestcryptoexchanges.com\/vi\/wp-json\/wp\/v2\/types\/page"}],"author":[{"embeddable":true,"href":"https:\/\/www.bestcryptoexchanges.com\/vi\/wp-json\/wp\/v2\/users\/1"}],"replies":[{"embeddable":true,"href":"https:\/\/www.bestcryptoexchanges.com\/vi\/wp-json\/wp\/v2\/comments?post=9999"}],"version-history":[{"count":2,"href":"https:\/\/www.bestcryptoexchanges.com\/vi\/wp-json\/wp\/v2\/pages\/9999\/revisions"}],"predecessor-version":[{"id":10001,"href":"https:\/\/www.bestcryptoexchanges.com\/vi\/wp-json\/wp\/v2\/pages\/9999\/revisions\/10001"}],"wp:attachment":[{"href":"https:\/\/www.bestcryptoexchanges.com\/vi\/wp-json\/wp\/v2\/media?parent=9999"}],"curies":[{"name":"wp","href":"https:\/\/api.w.org\/{rel}","templated":true}]}}